{"id":305,"date":"2014-07-05T13:41:55","date_gmt":"2014-07-05T12:41:55","guid":{"rendered":"http:\/\/hebergement.u-psud.fr\/l3papp\/?page_id=305"},"modified":"2022-10-17T11:27:38","modified_gmt":"2022-10-17T10:27:38","slug":"admissions-en-master","status":"publish","type":"page","link":"https:\/\/hebergement.universite-paris-saclay.fr\/l3papp\/?page_id=305","title":{"rendered":"Masters"},"content":{"rendered":"<h4>Masters de Physique de l&rsquo;Universit\u00e9 Paris-Sud et de l&rsquo;Universit\u00e9 Paris-Saclay<\/h4>\n<p>Les \u00e9tudiants re\u00e7us au L3 Physique et applications int\u00e8grent plus particuli\u00e8rement les masters des mentions suivantes :<br \/>\n&#8211; Masters de la mention <a href=\"http:\/\/www.universite-paris-saclay.fr\/formation\/master\/physique\" target=\"_blank\" rel=\"noopener noreferrer\">Physique<\/a>,<br \/>\n&#8211; Masters de la mention <a href=\"http:\/\/www.universite-paris-saclay.fr\/formation\/master\/energie\" target=\"_blank\" rel=\"noopener noreferrer\">Energie<\/a>,<br \/>\n&#8211; Masters de la mention <a href=\"http:\/\/www.universite-paris-saclay.fr\/formation\/master\/ingenierie-nucleaire\" target=\"_blank\" rel=\"noopener noreferrer\">Ing\u00e9nierie nucl\u00e9aire<\/a>,<br \/>\n&#8211; Masters de la mention <a href=\"http:\/\/www.universite-paris-saclay.fr\/formation\/master\/mecanique\" target=\"_blank\" rel=\"noopener noreferrer\">M\u00e9canique<\/a>,<br \/>\n&#8211; Masters de la mention <a href=\"http:\/\/www.universite-paris-saclay.fr\/formation\/master\/sciences-et-genie-des-materiaux\" target=\"_blank\" rel=\"noopener noreferrer\">Sciences et g\u00e9nie des mat\u00e9riaux<\/a>,<br \/>\n&#8211; Masters de la mention <a href=\"http:\/\/www.universite-paris-saclay.fr\/formation\/master\/electronique-energie-electrique-automatique\" target=\"_blank\" rel=\"noopener noreferrer\">Electronique, \u00e9nergie \u00e9lectrique, automatique<\/a>.<\/p>\n<h4>Masters \u00e0 l&rsquo;Etranger<\/h4>\n<p>Les \u00e9tudiants re\u00e7us au L3 peuvent, apr\u00e8s s\u00e9lection, effectuer une de leurs ann\u00e9es de Master dans une des Universit\u00e9s \u00e9trang\u00e8res partenaires de Paris-Sud.<br \/>\n&#8211; <a href=\"https:\/\/hebergement.universite-paris-saclay.fr\/l3papp\/wp-content\/uploads\/2018\/09\/Introduction-mobilite\u0301-v05092018.pdf\">Documents projet\u00e9s<\/a> par Mathieu Langer sur les possibilit\u00e9 d&rsquo;\u00e9tudes\u00a0 \u00e0 l&rsquo;\u00e9tranger le 5 septembre 2018 : stages, \u00e9changes, poursuite en master&#8230;\u00a0 (inclus des liens utiles)<br \/>\n&#8211; Consultez la page sur les conditions de <a href=\"http:\/\/www.universite-paris-saclay.fr\/fr\/international\/etudiants-de-paris-sud\/mobilite-d-etudes.html\" target=\"_blank\" rel=\"noopener noreferrer\">mobilit\u00e9 d&rsquo;\u00e9tudes <\/a> de l&rsquo;Universit\u00e9 Paris-Sud,<br \/>\n&#8211; Consultez les <a href=\"http:\/\/www.universite-paris-saclay.fr\/fr\/international\/etudiants-de-paris-sud\/mobilite-d-etudes\/carte-des-partenaires.html\">programmes d&rsquo;\u00e9changes<\/a> de l&rsquo;Universit\u00e9 Paris-Sud.<\/p>\n<h4>Autres Masters<\/h4>\n<p>Les \u00e9tudiants peuvent \u00e9galement effectuer leur Master de Physique dans une autre Universit\u00e9 fran\u00e7aise, ou utiliser leur L3 pour se r\u00e9orienter vers une autre discipline.<\/p>\n","protected":false},"excerpt":{"rendered":"<p>Masters de Physique de l&rsquo;Universit\u00e9 Paris-Sud et de l&rsquo;Universit\u00e9 Paris-Saclay Les \u00e9tudiants re\u00e7us au L3 Physique et applications int\u00e8grent plus particuli\u00e8rement les masters des mentions suivantes : &#8211; Masters de la mention Physique, &#8211; Masters de la mention Energie, &#8211; Masters de la mention Ing\u00e9nierie nucl\u00e9aire, &#8211; Masters de la mention M\u00e9canique, &#8211; Masters de &hellip; <a href=\"https:\/\/hebergement.universite-paris-saclay.fr\/l3papp\/?page_id=305\" class=\"more-link\">Continuer la lecture de <span class=\"screen-reader-text\">Masters<\/span>  <span class=\"meta-nav\">&rarr;<\/span><\/a><\/p>\n","protected":false},"author":1,"featured_media":0,"parent":0,"menu_order":0,"comment_status":"closed","ping_status":"open","template":"","meta":{"footnotes":""},"class_list":["post-305","page","type-page","status-publish","hentry"],"_links":{"self":[{"href":"https:\/\/hebergement.universite-paris-saclay.fr\/l3papp\/index.php?rest_route=\/wp\/v2\/pages\/305","targetHints":{"allow":["GET"]}}],"collection":[{"href":"https:\/\/hebergement.universite-paris-saclay.fr\/l3papp\/index.php?rest_route=\/wp\/v2\/pages"}],"about":[{"href":"https:\/\/hebergement.universite-paris-saclay.fr\/l3papp\/index.php?rest_route=\/wp\/v2\/types\/page"}],"author":[{"embeddable":true,"href":"https:\/\/hebergement.universite-paris-saclay.fr\/l3papp\/index.php?rest_route=\/wp\/v2\/users\/1"}],"replies":[{"embeddable":true,"href":"https:\/\/hebergement.universite-paris-saclay.fr\/l3papp\/index.php?rest_route=%2Fwp%2Fv2%2Fcomments&post=305"}],"version-history":[{"count":36,"href":"https:\/\/hebergement.universite-paris-saclay.fr\/l3papp\/index.php?rest_route=\/wp\/v2\/pages\/305\/revisions"}],"predecessor-version":[{"id":6729,"href":"https:\/\/hebergement.universite-paris-saclay.fr\/l3papp\/index.php?rest_route=\/wp\/v2\/pages\/305\/revisions\/6729"}],"wp:attachment":[{"href":"https:\/\/hebergement.universite-paris-saclay.fr\/l3papp\/index.php?rest_route=%2Fwp%2Fv2%2Fmedia&parent=305"}],"curies":[{"name":"wp","href":"https:\/\/api.w.org\/{rel}","templated":true}]}}