{"id":34,"date":"2014-02-03T14:31:27","date_gmt":"2014-02-03T13:31:27","guid":{"rendered":"http:\/\/hebergement.u-psud.fr\/l3papp\/?page_id=34"},"modified":"2025-09-08T08:57:53","modified_gmt":"2025-09-08T07:57:53","slug":"page-daccueil","status":"publish","type":"page","link":"https:\/\/hebergement.universite-paris-saclay.fr\/l3papp\/","title":{"rendered":"Accueil"},"content":{"rendered":"<p style=\"text-align: justify;\"><em>La 3\u00e8me ann\u00e9e (L3) de la Licence de Physique (ex. Physique et Applications) est l&rsquo;un des parcours de la Licence de Physique de la Facult\u00e9 des Sciences de l&rsquo;Universit\u00e9 Paris-Saclay. Bien qu&rsquo;ouvert aux applications de la physique, ce parcours reste d\u00e9lib\u00e9r\u00e9ment assez g\u00e9n\u00e9raliste de fa\u00e7on \u00e0 permettre l&rsquo;acc\u00e8s le plus large possible aux diff\u00e9rents Masters de Physique et \u00e0 l&rsquo;admission sur titre en 1\u00e8re ann\u00e9e de nombreuses Ecoles d&rsquo;ing\u00e9nieurs.<\/em><\/p>\n<p><em>Attention \u00e0 ne pas nous confondre avec<\/em><a href=\"http:\/\/www.magistere-physique.universite-paris-saclay.fr\"><em> le Magist\u00e8re de Physique fondamentale<\/em><\/a><em>, fili\u00e8re totalement distincte.<\/em><\/p>\n<h2 style=\"text-align: justify;\">Nature des enseignements<\/h2>\n<p style=\"text-align: justify;\">Le contenu de ce parcours est \u00e9quilibr\u00e9 entre :<\/p>\n<ul>\n<li>des <strong>enseignements obligatoires<\/strong> (33 ECTS) permettant l&rsquo;acquisition de connaissances en physique fondamentale (physique quantique, physique statistique, \u00e9lectromagn\u00e9tisme) et appliqu\u00e9e (m\u00e9canique des fluides, optique, m\u00e9canique du solide)<\/li>\n<li>\u00a0des<strong> enseignements optionnels<\/strong> (14 ECTS) en partie mutualis\u00e9s avec les autres parcours de la Licence de Physique, offrant une introduction ou un approfondissement sur des sujets de physique fondamentale (physique des solides, physique des lasers, physique nucl\u00e9aire, astrophysique, syst\u00e8mes dynamiques, m\u00e9canique) ou appliqu\u00e9e (comportement des mat\u00e9riaux, physique des composants, thermodynamique appliqu\u00e9e, instrumentation, physique m\u00e9dicale) ou transverses (histoire des sciences, stage)<\/li>\n<li>\u00a0des <strong>enseignements transverses\u00a0<\/strong>(13 ECTS) : outils math\u00e9matiques et informatiques, \u00e9tude d&rsquo;une ou plusieurs langues \u00e9trang\u00e8res.<\/li>\n<\/ul>\n<p>Le programme d\u00e9taill\u00e9 des unit\u00e9s d&rsquo;enseignement peut \u00eatre consult\u00e9 dans la rubrique <a title=\"Contenu des enseignements\" href=\"https:\/\/hebergement.universite-paris-saclay.fr\/l3papp\/?page_id=41\" target=\"_blank\" rel=\"noopener noreferrer\">Contenu des enseignements<\/a>.<em><br \/><\/em><\/p>\n<p style=\"text-align: justify;\">Divers <strong>dispositifs d&rsquo;aide \u00e0 la r\u00e9ussite<\/strong> sont mis en place :<\/p>\n<ul>\n<li>Entretiens r\u00e9guliers avec un enseignant r\u00e9f\u00e9rent ou le responsable de la formation.\n<ul>\n<li style=\"list-style-type: none;\">\n<ul>\n<li style=\"list-style-type: none;\">\n<ul>\n<li style=\"list-style-type: none;\">\n<ul>\n<li style=\"list-style-type: none;\">\u00a0<\/li>\n<\/ul>\n<\/li>\n<\/ul>\n<\/li>\n<\/ul>\n<\/li>\n<\/ul>\n<\/li>\n<li>Cours de soutien entre les 2 sessions d&rsquo;examens.\n<ul>\n<li style=\"list-style-type: none;\">\n<ul>\n<li style=\"list-style-type: none;\">\n<ul>\n<li style=\"list-style-type: none;\">\u00a0<\/li>\n<\/ul>\n<\/li>\n<\/ul>\n<\/li>\n<\/ul>\n<\/li>\n<li>Enseignements int\u00e9gr\u00e9s (cours et tds non s\u00e9par\u00e9s et assur\u00e9s par le m\u00eame enseignant) dans un certain nombre d&rsquo;UE.<\/li>\n<\/ul>\n<h2>Poursuite d&rsquo;\u00e9tudes<\/h2>\n<p>Les \u00e9tudiants ayant suivis le L3 de Physique poursuivent g\u00e9n\u00e9ralement leurs \u00e9tudes selon une des 3 voies suivantes :<\/p>\n<ul>\n<li style=\"list-style-type: none;\">\n<ul>\n<li style=\"list-style-type: none;\">\n<ul>\n<li style=\"list-style-type: none;\">\n<ul>\n<li>Inscription dans les M1 de l\u2019Universit\u00e9 Paris-Saclay ou dans les masters des autres universit\u00e9s fran\u00e7aises ou \u00e9trang\u00e8res (cf. <a title=\"Masters\" href=\"https:\/\/hebergement.universite-paris-saclay.fr\/l3papp\/?page_id=305\" target=\"_blank\" rel=\"noopener noreferrer\">Masters<\/a>). En particulier le master MEEF si obtention du concours CAPES.<\/li>\n<li>Int\u00e9gration en 1\u00e8re ann\u00e9e d\u2019une \u00c9cole d\u2019Ing\u00e9nieurs (cf. <a title=\"Ecole d\u2019Ing\u00e9nieurs\" href=\"https:\/\/hebergement.universite-paris-saclay.fr\/l3papp\/?page_id=307\" target=\"_blank\" rel=\"noopener noreferrer\">Ecoles d&rsquo;ing\u00e9nieurs<\/a>).<\/li>\n<li>R\u00e9orientation vers des L3 professionnels.<\/li>\n<\/ul>\n<\/li>\n<\/ul>\n<\/li>\n<\/ul>\n<\/li>\n<\/ul>\n<p><a href=\"https:\/\/hebergement.universite-paris-saclay.fr\/l3papp\/wp-content\/uploads\/2023\/09\/flyer2023_all.pdf\">T\u00e9l\u00e9charger le flyer de la L3 Physique<\/a><\/p>\n\n\n\n\n\n","protected":false},"excerpt":{"rendered":"<p>La 3\u00e8me ann\u00e9e (L3) de la Licence de Physique (ex. Physique et Applications) est l&rsquo;un des parcours de la Licence de Physique de la Facult\u00e9 des Sciences de l&rsquo;Universit\u00e9 Paris-Saclay. Bien qu&rsquo;ouvert aux applications de la physique, ce parcours reste d\u00e9lib\u00e9r\u00e9ment assez g\u00e9n\u00e9raliste de fa\u00e7on \u00e0 permettre l&rsquo;acc\u00e8s le plus large possible aux diff\u00e9rents Masters &hellip; <a href=\"https:\/\/hebergement.universite-paris-saclay.fr\/l3papp\/\" class=\"more-link\">Continuer la lecture de <span class=\"screen-reader-text\">Accueil<\/span>  <span class=\"meta-nav\">&rarr;<\/span><\/a><\/p>\n","protected":false},"author":1,"featured_media":0,"parent":0,"menu_order":0,"comment_status":"closed","ping_status":"open","template":"","meta":{"footnotes":""},"class_list":["post-34","page","type-page","status-publish","hentry"],"_links":{"self":[{"href":"https:\/\/hebergement.universite-paris-saclay.fr\/l3papp\/index.php?rest_route=\/wp\/v2\/pages\/34","targetHints":{"allow":["GET"]}}],"collection":[{"href":"https:\/\/hebergement.universite-paris-saclay.fr\/l3papp\/index.php?rest_route=\/wp\/v2\/pages"}],"about":[{"href":"https:\/\/hebergement.universite-paris-saclay.fr\/l3papp\/index.php?rest_route=\/wp\/v2\/types\/page"}],"author":[{"embeddable":true,"href":"https:\/\/hebergement.universite-paris-saclay.fr\/l3papp\/index.php?rest_route=\/wp\/v2\/users\/1"}],"replies":[{"embeddable":true,"href":"https:\/\/hebergement.universite-paris-saclay.fr\/l3papp\/index.php?rest_route=%2Fwp%2Fv2%2Fcomments&post=34"}],"version-history":[{"count":144,"href":"https:\/\/hebergement.universite-paris-saclay.fr\/l3papp\/index.php?rest_route=\/wp\/v2\/pages\/34\/revisions"}],"predecessor-version":[{"id":7138,"href":"https:\/\/hebergement.universite-paris-saclay.fr\/l3papp\/index.php?rest_route=\/wp\/v2\/pages\/34\/revisions\/7138"}],"wp:attachment":[{"href":"https:\/\/hebergement.universite-paris-saclay.fr\/l3papp\/index.php?rest_route=%2Fwp%2Fv2%2Fmedia&parent=34"}],"curies":[{"name":"wp","href":"https:\/\/api.w.org\/{rel}","templated":true}]}}