{"id":39,"date":"2014-02-03T19:30:11","date_gmt":"2014-02-03T18:30:11","guid":{"rendered":"http:\/\/hebergement.u-psud.fr\/l3papp\/?page_id=39"},"modified":"2023-09-06T09:25:14","modified_gmt":"2023-09-06T08:25:14","slug":"ue-obligatoires","status":"publish","type":"page","link":"https:\/\/hebergement.universite-paris-saclay.fr\/l3papp\/?page_id=39","title":{"rendered":"Enseignements du 1er semestre"},"content":{"rendered":"<p style=\"text-align: justify;\">Au premier semestre (de septembre \u00e0 d\u00e9cembre), les \u00e9tudiants suivent obligatoirement un bloc de 20 ECTS de mati\u00e8res fondamentales pour la fili\u00e8re, et un autre bloc dit compl\u00e9mentaire comprenant 5 ECTS d&rsquo;UE transverses et une option au choix parmi trois \u00e0 4 ECTS.<\/p>\n<p style=\"text-align: justify;\">Cliquez sur les liens ci-dessous pour obtenir le contenu d\u00e9taill\u00e9 de ces enseignements.<\/p>\n<h4><em>Bloc Connaissances et comp\u00e9tences fondamentales S5 (20 ECTS)<\/em><\/h4>\n<ul>\n<li><a title=\"Physique quantique\" href=\"https:\/\/hebergement.universite-paris-saclay.fr\/l3papp\/?page_id=45\" target=\"_blank\" rel=\"noopener noreferrer\">Physique quantique<\/a>\u00a0 \u00a0(3 ECTS)<\/li>\n<li><a href=\"https:\/\/hebergement.universite-paris-saclay.fr\/l3papp\/?page_id=214\">Electromagn\u00e9tisme IV<\/a> \u00a0 (4 ECTS)<\/li>\n<li><a title=\"M\u00e9canique des fluides\" href=\"https:\/\/hebergement.universite-paris-saclay.fr\/l3papp\/?page_id=220\" target=\"_blank\" rel=\"noopener noreferrer\">M\u00e9canique des fluides<\/a>\u00a0 \u00a0(5 ECTS)<\/li>\n<li><a title=\"Math\u00e9matiques pour la physique I\" href=\"https:\/\/hebergement.universite-paris-saclay.fr\/l3papp\/?page_id=226\" target=\"_blank\" rel=\"noopener noreferrer\">M\u00e9thodes math\u00e9matiques pour la physique I\u00a0<\/a>\u00a0\u00a0(4 ECTS)<\/li>\n<li><a href=\"https:\/\/hebergement.universite-paris-saclay.fr\/l3papp\/?p=6400\">M\u00e9canique g\u00e9n\u00e9rale<\/a> (4 ECTS)<\/li>\n<\/ul>\n<h4><em>Bloc Connaissances et comp\u00e9tences compl\u00e9mentaires S5 (9 ECTS)<\/em><\/h4>\n<ul>\n<li><a title=\"Langues\" href=\"https:\/\/hebergement.universite-paris-saclay.fr\/l3papp\/?page_id=230\" target=\"_blank\" rel=\"noopener noreferrer\">Langues<\/a>\u00a0 \u00a0(2 ECTS)<\/li>\n<li><a href=\"https:\/\/hebergement.universite-paris-saclay.fr\/l3papp\/?page_id=6650\">Projet en physique num\u00e9rique \/ Python<\/a> (3 ECTS)<\/li>\n<\/ul>\n<p>Une UE \u00e0 choisir parmi les trois suivantes :<\/p>\n<ul>\n<li><a title=\"Comportement des mat\u00e9riaux solides et liquides\" href=\"https:\/\/hebergement.universite-paris-saclay.fr\/l3papp\/?page_id=451\" target=\"_blank\" rel=\"noopener noreferrer\">Comportement des mat\u00e9riaux solides et liquides<\/a>\u00a0(4 ECTS)<\/li>\n<li><a title=\"Thermodynamique appliqu\u00e9e\" href=\"https:\/\/hebergement.universite-paris-saclay.fr\/l3papp\/?page_id=456\" target=\"_blank\" rel=\"noopener noreferrer\">Thermodynamique appliqu\u00e9e : dispositifs et machines thermiques<\/a>\u00a0(4 ECTS)<\/li>\n<li><a href=\"https:\/\/hebergement.universite-paris-saclay.fr\/l3papp\/?p=6404\">Instrumentation-Electronique<\/a> (4 ECTS)<\/li>\n<\/ul>\n<p style=\"text-align: justify;\">\n","protected":false},"excerpt":{"rendered":"<p>Au premier semestre (de septembre \u00e0 d\u00e9cembre), les \u00e9tudiants suivent obligatoirement un bloc de 20 ECTS de mati\u00e8res fondamentales pour la fili\u00e8re, et un autre bloc dit compl\u00e9mentaire comprenant 5 ECTS d&rsquo;UE transverses et une option au choix parmi trois \u00e0 4 ECTS. Cliquez sur les liens ci-dessous pour obtenir le contenu d\u00e9taill\u00e9 de ces &hellip; <a href=\"https:\/\/hebergement.universite-paris-saclay.fr\/l3papp\/?page_id=39\" class=\"more-link\">Continuer la lecture de <span class=\"screen-reader-text\">Enseignements du 1er semestre<\/span>  <span class=\"meta-nav\">&rarr;<\/span><\/a><\/p>\n","protected":false},"author":1,"featured_media":0,"parent":41,"menu_order":0,"comment_status":"closed","ping_status":"open","template":"","meta":{"footnotes":""},"class_list":["post-39","page","type-page","status-publish","hentry"],"_links":{"self":[{"href":"https:\/\/hebergement.universite-paris-saclay.fr\/l3papp\/index.php?rest_route=\/wp\/v2\/pages\/39","targetHints":{"allow":["GET"]}}],"collection":[{"href":"https:\/\/hebergement.universite-paris-saclay.fr\/l3papp\/index.php?rest_route=\/wp\/v2\/pages"}],"about":[{"href":"https:\/\/hebergement.universite-paris-saclay.fr\/l3papp\/index.php?rest_route=\/wp\/v2\/types\/page"}],"author":[{"embeddable":true,"href":"https:\/\/hebergement.universite-paris-saclay.fr\/l3papp\/index.php?rest_route=\/wp\/v2\/users\/1"}],"replies":[{"embeddable":true,"href":"https:\/\/hebergement.universite-paris-saclay.fr\/l3papp\/index.php?rest_route=%2Fwp%2Fv2%2Fcomments&post=39"}],"version-history":[{"count":110,"href":"https:\/\/hebergement.universite-paris-saclay.fr\/l3papp\/index.php?rest_route=\/wp\/v2\/pages\/39\/revisions"}],"predecessor-version":[{"id":6920,"href":"https:\/\/hebergement.universite-paris-saclay.fr\/l3papp\/index.php?rest_route=\/wp\/v2\/pages\/39\/revisions\/6920"}],"up":[{"embeddable":true,"href":"https:\/\/hebergement.universite-paris-saclay.fr\/l3papp\/index.php?rest_route=\/wp\/v2\/pages\/41"}],"wp:attachment":[{"href":"https:\/\/hebergement.universite-paris-saclay.fr\/l3papp\/index.php?rest_route=%2Fwp%2Fv2%2Fmedia&parent=39"}],"curies":[{"name":"wp","href":"https:\/\/api.w.org\/{rel}","templated":true}]}}