{"id":41,"date":"2014-02-03T19:30:48","date_gmt":"2014-02-03T18:30:48","guid":{"rendered":"http:\/\/hebergement.u-psud.fr\/l3papp\/?page_id=41"},"modified":"2025-03-31T16:22:27","modified_gmt":"2025-03-31T15:22:27","slug":"contenu-des-enseignements","status":"publish","type":"page","link":"https:\/\/hebergement.universite-paris-saclay.fr\/l3papp\/?page_id=41","title":{"rendered":"Contenu des enseignements"},"content":{"rendered":"<p style=\"text-align: justify;\">Comme chaque ann\u00e9e de la Licence, le L3 est obtenu par la validation de 60 ECTS. Environ 2\/3 des enseignements sont obligatoires et 1\/3 sont optionnels. <em>Attention : il y aura <a href=\"https:\/\/hebergement.universite-paris-saclay.fr\/l3papp\/?p=6339\">quelques modifications<\/a> \u00e0 partir de septembre 2021.<\/em><\/p>\n<p>Les enseignements\u00a0obligatoires repr\u00e9sentent 46 \u00a0des 60 ECTS et comprennent :<\/p>\n<ul>\n<li style=\"text-align: justify;\">des UE disciplinaires (30 ECTS) qui permettent aux \u00e9tudiants d&rsquo;affermir et de d\u00e9velopper leurs connaissances en physique, principalement en physique microscopique, en techniques exp\u00e9rimentales, en \u00e9lectromagn\u00e9tisme et dans certains domaines de physique appliqu\u00e9e comme la m\u00e9canique des fluides et l&rsquo;optique. Ces enseignements sont \u00e0 la fois th\u00e9oriques et exp\u00e9rimentaux, et permettent aux \u00e9tudiants int\u00e9ress\u00e9s de poursuivre leurs cursus dans des Masters de recherche en Physique.<\/li>\n<li style=\"text-align: justify;\">des UE non disciplinaires (16 ECTS) qui \u00a0correspondent \u00e0 l&rsquo;acquisition d&rsquo;outils transverses tels que les m\u00e9thodes math\u00e9matiques, la programmation d\u00e9clin\u00e9e en 2 niveaux (d\u00e9butants ou avanc\u00e9s), la programmation d&rsquo;exp\u00e9riences num\u00e9riques sous MatLab et des enseignements de langues.<\/li>\n<\/ul>\n<p style=\"text-align: justify;\">Les enseignements optionnels repr\u00e9sentent 14 des 60 ECTS et visent \u00e0 faire conna\u00eetre certaines applications de la discipline et \u00e0 faciliter l&rsquo;orientation des \u00e9tudiants vers des sp\u00e9cialit\u00e9s de la Physique ou vers des domaines \u00e0 l&rsquo;interface avec d&rsquo;autres disciplines.<\/p>\n<ul>\n<li style=\"text-align: justify;\">sont propos\u00e9es en particulier des UE d&rsquo;approfondissement (4 ou 5 ECTS) en physique des composants, en thermodynamique appliqu\u00e9e, en m\u00e9canique g\u00e9n\u00e9rale, en comportement des mat\u00e9riaux, en structure de la mati\u00e8re, ainsi qu&rsquo;un stage en laboratoire ou en entreprise.<\/li>\n<li style=\"text-align: justify;\">les \u00e9tudiants peuvent \u00e9galement choisir des UE d&rsquo;introduction (2.5 ECTS) \u00e0 la physique des solides, \u00e0 la physique des lasers, \u00e0 la physique nucl\u00e9aire, \u00e0 l&rsquo;astrophysique, aux syst\u00e8mes dynamiques, aux m\u00e9thodes physiques en m\u00e9decine, \u00e0 l&rsquo;\u00e9pist\u00e9mologie ou \u00e0 l&rsquo;instrumentation.<\/li>\n<li style=\"text-align: justify;\">2 UE hors-maquette : pr\u00e9paration aux oraux des concours et communication professionnelle, viennent compl\u00e9ter l&rsquo;offre de formation.<\/li>\n<\/ul>\n<p style=\"text-align: justify;\">Consultez les rubriques <a title=\"Enseignements du 1er semestre\" href=\"https:\/\/hebergement.universite-paris-saclay.fr\/l3papp\/?page_id=39\">enseignements\u00a0du 1er semestre<\/a> et <a title=\"Enseignements du 2\u00e8me semestre\" href=\"https:\/\/hebergement.universite-paris-saclay.fr\/l3papp\/?page_id=96\">enseignements du 2\u00e8me semestre<\/a> pour visualiser l&rsquo;ensemble des UE propos\u00e9es ainsi que leurs contenus.<\/p>\n","protected":false},"excerpt":{"rendered":"<p>Comme chaque ann\u00e9e de la Licence, le L3 est obtenu par la validation de 60 ECTS. Environ 2\/3 des enseignements sont obligatoires et 1\/3 sont optionnels. Attention : il y aura quelques modifications \u00e0 partir de septembre 2021. Les enseignements\u00a0obligatoires repr\u00e9sentent 46 \u00a0des 60 ECTS et comprennent : des UE disciplinaires (30 ECTS) qui permettent &hellip; <a href=\"https:\/\/hebergement.universite-paris-saclay.fr\/l3papp\/?page_id=41\" class=\"more-link\">Continuer la lecture de <span class=\"screen-reader-text\">Contenu des enseignements<\/span>  <span class=\"meta-nav\">&rarr;<\/span><\/a><\/p>\n","protected":false},"author":1,"featured_media":0,"parent":0,"menu_order":0,"comment_status":"closed","ping_status":"open","template":"page-templates\/full-width.php","meta":{"footnotes":""},"class_list":["post-41","page","type-page","status-publish","hentry"],"_links":{"self":[{"href":"https:\/\/hebergement.universite-paris-saclay.fr\/l3papp\/index.php?rest_route=\/wp\/v2\/pages\/41","targetHints":{"allow":["GET"]}}],"collection":[{"href":"https:\/\/hebergement.universite-paris-saclay.fr\/l3papp\/index.php?rest_route=\/wp\/v2\/pages"}],"about":[{"href":"https:\/\/hebergement.universite-paris-saclay.fr\/l3papp\/index.php?rest_route=\/wp\/v2\/types\/page"}],"author":[{"embeddable":true,"href":"https:\/\/hebergement.universite-paris-saclay.fr\/l3papp\/index.php?rest_route=\/wp\/v2\/users\/1"}],"replies":[{"embeddable":true,"href":"https:\/\/hebergement.universite-paris-saclay.fr\/l3papp\/index.php?rest_route=%2Fwp%2Fv2%2Fcomments&post=41"}],"version-history":[{"count":23,"href":"https:\/\/hebergement.universite-paris-saclay.fr\/l3papp\/index.php?rest_route=\/wp\/v2\/pages\/41\/revisions"}],"predecessor-version":[{"id":7076,"href":"https:\/\/hebergement.universite-paris-saclay.fr\/l3papp\/index.php?rest_route=\/wp\/v2\/pages\/41\/revisions\/7076"}],"wp:attachment":[{"href":"https:\/\/hebergement.universite-paris-saclay.fr\/l3papp\/index.php?rest_route=%2Fwp%2Fv2%2Fmedia&parent=41"}],"curies":[{"name":"wp","href":"https:\/\/api.w.org\/{rel}","templated":true}]}}