{"id":451,"date":"2014-08-08T15:29:41","date_gmt":"2014-08-08T14:29:41","guid":{"rendered":"http:\/\/hebergement.u-psud.fr\/l3papp\/?page_id=451"},"modified":"2023-09-06T12:58:26","modified_gmt":"2023-09-06T11:58:26","slug":"comportement-des-materiaux-solides-et-liquides","status":"publish","type":"page","link":"https:\/\/hebergement.universite-paris-saclay.fr\/l3papp\/?page_id=451","title":{"rendered":"Comportement des mat\u00e9riaux solides et liquides"},"content":{"rendered":"<p><em>Ce cours est une initiation \u00e0 la caract\u00e9risation et \u00e0 la compr\u00e9hension du comportement de mat\u00e9riaux divers aussi bien solides que liquides, simples ou composites et \u00e0 des \u00e9chelles aussi bien macroscopiques que microscopiques.<br \/>UE optionnelle du S5 de 4 ECTS : <br \/><\/em><em>16 h de Cours, 16 h de TD, 8 h de TP.<\/em><\/p>\n<p><strong>Enseignants<\/strong><\/p>\n<p><em> Cours<\/em> \u00a0\u00a0\u00a0\u00a0\u00a0\u00a0\u00a0\u00a0\u00a0\u00a0\u00a0\u00a0\u00a0 \u00a0\u00a0\u00a0 <a href=\"frederique.giorgiutti@fast.u-psud.fr\">Fr\u00e9d\u00e9rique Giorgiutti<\/a><br \/><em>TD \u00a0 \u00a0 \u00a0 \u00a0 \u00a0 \u00a0 \u00a0 \u00a0 \u00a0 \u00a0<\/em>\u00a0 \u00a0 Ladislas Wierzchalek<br \/><em>TP<\/em> \u00a0\u00a0\u00a0\u00a0\u00a0\u00a0\u00a0\u00a0\u00a0\u00a0\u00a0\u00a0\u00a0\u00a0\u00a0\u00a0\u00a0\u00a0\u00a0\u00a0\u00a0\u00a0\u00a0 <span style=\"color: #339966;\">Marion Berry<\/span><\/p>\n<p><strong>Programme\u00a0\u00a0<\/strong> : <a href=\"https:\/\/hebergement.universite-paris-saclay.fr\/l3papp\/wp-content\/uploads\/2023\/09\/presentation-cours-materiaux-23-24.pdf\">pr\u00e9sentation de l&rsquo;UE 2023-24<\/a><\/p>\n<p><em>Comportement m\u00e9canique des solides <\/em><br \/>&#8211; Relations contraintes et d\u00e9formations, tenseurs d&rsquo;\u00e9lasticit\u00e9 et de complaisance.<br \/>&#8211; \u00c9nergie \u00e9lastique.<br \/>&#8211; Exemple de la flexion de la poutre.<\/p>\n<p><em> Comportement des liquides<\/em><br \/>&#8211; Relation contrainte\/\u00e9coulement dans un liquide.<br \/>&#8211; Forme des interfaces (tension de surface, mouillage et effets capillaire)<\/p>\n<p><em> Entre liquide et solide<\/em><br \/>&#8211; Des mat\u00e9riaux \u00e0 la fois liquides et solides, introduction \u00e0 la visco\u00e9lasticit\u00e9.<br \/>&#8211; Elastocapillarit\u00e9 : quand la tension de surface peut vaincre l&rsquo;\u00e9lasticit\u00e9.<\/p>\n<p><i>Au niveau microscopique<\/i><br \/>&#8211; les interactions mol\u00e9culaires<br \/>&#8211; leur impact sur le module \u00e9lastique et la tension de surface<\/p>\n<p>Cette UE comprend 2 travaux pratiques choisis parmi les th\u00e8mes suivants : tension de surface et mouillage, \u00e9lasticit\u00e9 de mat\u00e9riaux solides, propagation des ondes acoustiques. Ces TPs se d\u00e9rouleront dans la salle D223 \u00ab\u00a0TP Mati\u00e8re Molle\u00a0\u00bb au b\u00e2timent 470.<\/p>\n<p><strong>Ouvrages conseill\u00e9s<\/strong><\/p>\n<p>&#8211; <em>La mati\u00e8re \u00e0 l\u2019\u00e9tat solide, des supraconducteurs aux super alliages<\/em>, A. Guinier et R. Jullien, CNRS &#8211; Sciences appliqu\u00e9es.<br \/>&#8211; <em>Physique de l\u2019\u00e9tat solide<\/em>, C. Kittel, Dunod.<br \/>&#8211; <em>Propri\u00e9t\u00e9s et comportements des mat\u00e9riaux : du microscopique au macroscopique<\/em>, A. Cornet, F. Hlawka, Technosup, Ellipses.<br \/>&#8211; <em>Gouttes, bulles, perles et ondes<\/em>, P-G de Gennes, F.Brochard-Wyart, D.Qu\u00e9r\u00e9 &#8211; Collection Echelles, Belin.<\/p>\n<p><strong>\u00a0Documents<\/strong><\/p>\n<p><a href=\"http:\/\/hebergement.u-psud.fr\/l3papp\/wp-content\/uploads\/2019\/09\/poly-tp-materiaux.pdf\" target=\"_blank\" rel=\"noopener noreferrer\">TP_Materiaux_2019-2020<\/a><\/p>\n<p><strong>Annales<\/strong><\/p>\n<p><a href=\"http:\/\/hebergement.u-psud.fr\/l3papp\/wp-content\/uploads\/2015\/12\/Partiel2013-2014.pdf\" target=\"_blank\" rel=\"noopener noreferrer\">Partiel 2013-2014<\/a><\/p>\n<p><a href=\"http:\/\/hebergement.u-psud.fr\/l3papp\/wp-content\/uploads\/2015\/12\/2014-03-04_Partiel.pdf\" target=\"_blank\" rel=\"noopener noreferrer\">Partiel 2014-03-04<\/a><\/p>\n<p><a href=\"http:\/\/hebergement.u-psud.fr\/l3papp\/wp-content\/uploads\/2017\/11\/Partiel2017-2018.pdf\">Partiel 2017-2018<\/a>\u00a0\u00a0\u00a0\u00a0\u00a0\u00a0\u00a0 <a href=\"http:\/\/hebergement.u-psud.fr\/l3papp\/wp-content\/uploads\/2017\/11\/Partiel2017-2018_correction.pdf\">Correction<\/a><\/p>\n<p><a href=\"http:\/\/hebergement.u-psud.fr\/l3papp\/wp-content\/uploads\/2018\/12\/PartielMat\u00e9riaux2018-2019.pdf\">Partiel 2018-2019\u00a0<\/a>\u00a0\u00a0\u00a0\u00a0\u00a0\u00a0<a href=\"http:\/\/hebergement.u-psud.fr\/l3papp\/wp-content\/uploads\/2018\/12\/Correction-Partiel2018-2019.pdf\"> Correction<\/a><\/p>\n<p><a href=\"http:\/\/hebergement.u-psud.fr\/l3papp\/wp-content\/uploads\/2016\/12\/2015-2016_Examen_cd.pdf\" target=\"_blank\" rel=\"noopener noreferrer\">Examen 2015-2016<\/a><\/p>\n<p><a href=\"http:\/\/hebergement.u-psud.fr\/l3papp\/wp-content\/uploads\/2016\/12\/SecondeSession2016.pdf\" target=\"_blank\" rel=\"noopener noreferrer\">Examen 2015-2016 2nde session<\/a><\/p>\n<p><a href=\"http:\/\/hebergement.u-psud.fr\/l3papp\/wp-content\/uploads\/2017\/10\/Exam2016-2017.pdf\">Examen 2016-2017<\/a>\u00a0\u00a0\u00a0\u00a0\u00a0\u00a0\u00a0 <a href=\"http:\/\/hebergement.u-psud.fr\/l3papp\/wp-content\/uploads\/2017\/10\/CorrectionExamen2016-2017.pdf\">Correction<\/a><\/p>\n<p><a href=\"http:\/\/hebergement.u-psud.fr\/l3papp\/wp-content\/uploads\/2018\/12\/Examen2017-2018.pdf\">Examen 2017-2018\u00a0\u00a0<\/a><a href=\"http:\/\/hebergement.u-psud.fr\/l3papp\/wp-content\/uploads\/2018\/12\/Examen2017-2018CorrectionCM.pdf\">\u00a0\u00a0\u00a0\u00a0\u00a0 Correction <\/a><\/p>\n<p><a href=\"http:\/\/hebergement.u-psud.fr\/l3papp\/wp-content\/uploads\/2017\/10\/QuestionsCours2.pdf\">Questions de Cours2<\/a><\/p>\n<p>\u00a0<\/p>\n\n\n<p><\/p>\n","protected":false},"excerpt":{"rendered":"<p>Ce cours est une initiation \u00e0 la caract\u00e9risation et \u00e0 la compr\u00e9hension du comportement de mat\u00e9riaux divers aussi bien solides que liquides, simples ou composites et \u00e0 des \u00e9chelles aussi bien macroscopiques que microscopiques.UE optionnelle du S5 de 4 ECTS : 16 h de Cours, 16 h de TD, 8 h de TP. Enseignants Cours &hellip; <a href=\"https:\/\/hebergement.universite-paris-saclay.fr\/l3papp\/?page_id=451\" class=\"more-link\">Continuer la lecture de <span class=\"screen-reader-text\">Comportement des mat\u00e9riaux solides et liquides<\/span>  <span class=\"meta-nav\">&rarr;<\/span><\/a><\/p>\n","protected":false},"author":1,"featured_media":0,"parent":0,"menu_order":0,"comment_status":"closed","ping_status":"open","template":"","meta":{"footnotes":""},"class_list":["post-451","page","type-page","status-publish","hentry"],"_links":{"self":[{"href":"https:\/\/hebergement.universite-paris-saclay.fr\/l3papp\/index.php?rest_route=\/wp\/v2\/pages\/451","targetHints":{"allow":["GET"]}}],"collection":[{"href":"https:\/\/hebergement.universite-paris-saclay.fr\/l3papp\/index.php?rest_route=\/wp\/v2\/pages"}],"about":[{"href":"https:\/\/hebergement.universite-paris-saclay.fr\/l3papp\/index.php?rest_route=\/wp\/v2\/types\/page"}],"author":[{"embeddable":true,"href":"https:\/\/hebergement.universite-paris-saclay.fr\/l3papp\/index.php?rest_route=\/wp\/v2\/users\/1"}],"replies":[{"embeddable":true,"href":"https:\/\/hebergement.universite-paris-saclay.fr\/l3papp\/index.php?rest_route=%2Fwp%2Fv2%2Fcomments&post=451"}],"version-history":[{"count":52,"href":"https:\/\/hebergement.universite-paris-saclay.fr\/l3papp\/index.php?rest_route=\/wp\/v2\/pages\/451\/revisions"}],"predecessor-version":[{"id":6927,"href":"https:\/\/hebergement.universite-paris-saclay.fr\/l3papp\/index.php?rest_route=\/wp\/v2\/pages\/451\/revisions\/6927"}],"wp:attachment":[{"href":"https:\/\/hebergement.universite-paris-saclay.fr\/l3papp\/index.php?rest_route=%2Fwp%2Fv2%2Fmedia&parent=451"}],"curies":[{"name":"wp","href":"https:\/\/api.w.org\/{rel}","templated":true}]}}