{"id":456,"date":"2014-08-08T15:33:03","date_gmt":"2014-08-08T14:33:03","guid":{"rendered":"http:\/\/hebergement.u-psud.fr\/l3papp\/?page_id=456"},"modified":"2023-09-06T11:49:43","modified_gmt":"2023-09-06T10:49:43","slug":"thermodynamique-appliquee","status":"publish","type":"page","link":"https:\/\/hebergement.universite-paris-saclay.fr\/l3papp\/?page_id=456","title":{"rendered":"Thermodynamique appliqu\u00e9e"},"content":{"rendered":"<p><em>Le but de cette UE est d&rsquo;\u00e9tudier plusieurs applications tr\u00e8s concr\u00e8tes de la thermodynamique.<br \/>UE optionnelle du S5 de 4 ECTS \u00a0: 14 h de cours, 14 h de tds, 12 h de tps.<\/em><\/p>\n<p><strong>Enseignants<\/strong><\/p>\n<p><em> Cours<\/em>\u00a0 \u00a0 \u00a0 \u00a0 \u00a0 \u00a0 \u00a0 \u00a0 \u00a0 \u00a0 Philippe Lecoeur<br \/><em>TD<\/em>\u00a0 \u00a0 \u00a0 \u00a0 \u00a0 \u00a0 \u00a0 \u00a0 \u00a0 \u00a0 \u00a0 \u00a0 \u00a0 Mathias Pont<br \/><em>TP<\/em>\u00a0 \u00a0 \u00a0 \u00a0 \u00a0 \u00a0 \u00a0 \u00a0 \u00a0 \u00a0 \u00a0 \u00a0 \u00a0 \u00a0Alexandre Zing, Abderzak El Farsy\u00a0<\/p>\n<p><strong>Programme\u00a0\u00a0<\/strong> : \u00a0<a href=\"https:\/\/hebergement.universite-paris-saclay.fr\/l3papp\/wp-content\/uploads\/2023\/09\/Presentation_thermo_23_24.pdf\">Pr\u00e9sentation de l&rsquo;UE en 2023-2024<\/a><\/p>\n<p>&#8211; Rappels de thermodynamique<br \/>&#8211; Instruments de mesure des grandeurs thermodynamiques (temp\u00e9rature, pression, calorim\u00e9tre)<br \/>&#8211; Types et principes de quelques moteurs thermiques (principe de fonctionnement, rendements th\u00e9oriques et r\u00e9els)<br \/>&#8211; R\u00e9frig\u00e9rateurs (principe de fonctionnement, efficacit\u00e9)<br \/>&#8211; Diagramme de phase, pression de vapeur saturante, chaleur latente de changement d\u2019\u00e9tat<br \/>&#8211; Purification (distillation, osmose)<br \/>&#8211; Echanges de chaleur et isolation thermique<br \/>&#8211; Conversion d\u2019\u00e9nergie thermo\u00e9lectrique<\/p>\n<p>Cette UE comprend 3 travaux pratiques sur le moteur de Stirling, la pompe \u00e0 chaleur et la mesure de pression de vapeur saturante de l\u2019eau.<\/p>\n<p><strong>Ouvrages conseill\u00e9s<\/strong><\/p>\n<p>&#8211; <em>Thermodynamique fondements et applications<\/em>, P\u00e9rez J.Ph., Romulus A.M., Ed. Masson (1993)<br \/>&#8211; <em>Energ\u00e9tique : concepts et applications<\/em>, Feidt M., ed. Dunod (2006)<br \/>&#8211; <em>Thermodynamique<\/em>, Diu B., Guthmann C., Lederer D. Roulet B., Ed. Hermann (2007)<\/p>\n<p><strong>\u00a0Documents<\/strong><\/p>\n<p><strong>Annales<\/strong><\/p>\n\n\n<p><\/p>\n","protected":false},"excerpt":{"rendered":"<p>Le but de cette UE est d&rsquo;\u00e9tudier plusieurs applications tr\u00e8s concr\u00e8tes de la thermodynamique.UE optionnelle du S5 de 4 ECTS \u00a0: 14 h de cours, 14 h de tds, 12 h de tps. Enseignants Cours\u00a0 \u00a0 \u00a0 \u00a0 \u00a0 \u00a0 \u00a0 \u00a0 \u00a0 \u00a0 Philippe LecoeurTD\u00a0 \u00a0 \u00a0 \u00a0 \u00a0 \u00a0 \u00a0 \u00a0 \u00a0 \u00a0 &hellip; <a href=\"https:\/\/hebergement.universite-paris-saclay.fr\/l3papp\/?page_id=456\" class=\"more-link\">Continuer la lecture de <span class=\"screen-reader-text\">Thermodynamique appliqu\u00e9e<\/span>  <span class=\"meta-nav\">&rarr;<\/span><\/a><\/p>\n","protected":false},"author":1,"featured_media":0,"parent":0,"menu_order":0,"comment_status":"closed","ping_status":"open","template":"","meta":{"footnotes":""},"class_list":["post-456","page","type-page","status-publish","hentry"],"_links":{"self":[{"href":"https:\/\/hebergement.universite-paris-saclay.fr\/l3papp\/index.php?rest_route=\/wp\/v2\/pages\/456","targetHints":{"allow":["GET"]}}],"collection":[{"href":"https:\/\/hebergement.universite-paris-saclay.fr\/l3papp\/index.php?rest_route=\/wp\/v2\/pages"}],"about":[{"href":"https:\/\/hebergement.universite-paris-saclay.fr\/l3papp\/index.php?rest_route=\/wp\/v2\/types\/page"}],"author":[{"embeddable":true,"href":"https:\/\/hebergement.universite-paris-saclay.fr\/l3papp\/index.php?rest_route=\/wp\/v2\/users\/1"}],"replies":[{"embeddable":true,"href":"https:\/\/hebergement.universite-paris-saclay.fr\/l3papp\/index.php?rest_route=%2Fwp%2Fv2%2Fcomments&post=456"}],"version-history":[{"count":44,"href":"https:\/\/hebergement.universite-paris-saclay.fr\/l3papp\/index.php?rest_route=\/wp\/v2\/pages\/456\/revisions"}],"predecessor-version":[{"id":6923,"href":"https:\/\/hebergement.universite-paris-saclay.fr\/l3papp\/index.php?rest_route=\/wp\/v2\/pages\/456\/revisions\/6923"}],"wp:attachment":[{"href":"https:\/\/hebergement.universite-paris-saclay.fr\/l3papp\/index.php?rest_route=%2Fwp%2Fv2%2Fmedia&parent=456"}],"curies":[{"name":"wp","href":"https:\/\/api.w.org\/{rel}","templated":true}]}}