{"id":6232,"date":"2020-12-11T16:34:35","date_gmt":"2020-12-11T15:34:35","guid":{"rendered":"http:\/\/hebergement.universite-paris-saclay.fr\/l3papp\/?page_id=6232"},"modified":"2023-11-27T08:44:14","modified_gmt":"2023-11-27T07:44:14","slug":"art-et-optique","status":"publish","type":"page","link":"https:\/\/hebergement.universite-paris-saclay.fr\/l3papp\/?page_id=6232","title":{"rendered":"Art et Optique"},"content":{"rendered":"\n<p><em>UE optionnelle du S6 de 2.5 ECTS : <\/em>24H<\/p>\n\n\n\n<p>Les s\u00e9ances auront lieu le jeudi de 15h45 \u00e0 17h45 \u00e0 l\u2019universit\u00e9. Pour les visites sur site, il faut prendre en compte le temps de d\u00e9placement sur place, le cr\u00e9neau sera donc le jeudi de 17h \u00e0 19h (\u00e0 affiner en fonction des sites).<\/p>\n\n\n\n<p>Une journ\u00e9e d\u2019atelier collectif (workshop) (un samedi en mars, date \u00e0 d\u00e9finir) est \u00e9galement obligatoire.<\/p>\n\n\n\n<p>Effectif&nbsp;: 20 \u00e9tudiants au maximum.<\/p>\n\n\n\n<p><\/p>\n\n\n\n<figure class=\"wp-block-image size-large\"><a href=\"https:\/\/hebergement.universite-paris-saclay.fr\/l3papp\/wp-content\/uploads\/2023\/11\/image-presentation-UEArt.jpg\"><img loading=\"lazy\" decoding=\"async\" width=\"1024\" height=\"486\" src=\"https:\/\/hebergement.universite-paris-saclay.fr\/l3papp\/wp-content\/uploads\/2023\/11\/image-presentation-UEArt-1024x486.jpg\" alt=\"\" class=\"wp-image-6999\" srcset=\"https:\/\/hebergement.universite-paris-saclay.fr\/l3papp\/wp-content\/uploads\/2023\/11\/image-presentation-UEArt-1024x486.jpg 1024w, https:\/\/hebergement.universite-paris-saclay.fr\/l3papp\/wp-content\/uploads\/2023\/11\/image-presentation-UEArt-300x142.jpg 300w, https:\/\/hebergement.universite-paris-saclay.fr\/l3papp\/wp-content\/uploads\/2023\/11\/image-presentation-UEArt-768x365.jpg 768w, https:\/\/hebergement.universite-paris-saclay.fr\/l3papp\/wp-content\/uploads\/2023\/11\/image-presentation-UEArt-1536x729.jpg 1536w, https:\/\/hebergement.universite-paris-saclay.fr\/l3papp\/wp-content\/uploads\/2023\/11\/image-presentation-UEArt-2048x973.jpg 2048w\" sizes=\"auto, (max-width: 1024px) 100vw, 1024px\" \/><\/a><\/figure>\n\n\n\n<p><strong>Enseignant \/ intervenants<\/strong> <\/p>\n\n\n\n<p>Ga\u00ebl Latour (<a href=\"mailto:gael.latour@universite-paris-saclay.fr\">gael.latour@universite-paris-saclay.fr<\/a>.)<br>Constantin Jopeck (artiste) <a href=\"mailto:kostia.jopeck@gmail.com\">kostia.jopeck@gmail.com<\/a><br>+ chercheurs dans les laboratoires de recherche<\/p>\n\n\n\n<p><strong>Descriptif du cours<\/strong><\/p>\n\n\n\n<p>Les sciences du patrimoine visent \u00e0 apporter des connaissances aux restaurateurs du patrimoine, aux conservateurs et aux historiens de l\u2019art sur les objets patrimoniaux. Ces connaissances sont rendues possibles par l&rsquo;analyse de la nature des mat\u00e9riaux et de leur \u00e9tat de conservation. L\u2019imagerie scientifique \u00e0 l\u2019aide de techniques optiques occupe aujourd\u2019hui une place centrale dans ces analyses car elle fait le pont entre l\u2019appr\u00e9ciation visuelle de l\u2019objet et des \u00e9l\u00e9ments li\u00e9s \u00e0 l\u2019analyse scientifique.<\/p>\n\n\n\n<p>Cet enseignement est \u00e9galement l\u2019occasion d\u2019une rencontre avec un artiste et d\u2019avoir une pratique artistique hebdomadaire. Aucun pr\u00e9-requis en termes de pratique artistique n\u2019est attendu, par contre l\u2019envie de tester, d\u2019\u00e9changer et de partager ses productions est essentielle.<\/p>\n\n\n\n<p>Parall\u00e8lement aux heures d\u2019enseignement \u00e0 l&rsquo;Universit\u00e9, plusieurs visites de laboratoires de recherche experts dans le domaine des sciences du patrimoine seront propos\u00e9es aux \u00e9tudiants. Ces sorties occasionneront la rencontre avec des physiciens dans leur environnement de recherche, ainsi que la d\u00e9couverte d&rsquo;\u00e9quipements et d&rsquo;outils sp\u00e9cifiques \u00e0 la production de cette imagerie scientifique. De m\u00eame, une ou deux sorties au mus\u00e9e sont propos\u00e9s afin d\u2019aller \u00e0 la rencontre des \u0153uvres.<\/p>\n\n\n\n<p>En croisant l\u2019exp\u00e9rience artistique et l\u2019exp\u00e9rience scientifique, cet enseignement repose sur un bin\u00f4me physicien-artiste qui con\u00e7oit l\u2019enseignement de bout en bout afin de s\u2019assurer de sa pertinence et de sa qualit\u00e9 sur les deux volets disciplinaires.<\/p>\n\n\n\n<p><strong>Objectifs d&rsquo;apprentissage<\/strong><\/p>\n\n\n\n<p><\/p>\n\n\n\n<p>A l\u2019issue de cet enseignement, les \u00e9tudiants seront capables :<\/p>\n\n\n\n<ul class=\"wp-block-list\">\n<li>D\u2019expliquer le principe physique des diff\u00e9rentes techniques d\u2019imagerie scientifique pr\u00e9sent\u00e9es, de les comparer et d\u2019interpr\u00e9ter les images scientifiques obtenues,<\/li>\n\n\n\n<li>D\u2019expliquer et d\u2019identifier les diff\u00e9rents \u00e9l\u00e9ments cl\u00e9 qui interviennent dans l\u2019apparence visuelle d\u2019une \u0153uvre,,<\/li>\n\n\n\n<li>De r\u00e9aliser des productions artistiques \u00e0 partir de techniques d\u00e9couvertes avec l\u2019artiste,<\/li>\n\n\n\n<li>De partager et de t\u00e9moigner de son cheminement dans son appropriation de l\u2019imagerie scientifique, de la pratique artistique et, plus g\u00e9n\u00e9ralement, du lien entre la science et l\u2019art.<\/li>\n<\/ul>\n\n\n\n<p><strong>D\u00e9roul<\/strong>ement<\/p>\n\n\n\n<p>L\u2019encha\u00eenement des diff\u00e9rentes s\u00e9ances n\u2019est pas encore pr\u00e9cis\u00e9ment (disponibilit\u00e9 des lieux et des personnes). Ce contenu peut \u00eatre amen\u00e9 \u00e0 \u00e9voluer.<\/p>\n\n\n\n<p>Cet enseignement comporte 12 s\u00e9ances de 2h chacune et d\u2019un atelier collectif (workshop) sur une journ\u00e9e compl\u00e8te un samedi en fin de semestre. La participation \u00e0 l\u2019ensemble de ces s\u00e9ances est indispensable pour cheminer sur ce parcours art et sciences.<\/p>\n\n\n\n<p><strong>Fonctionnement et d\u00e9roul\u00e9 des s\u00e9ances<\/strong><\/p>\n\n\n\n<p>Les \u00e9tudiants devront \u00eatre actifs tout au long des s\u00e9ances de cet enseignement. Une activit\u00e9 sera demand\u00e9e d\u2019une s\u00e9ance \u00e0 l\u2019autre afin de s\u2019assurer de la posture active et dynamique des \u00e9tudiant\u00b7es et de garantir le cheminement de chacun\u00b7e en vue de la production d\u2019un objet artistique.<\/p>\n\n\n\n<p>Les \u00e9tudiants devront se rendre disponible une journ\u00e9e compl\u00e8te un samedi du mois de mars (production artistique), cette s\u00e9ance fait partie int\u00e9grante de l\u2019enseignement.<\/p>\n\n\n\n<p><strong>Evaluation<\/strong><\/p>\n\n\n\n<p>L\u2019\u00e9valuation est sous forme de contr\u00f4le continu. Elle sera bas\u00e9e sur les \u00e9l\u00e9ments suivants&nbsp;:<\/p>\n\n\n\n<ul class=\"wp-block-list\">\n<li>Assiduit\u00e9 \u00e0 l\u2019ensemble des s\u00e9ances<\/li>\n\n\n\n<li>Des traces (production d\u2019\u00e9crits, de sch\u00e9mas, de dessins) seront demand\u00e9es aux \u00e9tudiants tout au long du semestre,<\/li>\n\n\n\n<li>Pr\u00e9sentations des productions au sein du groupe,<\/li>\n\n\n\n<li>Atelier collectif.<\/li>\n<\/ul>\n","protected":false},"excerpt":{"rendered":"<p>UE optionnelle du S6 de 2.5 ECTS : 24H Les s\u00e9ances auront lieu le jeudi de 15h45 \u00e0 17h45 \u00e0 l\u2019universit\u00e9. Pour les visites sur site, il faut prendre en compte le temps de d\u00e9placement sur place, le cr\u00e9neau sera donc le jeudi de 17h \u00e0 19h (\u00e0 affiner en fonction des sites). Une journ\u00e9e &hellip; <a href=\"https:\/\/hebergement.universite-paris-saclay.fr\/l3papp\/?page_id=6232\" class=\"more-link\">Continuer la lecture de <span class=\"screen-reader-text\">Art et Optique<\/span>  <span class=\"meta-nav\">&rarr;<\/span><\/a><\/p>\n","protected":false},"author":1,"featured_media":0,"parent":0,"menu_order":0,"comment_status":"closed","ping_status":"closed","template":"","meta":{"footnotes":""},"class_list":["post-6232","page","type-page","status-publish","hentry"],"_links":{"self":[{"href":"https:\/\/hebergement.universite-paris-saclay.fr\/l3papp\/index.php?rest_route=\/wp\/v2\/pages\/6232","targetHints":{"allow":["GET"]}}],"collection":[{"href":"https:\/\/hebergement.universite-paris-saclay.fr\/l3papp\/index.php?rest_route=\/wp\/v2\/pages"}],"about":[{"href":"https:\/\/hebergement.universite-paris-saclay.fr\/l3papp\/index.php?rest_route=\/wp\/v2\/types\/page"}],"author":[{"embeddable":true,"href":"https:\/\/hebergement.universite-paris-saclay.fr\/l3papp\/index.php?rest_route=\/wp\/v2\/users\/1"}],"replies":[{"embeddable":true,"href":"https:\/\/hebergement.universite-paris-saclay.fr\/l3papp\/index.php?rest_route=%2Fwp%2Fv2%2Fcomments&post=6232"}],"version-history":[{"count":14,"href":"https:\/\/hebergement.universite-paris-saclay.fr\/l3papp\/index.php?rest_route=\/wp\/v2\/pages\/6232\/revisions"}],"predecessor-version":[{"id":7001,"href":"https:\/\/hebergement.universite-paris-saclay.fr\/l3papp\/index.php?rest_route=\/wp\/v2\/pages\/6232\/revisions\/7001"}],"wp:attachment":[{"href":"https:\/\/hebergement.universite-paris-saclay.fr\/l3papp\/index.php?rest_route=%2Fwp%2Fv2%2Fmedia&parent=6232"}],"curies":[{"name":"wp","href":"https:\/\/api.w.org\/{rel}","templated":true}]}}