{"id":755,"date":"2014-08-22T14:37:26","date_gmt":"2014-08-22T13:37:26","guid":{"rendered":"http:\/\/hebergement.u-psud.fr\/l3papp\/?page_id=755"},"modified":"2018-10-23T10:22:03","modified_gmt":"2018-10-23T09:22:03","slug":"introduction-a-lastrophysique","status":"publish","type":"page","link":"https:\/\/hebergement.universite-paris-saclay.fr\/l3papp\/?page_id=755","title":{"rendered":"\u00a0Astrophysique et Exploration du Syst\u00e8me Solaire\u00a0"},"content":{"rendered":"<p><strong>Cette option prend une nouvelle forme en 2018-2019, et n&rsquo;est plus mutualis\u00e9e avec la L3 de Physique Fondamentale.<\/strong><\/p>\n<p style=\"text-align: justify;\"><em>L&rsquo;option\u00a0d\u2019Astrophysique du parcours de L3 Physique et Applications permet de d\u00e9couvrir les grands concepts li\u00e9s aux Syst\u00e8mes stellaires et plan\u00e9taires. Nous \u00e9tudierons les principes physiques gouvernant la formation et l\u2019\u00e9volution de ces syst\u00e8mes ainsi que les moyens dont nous disposons pour les caract\u00e9riser. Les missions spatiales, notamment d\u2019exploration du Syst\u00e8me Solaire, constitueront des exemples concrets sur lesquels nous pourrons nous appuyer<\/em><em>.<\/em><\/p>\n<p><em><em>UE optionnelle du S6 de\u00a0<\/em>2.5 ECTS : 14 h de cours, 10 h de tds.<\/em><\/p>\n<p><strong>Enseignant<\/strong><\/p>\n<p><a href=\"https:\/\/www.ias.u-psud.fr\/annuaire?nom=pilorget\">C\u00e9dric Pilorget<\/a><\/p>\n<p><strong>Programme <\/strong>\u00a0:<\/p>\n<ul>\n<li>M\u00e9canique spatiale \u2013 orbites et trajectoires des astres et satellites artificiels<\/li>\n<li>Naissance et \u00e9volutions des syst\u00e8mes solaires &#8211; Etoiles, petits corps et plan\u00e8tes<\/li>\n<li>Mesures isotopiques \u2013 datation et mise en \u00e9vidence de processus astrophysiques<\/li>\n<li>Transfert radiatif, bilans \u00e9nerg\u00e9tiques et mesures associ\u00e9es<\/li>\n<li>Instrumentation spatiale\u00a0: l\u2019exemple de la spectroscopie infrarouge<\/li>\n<\/ul>\n<p><strong>Ouvrages conseill\u00e9s<\/strong><\/p>\n<p><strong>\u00a0Documents<\/strong><\/p>\n<p><em>\u00a0<\/em><\/p>\n","protected":false},"excerpt":{"rendered":"<p>Cette option prend une nouvelle forme en 2018-2019, et n&rsquo;est plus mutualis\u00e9e avec la L3 de Physique Fondamentale. L&rsquo;option\u00a0d\u2019Astrophysique du parcours de L3 Physique et Applications permet de d\u00e9couvrir les grands concepts li\u00e9s aux Syst\u00e8mes stellaires et plan\u00e9taires. Nous \u00e9tudierons les principes physiques gouvernant la formation et l\u2019\u00e9volution de ces syst\u00e8mes ainsi que les moyens &hellip; <a href=\"https:\/\/hebergement.universite-paris-saclay.fr\/l3papp\/?page_id=755\" class=\"more-link\">Continuer la lecture de <span class=\"screen-reader-text\">\u00a0Astrophysique et Exploration du Syst\u00e8me Solaire\u00a0<\/span>  <span class=\"meta-nav\">&rarr;<\/span><\/a><\/p>\n","protected":false},"author":1,"featured_media":0,"parent":0,"menu_order":0,"comment_status":"closed","ping_status":"open","template":"","meta":{"footnotes":""},"class_list":["post-755","page","type-page","status-publish","hentry"],"_links":{"self":[{"href":"https:\/\/hebergement.universite-paris-saclay.fr\/l3papp\/index.php?rest_route=\/wp\/v2\/pages\/755","targetHints":{"allow":["GET"]}}],"collection":[{"href":"https:\/\/hebergement.universite-paris-saclay.fr\/l3papp\/index.php?rest_route=\/wp\/v2\/pages"}],"about":[{"href":"https:\/\/hebergement.universite-paris-saclay.fr\/l3papp\/index.php?rest_route=\/wp\/v2\/types\/page"}],"author":[{"embeddable":true,"href":"https:\/\/hebergement.universite-paris-saclay.fr\/l3papp\/index.php?rest_route=\/wp\/v2\/users\/1"}],"replies":[{"embeddable":true,"href":"https:\/\/hebergement.universite-paris-saclay.fr\/l3papp\/index.php?rest_route=%2Fwp%2Fv2%2Fcomments&post=755"}],"version-history":[{"count":14,"href":"https:\/\/hebergement.universite-paris-saclay.fr\/l3papp\/index.php?rest_route=\/wp\/v2\/pages\/755\/revisions"}],"predecessor-version":[{"id":5623,"href":"https:\/\/hebergement.universite-paris-saclay.fr\/l3papp\/index.php?rest_route=\/wp\/v2\/pages\/755\/revisions\/5623"}],"wp:attachment":[{"href":"https:\/\/hebergement.universite-paris-saclay.fr\/l3papp\/index.php?rest_route=%2Fwp%2Fv2%2Fmedia&parent=755"}],"curies":[{"name":"wp","href":"https:\/\/api.w.org\/{rel}","templated":true}]}}