{"id":761,"date":"2014-08-22T14:51:00","date_gmt":"2014-08-22T13:51:00","guid":{"rendered":"http:\/\/hebergement.u-psud.fr\/l3papp\/?page_id=761"},"modified":"2020-11-30T21:24:07","modified_gmt":"2020-11-30T20:24:07","slug":"introductions-aux-methodes-physiques-en-medecine","status":"publish","type":"page","link":"https:\/\/hebergement.universite-paris-saclay.fr\/l3papp\/?page_id=761","title":{"rendered":"Introduction \u00e0 la physique m\u00e9dicale"},"content":{"rendered":"<p style=\"text-align: justify;\"><em>La m\u00e9decine fait appel \u00e0 de nombreuses m\u00e9thodes diagnostiques et th\u00e9rapeutiques bas\u00e9es sur les concepts et technologies du domaine de la Physique.\u00a0<em>Ce cours propose de donner une vision globale des probl\u00e8mes fondamentaux de physique en lien avec l\u2019imagerie m\u00e9dicale, les traitements du cancer et la radioprotection. Des notions de base d\u2019interaction des rayonnements avec la mati\u00e8re biologique seront donn\u00e9es afin d\u2019aborder les concepts et m\u00e9thodes utilis\u00e9s en physique m\u00e9dicale.<\/em><\/em><\/p>\n<p style=\"text-align: justify;\"><em> UE optionnelle du S6 de 2.5 ECTS.<\/em><\/p>\n<p><strong>Enseignant<\/strong><\/p>\n<p><a href=\"http:\/\/www.ismo.u-psud.fr\/spip.php?page=annuaire&amp;id_individu=268\" target=\"_blank\" rel=\"noopener noreferrer\">Erika Porcel<\/a><\/p>\n<p><strong>Programme<\/strong> : <a href=\"https:\/\/hebergement.universite-paris-saclay.fr\/l3papp\/wp-content\/uploads\/2020\/11\/pr\u00e9sentationOptionPhyMed20172018.pdf\">pr\u00e9sentation de l&rsquo;UE (2017-2018)<\/a><\/p>\n<p style=\"text-align: justify;\">Le cours porte essentiellement sur les principes physiques appliqu\u00e9s aux champs\u00a0:<\/p>\n<ul style=\"text-align: justify;\">\n<li>de l&rsquo;imagerie m\u00e9dicale moderne \u00a0: \u00a0IRM, rayons X, m\u00e9decine nucl\u00e9aire<\/li>\n<li>des applications th\u00e9rapeutiques\u00a0: radiobiologie, radioth\u00e9rapie, curieth\u00e9rapie<\/li>\n<li>de la\u00a0radioprotection<\/li>\n<\/ul>\n<p style=\"text-align: justify;\">Les d\u00e9veloppements technologiques et la recherche dans ce domaine seront trait\u00e9s \u00e0 travers diff\u00e9rents exemples.<\/p>\n<p><strong>Ouvrages conseill\u00e9s<\/strong><\/p>\n<p><strong>Documents<\/strong><\/p>\n<p><em>Tous les documents sont mis en ligne sur la plateforme DOKEOS.<\/em><\/p>\n","protected":false},"excerpt":{"rendered":"<p>La m\u00e9decine fait appel \u00e0 de nombreuses m\u00e9thodes diagnostiques et th\u00e9rapeutiques bas\u00e9es sur les concepts et technologies du domaine de la Physique.\u00a0Ce cours propose de donner une vision globale des probl\u00e8mes fondamentaux de physique en lien avec l\u2019imagerie m\u00e9dicale, les traitements du cancer et la radioprotection. Des notions de base d\u2019interaction des rayonnements avec la &hellip; <a href=\"https:\/\/hebergement.universite-paris-saclay.fr\/l3papp\/?page_id=761\" class=\"more-link\">Continuer la lecture de <span class=\"screen-reader-text\">Introduction \u00e0 la physique m\u00e9dicale<\/span>  <span class=\"meta-nav\">&rarr;<\/span><\/a><\/p>\n","protected":false},"author":1,"featured_media":0,"parent":0,"menu_order":0,"comment_status":"closed","ping_status":"open","template":"","meta":{"footnotes":""},"class_list":["post-761","page","type-page","status-publish","hentry"],"_links":{"self":[{"href":"https:\/\/hebergement.universite-paris-saclay.fr\/l3papp\/index.php?rest_route=\/wp\/v2\/pages\/761","targetHints":{"allow":["GET"]}}],"collection":[{"href":"https:\/\/hebergement.universite-paris-saclay.fr\/l3papp\/index.php?rest_route=\/wp\/v2\/pages"}],"about":[{"href":"https:\/\/hebergement.universite-paris-saclay.fr\/l3papp\/index.php?rest_route=\/wp\/v2\/types\/page"}],"author":[{"embeddable":true,"href":"https:\/\/hebergement.universite-paris-saclay.fr\/l3papp\/index.php?rest_route=\/wp\/v2\/users\/1"}],"replies":[{"embeddable":true,"href":"https:\/\/hebergement.universite-paris-saclay.fr\/l3papp\/index.php?rest_route=%2Fwp%2Fv2%2Fcomments&post=761"}],"version-history":[{"count":15,"href":"https:\/\/hebergement.universite-paris-saclay.fr\/l3papp\/index.php?rest_route=\/wp\/v2\/pages\/761\/revisions"}],"predecessor-version":[{"id":6201,"href":"https:\/\/hebergement.universite-paris-saclay.fr\/l3papp\/index.php?rest_route=\/wp\/v2\/pages\/761\/revisions\/6201"}],"wp:attachment":[{"href":"https:\/\/hebergement.universite-paris-saclay.fr\/l3papp\/index.php?rest_route=%2Fwp%2Fv2%2Fmedia&parent=761"}],"curies":[{"name":"wp","href":"https:\/\/api.w.org\/{rel}","templated":true}]}}