{"id":768,"date":"2014-08-22T21:19:53","date_gmt":"2014-08-22T20:19:53","guid":{"rendered":"http:\/\/hebergement.u-psud.fr\/l3papp\/?page_id=768"},"modified":"2025-09-11T07:46:55","modified_gmt":"2025-09-11T06:46:55","slug":"physique-nucleaire-et-applications","status":"publish","type":"page","link":"https:\/\/hebergement.universite-paris-saclay.fr\/l3papp\/?page_id=768","title":{"rendered":"Mat\u00e9riaux pour l&rsquo;\u00e9nergie nucl\u00e9aire"},"content":{"rendered":"<p><strong>Enseignants<\/strong><\/p>\n<p><a href=\"mailto:frederico.garrido@csnsm.in2p3.fr\" target=\"_blank\" rel=\"noopener noreferrer\">Fr\u00e9d\u00e9rico Garrido<\/a><\/p>\n<p><strong>Programme <\/strong><\/p>\n<ul>\n<li style=\"text-align: justify;\">Mat\u00e9riaux pour l\u2019\u00e9nergie nucl\u00e9aire : d\u00e9finition ; classes de mat\u00e9riaux en fonction des applications (combustible, r\u00e9acteur, entreposage ou stockage) ; sp\u00e9cificit\u00e9 des mat\u00e9riaux nucl\u00e9aires : environnements radiatifs ; classification de sources d\u2019irradiation en termes d\u2019endommagement des solides (particules charg\u00e9es : ions, \u00e9lectrons, positons, neutrons, photons). Simulation exp\u00e9rimentale des effets de l\u2019irradiation par faisceaux d\u2019ions acc\u00e9l\u00e9r\u00e9s.<\/li>\n<li style=\"text-align: justify;\">\u00a0Physique de l\u2019irradiation \u00e0 l\u2019\u00e9chelle atomique : m\u00e9canismes d\u2019interactions ; processus balistiques et \u00e9lectroniques ; m\u00e9canismes de cr\u00e9ation de d\u00e9fauts ; calcul de nombre de dpa (d\u00e9placements par atome); mod\u00e9lisation de l\u2019endommagement par excitation \u00e9lectronique ; code de simulation num\u00e9rique SRIM.<\/li>\n<li style=\"text-align: justify;\">Comportement sous irradiation de quelques mat\u00e9riaux pour le nucl\u00e9aire : combustibles et matrices de transmutation (mat\u00e9riaux c\u00e9ramiques) ; aciers de cuve et gaine de zircalloy ; matrices d\u2019entreposage et de stockage.<\/li>\n<li style=\"text-align: justify;\">\u00a0TP : Utilisation du code de simulation SRIM (Stopping and Range of Ions in Matter) ; application \u00e0 l\u2019endommagement d\u2019un combustible nucl\u00e9aires (fragments de fission de l\u2019uranium, d\u00e9sint\u00e9gration alpha des actinides).<\/li>\n<\/ul>\n<p><a href=\"https:\/\/hebergement.universite-paris-saclay.fr\/l3papp\/wp-content\/uploads\/2020\/12\/L3-Mate\u0301riaux-sous-irradiation.pdf\">Document projet\u00e9 lors de la pr\u00e9sentation des options : partie Mat\u00e9riaux sous irradiation<\/a><\/p>\n","protected":false},"excerpt":{"rendered":"<p>Enseignants Fr\u00e9d\u00e9rico Garrido Programme Mat\u00e9riaux pour l\u2019\u00e9nergie nucl\u00e9aire : d\u00e9finition ; classes de mat\u00e9riaux en fonction des applications (combustible, r\u00e9acteur, entreposage ou stockage) ; sp\u00e9cificit\u00e9 des mat\u00e9riaux nucl\u00e9aires : environnements radiatifs ; classification de sources d\u2019irradiation en termes d\u2019endommagement des solides (particules charg\u00e9es : ions, \u00e9lectrons, positons, neutrons, photons). Simulation exp\u00e9rimentale des effets de l\u2019irradiation &hellip; <a href=\"https:\/\/hebergement.universite-paris-saclay.fr\/l3papp\/?page_id=768\" class=\"more-link\">Continuer la lecture de <span class=\"screen-reader-text\">Mat\u00e9riaux pour l&rsquo;\u00e9nergie nucl\u00e9aire<\/span>  <span class=\"meta-nav\">&rarr;<\/span><\/a><\/p>\n","protected":false},"author":1,"featured_media":0,"parent":0,"menu_order":0,"comment_status":"closed","ping_status":"open","template":"","meta":{"footnotes":""},"class_list":["post-768","page","type-page","status-publish","hentry"],"_links":{"self":[{"href":"https:\/\/hebergement.universite-paris-saclay.fr\/l3papp\/index.php?rest_route=\/wp\/v2\/pages\/768","targetHints":{"allow":["GET"]}}],"collection":[{"href":"https:\/\/hebergement.universite-paris-saclay.fr\/l3papp\/index.php?rest_route=\/wp\/v2\/pages"}],"about":[{"href":"https:\/\/hebergement.universite-paris-saclay.fr\/l3papp\/index.php?rest_route=\/wp\/v2\/types\/page"}],"author":[{"embeddable":true,"href":"https:\/\/hebergement.universite-paris-saclay.fr\/l3papp\/index.php?rest_route=\/wp\/v2\/users\/1"}],"replies":[{"embeddable":true,"href":"https:\/\/hebergement.universite-paris-saclay.fr\/l3papp\/index.php?rest_route=%2Fwp%2Fv2%2Fcomments&post=768"}],"version-history":[{"count":18,"href":"https:\/\/hebergement.universite-paris-saclay.fr\/l3papp\/index.php?rest_route=\/wp\/v2\/pages\/768\/revisions"}],"predecessor-version":[{"id":7149,"href":"https:\/\/hebergement.universite-paris-saclay.fr\/l3papp\/index.php?rest_route=\/wp\/v2\/pages\/768\/revisions\/7149"}],"wp:attachment":[{"href":"https:\/\/hebergement.universite-paris-saclay.fr\/l3papp\/index.php?rest_route=%2Fwp%2Fv2%2Fmedia&parent=768"}],"curies":[{"name":"wp","href":"https:\/\/api.w.org\/{rel}","templated":true}]}}