{"id":799,"date":"2014-08-23T16:06:47","date_gmt":"2014-08-23T15:06:47","guid":{"rendered":"http:\/\/hebergement.u-psud.fr\/l3papp\/?page_id=799"},"modified":"2025-09-11T07:59:42","modified_gmt":"2025-09-11T06:59:42","slug":"langues-s6","status":"publish","type":"page","link":"https:\/\/hebergement.universite-paris-saclay.fr\/l3papp\/?page_id=799","title":{"rendered":"Anglais (S6)"},"content":{"rendered":"<p style=\"text-align: justify;\"><em> Cette UE s&rsquo;adresse \u00e0 tout \u00e9tudiant souhaitant parfaire son niveau d&rsquo;anglais ou d\u00e9sireux d&rsquo;apprendre ou approfondir une autre langue.<br \/>\nL&rsquo;objectif est d&rsquo;\u00eatre autonome dans des situations de la vie quotidienne et\/ou professionnelle.<br \/>\nUne autre langue peut \u00eatre choisie si elle s&rsquo;inscrit dans un projet de parcours acad\u00e9mique ou professionnel, en accord avec les responsables de formation.<\/em><\/p>\n<p style=\"text-align: justify;\"><em>UE optionnelle du S6 de 2,5 ECTS : 24 h de cours\/tds.<\/em><\/p>\n<p style=\"text-align: justify;\">Consulter <a href=\"https:\/\/www.sciences.universite-paris-saclay.fr\/formation\/service-des-langues\">le site du d\u00e9partement de Langues<\/a> pour tout d\u00e9tail.<\/p>\n<p style=\"text-align: justify;\">Un cr\u00e9neau sp\u00e9cifique dans l&#8217;emploi du temps est pr\u00e9vu pour l&rsquo;anglais le jeudi matin \u00e0 10h30-12h30.<\/p>\n","protected":false},"excerpt":{"rendered":"<p>Cette UE s&rsquo;adresse \u00e0 tout \u00e9tudiant souhaitant parfaire son niveau d&rsquo;anglais ou d\u00e9sireux d&rsquo;apprendre ou approfondir une autre langue. L&rsquo;objectif est d&rsquo;\u00eatre autonome dans des situations de la vie quotidienne et\/ou professionnelle. Une autre langue peut \u00eatre choisie si elle s&rsquo;inscrit dans un projet de parcours acad\u00e9mique ou professionnel, en accord avec les responsables de &hellip; <a href=\"https:\/\/hebergement.universite-paris-saclay.fr\/l3papp\/?page_id=799\" class=\"more-link\">Continuer la lecture de <span class=\"screen-reader-text\">Anglais (S6)<\/span>  <span class=\"meta-nav\">&rarr;<\/span><\/a><\/p>\n","protected":false},"author":1,"featured_media":0,"parent":0,"menu_order":0,"comment_status":"closed","ping_status":"open","template":"","meta":{"footnotes":""},"class_list":["post-799","page","type-page","status-publish","hentry"],"_links":{"self":[{"href":"https:\/\/hebergement.universite-paris-saclay.fr\/l3papp\/index.php?rest_route=\/wp\/v2\/pages\/799","targetHints":{"allow":["GET"]}}],"collection":[{"href":"https:\/\/hebergement.universite-paris-saclay.fr\/l3papp\/index.php?rest_route=\/wp\/v2\/pages"}],"about":[{"href":"https:\/\/hebergement.universite-paris-saclay.fr\/l3papp\/index.php?rest_route=\/wp\/v2\/types\/page"}],"author":[{"embeddable":true,"href":"https:\/\/hebergement.universite-paris-saclay.fr\/l3papp\/index.php?rest_route=\/wp\/v2\/users\/1"}],"replies":[{"embeddable":true,"href":"https:\/\/hebergement.universite-paris-saclay.fr\/l3papp\/index.php?rest_route=%2Fwp%2Fv2%2Fcomments&post=799"}],"version-history":[{"count":7,"href":"https:\/\/hebergement.universite-paris-saclay.fr\/l3papp\/index.php?rest_route=\/wp\/v2\/pages\/799\/revisions"}],"predecessor-version":[{"id":7158,"href":"https:\/\/hebergement.universite-paris-saclay.fr\/l3papp\/index.php?rest_route=\/wp\/v2\/pages\/799\/revisions\/7158"}],"wp:attachment":[{"href":"https:\/\/hebergement.universite-paris-saclay.fr\/l3papp\/index.php?rest_route=%2Fwp%2Fv2%2Fmedia&parent=799"}],"curies":[{"name":"wp","href":"https:\/\/api.w.org\/{rel}","templated":true}]}}