{"id":811,"date":"2014-08-23T16:26:46","date_gmt":"2014-08-23T15:26:46","guid":{"rendered":"http:\/\/hebergement.u-psud.fr\/l3papp\/?page_id=811"},"modified":"2020-04-14T17:28:21","modified_gmt":"2020-04-14T16:28:21","slug":"preparation-aux-oraux-des-concours-dadmission-en-ecole-digenieur","status":"publish","type":"page","link":"https:\/\/hebergement.universite-paris-saclay.fr\/l3papp\/?page_id=811","title":{"rendered":"Pr\u00e9paration aux oraux des concours d&rsquo;admission en Ecole d&rsquo;ing\u00e9nieur"},"content":{"rendered":"<p style=\"text-align: justify;\"><em> Cette UE est un entra\u00eenement aux oraux destin\u00e9e aux \u00e9tudiants qui souhaitent se pr\u00e9senter aux concours d&rsquo;admissions sur titre aux \u00e9coles d&rsquo;ing\u00e9nieurs.<br \/>\nUE optionnelle du S6 \u00e0 2.5 ECTS.<br \/>\n<\/em><\/p>\n<p><strong>Responsable \u00a0<\/strong> Sylvia Matzen<\/p>\n<p><strong>Programme\u00a0\u00a0<\/strong><\/p>\n<p style=\"text-align: justify;\">S\u00e9rie de colles en math\u00e9matiques, physique et analyse de documents scientifiques.<br \/>\nUn programme de r\u00e9vision est propos\u00e9 aux \u00e9tudiants.<\/p>\n","protected":false},"excerpt":{"rendered":"<p>Cette UE est un entra\u00eenement aux oraux destin\u00e9e aux \u00e9tudiants qui souhaitent se pr\u00e9senter aux concours d&rsquo;admissions sur titre aux \u00e9coles d&rsquo;ing\u00e9nieurs. UE optionnelle du S6 \u00e0 2.5 ECTS. Responsable \u00a0 Sylvia Matzen Programme\u00a0\u00a0 S\u00e9rie de colles en math\u00e9matiques, physique et analyse de documents scientifiques. Un programme de r\u00e9vision est propos\u00e9 aux \u00e9tudiants.<\/p>\n","protected":false},"author":1,"featured_media":0,"parent":0,"menu_order":0,"comment_status":"closed","ping_status":"open","template":"","meta":{"footnotes":""},"class_list":["post-811","page","type-page","status-publish","hentry"],"_links":{"self":[{"href":"https:\/\/hebergement.universite-paris-saclay.fr\/l3papp\/index.php?rest_route=\/wp\/v2\/pages\/811","targetHints":{"allow":["GET"]}}],"collection":[{"href":"https:\/\/hebergement.universite-paris-saclay.fr\/l3papp\/index.php?rest_route=\/wp\/v2\/pages"}],"about":[{"href":"https:\/\/hebergement.universite-paris-saclay.fr\/l3papp\/index.php?rest_route=\/wp\/v2\/types\/page"}],"author":[{"embeddable":true,"href":"https:\/\/hebergement.universite-paris-saclay.fr\/l3papp\/index.php?rest_route=\/wp\/v2\/users\/1"}],"replies":[{"embeddable":true,"href":"https:\/\/hebergement.universite-paris-saclay.fr\/l3papp\/index.php?rest_route=%2Fwp%2Fv2%2Fcomments&post=811"}],"version-history":[{"count":9,"href":"https:\/\/hebergement.universite-paris-saclay.fr\/l3papp\/index.php?rest_route=\/wp\/v2\/pages\/811\/revisions"}],"predecessor-version":[{"id":6059,"href":"https:\/\/hebergement.universite-paris-saclay.fr\/l3papp\/index.php?rest_route=\/wp\/v2\/pages\/811\/revisions\/6059"}],"wp:attachment":[{"href":"https:\/\/hebergement.universite-paris-saclay.fr\/l3papp\/index.php?rest_route=%2Fwp%2Fv2%2Fmedia&parent=811"}],"curies":[{"name":"wp","href":"https:\/\/api.w.org\/{rel}","templated":true}]}}