{"id":82,"date":"2014-04-27T13:56:19","date_gmt":"2014-04-27T12:56:19","guid":{"rendered":"http:\/\/hebergement.u-psud.fr\/l3papp\/?page_id=82"},"modified":"2014-08-16T10:15:40","modified_gmt":"2014-08-16T09:15:40","slug":"poursuites-detudes","status":"publish","type":"page","link":"https:\/\/hebergement.universite-paris-saclay.fr\/l3papp\/?page_id=82","title":{"rendered":"Poursuites d&rsquo;\u00e9tudes"},"content":{"rendered":"<p style=\"text-align: justify;\">Les \u00e9tudiants ayant suivis le L3 de Physique et Applications poursuivent g\u00e9n\u00e9ralement leurs \u00e9tudes selon une des 3 voies suivantes :<\/p>\n<ul>\n<li>Inscription dans les M1 de l\u2019Universit\u00e9 Paris-Sud ou dans les masters des autres universit\u00e9s fran\u00e7aises ou \u00e9trang\u00e8res (cf. <a href=\"http:\/\/hebergement.u-psud.fr\/l3papp\/?page_id=305\" title=\"Masters\" target=\"_blank\">Masters<\/a>).<\/li>\n<li>Int\u00e9gration en 1\u00e8re ann\u00e9e d\u2019une \u00c9cole d\u2019Ing\u00e9nieurs (cf. <a href=\"http:\/\/hebergement.u-psud.fr\/l3papp\/?page_id=307\" title=\"Ecole d\u2019Ing\u00e9nieurs\" target=\"_blank\">Ecoles d&rsquo;ing\u00e9nieurs<\/a>).<\/li>\n<li>R\u00e9orientation vers des L3 professionnels.<\/li>\n<\/ul>\n","protected":false},"excerpt":{"rendered":"<p>Les \u00e9tudiants ayant suivis le L3 de Physique et Applications poursuivent g\u00e9n\u00e9ralement leurs \u00e9tudes selon une des 3 voies suivantes : Inscription dans les M1 de l\u2019Universit\u00e9 Paris-Sud ou dans les masters des autres universit\u00e9s fran\u00e7aises ou \u00e9trang\u00e8res (cf. Masters). Int\u00e9gration en 1\u00e8re ann\u00e9e d\u2019une \u00c9cole d\u2019Ing\u00e9nieurs (cf. Ecoles d&rsquo;ing\u00e9nieurs). R\u00e9orientation vers des L3 professionnels.<\/p>\n","protected":false},"author":1,"featured_media":0,"parent":0,"menu_order":0,"comment_status":"closed","ping_status":"open","template":"","meta":{"footnotes":""},"class_list":["post-82","page","type-page","status-publish","hentry"],"_links":{"self":[{"href":"https:\/\/hebergement.universite-paris-saclay.fr\/l3papp\/index.php?rest_route=\/wp\/v2\/pages\/82","targetHints":{"allow":["GET"]}}],"collection":[{"href":"https:\/\/hebergement.universite-paris-saclay.fr\/l3papp\/index.php?rest_route=\/wp\/v2\/pages"}],"about":[{"href":"https:\/\/hebergement.universite-paris-saclay.fr\/l3papp\/index.php?rest_route=\/wp\/v2\/types\/page"}],"author":[{"embeddable":true,"href":"https:\/\/hebergement.universite-paris-saclay.fr\/l3papp\/index.php?rest_route=\/wp\/v2\/users\/1"}],"replies":[{"embeddable":true,"href":"https:\/\/hebergement.universite-paris-saclay.fr\/l3papp\/index.php?rest_route=%2Fwp%2Fv2%2Fcomments&post=82"}],"version-history":[{"count":10,"href":"https:\/\/hebergement.universite-paris-saclay.fr\/l3papp\/index.php?rest_route=\/wp\/v2\/pages\/82\/revisions"}],"predecessor-version":[{"id":649,"href":"https:\/\/hebergement.universite-paris-saclay.fr\/l3papp\/index.php?rest_route=\/wp\/v2\/pages\/82\/revisions\/649"}],"wp:attachment":[{"href":"https:\/\/hebergement.universite-paris-saclay.fr\/l3papp\/index.php?rest_route=%2Fwp%2Fv2%2Fmedia&parent=82"}],"curies":[{"name":"wp","href":"https:\/\/api.w.org\/{rel}","templated":true}]}}