{"id":96,"date":"2014-04-27T16:04:28","date_gmt":"2014-04-27T15:04:28","guid":{"rendered":"http:\/\/hebergement.u-psud.fr\/l3papp\/?page_id=96"},"modified":"2025-11-25T11:18:10","modified_gmt":"2025-11-25T10:18:10","slug":"enseignements-optionnels","status":"publish","type":"page","link":"https:\/\/hebergement.universite-paris-saclay.fr\/l3papp\/?page_id=96","title":{"rendered":"Enseignements du 2\u00e8me semestre"},"content":{"rendered":"<p style=\"text-align: justify;\">Au second semestre (de janvier \u00e0 avril), les enseignements se d\u00e9composent en 21 ECTS obligatoires et 10 ECTS optionnels \u00e0 choisir parmi un \u00e9ventail assez large d&rsquo;UE dont plusieurs sont mutualis\u00e9es entre les diff\u00e9rents parcours de la Licence de Physique.<\/p>\n<p>Cliquez sur les liens ci-dessous pour obtenir le contenu d\u00e9taill\u00e9 de ces enseignements.<\/p>\n<h4><em>Bloc Connaissances et comp\u00e9tences fondamentales S6 (21 ECTS)<\/em><\/h4>\n<ul>\n<li><a title=\"Physique statistique\" href=\"https:\/\/hebergement.universite-paris-saclay.fr\/l3papp\/?page_id=132\" target=\"_blank\" rel=\"noopener noreferrer\">Physique statistique<\/a>\u00a0\u00a0(4 ECTS)<\/li>\n<li><a title=\"Milieux di\u00e9lectriques et magn\u00e9tiques\" href=\"https:\/\/hebergement.universite-paris-saclay.fr\/l3papp\/?page_id=216\" target=\"_blank\" rel=\"noopener noreferrer\">Milieux di\u00e9lectriques et magn\u00e9tiques<\/a>\u00a0\u00a0(4 ECTS)<\/li>\n<li><a title=\"Optique appliqu\u00e9e\" href=\"https:\/\/hebergement.universite-paris-saclay.fr\/l3papp\/?page_id=218\" target=\"_blank\" rel=\"noopener noreferrer\">Optique appliqu\u00e9e<\/a>\u00a0 (4 ECTS)<\/li>\n<li><a title=\"Math\u00e9matiques pour la physique II\" href=\"https:\/\/hebergement.universite-paris-saclay.fr\/l3papp\/?page_id=228\" target=\"_blank\" rel=\"noopener noreferrer\">M\u00e9thodes math\u00e9matiques pour la physique II<\/a>\u00a0\u00a0(4 ECTS)<\/li>\n<li><a title=\"Ondes, mati\u00e8re et rayonnement : pratiques et m\u00e9thodes exp\u00e9rimentales\" href=\"https:\/\/hebergement.universite-paris-saclay.fr\/l3papp\/?page_id=211\" target=\"_blank\" rel=\"noopener noreferrer\">Ondes, mati\u00e8re et rayonnement\u00a0: pratiques et m\u00e9thodes exp\u00e9rimentales<\/a>\u00a0 \u00a0(5 ECTS)<\/li>\n<\/ul>\n<h4><em>Bloc Connaissances et comp\u00e9tences compl\u00e9mentaires\u00a0 S6 (10 ECTS)<\/em><\/h4>\n<h6><em>1 UE \u00e0 5 ECTS \u00e0 choisir parmi : <\/em><\/h6>\n<ul>\n<li><a title=\"Structure de la mati\u00e8re\" href=\"https:\/\/hebergement.universite-paris-saclay.fr\/l3papp\/?page_id=666\" target=\"_blank\" rel=\"noopener noreferrer\">Structure de la mati\u00e8re<\/a><\/li>\n<li><a href=\"https:\/\/hebergement.universite-paris-saclay.fr\/l3papp\/?page_id=4665\">M\u00e9canique quantique avanc\u00e9e : vers l&rsquo;interaction lumi\u00e8re\/mati\u00e8re, application aux lasers<\/a><\/li>\n<li><a title=\"Physique et mat\u00e9riaux pour l'\u00e9nergie nucl\u00e9aire\" href=\"https:\/\/hebergement.universite-paris-saclay.fr\/l3papp\/?p=7146\" target=\"_blank\" rel=\"noopener noreferrer\">Physique nucl\u00e9aire<\/a><\/li>\n<li><a title=\"Stage en laboratoire ou en entreprise\" href=\"https:\/\/hebergement.universite-paris-saclay.fr\/l3papp\/?page_id=671\" target=\"_blank\" rel=\"noopener noreferrer\">Stage en laboratoire ou en entreprise <\/a>\u00a0\u00a0(\u00e0 partir du mois de mai)<\/li>\n<\/ul>\n<h6><em>2 UE \u00e0 2.5 ECTS \u00e0 choisir parmi : <\/em><\/h6>\n<ul>\n<li><a title=\"Introduction \u00e0 la physique des solides\" href=\"https:\/\/hebergement.universite-paris-saclay.fr\/l3papp\/?page_id=737\" target=\"_blank\" rel=\"noopener noreferrer\">Introduction \u00e0 la physique des solides<\/a><\/li>\n<li><a title=\"Introduction \u00e0 la physique m\u00e9dicale\" href=\"https:\/\/hebergement.universite-paris-saclay.fr\/l3papp\/?page_id=761\" target=\"_blank\" rel=\"noopener noreferrer\">Introduction \u00e0\u00a0la physique m\u00e9dicale<\/a><\/li>\n<li><a href=\"https:\/\/hebergement.universite-paris-saclay.fr\/l3papp\/?page_id=4671\">Relativit\u00e9 restreinte<\/a><\/li>\n<li><a href=\"https:\/\/hebergement.universite-paris-saclay.fr\/l3papp\/?page_id=799\">Anglais<\/a><\/li>\n<li><a title=\"Introduction \u00e0 l\u2019astrophysique\" href=\"https:\/\/hebergement.universite-paris-saclay.fr\/l3papp\/?page_id=755\" target=\"_blank\" rel=\"noopener noreferrer\">Astrophysique et exploration du Syst\u00e8me solaire<\/a><\/li>\n<li><a href=\"https:\/\/hebergement.universite-paris-saclay.fr\/l3papp\/?page_id=6212\">Conversion \u00e9lectrique pour la transition \u00e9nerg\u00e9tique<\/a><\/li>\n<li><a href=\"https:\/\/hebergement.universite-paris-saclay.fr\/l3papp\/?page_id=768\">Mat\u00e9riaux pour l&rsquo;\u00e9nergie nucl\u00e9aire<\/a><\/li>\n<li><a href=\"https:\/\/hebergement.universite-paris-saclay.fr\/l3papp\/?page_id=6232\">Art et Optique<\/a><\/li>\n<li><a href=\"https:\/\/hebergement.universite-paris-saclay.fr\/l3papp\/?p=7127\">Introduction \u00e0 la g\u00e9ophysique<\/a><span style=\"color: #ff0000;\"><br \/><\/span><\/li>\n<li><a href=\"https:\/\/hebergement.universite-paris-saclay.fr\/l3papp\/?p=6453\">Mathematica<\/a><\/li>\n<li><a href=\"https:\/\/hebergement.universite-paris-saclay.fr\/l3papp\/?p=6447\">Climat-environnement<\/a><\/li>\n<li><a href=\"https:\/\/www.lptms.universite-paris-saclay.fr\/wiki-cours\/index.php\/Physics_of_sustainable_development\">Physique et soci\u00e9t\u00e9s durables<\/a><\/li>\n<li><a title=\"Pr\u00e9paration aux oraux des concours d\u2019admission en Ecole d\u2019ing\u00e9nieur\" href=\"https:\/\/hebergement.universite-paris-saclay.fr\/l3papp\/?page_id=811\" target=\"_blank\" rel=\"noopener noreferrer\">Pr\u00e9paration aux oraux des concours d\u2019admission sur titre en \u00e9cole d\u2019ing\u00e9nieur *<\/a><\/li>\n<\/ul>\n<p><em>Attention, les options sont souvent incompatibles entre elles car concentr\u00e9es sur le jeudi.<br \/><\/em> <a href=\"https:\/\/hebergement.universite-paris-saclay.fr\/l3papp\/wp-content\/uploads\/2023\/11\/Horaires-options-S6.pdf\">\u00a0horaires des options L3 du jeudi 2eme semestre 2023-2024<\/a><\/p>\n<p>*<em> UE \u00e0 acc\u00e8s subordonn\u00e9 \u00e0 l&rsquo;autorisation du responsable du L3.<\/em><\/p>\n\n\n<p><\/p>\n","protected":false},"excerpt":{"rendered":"<p>Au second semestre (de janvier \u00e0 avril), les enseignements se d\u00e9composent en 21 ECTS obligatoires et 10 ECTS optionnels \u00e0 choisir parmi un \u00e9ventail assez large d&rsquo;UE dont plusieurs sont mutualis\u00e9es entre les diff\u00e9rents parcours de la Licence de Physique. Cliquez sur les liens ci-dessous pour obtenir le contenu d\u00e9taill\u00e9 de ces enseignements. Bloc Connaissances &hellip; <a href=\"https:\/\/hebergement.universite-paris-saclay.fr\/l3papp\/?page_id=96\" class=\"more-link\">Continuer la lecture de <span class=\"screen-reader-text\">Enseignements du 2\u00e8me semestre<\/span>  <span class=\"meta-nav\">&rarr;<\/span><\/a><\/p>\n","protected":false},"author":1,"featured_media":0,"parent":41,"menu_order":0,"comment_status":"closed","ping_status":"open","template":"","meta":{"footnotes":""},"class_list":["post-96","page","type-page","status-publish","hentry"],"_links":{"self":[{"href":"https:\/\/hebergement.universite-paris-saclay.fr\/l3papp\/index.php?rest_route=\/wp\/v2\/pages\/96","targetHints":{"allow":["GET"]}}],"collection":[{"href":"https:\/\/hebergement.universite-paris-saclay.fr\/l3papp\/index.php?rest_route=\/wp\/v2\/pages"}],"about":[{"href":"https:\/\/hebergement.universite-paris-saclay.fr\/l3papp\/index.php?rest_route=\/wp\/v2\/types\/page"}],"author":[{"embeddable":true,"href":"https:\/\/hebergement.universite-paris-saclay.fr\/l3papp\/index.php?rest_route=\/wp\/v2\/users\/1"}],"replies":[{"embeddable":true,"href":"https:\/\/hebergement.universite-paris-saclay.fr\/l3papp\/index.php?rest_route=%2Fwp%2Fv2%2Fcomments&post=96"}],"version-history":[{"count":120,"href":"https:\/\/hebergement.universite-paris-saclay.fr\/l3papp\/index.php?rest_route=\/wp\/v2\/pages\/96\/revisions"}],"predecessor-version":[{"id":7168,"href":"https:\/\/hebergement.universite-paris-saclay.fr\/l3papp\/index.php?rest_route=\/wp\/v2\/pages\/96\/revisions\/7168"}],"up":[{"embeddable":true,"href":"https:\/\/hebergement.universite-paris-saclay.fr\/l3papp\/index.php?rest_route=\/wp\/v2\/pages\/41"}],"wp:attachment":[{"href":"https:\/\/hebergement.universite-paris-saclay.fr\/l3papp\/index.php?rest_route=%2Fwp%2Fv2%2Fmedia&parent=96"}],"curies":[{"name":"wp","href":"https:\/\/api.w.org\/{rel}","templated":true}]}}