{"id":154,"date":"2020-09-15T14:09:25","date_gmt":"2020-09-15T13:09:25","guid":{"rendered":"http:\/\/hebergement.universite-paris-saclay.fr\/leveque-fort\/?page_id=154"},"modified":"2021-01-28T12:22:30","modified_gmt":"2021-01-28T11:22:30","slug":"modloc","status":"publish","type":"page","link":"https:\/\/hebergement.universite-paris-saclay.fr\/leveque-fort\/?page_id=154","title":{"rendered":"ModLoc : Modulated Localization microscopy"},"content":{"rendered":"<p>Three-dimensional imaging by single molecule localization (SMLM) allows resolutions of a few tens of nanometers, making this technique perfectly suited to the study of the arrangements of different proteins in the cell sample. However, fluorescent probe localization strategies still encounter certain limitations related in particular to a non-uniform axial precision or a depth of observation often limited to the first micron of the sample.<br \/>\nDuring the PhD&#8217;s work of Pierre Jouchet a new approach was developed for the localization of single molecules, called ModLoc, to address these various limitations. This new localization principle is based on the modulation of the fluorescence signal of single molecules through the use of a structured and time-modulated excitation, typically a sliding fringe array. The demodulation of this signal then makes it possible to trace the position of the molecule within the excitation pattern with nanometric precision. In theory the performance of this strategy showing a gain in precision of a factor of 3 compared to conventional localization methods, and we demonstrated an improvement of 2.8 along a lateral direction.  Due to the random temporal nature of the emission of fluorescent probes in SMLM imaging, emission properties in dSTORM and DNA PAINT imaging implies to use frequency of demodulation faster than acquisition rate provided by the camera. We thus developed dedicated demodulation strategies based on fast optical element to bypass the acquisition frequency limits imposed by the camera. <\/p>\n<p><a href=\"http:\/\/hebergement.universite-paris-saclay.fr\/leveque-fort\/wp-content\/uploads\/2020\/09\/animation_modulation_2.gif\"><img loading=\"lazy\" src=\"http:\/\/hebergement.universite-paris-saclay.fr\/leveque-fort\/wp-content\/uploads\/2020\/09\/animation_modulation_2.gif\" alt=\"animation_modulation_2\" width=\"300\" height=\"300\" class=\"aligncenter size-full wp-image-191\" \/><\/a><\/p>\n<p>This modulation\/demodulation approach can be applied to any direction to retrieve enhance precision. As axial localization of fluorescent molecules currently remains a challenge in single molecule imaging, we applied ModLoc to enhance this direction.   The results obtained show a uniform localization accuracy of 6.8 nm and up to 7 microns in depth on both calibration and biological samples as represented below for the mitochondria network in COS7 cell located at 6 microns inside the cell. The robustness of the method for in-depth SMLM imaging is also demonstrated thanks to acquisitions made at a depth of 30 \u00b5m in aberrant media, as this type of information is generally not accessible in 3D SMLM imaging.<\/p>\n<p><a href=\"http:\/\/hebergement.universite-paris-saclay.fr\/leveque-fort\/wp-content\/uploads\/2020\/09\/modloc_mitochondrie.jpg\"><img loading=\"lazy\" src=\"http:\/\/hebergement.universite-paris-saclay.fr\/leveque-fort\/wp-content\/uploads\/2020\/09\/modloc_mitochondrie.jpg\" alt=\"modloc_mitochondrie\" width=\"2025\" height=\"874\" class=\"aligncenter size-full wp-image-206\" srcset=\"https:\/\/hebergement.universite-paris-saclay.fr\/leveque-fort\/wp-content\/uploads\/2020\/09\/modloc_mitochondrie.jpg 2025w, https:\/\/hebergement.universite-paris-saclay.fr\/leveque-fort\/wp-content\/uploads\/2020\/09\/modloc_mitochondrie-300x129.jpg 300w, https:\/\/hebergement.universite-paris-saclay.fr\/leveque-fort\/wp-content\/uploads\/2020\/09\/modloc_mitochondrie-1024x442.jpg 1024w, https:\/\/hebergement.universite-paris-saclay.fr\/leveque-fort\/wp-content\/uploads\/2020\/09\/modloc_mitochondrie-624x269.jpg 624w\" sizes=\"(max-width: 2025px) 100vw, 2025px\" \/><\/a><\/p>\n<p>This work have been persented in various conferences (QBI 2019, FOM2019, SMLM2019, Photonics west 2020, BSP 2020) and you can find a detailed decription to <a href=\"https:\/\/www.biorxiv.org\/content\/10.1101\/865865v1\">extract axial information in Biorxiv<\/a> .&#8221;Nanometric axial localization of single fluorescent molecules with modulated excitation&#8221; Pierre Jouchet, Cl\u00e9ment Cabriel, Nicolas Bourg, Marion Bardou, Christian Po\u00fcs, Emmanuel Fort, Sandrine L\u00e9v\u00eaque-Fort. This work is now published in <a href=\"https:\/\/www.nature.com\/articles\/s41566-020-00749-9\">Nature Photonics<\/a>, and  here is a <a href=\"https:\/\/rdcu.be\/cebh5\">free reading link <\/a>  <\/p>\n","protected":false},"excerpt":{"rendered":"<p>Three-dimensional imaging by single molecule localization (SMLM) allows resolutions of a few tens of nanometers, making this technique perfectly suited to the study of the arrangements of different proteins in the cell sample. However, fluorescent probe localization strategies still encounter certain limitations related in particular to a non-uniform axial precision or a depth of observation [&hellip;]<\/p>\n","protected":false},"author":1,"featured_media":0,"parent":0,"menu_order":0,"comment_status":"closed","ping_status":"closed","template":"","meta":[],"yoast_head":"<!-- This site is optimized with the Yoast SEO plugin v17.7.1 - https:\/\/yoast.com\/wordpress\/plugins\/seo\/ -->\n<meta name=\"robots\" content=\"index, follow, max-snippet:-1, max-image-preview:large, max-video-preview:-1\" \/>\n<link rel=\"canonical\" href=\"https:\/\/hebergement.universite-paris-saclay.fr\/leveque-fort\/?page_id=154\" \/>\n<meta property=\"og:locale\" content=\"en_US\" \/>\n<meta property=\"og:type\" content=\"article\" \/>\n<meta property=\"og:title\" content=\"ModLoc : Modulated Localization microscopy - From Microscopy to Nanoscopy\" \/>\n<meta property=\"og:description\" content=\"Three-dimensional imaging by single molecule localization (SMLM) allows resolutions of a few tens of nanometers, making this technique perfectly suited to the study of the arrangements of different proteins in the cell sample. However, fluorescent probe localization strategies still encounter certain limitations related in particular to a non-uniform axial precision or a depth of observation [&hellip;]\" \/>\n<meta property=\"og:url\" content=\"https:\/\/hebergement.universite-paris-saclay.fr\/leveque-fort\/?page_id=154\" \/>\n<meta property=\"og:site_name\" content=\"From Microscopy to Nanoscopy\" \/>\n<meta property=\"article:modified_time\" content=\"2021-01-28T11:22:30+00:00\" \/>\n<meta property=\"og:image\" content=\"http:\/\/hebergement.universite-paris-saclay.fr\/leveque-fort\/wp-content\/uploads\/2020\/09\/animation_modulation_2.gif\" \/>\n<meta name=\"twitter:card\" content=\"summary_large_image\" \/>\n<meta name=\"twitter:label1\" content=\"Est. reading time\" \/>\n\t<meta name=\"twitter:data1\" content=\"2 minutes\" \/>\n<script type=\"application\/ld+json\" class=\"yoast-schema-graph\">{\"@context\":\"https:\/\/schema.org\",\"@graph\":[{\"@type\":\"WebSite\",\"@id\":\"http:\/\/hebergement.universite-paris-saclay.fr\/leveque-fort\/#website\",\"url\":\"http:\/\/hebergement.universite-paris-saclay.fr\/leveque-fort\/\",\"name\":\"From Microscopy to Nanoscopy\",\"description\":\"Sandrine L\\u00e9v\\u00eaque-Fort - NanoBio Team @ ISMO (CNRS\/ Univ. Paris Saclay)\",\"potentialAction\":[{\"@type\":\"SearchAction\",\"target\":{\"@type\":\"EntryPoint\",\"urlTemplate\":\"http:\/\/hebergement.universite-paris-saclay.fr\/leveque-fort\/?s={search_term_string}\"},\"query-input\":\"required name=search_term_string\"}],\"inLanguage\":\"en-US\"},{\"@type\":\"ImageObject\",\"@id\":\"https:\/\/hebergement.universite-paris-saclay.fr\/leveque-fort\/?page_id=154#primaryimage\",\"inLanguage\":\"en-US\",\"url\":\"http:\/\/hebergement.universite-paris-saclay.fr\/leveque-fort\/wp-content\/uploads\/2020\/09\/animation_modulation_2.gif\",\"contentUrl\":\"http:\/\/hebergement.universite-paris-saclay.fr\/leveque-fort\/wp-content\/uploads\/2020\/09\/animation_modulation_2.gif\"},{\"@type\":\"WebPage\",\"@id\":\"https:\/\/hebergement.universite-paris-saclay.fr\/leveque-fort\/?page_id=154#webpage\",\"url\":\"https:\/\/hebergement.universite-paris-saclay.fr\/leveque-fort\/?page_id=154\",\"name\":\"ModLoc : Modulated Localization microscopy - From Microscopy to Nanoscopy\",\"isPartOf\":{\"@id\":\"http:\/\/hebergement.universite-paris-saclay.fr\/leveque-fort\/#website\"},\"primaryImageOfPage\":{\"@id\":\"https:\/\/hebergement.universite-paris-saclay.fr\/leveque-fort\/?page_id=154#primaryimage\"},\"datePublished\":\"2020-09-15T13:09:25+00:00\",\"dateModified\":\"2021-01-28T11:22:30+00:00\",\"breadcrumb\":{\"@id\":\"https:\/\/hebergement.universite-paris-saclay.fr\/leveque-fort\/?page_id=154#breadcrumb\"},\"inLanguage\":\"en-US\",\"potentialAction\":[{\"@type\":\"ReadAction\",\"target\":[\"https:\/\/hebergement.universite-paris-saclay.fr\/leveque-fort\/?page_id=154\"]}]},{\"@type\":\"BreadcrumbList\",\"@id\":\"https:\/\/hebergement.universite-paris-saclay.fr\/leveque-fort\/?page_id=154#breadcrumb\",\"itemListElement\":[{\"@type\":\"ListItem\",\"position\":1,\"name\":\"Home\",\"item\":\"https:\/\/hebergement.universite-paris-saclay.fr\/leveque-fort\/\"},{\"@type\":\"ListItem\",\"position\":2,\"name\":\"ModLoc : Modulated Localization microscopy\"}]}]}<\/script>\n<!-- \/ Yoast SEO plugin. -->","yoast_head_json":{"robots":{"index":"index","follow":"follow","max-snippet":"max-snippet:-1","max-image-preview":"max-image-preview:large","max-video-preview":"max-video-preview:-1"},"canonical":"https:\/\/hebergement.universite-paris-saclay.fr\/leveque-fort\/?page_id=154","og_locale":"en_US","og_type":"article","og_title":"ModLoc : Modulated Localization microscopy - From Microscopy to Nanoscopy","og_description":"Three-dimensional imaging by single molecule localization (SMLM) allows resolutions of a few tens of nanometers, making this technique perfectly suited to the study of the arrangements of different proteins in the cell sample. However, fluorescent probe localization strategies still encounter certain limitations related in particular to a non-uniform axial precision or a depth of observation [&hellip;]","og_url":"https:\/\/hebergement.universite-paris-saclay.fr\/leveque-fort\/?page_id=154","og_site_name":"From Microscopy to Nanoscopy","article_modified_time":"2021-01-28T11:22:30+00:00","og_image":[{"url":"http:\/\/hebergement.universite-paris-saclay.fr\/leveque-fort\/wp-content\/uploads\/2020\/09\/animation_modulation_2.gif"}],"twitter_card":"summary_large_image","twitter_misc":{"Est. reading time":"2 minutes"},"schema":{"@context":"https:\/\/schema.org","@graph":[{"@type":"WebSite","@id":"http:\/\/hebergement.universite-paris-saclay.fr\/leveque-fort\/#website","url":"http:\/\/hebergement.universite-paris-saclay.fr\/leveque-fort\/","name":"From Microscopy to Nanoscopy","description":"Sandrine L\u00e9v\u00eaque-Fort - NanoBio Team @ ISMO (CNRS\/ Univ. Paris Saclay)","potentialAction":[{"@type":"SearchAction","target":{"@type":"EntryPoint","urlTemplate":"http:\/\/hebergement.universite-paris-saclay.fr\/leveque-fort\/?s={search_term_string}"},"query-input":"required name=search_term_string"}],"inLanguage":"en-US"},{"@type":"ImageObject","@id":"https:\/\/hebergement.universite-paris-saclay.fr\/leveque-fort\/?page_id=154#primaryimage","inLanguage":"en-US","url":"http:\/\/hebergement.universite-paris-saclay.fr\/leveque-fort\/wp-content\/uploads\/2020\/09\/animation_modulation_2.gif","contentUrl":"http:\/\/hebergement.universite-paris-saclay.fr\/leveque-fort\/wp-content\/uploads\/2020\/09\/animation_modulation_2.gif"},{"@type":"WebPage","@id":"https:\/\/hebergement.universite-paris-saclay.fr\/leveque-fort\/?page_id=154#webpage","url":"https:\/\/hebergement.universite-paris-saclay.fr\/leveque-fort\/?page_id=154","name":"ModLoc : Modulated Localization microscopy - From Microscopy to Nanoscopy","isPartOf":{"@id":"http:\/\/hebergement.universite-paris-saclay.fr\/leveque-fort\/#website"},"primaryImageOfPage":{"@id":"https:\/\/hebergement.universite-paris-saclay.fr\/leveque-fort\/?page_id=154#primaryimage"},"datePublished":"2020-09-15T13:09:25+00:00","dateModified":"2021-01-28T11:22:30+00:00","breadcrumb":{"@id":"https:\/\/hebergement.universite-paris-saclay.fr\/leveque-fort\/?page_id=154#breadcrumb"},"inLanguage":"en-US","potentialAction":[{"@type":"ReadAction","target":["https:\/\/hebergement.universite-paris-saclay.fr\/leveque-fort\/?page_id=154"]}]},{"@type":"BreadcrumbList","@id":"https:\/\/hebergement.universite-paris-saclay.fr\/leveque-fort\/?page_id=154#breadcrumb","itemListElement":[{"@type":"ListItem","position":1,"name":"Home","item":"https:\/\/hebergement.universite-paris-saclay.fr\/leveque-fort\/"},{"@type":"ListItem","position":2,"name":"ModLoc : Modulated Localization microscopy"}]}]}},"_links":{"self":[{"href":"https:\/\/hebergement.universite-paris-saclay.fr\/leveque-fort\/index.php?rest_route=\/wp\/v2\/pages\/154"}],"collection":[{"href":"https:\/\/hebergement.universite-paris-saclay.fr\/leveque-fort\/index.php?rest_route=\/wp\/v2\/pages"}],"about":[{"href":"https:\/\/hebergement.universite-paris-saclay.fr\/leveque-fort\/index.php?rest_route=\/wp\/v2\/types\/page"}],"author":[{"embeddable":true,"href":"https:\/\/hebergement.universite-paris-saclay.fr\/leveque-fort\/index.php?rest_route=\/wp\/v2\/users\/1"}],"replies":[{"embeddable":true,"href":"https:\/\/hebergement.universite-paris-saclay.fr\/leveque-fort\/index.php?rest_route=%2Fwp%2Fv2%2Fcomments&post=154"}],"version-history":[{"count":26,"href":"https:\/\/hebergement.universite-paris-saclay.fr\/leveque-fort\/index.php?rest_route=\/wp\/v2\/pages\/154\/revisions"}],"predecessor-version":[{"id":251,"href":"https:\/\/hebergement.universite-paris-saclay.fr\/leveque-fort\/index.php?rest_route=\/wp\/v2\/pages\/154\/revisions\/251"}],"wp:attachment":[{"href":"https:\/\/hebergement.universite-paris-saclay.fr\/leveque-fort\/index.php?rest_route=%2Fwp%2Fv2%2Fmedia&parent=154"}],"curies":[{"name":"wp","href":"https:\/\/api.w.org\/{rel}","templated":true}]}}