{"id":34,"date":"2015-10-05T23:22:52","date_gmt":"2015-10-05T22:22:52","guid":{"rendered":"http:\/\/hebergement.u-psud.fr\/leveque-fort\/?page_id=34"},"modified":"2021-12-04T15:14:50","modified_gmt":"2021-12-04T14:14:50","slug":"publications","status":"publish","type":"page","link":"https:\/\/hebergement.universite-paris-saclay.fr\/leveque-fort\/?page_id=34","title":{"rendered":"Publications"},"content":{"rendered":"<p><strong>Preprints<\/strong><em><!--more--><\/p>\n<p>BIN1 genetic risk factor for Alzheimer is sufficient to induce early structural tract alterations in entorhinal cortex-dentate gyrus pathway and related hippocampal multi-scale impairments, Daudin R, Marechal D, Wang Q \u00ac, Abe Y , Bourg N , Sartori M , Loe-Mie Y , Lipecka J , Guerrera  C , McKenzie A , Potier B , Dutar P , Viard, J , Lepagnol-Bestel A.M , Winkeler A , Hindi\u00e9 V , Birling MC, Lindner L, Chevalier C, Pavlovic G, Dupuis G, L\u00e9v\u00eaque-Fort, S, Diaz J, Davenas, E, Dembele D , Laporte J, Thibault-Carpentier C,  Malissen B, Rain J.C, Ciobanu L, Le Bihan D,  Zhang B , Herault Y     http:\/\/dx.doi.org\/10.1101\/437228doi<\/p>\n<p><strong>Published<\/strong><\/em><!--more--><\/p>\n<p>Fast scanned widefield scheme provides tunable and uniform illumination for optimized SMLM on large fields of view<br \/>\nAdrien Mau, Karoline Friedl, Christophe Leterrier, Nicolas Bourg, Sandrine L\u00e9v\u00eaque-Fort<br \/>\n<a href=\"https:\/\/www.biorxiv.org\/content\/10.1101\/2020.05.08.083774v1\">doi: https:\/\/doi.org\/10.1101\/2020.05.08.083774 <\/a>  now published in <a href=\"https:\/\/www.nature.com\/articles\/s41467-021-23405-4\">Nature Communications  2021<\/a>  <\/p>\n<p>Molecular motion and tridimensional nanoscale localization of kindlin control integrin activation in focal adhesions<br \/>\nThomas Orr\u00e9, Zeynep Karatas, Birgit Kastberger, Cl\u00e9ment Cabriel, Ralph T. B\u00f6ttcher, Sandrine L\u00e9v\u00eaque-Fort, Jean-Baptiste Sibarita, Reinhard F\u00e4ssler, Bernhard Wehrle-Haller, Olivier Rossier, Gr\u00e9gory Giannone doi: https:\/\/doi.org\/10.1101\/2020.08.06.239731 <a href=\"https:\/\/www.nature.com\/articles\/s41467-021-23372-w\">now published in Nature Communications  2021<\/a>   <\/p>\n<p><strong>48-<\/strong> Nanometric axial localization of single fluorescent molecules with modulated excitation. P. Jouchet, C. Cabriel, N. Bourg, M. Bardou, C. Po\u00fcs, E. Fort, S. L\u00e9v\u00eaque-Fort, Biorxiv 2019, <a href=\"https:\/\/www.biorxiv.org\/content\/10.1101\/865865v1\">https:\/\/doi.org\/10.1101\/865865<\/a><br \/>\nnow published<a href=\"https:\/\/www.nature.com\/articles\/s41566-020-00749-9\"> in Nature Photonics,(2021).<\/a> https:\/\/doi.org\/10.1038\/s41566-020-00749-9<\/p>\n<p><strong>47<\/strong> STED Microscopy with Nanometer Axial Sectioning, Siddharth Sivankutty Iv\u00e1n Coto Hern\u00e1ndez, Nicolas Bourg, Guillaume Dupuis and Sandrine L\u00e9v\u00eaque-Fort,  Methods, 2020<\/p>\n<p><strong>46-<\/strong> Combining 3D single molecule localization strategies for reproducible bioimaging<br \/>\nCl\u00e9ment Cabriel, Nicolas Bourg, Pierre Jouchet, Guillaume Dupuis, Christophe Leterrier, Aur\u00e9lie Baron, Marie-Ange Badet-Denisot, Boris Vauzeilles, Emmanuel Fort, Sandrine L\u00e9v\u00eaque-Fort, preprint sur bioRxiv 385799; doi: https:\/\/doi.org\/10.1101\/385799, Avril 2019  Nature Communications<\/p>\n<p><strong>45-<\/strong> Impact of bacterial membrane fatty acid composition on the failure of daptomycin to kill Staphylococcus aureus,  Rym Boudjemaa, Cl\u00e9ment Cabriel, Florence Dubois-Brissonnet, Nicolas Bourg, Guillaume Dupuis, Alexandra Gruss, Sandrine L\u00e9v\u00eaque-Fort, Romain Briandet, Marie-Pierre Fontaine-Aupart, Karine Steenkeste, Antimicrobial Agents and Chemotherapy  7\/2018, Volume 62, Issue 7<\/p>\n<p><strong>44-<\/strong> Aberration-accounting calibration for 3D single-molecule localization microscopy  Cabriel, C. Bourg, N., Dupuis, G. L\u00e9v\u00eaque-Fort,S. 2018  Optics Letters 43(2) 174-177<\/p>\n<p><strong>43-<\/strong> Podosome force generation machinery: a local balance between protrusion at the core and traction at the ring,  Bouissou  A., Proag, A., Bourg N., Pingris K., Cabriel C., Balor, S., Mangeat T., Thibault, C., Vieu C., Dupuis G., Fort E., L\u00e9v\u00eaque-Fort S., Maridonneau-Parini I., Poincloux R.,  ACS Nano 2017, 11 (4), pp 4028\u20134040   <strong>Cover<\/strong><\/p>\n<p><strong>42- Direct Optical Nanoscopy by Axially Localized Detection, <\/strong>N. Bourg, C. Mayet, G. Dupuis, T. Barroca, P. Bon, S.L\u00e9cart, E. Fort and S. L\u00e9v\u00eaque-Fort. Nature Photonics Ao\u00fbt 2015.<\/p>\n<p><strong>\u00a041- <\/strong><strong>Three dimensional nanometer localization of nanoparticles to enhance super-resolution microscopy<\/strong> P. Bon, N. Bourg, S. L\u00e9cart, S. Monneret, E. Fort, J. Wenger, and S. L\u00e9v\u00eaque-Fort. Nature communications<\/p>\n<p><strong>\u00a040- <\/strong><strong>Huntingtin proteolysis causes toxicity through dynamin 1 dysregulation<\/strong>, Marie-th\u00e9r\u00e8se El-Daher, Emilie Hangen, raul pardo, Ghislaine Poizat, Ismael Al-Ramahi, Nicolas Bourg, Sylvie Souquere, C\u00e9line Mayet, Gerard Pierron, Sandrine Leveque-Fort, Juan Botas, Sandrine Humbert. Fr\u00e9d\u00e9ric Saudou,, EMBO journal<\/p>\n<p><strong>\u00a039- <\/strong><strong>De la microscopie \u00e0 la nanoscopie de fluorescence <\/strong>Nicolas Bourg, Siddharth Sivankutty, Guillaume Dupuis, Actualit\u00e9 chimique, Juin-Juillet 2015<\/p>\n<p><strong>\u00a038-Fluorescence lifetime and blinking of individual semiconductor nanocrystals on graphene <\/strong>Rogez,, H. Yang, Eric Le Moal, Sandrine L\u00e9v\u00eaque-Fort, Elizabeth Boer-Duchemin, Fei Yao, Young-Hee Lee, Yang Zhang, David Wegner, Niko Hildebrandt, Mathieu Kociak, Andrew Mayne, and G\u00e9rald Dujardin J. Phys. Chem. C Aout 2014<\/p>\n<p><strong>\u00a037-Fast label-free cytoskeletal network imaging in living mammalian cells <\/strong>Pierre Bon, Sandrine L\u00e9cart, Emmanuel Fort, Sandrine L\u00e9v\u00eaque-Fort, Biophysical Journal, 106,8, pp 1588-1595 \u00a0 APR 15 2014<\/p>\n<p><strong>\u00a036-<\/strong><strong>Confocal Supercritical Angle Microscopy for cell membrane imaging<\/strong>, Siddharth Sivankutty, Thomas Barroca, C\u00e9line Mayet, Guillaume Dupuis, Emmanuel Fort,and Sandrine L\u00e9v\u00eaque-Fort. Optics Letters, 1<sup>er<\/sup> Fev. 2014<\/p>\n<p><strong>\u00a035- Label-free evanescent microscopy for membrane nano-tomography in living cells <\/strong>Pierre Bon, Thomas Barroca, Sandrine L\u00e9v\u00eaque-Fort, Emmanuel Fort Journal of Biophotonics Nov 2013<\/p>\n<p><strong>34- <\/strong><strong>PEGylated Luminescent Gold Nanoclusters: Synthesis, Characterization, Bioconjugation, and Application to One- and Two-Photon Cellular Imaging <\/strong>Oh, E., Fatemi, F. K., Currie, M., Delehanty, J. B., Pons, T., Fragola, A., L\u00e9v\u00eaque-Fort, S., Goswami, R., Susumu, K., Huston, A. L. and Medintz, I. L. Part. Part. Syst. Charact.. doi:\u00a010.1002\/ppsc.201200140 (2013).<\/p>\n<p><strong>33- <\/strong><strong>Homodimerization of Amyloid Precursor Protein at the plasma membrane : a homoFRET study by time resolved fluorescence anisotropy imaging <\/strong>V.Devauges, C.Marquer , S. L\u00e9cart, J.C. Cossec, M.C. Potier E. Fort, K. Suhling and S. L\u00e9v\u00eaque-Fort. PLOS One, 4 septembre 2012.<\/p>\n<p><strong>32- Full-Field Near-Field Optical Microscope for Cell Imaging <\/strong>Barroca, K. Balaa, S. Leveque-Fort, and E. Fort. Physical Review Letters 108, 21 Mai 22 2012<\/p>\n<p><strong>31- Simultaneous optically sectioned fluorescence and optical coherence microscopy with full-field illumination <\/strong>Makhlouf, K. Perronet, G. Dupuis, S. Leveque-Fort and A. Dubois Optics Letters, 37, 10\u00a0\u00a0 p 1613-1615\u00a0\u00a0 MAY 15 2012<strong>\u00a0\u00a0\u00a0\u00a0\u00a0\u00a0\u00a0\u00a0\u00a0\u00a0\u00a0 <\/strong><\/p>\n<p><strong>30- Determination of lipid raft partitioning of fluorescently-tagged probes in living cells by Fluorescence Correlation Spectroscopy (FCS). <\/strong>Marquer, S. Leveque-Fort, M.C. Potier, Journal of visualized experiments : JoVE 62, p3513\u00a0\u00a0 DOI: 10.3791\/3513\u00a0\u00a0 Avril 2012<\/p>\n<p><strong>29- Full-field supercritical angle fluorescence microscopy for live cell imaging <\/strong>Barroca, K. Balaa, J. Delahaye, S. Leveque-Fort, and E. Fort Optics Letters Volume: 36\u00a0\u00a0 Issue: 16\u00a0\u00a0 p: 3051-3053\u00a0\u00a0 Aug 15 2011<\/p>\n<p><strong>28<\/strong>&#8211; <strong>Local cholesterol increase triggers APP-Bace1 clustering in lipid rafts <\/strong><strong>and rapid endocytosis<\/strong><strong>. <\/strong>C.Marquer, V. Devauges, J.C. Cossec, G. Liot, S. L\u00e9cart, F. Saudou, C. Duyckaerts, S. L\u00e9v\u00eaque-Fort<sup>1<\/sup> and Marie-Claude Potier<sup>1 <\/sup>(<sup>1 <\/sup>contribution \u00e9gale)\u00a0 FASEB <strong>25, <\/strong> 4\u00a0\u00a0 p 1295-1305 \u00a0 APR 2011<\/p>\n<p><strong>27-<\/strong><strong> Nanoroughened plasmonic films for enhanced biosensing detection<\/strong>. E. Le Moal, S. Leveque-Fort, M.C. Potier and E. Fort\u00a0 Nanotechnology\u00a0\u00a0 20 (22) p 225502\u00a0\u00a0 2009<\/p>\n<p><strong>26- Metallic films and nanostructures for molecular fluorescence enhancement<\/strong> E. Le Moal, E. Fort, E; S. Leveque-Fort ACTUALITE CHIMIQUE\u00a0\u00a0 332\u00a0\u00a0 pp: 36-44\u00a0\u00a0 2009<\/p>\n<p><strong>25- Detection of human bladder cancer cell resistance to MVAC chemotherapy by fluorescence imaging <\/strong>Eschwege , A. Deniset-Besseau, S. Ferlicot, S.Lecart, S. Leveque-Fort, BA Lwaleed , G. Benoit, S. Droupy, J. Hubert, M.P. Fontaine-Aupart EUROPEAN UROLOGY SUPPLEMENTS\u00a0\u00a0 8 (4)\u00a0\u00a0 p 152 2009<\/p>\n<p><strong>24- Time-gated total internal reflection fluorescence microscopy with a supercontinuum excitation source <\/strong>P<strong>. <\/strong>Blandin, S. L\u00e9v\u00eaque-Fort, S. L\u00e9cart, J.C. Cossec, M.C. Potier, Z. Lenkei, F. Druon, et P. Georges Applied Optics 48 (2) 553-559 (Janvier 2009)<\/p>\n<p><strong>23- Picosecond polarized supercontinuum generation controlled by intermodal four-wave mixing for fluorescence lifetime imaging microscopy <\/strong>P. Blandin, F. Druon, M. Hanna, S. L\u00e9v\u00eaque-Fort, C. Lesvigne, V. Couderc, P. Leproux, A. Tonello, P. Georges Optics Express <strong>16<\/strong>, p 18844-18849 (2008)<\/p>\n<p><strong> 22- Three-dimensional time-resolved fluorescence imaging by multifocal multiphoton microscopy for a photosensitizer study in living cells\u00a0 Deniset-Besseau, <\/strong>S. L\u00e9v\u00eaque-Fort, M. P. Fontaine-Aupart, G. Roger, and P. Georges Applied Optics, Vol. 46, Issue 33, pp. 8045-8051 novembre 2007<\/p>\n<p><strong>21<\/strong>&#8211;\u00a0<strong>Ex vivo fluorescence imaging of normal and malignant urothelial cells to enhance early diagnosis <\/strong>Steenkeste, S. Lecart, A. Deniset, P. Pernot, P. Eschwege, S. Ferlicot, S. Leveque-Fort, R. Briandet, M.P. Fontaine-Aupart, Photochemistry and photobiology 83 (5): 1157-1166 SEP-OCT 2007<\/p>\n<p><strong>20-<\/strong><strong>\u00a0Mirror slides for high-sensitivity cell and tissue fluorescence imaging <\/strong>Le\u00a0Moal , E. Fort, S. Leveque-Fort, A. Janin, H. Murata, F.P. Cordelieres, M.P. Fontaine-Aupart, C. Ricolleau\u00a0 Journal of Biomedical optics 12 (2): Art. No. 024030 MAR-APR 2007<\/p>\n<p><strong>19-<\/strong><strong>\u00a0Enhanced fluorescence cell imaging with metal-coated slides\u00a0 <\/strong>Le Moal, E. Fort, S. Leveque-Fort, F.P. Cordelieres, M.P. Fontaine-Aupart, C. Ricolleau Biophysical journal 92 (6): 2150-2161 MAR 15 2007<\/p>\n<p><strong>18-<\/strong><strong>\u00a0Impulsional Nd : YVO4 laser at 914 nm pumped by diode <\/strong>Blandin, F. Druon, F. Balembois, P. Georges, S. Leveque-Fort, M.P. Fontaine-Aupart Journal de Physique IV 135: 249-250 OCT 2006<\/p>\n<p><strong>\u00a017-Diode-pumped passively mode-locked Nd:YVO4 laser at 914 nm <\/strong>P. Blandin, F. Druon, F. Balembois, P. Georges, S. L\u00e9v\u00eaque-Fort, M. P. Fontaine-Aupart Optics Letters, Vol. 31 Issue 2 Page 214 (January 2006)<\/p>\n<p><strong>16- In situ measurements of viral particles diffusion inside mucoid biofilms,<\/strong>Lacroix-Gueu P., R. Briandet, S. L\u00e9v\u00eaque-Fort, M.N. Bellon-Fontaine, M.P. Fontaine-Aupart , <em>Comptes-rendus de Biologie ,<\/em><strong>328<\/strong><em>,1065-1072,(2005)<\/em><\/p>\n<p><strong>15-Fluorescence lifetime imaging with a low repetition rate passively mode-locked diode-pumped Nd:YVO4 oscillator<\/strong>\u00a0 S. L\u00e9v\u00eaque-Fort, D.N. Papadopoulos, S. Forget, F. Balembois et P. Georges, Optics Letters Volume 30, Issue 2, 168-170 (2005)<\/p>\n<p><strong>14-Fluorescence lifetime imaging with a multifocal two photon microscope<\/strong> S. L\u00e9v\u00eaque-Fort, M.P. Fontaine-Aupart, G. Roger, P. Georges Optics Letters, Volume Volume 29, Issue 24 (2004)<\/p>\n<p><strong>13-Time-resolved fluorescence anisotropy imaging applied to live cells <\/strong>Klaus Suhling, Jan Siegel, Peter M. P. Lanigan, Sandrine L\u00e9v\u00eaque-Fort, Stephen E. D. Webb, David Phillips, Daniel M. Davis, Paul M. W. French\u00a0 Optics Letters, Volume 29, Issue 6, 584-586 March 2004<\/p>\n<p><strong>12-Studying biological tissue with fluorescence lifetime imaging: microscopy, endoscopy, and complex decay profiles <\/strong>J. Siegel, D.S. Elson, S.E.D. Webb, K.C. Benny Lee, A. Vlandas, S. L\u00e9v\u00eaque-Fort, M. J. Lever, P.J.Tadrous, G.W.H. Stamp, A. Wallace, A. Sandison, T.F. Watson, F. Alavrez AND P. M. W. French Applied Optics, feature issue, 42, (16), 2995-3004 (2003).<\/p>\n<p><strong>11-Wide-field time-resolved fluorescence anisotropy imaging (TR-FAIM) &#8211; Imaging the mobility of a fluorophore <\/strong>J. Siegel, K. Sulhing, S. L\u00e9v\u00eaque-Fort, Y. Sabharwal, S.E.D. Webb, D.M. Davis, D. Phillipps, P.M.W. French Review of Scientific Instruments, 74, 182-192 (2003).<br \/>\nalso selected for publication in: Virtual Journal of Biological Physics Research, February 1, 2003 and also in: Virtual Journal of Ultrafast Science, February 2003<\/p>\n<p><strong>10-Imaging the environment of green fluorescent protein\u00a0 <\/strong>K. Sulhing , J. Siegel, D. Phillips, P.M.W. French, S. L\u00e9v\u00eaque-Fort, S.E.D. Webb,D.M. Davis Biophysical Journal, 83, 3589-3595 (2002).<br \/>\n<strong>9-Microscope lifetime system for microscopy and multi-well plate imaging using a blue picosecond diode laser\u00a0 <\/strong>D. S. Elson, , J. Siegel, S. E. D. Webb S. L\u00e9v\u00eaque-Fort, M. J. Lever and P. M. W. French Optics Letters (Aout 2002)<br \/>\n<strong>8-Wavelength resolved 3D fluorescence lifetime imaging\u00a0 <\/strong>S. E. D. Webb,S. L\u00e9v\u00eaque-Fort, D. S. Elson, J. Siegel, K. Suhling, M. J. Lever and P. M. W. French, Journal of Fluorescence Juin 2002<br \/>\n<strong>7-A wide-field time-domain fluorescence lifetime imaging microscope with optical sectioning <\/strong>S. E. D. Webb, Y. Gu, S. L\u00e9v\u00eaque-Fort, J. Siegel, M. J. Cole, K. Dowling, R. Jones and P. M. W. French;M. A. A. Neil, R. Ju\u0161kaitis, L. O. D. Sucharov and T. Wilson; M. J. Lever<br \/>\nReview of scientific instrument. Avril 2002<br \/>\n<strong>6-In-situ local tissue characterization by backscattering acousto-optic imaging <\/strong>S. L\u00e9v\u00eaque-Fort, J. Selb, L. Pottier and A.C. Boccara, Optics Communications 2002.<\/p>\n<p>5-<strong>3D acousto-optic modulated-speckle imaging in biological tissues <\/strong>J. Selb, S. L\u00e9v\u00eaque-Fort, L. Pottier and C. Boccara, Compte Rendu de l&#8217;Acad\u00e9mie des Science 2001<br \/>\n<strong>4-Whole-field &#8220;5D&#8221; fluorescence microscopy <\/strong>J. Siegel, D.S. Elson, S.E.D. Webb, D. Parsons-Karavassilis, S. L\u00e9v\u00eaque-Fort, M.J. Cole, M. J. Lever and P.M.W. French; M. A. A. Neil, R. Ju\u0161kaitis, L. O. Sucharov and T. Wilson Opt. Lett.,26, 1338 (2001) .<br \/>\n<strong>3-Application of the stretched exponential function to fluorescence lifetime imaging <\/strong>K.C. Benny Lee, J. Siegel, S.E.D. Webb, S. L\u00e9v\u00eaque-Fort, M.J. Cole, R. Jones, K. Dowling, P.M.W. French and J. Lever, Biophysical Journal (Septembre 2001)<br \/>\n<strong>2-Three dimensional acousto-optic imaging in biological tissues with parallel signal processing <\/strong>S. L\u00e9v\u00eaque-Fort, Applied Optics Vol. 40, No 7, 1029-1036 (2001).<br \/>\n1-<strong>Ultrasonic Tagging of Photons Paths in Scattering Media : Parallel Speckle Modulation Processing\u00a0 <\/strong>S. L\u00e9v\u00eaque, A.C. Boccara, M. Lebec, and H. Saint-Jalmes,<br \/>\nOpt. Lett., 24, 181 (1999)<br \/>\n<strong>Patents (6)<\/strong><\/p>\n<p><strong>\u00a0Fluorescence detection device<\/strong>\u00a0 L\u00e9v\u00eaque-Fort S., Fontaine-Aupart M. P., Fort E., Le Moal E. et Ricolleau C, Brevet CNRS 05290480 d\u00e9pos\u00e9 en Mars 2005.Extension internationale en Mars 2006.<\/p>\n<p><strong>Proc\u00e9d\u00e9 de d\u00e9tection de nanoparticules et ses applications <\/strong> Fort E, L\u00e9v\u00eaque-Fort S., Le Moal E. et Ricolleau C fran\u00e7ais N\u00b00511384, d\u00e9pos\u00e9 le 9 Novembre 2005. Extension internationale en <strong>2008<\/strong>.<\/p>\n<p><strong>\u00a0Microscopie de fluorescence champ proche plein champ <\/strong>K.Balaa, J\u00a0.Delahaye, S. L\u00e9v\u00eaque-Fort, E. Fort D\u00e9p\u00f4t juin <strong>2009<\/strong> Patent FR 09 51816<\/p>\n<p><strong>M\u00e9thode d\u2019observation de l\u2019\u00e9mission de lumi\u00e8re d\u2019un \u00e9chantillon par microscopie optique dynamique,<\/strong> E. Fort, S. L\u00e9v\u00eaque-Fort, T. Barroca, K. Balaa IPN : FR1058913 ; Date: 28 Octobre <strong>2010<\/strong>.<\/p>\n<p><strong>M\u00e9thode et dispositif optique de t\u00e9l\u00e9metrie<\/strong>. P. Bon, E. Fort, S. L\u00e9v\u00eaque-Fort, FR1459500 Octobre <strong>2014<\/strong><\/p>\n<p><strong>Syst\u00e8me et proc\u00e9d\u00e9 de mesure d\u2019un param\u00e8tre physique d\u2019un milieu, S. L\u00e9v\u00eaque-Fort, E. Fort, N. Bourg 25 juillet 2016  FR1657130 <\/strong><\/p>\n","protected":false},"excerpt":{"rendered":"<p>Preprints<\/p>\n","protected":false},"author":1,"featured_media":0,"parent":0,"menu_order":0,"comment_status":"closed","ping_status":"closed","template":"","meta":[],"yoast_head":"<!-- This site is optimized with the Yoast SEO plugin v17.7.1 - https:\/\/yoast.com\/wordpress\/plugins\/seo\/ -->\n<meta name=\"robots\" content=\"index, follow, max-snippet:-1, max-image-preview:large, max-video-preview:-1\" \/>\n<link rel=\"canonical\" href=\"https:\/\/hebergement.universite-paris-saclay.fr\/leveque-fort\/?page_id=34\" \/>\n<meta property=\"og:locale\" content=\"en_US\" \/>\n<meta property=\"og:type\" content=\"article\" \/>\n<meta property=\"og:title\" content=\"Publications - From Microscopy to Nanoscopy\" \/>\n<meta property=\"og:description\" content=\"Preprints\" \/>\n<meta property=\"og:url\" content=\"https:\/\/hebergement.universite-paris-saclay.fr\/leveque-fort\/?page_id=34\" \/>\n<meta property=\"og:site_name\" content=\"From Microscopy to Nanoscopy\" \/>\n<meta property=\"article:modified_time\" content=\"2021-12-04T14:14:50+00:00\" \/>\n<meta name=\"twitter:card\" content=\"summary_large_image\" \/>\n<meta name=\"twitter:label1\" content=\"Est. reading time\" \/>\n\t<meta name=\"twitter:data1\" content=\"10 minutes\" \/>\n<script type=\"application\/ld+json\" class=\"yoast-schema-graph\">{\"@context\":\"https:\/\/schema.org\",\"@graph\":[{\"@type\":\"WebSite\",\"@id\":\"http:\/\/hebergement.universite-paris-saclay.fr\/leveque-fort\/#website\",\"url\":\"http:\/\/hebergement.universite-paris-saclay.fr\/leveque-fort\/\",\"name\":\"From Microscopy to Nanoscopy\",\"description\":\"Sandrine L\\u00e9v\\u00eaque-Fort - NanoBio Team @ ISMO (CNRS\/ Univ. Paris Saclay)\",\"potentialAction\":[{\"@type\":\"SearchAction\",\"target\":{\"@type\":\"EntryPoint\",\"urlTemplate\":\"http:\/\/hebergement.universite-paris-saclay.fr\/leveque-fort\/?s={search_term_string}\"},\"query-input\":\"required name=search_term_string\"}],\"inLanguage\":\"en-US\"},{\"@type\":\"WebPage\",\"@id\":\"https:\/\/hebergement.universite-paris-saclay.fr\/leveque-fort\/?page_id=34#webpage\",\"url\":\"https:\/\/hebergement.universite-paris-saclay.fr\/leveque-fort\/?page_id=34\",\"name\":\"Publications - From Microscopy to Nanoscopy\",\"isPartOf\":{\"@id\":\"http:\/\/hebergement.universite-paris-saclay.fr\/leveque-fort\/#website\"},\"datePublished\":\"2015-10-05T22:22:52+00:00\",\"dateModified\":\"2021-12-04T14:14:50+00:00\",\"breadcrumb\":{\"@id\":\"https:\/\/hebergement.universite-paris-saclay.fr\/leveque-fort\/?page_id=34#breadcrumb\"},\"inLanguage\":\"en-US\",\"potentialAction\":[{\"@type\":\"ReadAction\",\"target\":[\"https:\/\/hebergement.universite-paris-saclay.fr\/leveque-fort\/?page_id=34\"]}]},{\"@type\":\"BreadcrumbList\",\"@id\":\"https:\/\/hebergement.universite-paris-saclay.fr\/leveque-fort\/?page_id=34#breadcrumb\",\"itemListElement\":[{\"@type\":\"ListItem\",\"position\":1,\"name\":\"Home\",\"item\":\"https:\/\/hebergement.universite-paris-saclay.fr\/leveque-fort\/\"},{\"@type\":\"ListItem\",\"position\":2,\"name\":\"Publications\"}]}]}<\/script>\n<!-- \/ Yoast SEO plugin. -->","yoast_head_json":{"robots":{"index":"index","follow":"follow","max-snippet":"max-snippet:-1","max-image-preview":"max-image-preview:large","max-video-preview":"max-video-preview:-1"},"canonical":"https:\/\/hebergement.universite-paris-saclay.fr\/leveque-fort\/?page_id=34","og_locale":"en_US","og_type":"article","og_title":"Publications - From Microscopy to Nanoscopy","og_description":"Preprints","og_url":"https:\/\/hebergement.universite-paris-saclay.fr\/leveque-fort\/?page_id=34","og_site_name":"From Microscopy to Nanoscopy","article_modified_time":"2021-12-04T14:14:50+00:00","twitter_card":"summary_large_image","twitter_misc":{"Est. reading time":"10 minutes"},"schema":{"@context":"https:\/\/schema.org","@graph":[{"@type":"WebSite","@id":"http:\/\/hebergement.universite-paris-saclay.fr\/leveque-fort\/#website","url":"http:\/\/hebergement.universite-paris-saclay.fr\/leveque-fort\/","name":"From Microscopy to Nanoscopy","description":"Sandrine L\u00e9v\u00eaque-Fort - NanoBio Team @ ISMO (CNRS\/ Univ. Paris Saclay)","potentialAction":[{"@type":"SearchAction","target":{"@type":"EntryPoint","urlTemplate":"http:\/\/hebergement.universite-paris-saclay.fr\/leveque-fort\/?s={search_term_string}"},"query-input":"required name=search_term_string"}],"inLanguage":"en-US"},{"@type":"WebPage","@id":"https:\/\/hebergement.universite-paris-saclay.fr\/leveque-fort\/?page_id=34#webpage","url":"https:\/\/hebergement.universite-paris-saclay.fr\/leveque-fort\/?page_id=34","name":"Publications - From Microscopy to Nanoscopy","isPartOf":{"@id":"http:\/\/hebergement.universite-paris-saclay.fr\/leveque-fort\/#website"},"datePublished":"2015-10-05T22:22:52+00:00","dateModified":"2021-12-04T14:14:50+00:00","breadcrumb":{"@id":"https:\/\/hebergement.universite-paris-saclay.fr\/leveque-fort\/?page_id=34#breadcrumb"},"inLanguage":"en-US","potentialAction":[{"@type":"ReadAction","target":["https:\/\/hebergement.universite-paris-saclay.fr\/leveque-fort\/?page_id=34"]}]},{"@type":"BreadcrumbList","@id":"https:\/\/hebergement.universite-paris-saclay.fr\/leveque-fort\/?page_id=34#breadcrumb","itemListElement":[{"@type":"ListItem","position":1,"name":"Home","item":"https:\/\/hebergement.universite-paris-saclay.fr\/leveque-fort\/"},{"@type":"ListItem","position":2,"name":"Publications"}]}]}},"_links":{"self":[{"href":"https:\/\/hebergement.universite-paris-saclay.fr\/leveque-fort\/index.php?rest_route=\/wp\/v2\/pages\/34"}],"collection":[{"href":"https:\/\/hebergement.universite-paris-saclay.fr\/leveque-fort\/index.php?rest_route=\/wp\/v2\/pages"}],"about":[{"href":"https:\/\/hebergement.universite-paris-saclay.fr\/leveque-fort\/index.php?rest_route=\/wp\/v2\/types\/page"}],"author":[{"embeddable":true,"href":"https:\/\/hebergement.universite-paris-saclay.fr\/leveque-fort\/index.php?rest_route=\/wp\/v2\/users\/1"}],"replies":[{"embeddable":true,"href":"https:\/\/hebergement.universite-paris-saclay.fr\/leveque-fort\/index.php?rest_route=%2Fwp%2Fv2%2Fcomments&post=34"}],"version-history":[{"count":14,"href":"https:\/\/hebergement.universite-paris-saclay.fr\/leveque-fort\/index.php?rest_route=\/wp\/v2\/pages\/34\/revisions"}],"predecessor-version":[{"id":272,"href":"https:\/\/hebergement.universite-paris-saclay.fr\/leveque-fort\/index.php?rest_route=\/wp\/v2\/pages\/34\/revisions\/272"}],"wp:attachment":[{"href":"https:\/\/hebergement.universite-paris-saclay.fr\/leveque-fort\/index.php?rest_route=%2Fwp%2Fv2%2Fmedia&parent=34"}],"curies":[{"name":"wp","href":"https:\/\/api.w.org\/{rel}","templated":true}]}}