{"id":116,"date":"2020-01-08T13:20:22","date_gmt":"2020-01-08T12:20:22","guid":{"rendered":"http:\/\/hebergement.universite-paris-saclay.fr\/licence-pro-tpe\/?page_id=116"},"modified":"2026-02-11T15:15:03","modified_gmt":"2026-02-11T14:15:03","slug":"accueil","status":"publish","type":"page","link":"https:\/\/hebergement.universite-paris-saclay.fr\/licence-pro-tpe\/","title":{"rendered":"Licence pro TPEBC"},"content":{"rendered":"\n<figure class=\"wp-block-gallery has-nested-images columns-1 wp-block-gallery-1 is-layout-flex wp-block-gallery-is-layout-flex\">\n<figure class=\"wp-block-image size-large\"><img loading=\"lazy\" decoding=\"async\" width=\"1024\" height=\"228\" data-id=\"720\" src=\"https:\/\/hebergement.universite-paris-saclay.fr\/licence-pro-tpe\/wp-content\/uploads\/2020\/01\/logo-paris-saclay-1024x228.png\" alt=\"\" class=\"wp-image-720\"\/><\/figure>\n<\/figure>\n\n\n\n<p>  <\/p>\n\n\n\n<p>  &#8230;.<\/p>\n\n\n\n<p class=\"has-text-align-center\"><em><strong>Nous avons le regret de vous informer que la Licence TPEBC ne sera pas propos\u00e9e <\/strong><\/em><\/p>\n\n\n\n<p class=\"has-text-align-center\"><em><strong>pour l\u2019ann\u00e9e universitaire 2026-2027.<\/strong><\/em><\/p>\n\n\n\n<p>  &#8230;.<\/p>\n\n\n\n<p>La Licence professionnelle \u00ab\u00a0<strong>Techniques Physiques des Energies Bas Carbone<\/strong>\u00a0\u00bb (anciennement \u00ab\u00a0Techniques Physiques des Energies\u00a0\u00bb) de l&rsquo;Universit\u00e9 Paris-Saclay a pour objectif d\u2019offrir des d\u00e9bouch\u00e9s de qualit\u00e9 aux \u00e9tudiants motiv\u00e9s pour entrer dans l\u2019entreprise d\u00e8s bac+3. Elle forme des techniciens sup\u00e9rieurs \/ assistants ing\u00e9nieur sp\u00e9cialistes des proc\u00e9d\u00e9s propres \u00e0 la production, \u00e0 la consommation et \u00e0 la ma\u00eetrise de l\u2019\u00e9nergie. De plus, gr\u00e2ce \u00e0 un niveau acad\u00e9mique \u00e9lev\u00e9, elle donne aux \u00e9tudiants la possibilit\u00e9 de <strong>poursuivre leurs \u00e9tudes en alternance<\/strong> (Master ou Ecole d&rsquo;ing\u00e9nieur).<\/p>\n\n\n\n<p>Cette licence professionnelle vise donc \u00e0 donner aux \u00e9tudiants des comp\u00e9tences sur les principales sources d\u2019<strong>\u00e9nergie bas carbone<\/strong> (\u00e9olien, hydraulique, nucl\u00e9aire, solaire, \u2026) et leurs fili\u00e8res \u00e9nerg\u00e9tiques associ\u00e9es (production d\u2019\u00e9lectricit\u00e9 et cog\u00e9n\u00e9ration, production de chaleur et d\u2019\u00e9lectricit\u00e9 renouvelables, transport et stockage de l\u2019\u00e9lectricit\u00e9, \u00e9nergie dans le b\u00e2timent, \u2026).<\/p>\n\n\n\n<p><\/p>\n\n\n\n<p><\/p>\n\n\n\n<p><\/p>\n\n\n\n<p><\/p>\n\n\n\n<figure class=\"wp-block-gallery has-nested-images columns-3 is-cropped wp-block-gallery-2 is-layout-flex wp-block-gallery-is-layout-flex\">\n<figure class=\"wp-block-image size-full\"><img loading=\"lazy\" decoding=\"async\" width=\"626\" height=\"400\" data-id=\"1059\" src=\"https:\/\/hebergement.universite-paris-saclay.fr\/licence-pro-tpe\/wp-content\/uploads\/2022\/09\/640px-Centrale_Themis_-_Pyrenees-Orientales2.jpg\" alt=\"\" class=\"wp-image-1059\" srcset=\"https:\/\/hebergement.universite-paris-saclay.fr\/licence-pro-tpe\/wp-content\/uploads\/2022\/09\/640px-Centrale_Themis_-_Pyrenees-Orientales2.jpg 626w, https:\/\/hebergement.universite-paris-saclay.fr\/licence-pro-tpe\/wp-content\/uploads\/2022\/09\/640px-Centrale_Themis_-_Pyrenees-Orientales2-300x192.jpg 300w\" sizes=\"(max-width: 626px) 100vw, 626px\" \/><\/figure>\n\n\n\n<figure class=\"wp-block-image size-full\"><img loading=\"lazy\" decoding=\"async\" width=\"259\" height=\"400\" data-id=\"1060\" src=\"https:\/\/hebergement.universite-paris-saclay.fr\/licence-pro-tpe\/wp-content\/uploads\/2022\/09\/Windmills_D1-D4_Thornton_Bank2-1.jpg\" alt=\"\" class=\"wp-image-1060\" srcset=\"https:\/\/hebergement.universite-paris-saclay.fr\/licence-pro-tpe\/wp-content\/uploads\/2022\/09\/Windmills_D1-D4_Thornton_Bank2-1.jpg 259w, https:\/\/hebergement.universite-paris-saclay.fr\/licence-pro-tpe\/wp-content\/uploads\/2022\/09\/Windmills_D1-D4_Thornton_Bank2-1-194x300.jpg 194w\" sizes=\"(max-width: 259px) 100vw, 259px\" \/><\/figure>\n\n\n\n<figure class=\"wp-block-image size-full\"><img loading=\"lazy\" decoding=\"async\" width=\"604\" height=\"400\" data-id=\"1061\" src=\"https:\/\/hebergement.universite-paris-saclay.fr\/licence-pro-tpe\/wp-content\/uploads\/2022\/09\/Centrale_nucleaire_de_Cruas-Meysse2-1.jpg\" alt=\"\" class=\"wp-image-1061\" srcset=\"https:\/\/hebergement.universite-paris-saclay.fr\/licence-pro-tpe\/wp-content\/uploads\/2022\/09\/Centrale_nucleaire_de_Cruas-Meysse2-1.jpg 604w, https:\/\/hebergement.universite-paris-saclay.fr\/licence-pro-tpe\/wp-content\/uploads\/2022\/09\/Centrale_nucleaire_de_Cruas-Meysse2-1-300x199.jpg 300w, https:\/\/hebergement.universite-paris-saclay.fr\/licence-pro-tpe\/wp-content\/uploads\/2022\/09\/Centrale_nucleaire_de_Cruas-Meysse2-1-75x50.jpg 75w\" sizes=\"(max-width: 604px) 100vw, 604px\" \/><\/figure>\n<figcaption class=\"blocks-gallery-caption wp-element-caption\">https:\/\/commons.wikimedia.org<\/figcaption><\/figure>\n\n\n\n<p><\/p>\n\n\n\n<figure class=\"wp-block-table aligncenter is-style-stripes\"><table><tbody><tr><td> <figure><img decoding=\"async\" class=\"alignleft\" src=\"http:\/\/hebergement.universite-paris-saclay.fr\/licence-pro-tpe\/wp-content\/uploads\/2020\/01\/energetique-700x467-1-e1579526244273.jpg\" alt=\"photo d'\u00e9oliennes\" style=\"width: px;\"><\/figure> <\/td><td> <a rel=\"noopener noreferrer\" href=\"http:\/\/hebergement.universite-paris-saclay.fr\/licence-pro-tpe\/index.php\/enseignement\/\" target=\"_blank\"><strong><span style=\"color: #0a5794;\">Enseignements<\/span><\/strong><\/a><br><em>La licence TPEBC fournit des connaissances et des comp\u00e9tences dans les principaux secteurs d\u2019activit\u00e9s de l\u2019\u00e9nergie&#8230;<\/em> <\/td><\/tr><tr><td>\n\t\t\t<strong><span style=\"color: #0a5794;\"><figure><img decoding=\"async\" class=\"alignleft\" src=\"http:\/\/hebergement.universite-paris-saclay.fr\/licence-pro-tpe\/wp-content\/uploads\/2020\/01\/metiers-competences-e1579527063488.jpg\"><\/figure><\/span><\/strong>\n\t\t<\/td><td>\n\t\t\t<strong><span style=\"color: #0a5794;\"><a href=\"http:\/\/hebergement.universite-paris-saclay.fr\/licence-pro-tpe\/index.php\/metiers-competences-vises\/\" target=\"_blank\" rel=\"noopener noreferrer\">M\u00e9tiers &amp; comp\u00e9tences vis\u00e9s<\/a><br><\/span><\/strong><em>Cette formation donne aux futurs dipl\u00f4m\u00e9s un profil polyvalent et des comp\u00e9tences dans les secteurs de la production d\u2019\u00e9lectricit\u00e9 et de chaleur<strong>&#8230;<\/strong><\/em>\n\t\t<\/td><\/tr><tr><td><strong><span style=\"color: #0a5794;\"><figure><img loading=\"lazy\" decoding=\"async\" class=\"size-full wp-image-618 alignleft\" src=\"http:\/\/hebergement.universite-paris-saclay.fr\/licence-pro-tpe\/wp-content\/uploads\/2020\/01\/alternance.jpg\" alt=\"\" width=\"210\" height=\"140\" srcset=\"https:\/\/hebergement.universite-paris-saclay.fr\/licence-pro-tpe\/wp-content\/uploads\/2020\/01\/alternance.jpg 210w, https:\/\/hebergement.universite-paris-saclay.fr\/licence-pro-tpe\/wp-content\/uploads\/2020\/01\/alternance-75x50.jpg 75w\" sizes=\"(max-width: 210px) 100vw, 210px\" \/><\/figure><\/span><\/strong><\/td><td><a rel=\"noopener noreferrer\" href=\"http:\/\/hebergement.universite-paris-saclay.fr\/licence-pro-tpe\/index.php\/ens-pro-alternance\/\" target=\"_blank\"><strong><span style=\"color: #0a5794;\">Participation des professionnels<\/span><\/strong><\/a><br><em>La licence TPEBC s\u2019appuie sur une collaboration forte entre industriels et universit\u00e9s pour construire une formation adapt\u00e9e aux besoins de l\u2019entreprise&#8230;<\/em><\/td><\/tr><tr><td><strong><span style=\"color: #0a5794;\"> <figure><img loading=\"lazy\" decoding=\"async\" class=\"size-full wp-image-615 alignleft\" src=\"http:\/\/hebergement.universite-paris-saclay.fr\/licence-pro-tpe\/wp-content\/uploads\/2020\/01\/provenance-condition.png\" alt=\"\" width=\"210\" height=\"140\" srcset=\"https:\/\/hebergement.universite-paris-saclay.fr\/licence-pro-tpe\/wp-content\/uploads\/2020\/01\/provenance-condition.png 210w, https:\/\/hebergement.universite-paris-saclay.fr\/licence-pro-tpe\/wp-content\/uploads\/2020\/01\/provenance-condition-75x50.png 75w\" sizes=\"(max-width: 210px) 100vw, 210px\" \/><\/figure><\/span><\/strong><\/td><td><strong><span style=\"color: #0a5794;\"><a rel=\"noopener noreferrer\" href=\"http:\/\/hebergement.universite-paris-saclay.fr\/licence-pro-tpe\/index.php\/public-vise-admission\/\" target=\"_blank\">Public vis\u00e9 et admission<\/a><br><\/span><\/strong><em>La licence TPEBC accueille des \u00e9tudiants ayant valid\u00e9 une licence de physique au niveau bac+2 ou bien titulaires d\u2019un BTS ou d\u2019un DUT<strong>&#8230;<\/strong><\/em><\/td><\/tr><tr><td><figure><img loading=\"lazy\" decoding=\"async\" class=\"size-full wp-image-620 alignleft\" src=\"http:\/\/hebergement.universite-paris-saclay.fr\/licence-pro-tpe\/wp-content\/uploads\/2020\/01\/professionnel-1.jpg\" alt=\"\" width=\"210\" height=\"140\" srcset=\"https:\/\/hebergement.universite-paris-saclay.fr\/licence-pro-tpe\/wp-content\/uploads\/2020\/01\/professionnel-1.jpg 210w, https:\/\/hebergement.universite-paris-saclay.fr\/licence-pro-tpe\/wp-content\/uploads\/2020\/01\/professionnel-1-75x50.jpg 75w\" sizes=\"(max-width: 210px) 100vw, 210px\" \/><\/figure><\/td><td><a rel=\"noopener noreferrer\" href=\"http:\/\/hebergement.universite-paris-saclay.fr\/licence-pro-tpe\/index.php\/professionnel\/\" target=\"_blank\"><strong><span style=\"color: #0a5794;\">V<\/span><\/strong><\/a><a rel=\"noopener noreferrer\" href=\"http:\/\/hebergement.universite-paris-saclay.fr\/licence-pro-tpe\/index.php\/professionnel-2\/\" target=\"_blank\"><strong><span style=\"color: #0a5794;\">ous \u00eates un professionnel<\/span><\/strong><\/a><em><br>La licence TPEBC est une formation en alternance, ayant pour objectif d\u2019offrir des d\u00e9bouch\u00e9s de qualit\u00e9&#8230;<\/em><\/td><\/tr><tr><td><figure><img loading=\"lazy\" decoding=\"async\" class=\"size-full wp-image-621 alignleft\" src=\"http:\/\/hebergement.universite-paris-saclay.fr\/licence-pro-tpe\/wp-content\/uploads\/2020\/01\/etudiant-1.jpg\" alt=\"\" width=\"210\" height=\"140\" srcset=\"https:\/\/hebergement.universite-paris-saclay.fr\/licence-pro-tpe\/wp-content\/uploads\/2020\/01\/etudiant-1.jpg 210w, https:\/\/hebergement.universite-paris-saclay.fr\/licence-pro-tpe\/wp-content\/uploads\/2020\/01\/etudiant-1-75x50.jpg 75w\" sizes=\"(max-width: 210px) 100vw, 210px\" \/><\/figure><\/td><td><a rel=\"noopener noreferrer\" href=\"http:\/\/hebergement.universite-paris-saclay.fr\/licence-pro-tpe\/index.php\/etudiant-2\/\" target=\"_blank\"><strong><span style=\"color: #0a5794;\">Vous \u00eates un \u00e9tudiant<\/span><\/strong><\/a><br><em>La licence professionnelle TPEBC forme des techniciens sup\u00e9rieurs \/ assistants ing\u00e9nieur sp\u00e9cialistes&#8230;<\/em><\/td><\/tr><\/tbody><\/table><\/figure>\n\n\n\n<p><\/p>\n","protected":false},"excerpt":{"rendered":"<p>&#8230;. Nous avons le regret de vous informer que la Licence TPEBC ne sera pas propos\u00e9e pour l\u2019ann\u00e9e universitaire 2026-2027. &#8230;. La Licence professionnelle \u00ab\u00a0Techniques Physiques des Energies Bas Carbone\u00a0\u00bb (anciennement \u00ab\u00a0Techniques Physiques des Energies\u00a0\u00bb) de l&rsquo;Universit\u00e9 Paris-Saclay a pour objectif d\u2019offrir des d\u00e9bouch\u00e9s de qualit\u00e9 aux \u00e9tudiants motiv\u00e9s pour entrer dans l\u2019entreprise d\u00e8s bac+3. &hellip; <a href=\"https:\/\/hebergement.universite-paris-saclay.fr\/licence-pro-tpe\/\">Continue reading <span class=\"meta-nav\">&rarr;<\/span><\/a><\/p>\n","protected":false},"author":1,"featured_media":0,"parent":0,"menu_order":0,"comment_status":"closed","ping_status":"closed","template":"","meta":{"footnotes":""},"_links":{"self":[{"href":"https:\/\/hebergement.universite-paris-saclay.fr\/licence-pro-tpe\/index.php\/wp-json\/wp\/v2\/pages\/116"}],"collection":[{"href":"https:\/\/hebergement.universite-paris-saclay.fr\/licence-pro-tpe\/index.php\/wp-json\/wp\/v2\/pages"}],"about":[{"href":"https:\/\/hebergement.universite-paris-saclay.fr\/licence-pro-tpe\/index.php\/wp-json\/wp\/v2\/types\/page"}],"author":[{"embeddable":true,"href":"https:\/\/hebergement.universite-paris-saclay.fr\/licence-pro-tpe\/index.php\/wp-json\/wp\/v2\/users\/1"}],"replies":[{"embeddable":true,"href":"https:\/\/hebergement.universite-paris-saclay.fr\/licence-pro-tpe\/index.php\/wp-json\/wp\/v2\/comments?post=116"}],"version-history":[{"count":135,"href":"https:\/\/hebergement.universite-paris-saclay.fr\/licence-pro-tpe\/index.php\/wp-json\/wp\/v2\/pages\/116\/revisions"}],"predecessor-version":[{"id":1169,"href":"https:\/\/hebergement.universite-paris-saclay.fr\/licence-pro-tpe\/index.php\/wp-json\/wp\/v2\/pages\/116\/revisions\/1169"}],"wp:attachment":[{"href":"https:\/\/hebergement.universite-paris-saclay.fr\/licence-pro-tpe\/index.php\/wp-json\/wp\/v2\/media?parent=116"}],"curies":[{"name":"wp","href":"https:\/\/api.w.org\/{rel}","templated":true}]}}