{"id":19,"date":"2020-01-07T14:17:35","date_gmt":"2020-01-07T13:17:35","guid":{"rendered":"http:\/\/hebergement.universite-paris-saclay.fr\/licence-pro-tpe\/?page_id=19"},"modified":"2020-01-27T10:31:10","modified_gmt":"2020-01-27T09:31:10","slug":"metiers-competences-vises","status":"publish","type":"page","link":"https:\/\/hebergement.universite-paris-saclay.fr\/licence-pro-tpe\/index.php\/metiers-competences-vises\/","title":{"rendered":"M\u00e9tiers &#038; comp\u00e9tences vis\u00e9s"},"content":{"rendered":"\n<p><em>Cette formation donne aux futurs dipl\u00f4m\u00e9s un\nprofil polyvalent et des comp\u00e9tences transversales dans les secteurs de la\nproduction d\u2019\u00e9lectricit\u00e9 et de chaleur \u00e0 partir de sources renouvelables,\nnucl\u00e9aire et fossile, de l\u2019optimisation des proc\u00e9d\u00e9s et des installations\n\u00e9nerg\u00e9tiques, de la gestion des r\u00e9seaux et de l\u2019\u00e9nergie dans le b\u00e2timent.<\/em><\/p>\n\n\n\n<p><em>Les\nfonctions attendues pour nos \u00e9tudiants sont celles de technicien sup\u00e9rieur \/\nassistant ing\u00e9nieur dans les entreprises li\u00e9es au domaine de l&rsquo;\u00e9nergie, quel\nque soit son mode de production, ou travaillant sur la ma\u00eetrise de sa\nconsommation.<\/em><\/p>\n\n\n\n<p><em>Le titulaire de ce dipl\u00f4me participera \u00e0 la maintenance, au d\u00e9veloppement et aux \u00e9tudes d&rsquo;am\u00e9lioration des diverses techniques du domaine. Il r\u00e9alisera des \u00e9tudes, des mises au point, des essais et la mise en \u0153uvre d&rsquo;innovations technologiques.<\/em><\/p>\n\n\n\n<div id=\"metiers\"><h3 align=\"center\">M\u00e9tiers vis\u00e9s<\/h3><\/div>\n\n\n\n<p><em>La\nplupart des types de poste ne sont pas sp\u00e9cifiques \u00e0 une source d\u2019\u00e9nergie<\/em><\/p>\n\n\n\n<ul><li><em>technicien de maintenance \/ contr\u00f4le \/ essai \/ exploitation&nbsp;;<\/em><\/li><li><em>technicien d\u2019intervention \/ surveillance&nbsp;;<\/em><\/li><li><em>responsable d&rsquo;un parc d&rsquo;instruments et de leur mise en \u0153uvre ;<\/em><\/li><li><em>charg\u00e9 de projet d&rsquo;\u00e9tude concernant un nouveau dispositif ;<\/em><\/li><li><em>assistant ing\u00e9nieur en laboratoire de contr\u00f4le ou en laboratoire de R&amp;D<\/em><\/li><li><em>technicien instrumentation&nbsp;;<\/em><\/li><li><em>technicien audit environnemental \/ \u00e9tudes de prix \/ bureau d\u2019\u00e9tudes&nbsp;;<\/em><\/li><li><em>attach\u00e9 aux \u00e9conomies d&rsquo;\u00e9nergie dans les collectivit\u00e9s locales, les entreprises et les bureaux d&rsquo;\u00e9tude&nbsp;;<\/em><\/li><li><em>charg\u00e9 d\u2019affaire ing\u00e9nierie.<\/em><\/li><\/ul>\n\n\n\n<p><em>Certains postes sont en revanche sp\u00e9cifiques \u00e0 une technologie ou un domaine d\u2019activit\u00e9s. <\/em><\/p>\n\n\n\n<p><em><u>Dans\nle domaine du b\u00e2timent et du g\u00e9nie climatique<\/u><\/em><em>&nbsp;<\/em><\/p>\n\n\n\n<ul><li><em>charg\u00e9 d\u2019affaire\/charg\u00e9 d\u2019\u00e9tudes en g\u00e9nie climatique et thermique<\/em><\/li><li><em>conducteur de travaux<\/em><\/li><li><em>acheteur g\u00e9nie climatique<\/em><\/li><\/ul>\n\n\n\n<p><em><u>Dans\nle domaine des nouvelles \u00e9nergies<\/u><\/em><\/p>\n\n\n\n<ul><li><em>expert\ntechnique pour les installations \u00e9nergies r\u00e9parties (photovolta\u00efque en toiture,\npompes \u00e0 chaleur, \u00e9nergie bois, \u2026)<\/em><\/li><li><em>technico-commercial\n(photovolta\u00efque, \u00e9olien, pompes \u00e0 chaleur, \u00e9nergie bois \u2026)<\/em><\/li><li><em>charg\u00e9\nd&rsquo;affaire sur des projets de d\u00e9veloppement d\u2019\u00e9nergies nouvelles (PME,\ncollectivit\u00e9s locales)<\/em><\/li><\/ul>\n\n\n\n<p><em><u>Dans\nle domaine du nucl\u00e9aire<\/u><\/em><\/p>\n\n\n\n<ul><li><em>op\u00e9rateur\nde centrale<\/em><\/li><li><em>technicien\nradioprotection \/ pr\u00e9vention des risques<\/em><\/li><li><em>technicien\ncombustible nucl\u00e9aire \/ logistique nucl\u00e9aire<\/em><\/li><\/ul>\n\n\n\n<div id=\"competences\"><h3 align=\"center\">Comp\u00e9tences vis\u00e9es<\/h3><\/div>\n\n\n\n<p>La formation vise \u00e0 donner aux \u00e9tudiants les moyens de diagnostiquer, d&rsquo;analyser et de ma\u00eetriser les divers probl\u00e8mes rencontr\u00e9s dans les domaines des m\u00e9tiers cit\u00e9s. Cela n\u00e9cessite des connaissances th\u00e9oriques, m\u00e9thodologiques et pratiques dans les secteurs de la m\u00e9canique des fluides, des transferts thermiques, des propri\u00e9t\u00e9s des mat\u00e9riaux, et de l\u2019\u00e9lectricit\u00e9, avec les outils et les moyens d&rsquo;analyse adapt\u00e9s. Nous listons ici les comp\u00e9tences g\u00e9n\u00e9rales attendues en fin de formation :<\/p>\n\n\n\n<ul><li>Compr\u00e9hension des ph\u00e9nom\u00e8nes physiques de base qui interviennent dans les principaux syst\u00e8mes \u00e9nerg\u00e9tiques&nbsp;: transferts de chaleur, fonctionnement des machines thermiques, \u00e9coulements, production et distribution de l\u2019\u00e9lectricit\u00e9, propri\u00e9t\u00e9s m\u00e9caniques, thermiques et \u00e9lectriques des mat\u00e9riaux, \u2026<\/li><li>Avoir une vue d\u00e9taill\u00e9e de l\u2019ensemble d\u2019une installation (centrales thermiques ou nucl\u00e9aires, moteurs, chauffage solaire, pompe \u00e0 chaleur, ferme \u00e9olienne, \u2026), de ses composants (\u00e9changeurs, turbines, pompes, g\u00e9n\u00e9rateurs \u00e9lectriques, \u2026) et de leurs liaisons.<\/li><li>Comprendre les contraintes multiples auxquelles sont soumis les composants des installations \u00e9nerg\u00e9tiques (haute temp\u00e9rature, tenue des mat\u00e9riaux, \u00e9changes thermiques, irradiation, corrosion, \u2026)<\/li><li>\u00catre capable de mettre en place des dispositifs adapt\u00e9s \u00e0 un probl\u00e8me pos\u00e9 (s\u00e9lection des mat\u00e9riaux, dimensionnement d\u2019\u00e9changeurs, de panneaux solaires, \u2026)<\/li><li>Maitriser les outils de mesure (capteurs thermiques, de d\u00e9bit, de radioactivit\u00e9, logiciels d\u2019analyse de donn\u00e9es, \u2026), \u00eatre capable de r\u00e9aliser des diagnostics \u00e9nerg\u00e9tiques et de proposer des solutions pour am\u00e9liorer les performances des installations.<\/li><li>Connaissance des aspects technico-\u00e9conomiques, l\u00e9gislatifs, environnementaux des installations \u00e9nerg\u00e9tiques, et des principes de radioprotection pour les installations nucl\u00e9aires.<\/li><\/ul>\n\n\n\n<p><\/p>\n","protected":false},"excerpt":{"rendered":"<p>Cette formation donne aux futurs dipl\u00f4m\u00e9s un profil polyvalent et des comp\u00e9tences transversales dans les secteurs de la production d\u2019\u00e9lectricit\u00e9 et de chaleur \u00e0 partir de sources renouvelables, nucl\u00e9aire et fossile, de l\u2019optimisation des proc\u00e9d\u00e9s et des installations \u00e9nerg\u00e9tiques, de la gestion des r\u00e9seaux et de l\u2019\u00e9nergie dans le b\u00e2timent. Les fonctions attendues pour nos &hellip; <a href=\"https:\/\/hebergement.universite-paris-saclay.fr\/licence-pro-tpe\/index.php\/metiers-competences-vises\/\">Continue reading <span class=\"meta-nav\">&rarr;<\/span><\/a><\/p>\n","protected":false},"author":1,"featured_media":0,"parent":0,"menu_order":0,"comment_status":"closed","ping_status":"closed","template":"","meta":{"footnotes":""},"_links":{"self":[{"href":"https:\/\/hebergement.universite-paris-saclay.fr\/licence-pro-tpe\/index.php\/wp-json\/wp\/v2\/pages\/19"}],"collection":[{"href":"https:\/\/hebergement.universite-paris-saclay.fr\/licence-pro-tpe\/index.php\/wp-json\/wp\/v2\/pages"}],"about":[{"href":"https:\/\/hebergement.universite-paris-saclay.fr\/licence-pro-tpe\/index.php\/wp-json\/wp\/v2\/types\/page"}],"author":[{"embeddable":true,"href":"https:\/\/hebergement.universite-paris-saclay.fr\/licence-pro-tpe\/index.php\/wp-json\/wp\/v2\/users\/1"}],"replies":[{"embeddable":true,"href":"https:\/\/hebergement.universite-paris-saclay.fr\/licence-pro-tpe\/index.php\/wp-json\/wp\/v2\/comments?post=19"}],"version-history":[{"count":12,"href":"https:\/\/hebergement.universite-paris-saclay.fr\/licence-pro-tpe\/index.php\/wp-json\/wp\/v2\/pages\/19\/revisions"}],"predecessor-version":[{"id":637,"href":"https:\/\/hebergement.universite-paris-saclay.fr\/licence-pro-tpe\/index.php\/wp-json\/wp\/v2\/pages\/19\/revisions\/637"}],"wp:attachment":[{"href":"https:\/\/hebergement.universite-paris-saclay.fr\/licence-pro-tpe\/index.php\/wp-json\/wp\/v2\/media?parent=19"}],"curies":[{"name":"wp","href":"https:\/\/api.w.org\/{rel}","templated":true}]}}