{"id":21,"date":"2020-01-07T14:17:59","date_gmt":"2020-01-07T13:17:59","guid":{"rendered":"http:\/\/hebergement.universite-paris-saclay.fr\/licence-pro-tpe\/?page_id=21"},"modified":"2021-09-23T11:46:08","modified_gmt":"2021-09-23T09:46:08","slug":"ens-pro-alternance","status":"publish","type":"page","link":"https:\/\/hebergement.universite-paris-saclay.fr\/licence-pro-tpe\/index.php\/ens-pro-alternance\/","title":{"rendered":"Participation des professionnels"},"content":{"rendered":"\n<p><em>La licence TPEBC s\u2019appuie sur une collaboration forte entre industriels et universit\u00e9 pour construire une formation adapt\u00e9e aux besoins de l\u2019entreprise.<\/em><br><em>L\u2019implication des professionnels des diff\u00e9rents secteurs d\u2019activit\u00e9 techniques de l\u2019\u00e9nergie se traduit par des cours pendant la p\u00e9riode universitaire et par la formation des alternants en entreprise.<\/em><\/p>\n\n\n<div id=\"participation\">\n<p style=\"text-align: center;\" align=\"&quot;center\">Participation des professionnels aux enseignements<\/p>\n<\/div>\n\n\n<p><em>La participation des professionnels aux enseignements repr\u00e9sente 30 %. Leurs interventions peuvent se faire sous la forme de cours (CI), de travaux pratiques sur site industriel (TPI) et de visites d\u2019installation (VI). Le tableau suivant regroupe les interventions des entreprises, les sujets abord\u00e9s et les volumes horaires correspondants : <\/em><\/p>\n\n\n\n<p><strong>Probl\u00e9matique de\nl\u2019\u00e9nergie et des contraintes environnementales<\/strong><\/p>\n\n\n\n<ul><li>[CI] \u00e9conomie\nde l\u2019\u00e9nergie \u2013 Orano (7h)<\/li><li>[CI] l\u00e9gislation\nde l\u2019\u00e9nergie &#8211; ALMA Consulting (10h)<\/li><li>[CI] valorisation\ndu biogaz \u2013 production de biom\u00e9thane \u2013 power-to-gas \u2013 ENGIE (6h)<\/li><\/ul>\n\n\n\n<p><strong>\u00c9lectricit\u00e9 : production, transport et stockage<\/strong><\/p>\n\n\n\n<ul><li>[CI] r\u00e9seaux\n\u00e9lectriques, gestion de la connexion du photovolta\u00efque au r\u00e9seau \u2013 ENEDIS (7h)<\/li><li>[CI] s\u00e9curit\u00e9\n\u00e9lectrique, transport et distribution \u2013 Alstom (7h)<\/li><li>[VI] visite\nd\u2019un poste de distribution &#8211; ENEDIS &nbsp;(4h)<\/li><li>[CI]\ncompresseur &#8211; Valeo (3h)<\/li><li>[CI]\nstockage &#8211; Alstom (7h)<\/li><li>[CI] transformateur\n\u2013 Alstom (3h)<\/li><\/ul>\n\n\n\n<p><strong>Thermique et\nthermodynamique appliqu\u00e9e<\/strong><\/p>\n\n\n\n<ul><li>[VI] moteurs (VI), IFPEN, 3h<\/li><li>[CI] g\u00e9nie climatique&nbsp;: installations et dimensionnent (CI), Alterea, 21h<\/li><li>[CI] diagnostic par thermographie (CI), TC, 3h<\/li><\/ul>\n\n\n\n<p><strong>Mat\u00e9riaux,\npropri\u00e9t\u00e9s et applications<\/strong><\/p>\n\n\n\n<ul><li>[CI] \u00e9nergie\n\u2013 b\u00e2timents \u2013 CSTB (9h)<\/li><li>[CI] installations\nphotovolta\u00efques, \u00e9tudes de cas \u2013 Sole\u00efs (7h)<\/li><li>[CI] mat\u00e9riaux\nsous irradiation \u2013 CEA (9h)<\/li><\/ul>\n\n\n\n<p><strong>Fluides&nbsp;:\n\u00e9coulements et transferts d\u2019\u00e9nergie<\/strong><\/p>\n\n\n\n<ul><li>[CI] \u00e9olien&nbsp;:\nprojet et maintenance \u2013 Mai\u00e4 Eolis (6h)<\/li><li>[CI]\ntechnologie des \u00e9oliennes \u2013 CEVEO Cluster (8h)<\/li><li>[CI\/TPI] \u00e9tude\ndu fonctionnement d\u2019une \u00e9olienne en soufflerie \u2013 ENSAM (8h)<\/li><li>[CI\/TPI] installations\nhydrauliques \/ turbo machines \u2013 ENSAM (8h)<\/li><\/ul>\n\n\n\n<p><strong>Energie nucl\u00e9aire et radioprotection<\/strong><\/p>\n\n\n\n<ul><li>[CI] introduction\n\u00e0 la suret\u00e9 nucl\u00e9aire \u2013 IRSN (3h)<\/li><li>[CI] d\u00e9mant\u00e8lement\nd\u2019une centrale, contr\u00f4le de la contamination et de l\u2019activation \u2013 CEA (6h)<\/li><li>[CI] cycle\ndu combustible et gestion d\u00e9chets \u2013 CEA (6h)<\/li><li>[TPI] Simulations\nsur les r\u00e9acteurs nucl\u00e9aires \u2013 EDF (8h)<\/li><li>[CI] Fonctionnement\nd\u2019une centrale de type REP \u2013 EDF (8h)<\/li><li>[CI\/TPI]\nRadioprotection \u2013 CEA\/INSTN (15h)<\/li><li>[VI] CETIC,\ncentrale nucl\u00e9aire, Site de stockage de l\u2019ANDRA, La Hague &#8211; ORANO \/ EDF \/ ANDRA\n(16h)<\/li><\/ul>\n\n\n\n<p><em>La r\u00e9partition du volume horaire global des enseignements dispens\u00e9s par les professionnels entre les diff\u00e9rentes entreprises est la suivante (hors visites et enseignements d\u00e9di\u00e9s \u00e0 l\u2019insertion professionnelle des \u00e9tudiants)&nbsp;:<\/em><\/p>\n\n\n\n<figure class=\"wp-block-image size-large\"><img loading=\"lazy\" decoding=\"async\" width=\"1024\" height=\"779\" src=\"http:\/\/hebergement.universite-paris-saclay.fr\/licence-pro-tpe\/wp-content\/uploads\/2020\/01\/repartition-ens-pro-1024x779.png\" alt=\"\" class=\"wp-image-515\" srcset=\"https:\/\/hebergement.universite-paris-saclay.fr\/licence-pro-tpe\/wp-content\/uploads\/2020\/01\/repartition-ens-pro-1024x779.png 1024w, https:\/\/hebergement.universite-paris-saclay.fr\/licence-pro-tpe\/wp-content\/uploads\/2020\/01\/repartition-ens-pro-300x228.png 300w, https:\/\/hebergement.universite-paris-saclay.fr\/licence-pro-tpe\/wp-content\/uploads\/2020\/01\/repartition-ens-pro-768x584.png 768w, https:\/\/hebergement.universite-paris-saclay.fr\/licence-pro-tpe\/wp-content\/uploads\/2020\/01\/repartition-ens-pro.png 1452w\" sizes=\"(max-width: 1024px) 100vw, 1024px\" \/><\/figure>\n\n\n\n<p><em>La pr\u00e9paration des futurs dipl\u00f4m\u00e9s \u00e0 leur insertion dans le monde du travail est \u00e9galement prise en charge par des professionnels. Elle comprend un encadrement d\u00e8s l\u2019admissibilit\u00e9 pour les aider \u00e0 trouver un contrat d\u2019apprentissage (CV, lettre de motivation, simulation d\u2019entretien), un module de communication \u00ab&nbsp;efficace&nbsp;\u00bb, un enseignement de \u00ab&nbsp;culture de l\u2019entreprise&nbsp;\u00bb ainsi qu\u2019un travail encadr\u00e9 pour construire un projet professionnel et trouver un emploi. <\/em><\/p>\n\n\n\n<div id=\"domaines\"><h3 align=\"center\">Domaines d&rsquo;alternance<\/h3><\/div>\n\n\n\n<p><em>Les grands groupes comme les PME du domaine de l\u2019\u00e9nergie s\u2019associent \u00e0 la licence TPE pour former les alternants en entreprise.<\/em><\/p>\n\n\n\n<figure class=\"wp-block-image size-large\"><img loading=\"lazy\" decoding=\"async\" width=\"858\" height=\"275\" src=\"http:\/\/hebergement.universite-paris-saclay.fr\/licence-pro-tpe\/wp-content\/uploads\/2020\/01\/graphique-alternance.png\" alt=\"\" class=\"wp-image-175\" srcset=\"https:\/\/hebergement.universite-paris-saclay.fr\/licence-pro-tpe\/wp-content\/uploads\/2020\/01\/graphique-alternance.png 858w, https:\/\/hebergement.universite-paris-saclay.fr\/licence-pro-tpe\/wp-content\/uploads\/2020\/01\/graphique-alternance-300x96.png 300w, https:\/\/hebergement.universite-paris-saclay.fr\/licence-pro-tpe\/wp-content\/uploads\/2020\/01\/graphique-alternance-768x246.png 768w\" sizes=\"(max-width: 858px) 100vw, 858px\" \/><\/figure>\n\n\n\n<p><em>Les missions confi\u00e9es aux alternants sont repr\u00e9sentatives des secteurs d\u2019activit\u00e9s couverts par la licence TPEBC.<\/em><\/p>\n\n\n\n<figure class=\"wp-block-image size-large\"><img loading=\"lazy\" decoding=\"async\" width=\"581\" height=\"328\" src=\"http:\/\/hebergement.universite-paris-saclay.fr\/licence-pro-tpe\/wp-content\/uploads\/2020\/01\/graphique-secteurs-activites.png\" alt=\"\" class=\"wp-image-178\" srcset=\"https:\/\/hebergement.universite-paris-saclay.fr\/licence-pro-tpe\/wp-content\/uploads\/2020\/01\/graphique-secteurs-activites.png 581w, https:\/\/hebergement.universite-paris-saclay.fr\/licence-pro-tpe\/wp-content\/uploads\/2020\/01\/graphique-secteurs-activites-300x169.png 300w\" sizes=\"(max-width: 581px) 100vw, 581px\" \/><\/figure>\n\n\n\n<p><em>Exemples de sujet d\u2019alternance effectu\u00e9e dans les principaux domaines d\u2019activit\u00e9s couverts pat la licence TPEBC\u00a0: b\u00e2timent &amp; g\u00e9nie climatique, nucl\u00e9aire, caract\u00e9risation des mat\u00e9riaux, \u00e9nergies renouvelables, g\u00e9nie \u00e9lectrique, essais &amp; proc\u00e9d\u00e9s, \u2026<\/em><\/p>\n\n\n<p><span style=\"color: #17365d;\"><strong><u>Alternances \u2013 b\u00e2timent &amp; g\u00e9nie climatique<\/u><\/strong><\/span><\/p>\n<p><span style=\"color: #17365d;\"><strong>Alterea<\/strong><strong>&nbsp;: <\/strong>\u00e9tudes techniques CVC*, \u00e9lectriques et thermiques<\/span><\/p>\n<p><span style=\"color: #17365d;\"><strong>Atelier des fluides<\/strong><strong>&nbsp;: <\/strong>technicien bureau d\u2019\u00e9tudes en CVC<\/span><\/p>\n<p><span style=\"color: #17365d;\"><strong>Cap Ingelec<\/strong><strong>&nbsp;: <\/strong>\u00e9tudes thermiques, \u00e9lectriques, CVC<strong> &#8211; <\/strong>r\u00e9alisation de bilans \u00e9conomique, \u00e9nerg\u00e9tique et environnemental dans les b\u00e2timents<\/span><\/p>\n<p><span style=\"color: #17365d;\"><strong>Cegelec&nbsp;<\/strong>: dimensionnement des r\u00e9seaux hydrauliques de production de chaleur &#8211; assistant metteur au point&nbsp;: \u00e9quilibrage et mesures a\u00e9rauliques, analyse du comportement d\u2019une installation en g\u00e9nie climatique<\/span><\/p>\n<p><span style=\"color: #17365d;\"><strong>Cogemex<\/strong>&nbsp;: \u00e9nergie du b\u00e2timent : \u00e9tudes, maintenance et services<\/span><\/p>\n<p><span style=\"color: #17365d;\"><strong>ENGIE &amp; filiales<\/strong>&nbsp;: \u00e9laboration d&rsquo;une base de donn\u00e9es dans le cadre du Building Information Modeling (BIM) pour optimiser les op\u00e9rations de maintenance dans le b\u00e2timent<\/span><\/p>\n<p><span style=\"color: #17365d;\"><strong>France Air<\/strong>&nbsp;: attach\u00e9 technico-commercial s\u00e9dentaire en \u00e9quipements CVC<\/span><\/p>\n<p><span style=\"color: #17365d;\"><strong>IDEX Energies<\/strong>&nbsp;: conducteur de travaux en CVC &amp; d\u00e9senfumage<\/span><\/p>\n<p><span style=\"color: #17365d;\"><strong>Ouest Ventil<\/strong>&nbsp;: \u00e9tudes et dimensionnement des syst\u00e8mes de ventilation dans le b\u00e2timent<\/span><\/p>\n<p><span style=\"color: #17365d;\"><strong>SODEXO<\/strong>&nbsp;: suivi de chantier, dimensionnement des installations techniques dans les b\u00e2timents du tertiaire et am\u00e9lioration de l&rsquo;efficacit\u00e9 \u00e9nerg\u00e9tique<\/span><\/p>\n<p><span style=\"color: #17365d;\"><strong>SPIE Batignolles<\/strong>&nbsp;: gestion de projet dans le domaine du g\u00e9nie climatique<\/span><\/p>\n<p><span style=\"color: #000000;\"><em>*CVC&nbsp;: Climatisation \u2013 Ventilation \u2013 Chauffage <\/em><\/span><\/p>\n<p><span style=\"color: #943634;\"><strong><u>Alternances \u2013 nucl\u00e9aire<\/u><\/strong><\/span><\/p>\n<p><span style=\"color: #943634;\"><strong>AREVA <\/strong>proc\u00e9d\u00e9s des r\u00e9acteurs et simulations de pannes du circuit primaire<strong> &#8211; <\/strong>simulations thermo-hydrauliques du circuit primaire, \u00e9tude d\u2019ouverture de br\u00e8che<strong> &#8211; <\/strong>strat\u00e9gie et essais de d\u00e9mant\u00e8lement nucl\u00e9aire<\/span><\/p>\n<p><span style=\"color: #943634;\"><strong>EDF <\/strong>technicien d\u2019exploitation en centrale nucl\u00e9aire<\/span><\/p>\n<p><span style=\"color: #943634;\"><strong>IRSN <\/strong>implantation d&rsquo;un acc\u00e9l\u00e9rateur X pour l&rsquo;\u00e9tude des effets des rayonnements sur les tissus biologiques<strong> &#8211; <\/strong>\u00e9tude de sc\u00e9narios d\u2019\u00e9volutions de parcs \u00e9lectronucl\u00e9aires et participation au d\u00e9veloppement d\u2019outils d\u00e9di\u00e9s<strong> &#8211; <\/strong>requalification d\u2019une installation anthroporadiom\u00e9trique<strong> &#8211; <\/strong>\u00e9talonnage et validation m\u00e9trologique de la cha\u00eene de mesures de spectrom\u00e9trie \u03b3<\/span><\/p>\n<p><span style=\"color: #4f6228;\"><strong><u>Alternances \u2013 caract\u00e9risation des mat\u00e9riaux<\/u><\/strong><\/span><\/p>\n<p><span style=\"color: #4f6228;\"><strong>CEA&nbsp;: <\/strong>\u00e9tude de la sensibilit\u00e9 \u00e0 la fragilisation par l&rsquo;hydrog\u00e8ne des mat\u00e9riaux m\u00e9talliques<strong> &#8211; <\/strong>d\u00e9veloppement d\u2019une m\u00e9thode de d\u00e9saturation de mat\u00e9riaux cimentaires en vue de leur caract\u00e9risation par des essais de diffusion de radionucl\u00e9ides<\/span><\/p>\n<p><span style=\"color: #4f6228;\"><strong>IRSN&nbsp;: <\/strong>validation d\u2019un analyseur de surface sp\u00e9cifique (BET) pour l\u2019\u00e9tude des mat\u00e9riaux de stockage des d\u00e9chets nucl\u00e9aires (argilite, ciment, b\u00e9ton)<strong> &#8211; <\/strong>\u00e9tudes pr\u00e9liminaires des effets de l\u2019irradiation neutronique du mat\u00e9riau de cuve d\u2019un REP<\/span><\/p>\n<p><span style=\"color: #4f6228;\"><strong>Saint-Gobain&nbsp;: <\/strong>d\u00e9veloppement et caract\u00e9risation de nouveaux mat\u00e9riaux isolants<strong> &#8211; <\/strong>contact verre\/m\u00e9tal : \u00e9tude des transferts de chaleur transitoires <strong>&nbsp;&#8211; <\/strong>mesures de conductivit\u00e9 thermique sous humidit\u00e9 contr\u00f4l\u00e9e \u00e0 pression atmosph\u00e9rique de mat\u00e9riaux pour le b\u00e2timent<strong> &#8211; <\/strong>mise en place de protocoles exp\u00e9rimentaux pour la mesure des coefficients de transport d\u2019eau liquide dans les mat\u00e9riaux de construction<strong> &#8211; <\/strong>microbalance \u00e0 quartz pour la caract\u00e9risation de couches minces d\u00e9pos\u00e9es par pulv\u00e9risation magn\u00e9tron<\/span><\/p>\n<p><span style=\"color: #5f497a;\"><strong><u>Alternances \u2013 \u00e9nergies renouvelables<\/u><\/strong><\/span><\/p>\n<p><span style=\"color: #5f497a;\"><strong>CIC Orio&nbsp;: <\/strong>r\u00e9alisation d&rsquo;un prototype de couplage panneau photovolta\u00efque\/chauffage solaire<\/span><\/p>\n<p><span style=\"color: #5f497a;\"><strong>ENNESYS<\/strong>&nbsp;: optimisation et exploitation du syst\u00e8me de r\u00e9gulation de la production de micro-algues d\u00e9di\u00e9e \u00e0 la production d\u2019\u00e9nergie<\/span><\/p>\n<p><span style=\"color: #5f497a;\"><strong>SYS e.n.r.&nbsp;: <\/strong>dimensionnement et installation d&rsquo;une centrale photovolta\u00efque<\/span><\/p>\n<p><span style=\"color: #5f497a;\"><strong>Veolia<\/strong>&nbsp;: \u00e9tude et dimensionnement d&rsquo;un syst\u00e8me photovolta\u00efque<\/span><\/p>\n<p><span style=\"color: #5f497a;\"><strong>Agro Energy<\/strong>&nbsp;: \u00e9laboration et mise en place de la strat\u00e9gie commerciale pour le d\u00e9veloppement de chaufferies biomasse<\/span><\/p>\n<p><span style=\"color: #5f497a;\"><strong>EDF<\/strong>&nbsp;: veille concurrentielle sur le photovolta\u00efque<\/span><\/p>\n<p><span style=\"color: #5f497a;\"><strong>Nordex<\/strong>&nbsp;: tableaux haute tension au pied des m\u00e2ts d&rsquo;\u00e9olienne<\/span><\/p>\n<p><span style=\"color: #5f497a;\"><strong>General Electric<\/strong>&nbsp;: am\u00e9lioration des proc\u00e9dures de tests \u00e9lectriques sur les nacelles\/turbines des \u00e9oliennes offshore en usine de production<\/span><\/p>\n<p><span style=\"color: #984800;\"><strong><u>Alternances \u2013 essais &amp; proc\u00e9d\u00e9s<\/u><\/strong><\/span><\/p>\n<p><span style=\"color: #984800;\"><strong>Air Liquide&nbsp;: <\/strong>d\u00e9veloppement de la technologie d\u2019oxy-combustion combin\u00e9e \u00e0 la r\u00e9cup\u00e9ration d\u2019\u00e9nergie pour l\u2019am\u00e9lioration de la combustion de gaz \u00e0 bas PCI<\/span><\/p>\n<p><span style=\"color: #984800;\"><strong>AREVA<\/strong>&nbsp;: essais pompe primaire BARRACUDA<\/span><\/p>\n<p><span style=\"color: #984800;\"><strong>Br\u00fbleur AEM&nbsp;: <\/strong>\u00e9laboration d\u2019une nouvelle m\u00e9thode de mesures pour les rendements \u00e9nerg\u00e9tiques des appareils \u00e0 gaz<\/span><\/p>\n<p><span style=\"color: #984800;\"><strong>EDF&nbsp;: <\/strong>syst\u00e8mes de mesures de d\u00e9formations par fibre optique pour l&rsquo;auscultation des ouvrages hydrauliques<strong> &#8211; <\/strong>instrumentation capteur ultrasons pour le diagnostic des installations \u00e9nerg\u00e9tiques<\/span><\/p>\n<p><span style=\"color: #984800;\">proc\u00e9d\u00e9 d\u2019examen non-destructif par ultrasons de mesure d\u2019usure in-situ des tubes guides de grappes de commande des REP<\/span><\/p>\n<p><span style=\"color: #984800;\"><strong>ENGIE &amp; filiales&nbsp;: <\/strong>pr\u00e9paration et r\u00e9alisation d\u2019essais sur des syst\u00e8mes gaz \u2013 maintenance des bancs d\u2019essais et du parc m\u00e9trologique<strong> &#8211; <\/strong>technicien d&rsquo;essais en R &amp; D sur les syst\u00e8mes \u00e9nerg\u00e9tiques<\/span><\/p>\n<p><span style=\"color: #215800;\"><strong><u>Alternances \u00e0 l\u2019interface<\/u><\/strong><\/span><\/p>\n<p><span style=\"color: #215800;\"><strong>ANDRA&nbsp;: <\/strong>\u00e9tude d\u2019un projet photovolta\u00efque et ma\u00eetrise de la consommation \u00e9lectrique des b\u00e2timents<\/span><\/p>\n<p><span style=\"color: #215800;\"><strong>AREVA<\/strong>&nbsp;: dimensionnement des batteries de secours d\u2019une centrale nucl\u00e9aire et d\u00e9termination de la valeur d\u2019alarme de mi-d\u00e9charge de ces batteries<\/span><\/p>\n<p><span style=\"color: #215800;\"><strong>ENGIE &amp; filiales&nbsp;: <\/strong>\u00e9tude pour la mise en \u0153uvre de la ventilation dans un b\u00e2timent nucl\u00e9aire<\/span><\/p>\n<p><span style=\"color: #215800;\"><strong>IRSN&nbsp;: <\/strong>\u00e9tude des techniques de rem\u00e9diation du gaz radon dans les b\u00e2timents dans le cadre des nouvelles r\u00e8glementations thermiques<\/span><\/p>\n<p><span style=\"color: #595900;\"><strong><u>Alternances &#8211; g\u00e9nie \u00e9lectrique<\/u><\/strong><\/span><\/p>\n<p><span style=\"color: #595900;\"><strong>Bureau Veritas<\/strong>&nbsp;: contr\u00f4les r\u00e9glementaires d&rsquo;installations \u00e9lectriques<\/span><\/p>\n<p><span style=\"color: #595900;\"><strong>ENEDIS<\/strong>&nbsp;: raccordement de producteurs autonomes sur le r\u00e9seau de distribution \u00e9lectrique HT et BT &#8211; gestion et ma\u00eetrise des r\u00e9seaux \u00e9lectriques<\/span><\/p>\n<p><span style=\"color: #595900;\"><strong>Hecla<\/strong>&nbsp;: \u00e9tudes et diagnostics des lignes a\u00e9riennes HT<\/span><\/p>\n<p><span style=\"color: #595900;\"><strong>Satelec&nbsp;: <\/strong>\u00e9tudes, r\u00e9alisations et suivi de chantier en g\u00e9nie \u00e9lectrique<\/span><\/p>\n<p><span style=\"color: #595900;\"><strong><u>Alternances \u2013 autres<\/u><\/strong><\/span><\/p>\n<p><span style=\"color: #595900;\"><strong>EDF<\/strong>&nbsp;: certificats d&rsquo;\u00e9conomies d&rsquo;\u00e9nergie\/partenariat entreprises &#8211; EDF Bleu Ciel<\/span><\/p>\n<p><span style=\"color: #595900;\"><strong>ENGIE &amp; filiales<\/strong>&nbsp;: \u00e9tude de la corrosion des canalisations pour le transport du gaz &#8211; \u00e9tude, analyse et suivi de la production d&rsquo;\u00e9nergie bois et charbon pour le chauffage urbain<\/span><\/p>\n<p><span style=\"color: #595900;\"><strong>THEL-ETB<\/strong>&nbsp;: r\u00e9cup\u00e9ration de chaleur sur une centrale \u00e9lectrique diesel \u2013 r\u00e9alisation d\u2019un r\u00e9seau de chauffage urbain<\/span><\/p>\n\n\n<p><\/p>\n","protected":false},"excerpt":{"rendered":"<p>La licence TPEBC s\u2019appuie sur une collaboration forte entre industriels et universit\u00e9 pour construire une formation adapt\u00e9e aux besoins de l\u2019entreprise.L\u2019implication des professionnels des diff\u00e9rents secteurs d\u2019activit\u00e9 techniques de l\u2019\u00e9nergie se traduit par des cours pendant la p\u00e9riode universitaire et par la formation des alternants en entreprise. Participation des professionnels aux enseignements La participation des &hellip; <a href=\"https:\/\/hebergement.universite-paris-saclay.fr\/licence-pro-tpe\/index.php\/ens-pro-alternance\/\">Continue reading <span class=\"meta-nav\">&rarr;<\/span><\/a><\/p>\n","protected":false},"author":1,"featured_media":0,"parent":0,"menu_order":0,"comment_status":"closed","ping_status":"closed","template":"","meta":{"footnotes":""},"_links":{"self":[{"href":"https:\/\/hebergement.universite-paris-saclay.fr\/licence-pro-tpe\/index.php\/wp-json\/wp\/v2\/pages\/21"}],"collection":[{"href":"https:\/\/hebergement.universite-paris-saclay.fr\/licence-pro-tpe\/index.php\/wp-json\/wp\/v2\/pages"}],"about":[{"href":"https:\/\/hebergement.universite-paris-saclay.fr\/licence-pro-tpe\/index.php\/wp-json\/wp\/v2\/types\/page"}],"author":[{"embeddable":true,"href":"https:\/\/hebergement.universite-paris-saclay.fr\/licence-pro-tpe\/index.php\/wp-json\/wp\/v2\/users\/1"}],"replies":[{"embeddable":true,"href":"https:\/\/hebergement.universite-paris-saclay.fr\/licence-pro-tpe\/index.php\/wp-json\/wp\/v2\/comments?post=21"}],"version-history":[{"count":20,"href":"https:\/\/hebergement.universite-paris-saclay.fr\/licence-pro-tpe\/index.php\/wp-json\/wp\/v2\/pages\/21\/revisions"}],"predecessor-version":[{"id":966,"href":"https:\/\/hebergement.universite-paris-saclay.fr\/licence-pro-tpe\/index.php\/wp-json\/wp\/v2\/pages\/21\/revisions\/966"}],"wp:attachment":[{"href":"https:\/\/hebergement.universite-paris-saclay.fr\/licence-pro-tpe\/index.php\/wp-json\/wp\/v2\/media?parent=21"}],"curies":[{"name":"wp","href":"https:\/\/api.w.org\/{rel}","templated":true}]}}