{"id":23,"date":"2020-01-07T14:18:25","date_gmt":"2020-01-07T13:18:25","guid":{"rendered":"http:\/\/hebergement.universite-paris-saclay.fr\/licence-pro-tpe\/?page_id=23"},"modified":"2021-09-23T11:47:07","modified_gmt":"2021-09-23T09:47:07","slug":"public-vise-admission","status":"publish","type":"page","link":"https:\/\/hebergement.universite-paris-saclay.fr\/licence-pro-tpe\/index.php\/public-vise-admission\/","title":{"rendered":"Public vis\u00e9 et admission"},"content":{"rendered":"\n<p><em>La licence TPEBC accueille des \u00e9tudiants d\u2019horizons vari\u00e9s ayant valid\u00e9 une licence de physique au niveau bac+2 (L2) \u00e0 l\u2019universit\u00e9 ou bien titulaires d\u2019un BTS ou d\u2019un DUT dans le domaine de l\u2019\u00e9nergie, de l\u2019\u00e9lectrotechnique ou des mat\u00e9riaux, ou encore en formation continue. Depuis sa cr\u00e9ation, la r\u00e9partition des \u00e9tudiants admis \u00e0 la licence selon leur formation d\u2019origine, BTS, DUT, L2\/L3\/CPGE, est la suivante\u00a0:\u00a0 <\/em><\/p>\n\n\n\n<figure class=\"wp-block-image size-large\"><img loading=\"lazy\" decoding=\"async\" width=\"970\" height=\"206\" src=\"http:\/\/hebergement.universite-paris-saclay.fr\/licence-pro-tpe\/wp-content\/uploads\/2020\/01\/graphique-provenance-etudiants.png\" alt=\"\" class=\"wp-image-181\" srcset=\"https:\/\/hebergement.universite-paris-saclay.fr\/licence-pro-tpe\/wp-content\/uploads\/2020\/01\/graphique-provenance-etudiants.png 970w, https:\/\/hebergement.universite-paris-saclay.fr\/licence-pro-tpe\/wp-content\/uploads\/2020\/01\/graphique-provenance-etudiants-300x64.png 300w, https:\/\/hebergement.universite-paris-saclay.fr\/licence-pro-tpe\/wp-content\/uploads\/2020\/01\/graphique-provenance-etudiants-768x163.png 768w\" sizes=\"(max-width: 970px) 100vw, 970px\" \/><\/figure>\n\n\n\n<p><em>Pour les \u00e9tudiants universitaires ayant valid\u00e9 une 2<sup>\u00e8me<\/sup> ann\u00e9e de licence de physique ou issus de CPGE, rejoindre une licence professionnelle en alternance repr\u00e9sente l\u2019opportunit\u00e9 d\u2019acqu\u00e9rir une r\u00e9elle exp\u00e9rience professionnelle et de d\u00e9velopper leurs comp\u00e9tences techniques tout en valorisant les connaissances acquises lors de leur cursus. <\/em><\/p>\n\n\n\n<p><em>La licence TPEBC offre aux \u00e9tudiants titulaires d\u2019un BTS ou d\u2019un DUT la possibilit\u00e9 d\u2019approfondir et d\u2019\u00e9largir leurs connaissances et leurs comp\u00e9tences dans la continuit\u00e9 de leur parcours ant\u00e9rieur tout en acqu\u00e9rant une r\u00e9elle sp\u00e9cialisation dans le domaine de l\u2019\u00e9nergie. <\/em><\/p>\n\n\n\n<figure class=\"wp-block-table is-style-regular\"><table><tbody><tr><td><img loading=\"lazy\" decoding=\"async\" width=\"914\" height=\"348\" class=\"wp-image-525\" style=\"width: 500px;\" src=\"http:\/\/hebergement.universite-paris-saclay.fr\/licence-pro-tpe\/wp-content\/uploads\/2020\/01\/etudiants-bts.png\" alt=\"\" srcset=\"https:\/\/hebergement.universite-paris-saclay.fr\/licence-pro-tpe\/wp-content\/uploads\/2020\/01\/etudiants-bts.png 914w, https:\/\/hebergement.universite-paris-saclay.fr\/licence-pro-tpe\/wp-content\/uploads\/2020\/01\/etudiants-bts-300x114.png 300w, https:\/\/hebergement.universite-paris-saclay.fr\/licence-pro-tpe\/wp-content\/uploads\/2020\/01\/etudiants-bts-768x292.png 768w\" sizes=\"(max-width: 914px) 100vw, 914px\" \/><\/td><\/tr><tr><td><img loading=\"lazy\" decoding=\"async\" width=\"785\" height=\"371\" class=\"wp-image-526\" style=\"width: 400px;\" src=\"http:\/\/hebergement.universite-paris-saclay.fr\/licence-pro-tpe\/wp-content\/uploads\/2020\/01\/etudiants-dut.png\" alt=\"\" srcset=\"https:\/\/hebergement.universite-paris-saclay.fr\/licence-pro-tpe\/wp-content\/uploads\/2020\/01\/etudiants-dut.png 785w, https:\/\/hebergement.universite-paris-saclay.fr\/licence-pro-tpe\/wp-content\/uploads\/2020\/01\/etudiants-dut-300x142.png 300w, https:\/\/hebergement.universite-paris-saclay.fr\/licence-pro-tpe\/wp-content\/uploads\/2020\/01\/etudiants-dut-768x363.png 768w\" sizes=\"(max-width: 785px) 100vw, 785px\" \/><\/td><\/tr><\/tbody><\/table><\/figure>\n\n\n\n<p><em>La licence TPEBC est une formation s\u00e9lective. Chaque ann\u00e9e, sur une centaine de dossiers de candidature, une trentaine de candidats sont auditionn\u00e9s et une quinzaine d\u2019\u00e9tudiants sont retenus admissibles. Il est pr\u00e9vu deux campagnes de pr\u00e9-s\u00e9lection des candidats, la premi\u00e8re ayant lieu d\u00e9but mars, la seconde d\u00e9but avril. Les crit\u00e8res de s\u00e9lection sont un bon niveau \u00ab\u00a0scolaire\u00a0\u00bb, une forte motivation \u00e0 s\u2019ins\u00e9rer professionnellement et un projet professionnel solide dans le domaine de l\u2019\u00e9nergie. Il est vivement conseill\u00e9 de poser votre candidature d\u00e8s la premi\u00e8re session afin de b\u00e9n\u00e9ficier d\u2019un plus grand nombre d\u2019offres d\u2019alternance. <a rel=\"noreferrer noopener\" aria-label=\" (s\u2019ouvre dans un nouvel onglet)\" href=\"http:\/\/hebergement.universite-paris-saclay.fr\/licence-pro-tpe\/index.php\/candidature\/\" target=\"_blank\"><strong>Plus de d\u00e9tails ici<\/strong><\/a> <\/em><\/p>\n\n\n\n<p><em>Les \u00e9tudiants admissibles doivent\nalors rechercher activement un contrat d\u2019alternance par leurs propres moyens ou\nr\u00e9pondre aux offres de nos entreprises partenaires. L\u2019admission d\u00e9finitive \u00e0 la\nlicence est conditionn\u00e9e par l\u2019obtention d\u2019un contrat d\u2019alternance avant la\npremi\u00e8re p\u00e9riode en entreprise. <\/em><\/p>\n\n\n\n<p><em>Pour aider les \u00e9tudiants dans leurs d\u00e9marches, plusieurs journ\u00e9es d\u2019encadrement sont organis\u00e9es par un professionnel du recrutement en pr\u00e9sence des responsables de la formation entre mars et avril\u00a0: pr\u00e9sentation des objectifs de la licence TPEBC, des d\u00e9bouch\u00e9s professionnels et des entreprises partenaires, r\u00e9daction de CV et lettres de motivation, aide \u00e0 la recherche de contrats d\u2019apprentissage. <\/em><\/p>\n\n\n\n<p><em>Des forums sont \u00e9galement organis\u00e9s par l&rsquo; universit\u00e9 Paris Saclay en collaboration avec les CFA pour favoriser la mise en relation des entreprises souhaitant recruter des alternants et les \u00e9tudiants en recherche de contrat.<\/em><\/p>\n","protected":false},"excerpt":{"rendered":"<p>La licence TPEBC accueille des \u00e9tudiants d\u2019horizons vari\u00e9s ayant valid\u00e9 une licence de physique au niveau bac+2 (L2) \u00e0 l\u2019universit\u00e9 ou bien titulaires d\u2019un BTS ou d\u2019un DUT dans le domaine de l\u2019\u00e9nergie, de l\u2019\u00e9lectrotechnique ou des mat\u00e9riaux, ou encore en formation continue. Depuis sa cr\u00e9ation, la r\u00e9partition des \u00e9tudiants admis \u00e0 la licence selon &hellip; <a href=\"https:\/\/hebergement.universite-paris-saclay.fr\/licence-pro-tpe\/index.php\/public-vise-admission\/\">Continue reading <span class=\"meta-nav\">&rarr;<\/span><\/a><\/p>\n","protected":false},"author":1,"featured_media":0,"parent":0,"menu_order":0,"comment_status":"closed","ping_status":"closed","template":"","meta":{"footnotes":""},"_links":{"self":[{"href":"https:\/\/hebergement.universite-paris-saclay.fr\/licence-pro-tpe\/index.php\/wp-json\/wp\/v2\/pages\/23"}],"collection":[{"href":"https:\/\/hebergement.universite-paris-saclay.fr\/licence-pro-tpe\/index.php\/wp-json\/wp\/v2\/pages"}],"about":[{"href":"https:\/\/hebergement.universite-paris-saclay.fr\/licence-pro-tpe\/index.php\/wp-json\/wp\/v2\/types\/page"}],"author":[{"embeddable":true,"href":"https:\/\/hebergement.universite-paris-saclay.fr\/licence-pro-tpe\/index.php\/wp-json\/wp\/v2\/users\/1"}],"replies":[{"embeddable":true,"href":"https:\/\/hebergement.universite-paris-saclay.fr\/licence-pro-tpe\/index.php\/wp-json\/wp\/v2\/comments?post=23"}],"version-history":[{"count":15,"href":"https:\/\/hebergement.universite-paris-saclay.fr\/licence-pro-tpe\/index.php\/wp-json\/wp\/v2\/pages\/23\/revisions"}],"predecessor-version":[{"id":967,"href":"https:\/\/hebergement.universite-paris-saclay.fr\/licence-pro-tpe\/index.php\/wp-json\/wp\/v2\/pages\/23\/revisions\/967"}],"wp:attachment":[{"href":"https:\/\/hebergement.universite-paris-saclay.fr\/licence-pro-tpe\/index.php\/wp-json\/wp\/v2\/media?parent=23"}],"curies":[{"name":"wp","href":"https:\/\/api.w.org\/{rel}","templated":true}]}}