{"id":25,"date":"2020-01-07T14:22:07","date_gmt":"2020-01-07T13:22:07","guid":{"rendered":"http:\/\/hebergement.universite-paris-saclay.fr\/licence-pro-tpe\/?page_id=25"},"modified":"2023-11-27T16:59:13","modified_gmt":"2023-11-27T15:59:13","slug":"professionnel-2","status":"publish","type":"page","link":"https:\/\/hebergement.universite-paris-saclay.fr\/licence-pro-tpe\/index.php\/professionnel-2\/","title":{"rendered":"Vous \u00eates un professionnel"},"content":{"rendered":"\n<p><em>La licence professionnelle \u00ab&nbsp;Techniques Physiques des \u00c9nergies Bas Carbone\u00bb (TPEBC) est une formation en alternance, ayant pour objectif d\u2019offrir des d\u00e9bouch\u00e9s de qualit\u00e9 aux \u00e9tudiants motiv\u00e9s pour entrer dans l\u2019entreprise d\u00e8s bac+3. Elle forme des techniciens sup\u00e9rieurs \/ assistants ing\u00e9nieur sp\u00e9cialistes des proc\u00e9d\u00e9s propres \u00e0 la production, \u00e0 la consommation et \u00e0 la ma\u00eetrise de l\u2019\u00e9nergie. <\/em><\/p>\n\n\n\n<p><strong>Vous souhaitez participer au processus de s\u00e9lection\ndes \u00e9tudiants<\/strong><\/p>\n\n\n\n<p><em>Il est pr\u00e9vu deux campagnes de pr\u00e9-s\u00e9lection des candidats, la premi\u00e8re ayant lieu d\u00e9but mars, la seconde d\u00e9but avril. Les candidats retenus apr\u00e8s examen de leur dossier ont un entretien de motivation devant les responsables de la formation et auquel les entreprises sont invit\u00e9es \u00e0 participer.<\/em> <em>Les crit\u00e8res de s\u00e9lection sont un bon niveau \u00ab&nbsp;scolaire&nbsp;\u00bb, une forte motivation \u00e0 s\u2019ins\u00e9rer professionnellement et un projet professionnel solide dans le domaine de l\u2019\u00e9nergie.<\/em><br><strong>&#8211;&gt; <em><a rel=\"noreferrer noopener\" aria-label=\" (s\u2019ouvre dans un nouvel onglet)\" href=\"http:\/\/hebergement.universite-paris-saclay.fr\/licence-pro-tpe\/index.php\/contact\/\" target=\"_blank\">Contacter la responsable pour participer aux journ\u00e9es d\u2019audition<\/a><\/em><\/strong><\/p>\n\n\n\n<p><strong>Vous souhaitez recruter un alternant de la licence TPEBC<\/strong><\/p>\n\n\n\n<p><em>Les \u00e9tudiants retenus admissibles sont s\u00e9lectionn\u00e9s sur dossier et apr\u00e8s entretien de motivation auquel les entreprises sont invit\u00e9es \u00e0 participer. Le CV et les lettres de motivations des candidats retenus peuvent \u00eatre transmis aux entreprises \u00e0 leur demande aupr\u00e8s des responsables de la formation.<\/em><br><strong>&#8211;&gt;<\/strong> <strong><em><a rel=\"noreferrer noopener\" aria-label=\" (s\u2019ouvre dans un nouvel onglet)\" href=\"http:\/\/hebergement.universite-paris-saclay.fr\/licence-pro-tpe\/index.php\/contact\/\" target=\"_blank\">Contacter la responsable pour obtenir le CV des \u00e9tudiants admissibles<\/a><\/em><\/strong><\/p>\n\n\n\n<p><strong>D\u00e9roulement\nde la formation et rythme d\u2019alternance<\/strong><\/p>\n\n\n\n<p><em>La premi\u00e8re p\u00e9riode d\u2019enseignement \u00e0 l\u2019universit\u00e9 dure environ 8 semaines, et permet notamment la finalisation des contrats d\u2019apprentissage. D\u00e8s le mois de novembre, l\u2019alternance universit\u00e9\/entreprise est mise en place, et ce jusqu\u2019\u00e0 fin mai, au rythme de 1 mois \/ 1 mois. Enfin, l\u2019\u00e9tudiant termine son alternance par une p\u00e9riode d\u2019environ 3 mois \u00e0 temps plein en entreprise. Au total, la dur\u00e9e de l\u2019apprentissage en entreprise est d\u2019environ 26 semaines, incluant les cong\u00e9s pay\u00e9s.<\/em> <\/p>\n\n\n\n<figure class=\"wp-block-image size-large is-resized\"><img loading=\"lazy\" decoding=\"async\" width=\"1024\" height=\"337\" src=\"http:\/\/hebergement.universite-paris-saclay.fr\/licence-pro-tpe\/wp-content\/uploads\/2020\/01\/organisation-alternance-1024x337.png\" alt=\"\" class=\"wp-image-538\" style=\"width:579px;height:190px\" srcset=\"https:\/\/hebergement.universite-paris-saclay.fr\/licence-pro-tpe\/wp-content\/uploads\/2020\/01\/organisation-alternance-1024x337.png 1024w, https:\/\/hebergement.universite-paris-saclay.fr\/licence-pro-tpe\/wp-content\/uploads\/2020\/01\/organisation-alternance-300x99.png 300w, https:\/\/hebergement.universite-paris-saclay.fr\/licence-pro-tpe\/wp-content\/uploads\/2020\/01\/organisation-alternance-768x253.png 768w, https:\/\/hebergement.universite-paris-saclay.fr\/licence-pro-tpe\/wp-content\/uploads\/2020\/01\/organisation-alternance-1536x505.png 1536w, https:\/\/hebergement.universite-paris-saclay.fr\/licence-pro-tpe\/wp-content\/uploads\/2020\/01\/organisation-alternance.png 1919w\" sizes=\"(max-width: 1024px) 100vw, 1024px\" \/><\/figure>\n\n\n\n<ul>\n<li><a href=\"https:\/\/hebergement.universite-paris-saclay.fr\/licence-pro-tpe\/wp-content\/uploads\/2023\/11\/TPEBC-Calendrier-alternance-2023-2024.pdf\">T\u00e9l\u00e9chargez le calendrier d\u00e9taill\u00e9 de l\u2019alternance 2023-2024<\/a><\/li>\n<\/ul>\n\n\n\n<p><strong>Une question sur la licence pro TPEBC <\/strong><\/p>\n\n\n\n<p><em>Contactez les responsables de la formation<\/em><br><strong>&#8211;&gt; <em><a rel=\"noreferrer noopener\" aria-label=\" (s\u2019ouvre dans un nouvel onglet)\" href=\"http:\/\/hebergement.universite-paris-saclay.fr\/licence-pro-tpe\/index.php\/contact\/\" target=\"_blank\">Coordonn\u00e9es responsable<\/a><\/em><\/strong><\/p>\n\n\n\n<p><strong>Une question sur le contrat d\u2019alternance<\/strong><\/p>\n\n\n\n<p><em>La licence TPEBC est rattach\u00e9e au Centre de Formation des Apprentis FORMASUP-PARIS. Vous trouverez leurs coordonn\u00e9es et toutes les informations relatives aux contrats d\u2019apprentissage et de professionnalisation \u00e0 l\u2019adresse suivante\u00a0:<\/em><br>&#8211;> <strong><em><a href=\"https:\/\/www.formasup-paris.com\/\" target=\"_blank\" rel=\"noreferrer noopener\">FORMASUP-Paris<\/a><\/em><\/strong><\/p>\n\n\n\n<p><strong>Vous souhaitez soutenir la formation par le biais de la taxe d\u2019apprentissage<\/strong><br><strong>&#8211;&gt; <\/strong><a rel=\"noreferrer noopener\" aria-label=\" (s\u2019ouvre dans un nouvel onglet)\" href=\"http:\/\/hebergement.universite-paris-saclay.fr\/licence-pro-tpe\/index.php\/contact\/\" target=\"_blank\">Contacter la responsable de la formation<\/a><\/p>\n\n\n\n<p><\/p>\n","protected":false},"excerpt":{"rendered":"<p>La licence professionnelle \u00ab&nbsp;Techniques Physiques des \u00c9nergies Bas Carbone\u00bb (TPEBC) est une formation en alternance, ayant pour objectif d\u2019offrir des d\u00e9bouch\u00e9s de qualit\u00e9 aux \u00e9tudiants motiv\u00e9s pour entrer dans l\u2019entreprise d\u00e8s bac+3. Elle forme des techniciens sup\u00e9rieurs \/ assistants ing\u00e9nieur sp\u00e9cialistes des proc\u00e9d\u00e9s propres \u00e0 la production, \u00e0 la consommation et \u00e0 la ma\u00eetrise de &hellip; <a href=\"https:\/\/hebergement.universite-paris-saclay.fr\/licence-pro-tpe\/index.php\/professionnel-2\/\">Continue reading <span class=\"meta-nav\">&rarr;<\/span><\/a><\/p>\n","protected":false},"author":1,"featured_media":0,"parent":0,"menu_order":0,"comment_status":"closed","ping_status":"closed","template":"","meta":{"footnotes":""},"_links":{"self":[{"href":"https:\/\/hebergement.universite-paris-saclay.fr\/licence-pro-tpe\/index.php\/wp-json\/wp\/v2\/pages\/25"}],"collection":[{"href":"https:\/\/hebergement.universite-paris-saclay.fr\/licence-pro-tpe\/index.php\/wp-json\/wp\/v2\/pages"}],"about":[{"href":"https:\/\/hebergement.universite-paris-saclay.fr\/licence-pro-tpe\/index.php\/wp-json\/wp\/v2\/types\/page"}],"author":[{"embeddable":true,"href":"https:\/\/hebergement.universite-paris-saclay.fr\/licence-pro-tpe\/index.php\/wp-json\/wp\/v2\/users\/1"}],"replies":[{"embeddable":true,"href":"https:\/\/hebergement.universite-paris-saclay.fr\/licence-pro-tpe\/index.php\/wp-json\/wp\/v2\/comments?post=25"}],"version-history":[{"count":27,"href":"https:\/\/hebergement.universite-paris-saclay.fr\/licence-pro-tpe\/index.php\/wp-json\/wp\/v2\/pages\/25\/revisions"}],"predecessor-version":[{"id":1137,"href":"https:\/\/hebergement.universite-paris-saclay.fr\/licence-pro-tpe\/index.php\/wp-json\/wp\/v2\/pages\/25\/revisions\/1137"}],"wp:attachment":[{"href":"https:\/\/hebergement.universite-paris-saclay.fr\/licence-pro-tpe\/index.php\/wp-json\/wp\/v2\/media?parent=25"}],"curies":[{"name":"wp","href":"https:\/\/api.w.org\/{rel}","templated":true}]}}