{"id":27,"date":"2020-01-07T14:22:21","date_gmt":"2020-01-07T13:22:21","guid":{"rendered":"http:\/\/hebergement.universite-paris-saclay.fr\/licence-pro-tpe\/?page_id=27"},"modified":"2023-01-11T17:29:35","modified_gmt":"2023-01-11T16:29:35","slug":"etudiant-2","status":"publish","type":"page","link":"https:\/\/hebergement.universite-paris-saclay.fr\/licence-pro-tpe\/index.php\/etudiant-2\/","title":{"rendered":"Vous \u00eates un \u00e9tudiant"},"content":{"rendered":"\n<p><em>La licence professionnelle \u00ab&nbsp;Techniques Physiques des Energies&nbsp;Bas Carbone\u00bb (TPEBC) forme des techniciens sup\u00e9rieurs \/ assistants ing\u00e9nieur sp\u00e9cialistes des proc\u00e9d\u00e9s propres \u00e0 la production, \u00e0 la consommation et \u00e0 la ma\u00eetrise de l\u2019\u00e9nergie. Elle s\u2019adresse aux \u00e9tudiants souhaitant s\u2019ins\u00e9rer, d\u00e8s bac+3, dans le monde professionnel, sans s\u2019interdire une poursuite d\u2019\u00e9tudes en master ou en \u00e9cole d\u2019ing\u00e9nieur.<\/em><\/p>\n\n\n\n<p><em>Le principal objectif de cette licence est de\ndonner aux futurs dipl\u00f4m\u00e9s un profil polyvalent et des comp\u00e9tences\ntransversales afin de r\u00e9pondre aux besoins d\u2019embauche des entreprises dans les\nsecteurs de production d\u2019\u00e9lectricit\u00e9 par les \u00e9nergies renouvelables, du\nb\u00e2timent, du g\u00e9nie climatique ou de l\u2019industrie nucl\u00e9aire ainsi que dans toutes\nles actions li\u00e9es au d\u00e9veloppement durable (diagnostic \u00e9nerg\u00e9tique, r\u00e9duction\ndes \u00e9missions de gaz \u00e0 effet de serre, augmentation de l\u2019efficacit\u00e9\n\u00e9nerg\u00e9tique, diversification des sources d\u2019\u00e9nergie).<\/em><\/p>\n\n\n\n<p><em>La licence professionnelle vise donc \u00e0 donner\naux \u00e9tudiants des comp\u00e9tences sur les principales sources d\u2019\u00e9nergie (\u00e9olien,\nfossiles, hydraulique, nucl\u00e9aire, solaire, \u2026) et leurs fili\u00e8res \u00e9nerg\u00e9tiques\nassoci\u00e9es (production d\u2019\u00e9lectricit\u00e9 et cog\u00e9n\u00e9ration, production de chaleur et\nd\u2019\u00e9lectricit\u00e9 renouvelables, transport et stockage de l\u2019\u00e9lectricit\u00e9, \u00e9nergie\ndans le b\u00e2timent, \u2026) leur offrant ainsi une compr\u00e9hension compl\u00e8te et\napprofondie sur l\u2019ensemble des \u00e9l\u00e9ments d\u2019une cha\u00eene \u00e9nerg\u00e9tique.<\/em><\/p>\n\n\n\n<p><em>Ce profil \u00ab&nbsp;transversal&nbsp;\u00bb accro\u00eet non seulement les perspectives d\u2019embauche des futurs techniciens mais leur assure \u00e9galement une autonomie de r\u00e9flexion, un pouvoir d\u2019adaptation aux \u00e9volutions rapides des technologies inh\u00e9rentes \u00e0 la probl\u00e9matique de l\u2019\u00e9nergie et une aptitude \u00e0 progresser efficacement dans leur carri\u00e8re.<\/em><\/p>\n\n\n\n<p><strong><a aria-label=\" (s\u2019ouvre dans un nouvel onglet)\" rel=\"noreferrer noopener\" href=\"http:\/\/hebergement.universite-paris-saclay.fr\/licence-pro-tpe\/index.php\/candidature\/\" target=\"_blank\">Pour rejoindre la licence TPEBC<\/a><\/strong><\/p>\n\n\n\n<p><strong>Organisation des enseignements<\/strong><\/p>\n\n\n\n<p><em>La\nformation \u00e0 l\u2019universit\u00e9 s\u2019appuie sur un couplage fort entre trois types\nd\u2019enseignement&nbsp;:<\/em><\/p>\n\n\n\n<ul><li><strong><em>les cours\/TD universitaires<\/em><\/strong><em> qui abordent les principaux concepts\nphysiques li\u00e9s \u00e0 la production et \u00e0 la consommation d\u2019\u00e9nergie, au travers d\u2019exemples\nconcrets que les \u00e9tudiants sont amen\u00e9s \u00e0 rencontrer dans leur futur\nm\u00e9tier&nbsp;;<\/em><\/li><\/ul>\n\n\n\n<ul><li><strong><em>les travaux exp\u00e9rimentaux<\/em><\/strong><em> qui illustrent les concepts vus en cours tout en d\u00e9veloppant les comp\u00e9tences techniques des \u00e9tudiants. <\/em><ul><li><strong><em>Domaine Thermique &amp; technologies associ\u00e9es<\/em><\/strong><ul><li><em>\u00e9changeurs de chaleur \u00e0 tube &amp; \u00e0 plaque \u2013 modes courant parall\u00e8le et contre-courant<\/em><\/li><li><em>imagerie thermique<\/em><\/li><li><em>caract\u00e9risation thermique des mat\u00e9riaux par cam\u00e9ra infrarouge<\/em><\/li><li><em>chauffage solaire &amp; ballon de stockage<\/em><\/li><\/ul><\/li><li><strong><em>Domaine thermodynamique appliqu\u00e9e<\/em><\/strong><ul><li><em>pompe \u00e0 chaleur<\/em><\/li><li><em>turbine \u00e0 vapeur<\/em><\/li><li><em>vapeur saturante<\/em><\/li><li><em>moteur de Stirling<\/em><\/li><\/ul><\/li><li><strong><em>Domaine \u00e9lectricit\u00e9<\/em><\/strong><ul><li><em>s\u00e9curit\u00e9 \u00e9lectrique<\/em><\/li><li><em>mesures de puissance<\/em><\/li><li><em>hacheur, conversions continu-continu &amp; continu-alternatif<\/em><\/li><li><em>machine tournante<\/em><\/li><li><em>installation \u00e9olienne<\/em><\/li><li><em>installation photovolta\u00efque&nbsp; <\/em><\/li><li><em>production d\u2019hydrog\u00e8ne par \u00e9lectrolyse<\/em><\/li><\/ul><\/li><li><strong><em>Domaine fluides<\/em><\/strong><ul><li><em>turbomachine &#8211; ENSAM<\/em><\/li><li><em>mesures de d\u00e9bits et de pertes de charges<\/em><\/li><li><em>\u00e9tude d\u2019une \u00e9olienne en soufflerie &#8211; ENSAM<\/em><\/li><li><em>panache thermique par la m\u00e9thode<\/em><\/li><li><em>\u00ab\u00a0V\u00e9locim\u00e9trie par Image de Particules\u00a0\u00bb<\/em><\/li><li><em>\u00e9tude du sillage d&rsquo;un cylindre par la m\u00e9thode \u00ab\u00a0V\u00e9locim\u00e9trie Laser-Doppler\u00a0\u00bb<\/em><\/li><\/ul><\/li><li><strong><em>Domaine \u00e9nergie nucl\u00e9aire<\/em><\/strong><ul><li><em>d\u00e9tection des rayonnements ionisants &#8211; INSTN<\/em><\/li><li><em>mesures de radioactivit\u00e9 &#8211; INSTN<\/em><\/li><li><em>dosim\u00e9trie &amp; radioprotection &#8211; INSTN<\/em><\/li><li><em>simulateur REP &#8211; EDF<\/em><\/li><\/ul><\/li><\/ul><\/li><\/ul>\n\n\n\n<figure class=\"wp-block-image size-large\"><img loading=\"lazy\" decoding=\"async\" width=\"1024\" height=\"441\" src=\"http:\/\/hebergement.universite-paris-saclay.fr\/licence-pro-tpe\/wp-content\/uploads\/2020\/01\/travaux-licence-tpe-1024x441.png\" alt=\"\" class=\"wp-image-198\" srcset=\"https:\/\/hebergement.universite-paris-saclay.fr\/licence-pro-tpe\/wp-content\/uploads\/2020\/01\/travaux-licence-tpe-1024x441.png 1024w, https:\/\/hebergement.universite-paris-saclay.fr\/licence-pro-tpe\/wp-content\/uploads\/2020\/01\/travaux-licence-tpe-300x129.png 300w, https:\/\/hebergement.universite-paris-saclay.fr\/licence-pro-tpe\/wp-content\/uploads\/2020\/01\/travaux-licence-tpe-768x331.png 768w, https:\/\/hebergement.universite-paris-saclay.fr\/licence-pro-tpe\/wp-content\/uploads\/2020\/01\/travaux-licence-tpe.png 1072w\" sizes=\"(max-width: 1024px) 100vw, 1024px\" \/><\/figure>\n\n\n<ul>\n<li><strong><em>Les interventions industrielles<\/em><\/strong><\/li>\n<\/ul>\n<p><em> (s\u00e9minaires, cours, visites) qui ont pour vocation, au travers par exemple d\u2019\u00e9tudes de cas concret, \u00e0 pr\u00e9senter les technologies utilis\u00e9es dans les entreprises, leur mise en \u0153uvre, les m\u00e9thodologies et outils d\u00e9velopp\u00e9s, ainsi que les m\u00e9tiers associ\u00e9s. Elles permettent ainsi aux \u00e9tudiants de faire le lien entre les concepts enseign\u00e9s et le travail que l\u2019on peut attendre d\u2019eux dans l\u2019entreprise, et les aident \u00e9galement \u00e0 avoir une vision concr\u00e8te et transversale des diff\u00e9rentes technologies.<\/em><\/p>\n\n\n<p><em>La pr\u00e9paration des futurs dipl\u00f4m\u00e9s \u00e0 leur insertion dans le monde du travail est \u00e9galement prise en charge par des professionnels. Elle comprend un encadrement d\u00e8s l\u2019admissibilit\u00e9 pour les aider \u00e0 trouver un contrat d\u2019apprentissage (CV, lettre de motivation, simulation d\u2019entretien), un module de communication \u00ab&nbsp;efficace&nbsp;\u00bb, un enseignement de \u00ab&nbsp;culture de l\u2019entreprise&nbsp;\u00bb ainsi qu\u2019un travail encadr\u00e9 pour construire un projet professionnel et trouver un emploi.<\/em><\/p>\n\n\n\n<p><em>Les enseignements sont compl\u00e9t\u00e9s par des <strong>visites de sites industriels<\/strong>&nbsp;:<\/em><\/p>\n\n\n\n<ul><li><em>Route de Normandie \u2013 installations de\nproduction d\u2019\u00e9nergie renouvelable (photo)<\/em><\/li><li><em>Centre de stockage des d\u00e9chets nucl\u00e9aires \u2013\nANDRA<\/em><\/li><li><em>Centrale nucl\u00e9aire- EDF<\/em><\/li><li><em>Centre de retraitement du combustible\nnucl\u00e9aire de La Hague \u2013 ORANO<\/em><\/li><li><em>Parc \u00e9olien \u2013 Nordex<\/em><\/li><li><em>Poste de distribution \u2013 ENEDIS<\/em><\/li><li><em>Moteurs thermiques &#8211; IFP<\/em><\/li><\/ul>\n\n\n\n<figure class=\"wp-block-image size-large\"><img loading=\"lazy\" decoding=\"async\" width=\"910\" height=\"275\" src=\"http:\/\/hebergement.universite-paris-saclay.fr\/licence-pro-tpe\/wp-content\/uploads\/2020\/01\/sites-industriels.png\" alt=\"\" class=\"wp-image-192\" srcset=\"https:\/\/hebergement.universite-paris-saclay.fr\/licence-pro-tpe\/wp-content\/uploads\/2020\/01\/sites-industriels.png 910w, https:\/\/hebergement.universite-paris-saclay.fr\/licence-pro-tpe\/wp-content\/uploads\/2020\/01\/sites-industriels-300x91.png 300w, https:\/\/hebergement.universite-paris-saclay.fr\/licence-pro-tpe\/wp-content\/uploads\/2020\/01\/sites-industriels-768x232.png 768w\" sizes=\"(max-width: 910px) 100vw, 910px\" \/><\/figure>\n\n\n\n<p><strong>Taux de\nr\u00e9ussite<\/strong><\/p>\n\n\n\n<p><em>Le taux de r\u00e9ussite moyen est de 95%.<\/em><\/p>\n\n\n\n<figure class=\"wp-block-image size-large\"><img loading=\"lazy\" decoding=\"async\" width=\"542\" height=\"243\" src=\"http:\/\/hebergement.universite-paris-saclay.fr\/licence-pro-tpe\/wp-content\/uploads\/2020\/01\/taux-reussite.png\" alt=\"\" class=\"wp-image-193\" srcset=\"https:\/\/hebergement.universite-paris-saclay.fr\/licence-pro-tpe\/wp-content\/uploads\/2020\/01\/taux-reussite.png 542w, https:\/\/hebergement.universite-paris-saclay.fr\/licence-pro-tpe\/wp-content\/uploads\/2020\/01\/taux-reussite-300x135.png 300w\" sizes=\"(max-width: 542px) 100vw, 542px\" \/><\/figure>\n\n\n\n<p><strong>Insertion pro. \/ Poursuite d\u2019\u00e9tudes<\/strong><\/p>\n\n\n\n<p><em>Environ 35% des dipl\u00f4m\u00e9s poursuivent leurs \u00e9tudes dans une formation en alternance (\u00e9cole d\u2019ing\u00e9nieurs ou master) dans le domaine de l\u2019\u00e9nergie et le plus souvent dans l\u2019entreprise o\u00f9 ils ont \u00e9t\u00e9 apprentis durant la licence TPE. Environ 50% des dipl\u00f4m\u00e9s int\u00e8grent imm\u00e9diatement le monde professionnel, la moiti\u00e9 \u00e9tant embauch\u00e9s dans l\u2019entreprise qui les ont accueillis pendant leur alternance. Les \u00e9tudiants qui ont souhait\u00e9 s\u2019ins\u00e9rer professionnellement ont tous obtenu un CDI dans l\u2019ann\u00e9e qui a suivi la licence (plus de 90% des \u00e9tudiants ont r\u00e9pondu au questionnaire de suivi). <\/em><\/p>\n\n\n\n<figure class=\"wp-block-image size-large\"><img loading=\"lazy\" decoding=\"async\" width=\"656\" height=\"226\" src=\"http:\/\/hebergement.universite-paris-saclay.fr\/licence-pro-tpe\/wp-content\/uploads\/2020\/01\/graphique-poursuite-etudes.png\" alt=\"\" class=\"wp-image-194\" srcset=\"https:\/\/hebergement.universite-paris-saclay.fr\/licence-pro-tpe\/wp-content\/uploads\/2020\/01\/graphique-poursuite-etudes.png 656w, https:\/\/hebergement.universite-paris-saclay.fr\/licence-pro-tpe\/wp-content\/uploads\/2020\/01\/graphique-poursuite-etudes-300x103.png 300w\" sizes=\"(max-width: 656px) 100vw, 656px\" \/><\/figure>\n\n\n\n<p><em>Exemples de postes occup\u00e9s par les dipl\u00f4m\u00e9s apr\u00e8s la licence pro TPE&nbsp;:<\/em><\/p>\n\n\n<ul>\n<li><span style=\"color: #17365d;\">Charg\u00e9 d\u2019affaires pour l\u2019\u00e9tude et la r\u00e9novation des conduites de gaz &#8211; GRDF<\/span><\/li>\n<li><span style=\"color: #17365d;\">Charg\u00e9 de mesures \u2013 Centre d\u2019\u00e9tanch\u00e9it\u00e9 et d\u2019auscultation nucl\u00e9aire &#8211; EDF<\/span><\/li>\n<li><span style=\"color: #17365d;\">Charg\u00e9 d\u2019affaires en g\u00e9nie climatique &#8211; SPIE<\/span><\/li>\n<li><span style=\"color: #17365d;\">Agent d\u2019\u00e9tudes sur le r\u00e9seau HTA &#8211; ENEDIS<\/span><\/li>\n<li><span style=\"color: #17365d;\">Charg\u00e9 d\u2019\u00e9tudes \u2013 AREVA TA<\/span><\/li>\n<li><span style=\"color: #17365d;\">Pr\u00e9leveur atmosph\u00e9rique \u2013 DIOXLAB<\/span><\/li>\n<li><span style=\"color: #17365d;\">Metteur au point \u2013 installations \u00e9nerg\u00e9tique &#8211; Cegelec<\/span><\/li>\n<li><span style=\"color: #17365d;\">Assistant technique d\u2019ing\u00e9nieur sur le transport d\u2019\u00e9nergie \u00e9lectrique \u2013 HECLA<\/span><\/li>\n<li><span style=\"color: #17365d;\">Assistant technique &#8211; b\u00e2timent &#8211; Rockwool<\/span><\/li>\n<li><span style=\"color: #17365d;\">Analyste bilan comptage \u2013 GRTgaz<\/span><\/li>\n<li><span style=\"color: #17365d;\">Charg\u00e9 d\u2019\u00e9tudes \u2013 r\u00e9seau HTA &#8211; ERDF<\/span><\/li>\n<li><span style=\"color: #17365d;\">Charg\u00e9 d\u2019\u00e9tudes en g\u00e9nie climatique &#8211; Pechon<\/span><\/li>\n<li><span style=\"color: #17365d;\">Technicien d\u2019exploitation \u2013 Cofely r\u00e9seaux<\/span><\/li>\n<li><span style=\"color: #17365d;\">Charg\u00e9 d\u2019\u00e9tudes de prix &#8211; Cogemex<\/span><\/li>\n<li><span style=\"color: #17365d;\">Technicien en radioprotection &#8211; IRSN<\/span><\/li>\n<li><span style=\"color: #17365d;\">Op\u00e9rateur de conduite en centrale nucl\u00e9aire &#8211; EDF<\/span><\/li>\n<li><span style=\"color: #17365d;\">Charg\u00e9 d\u2019affaires &#8211; ASSYSTEM<\/span><\/li>\n<li><span style=\"color: #17365d;\">Op\u00e9rateur centrale biomasse \u00e0 cog\u00e9n\u00e9ration &#8211; ENGIE<\/span><\/li>\n<\/ul>\n\n\n<p><em>La poursuite d\u2019\u00e9tude s\u2019effectue \u00e0 80% en alternance dans le domaine de l\u2019\u00e9nergie et en grande majorit\u00e9 dans l\u2019entreprise d\u2019accueil en licence TPEBC. <\/em><\/p>\n\n\n<p><em>Exemples de masters et d\u2019\u00e9coles int\u00e9gr\u00e9s par les \u00e9tudiants de la licence TPEBC :<\/em><\/p>\n<p><u>Ecoles d\u2019ing\u00e9nieurs<\/u><\/p>\n<ul>\n<li><span style=\"color: #1f497d;\"><em>ENSAM<\/em><\/span><\/li>\n<li><span style=\"color: #1f497d;\"><em>ESIEE<\/em><\/span><\/li>\n<li><span style=\"color: #1f497d;\"><em>EI-CESI<\/em><\/span><\/li>\n<li><em><span style=\"color: #1f497d;\">Ecole des Mines d\u2019Al\u00e8s<\/span><\/em><\/li>\n<\/ul>\n<p><u>Masters<\/u><\/p>\n<ul>\n<li><span style=\"color: #1f497d;\"><em>Sciences &amp; g\u00e9nie des mat\u00e9riaux \u2013 universit\u00e9 Paris Sud<\/em><\/span><\/li>\n<li><span style=\"color: #1f497d;\"><em>Energie &amp; Environnement \u2013 universit\u00e9 Paris Diderot<\/em><\/span><\/li>\n<li><span style=\"color: #1f497d;\"><em>B\u00e2timent intelligent &#8211; Universit\u00e9 Cergy <\/em><\/span><\/li>\n<li><span style=\"color: #1f4900;\"><em><span style=\"color: #1f497d;\">Science de l\u2019ing\u00e9nieur \u2013 universit\u00e9 Pierre &amp; Marie Curie<\/span><\/em><\/span><\/li>\n<\/ul>\n\n\n<p><\/p>\n","protected":false},"excerpt":{"rendered":"<p>La licence professionnelle \u00ab&nbsp;Techniques Physiques des Energies&nbsp;Bas Carbone\u00bb (TPEBC) forme des techniciens sup\u00e9rieurs \/ assistants ing\u00e9nieur sp\u00e9cialistes des proc\u00e9d\u00e9s propres \u00e0 la production, \u00e0 la consommation et \u00e0 la ma\u00eetrise de l\u2019\u00e9nergie. Elle s\u2019adresse aux \u00e9tudiants souhaitant s\u2019ins\u00e9rer, d\u00e8s bac+3, dans le monde professionnel, sans s\u2019interdire une poursuite d\u2019\u00e9tudes en master ou en \u00e9cole d\u2019ing\u00e9nieur. &hellip; <a href=\"https:\/\/hebergement.universite-paris-saclay.fr\/licence-pro-tpe\/index.php\/etudiant-2\/\">Continue reading <span class=\"meta-nav\">&rarr;<\/span><\/a><\/p>\n","protected":false},"author":1,"featured_media":0,"parent":0,"menu_order":0,"comment_status":"closed","ping_status":"closed","template":"","meta":{"footnotes":""},"_links":{"self":[{"href":"https:\/\/hebergement.universite-paris-saclay.fr\/licence-pro-tpe\/index.php\/wp-json\/wp\/v2\/pages\/27"}],"collection":[{"href":"https:\/\/hebergement.universite-paris-saclay.fr\/licence-pro-tpe\/index.php\/wp-json\/wp\/v2\/pages"}],"about":[{"href":"https:\/\/hebergement.universite-paris-saclay.fr\/licence-pro-tpe\/index.php\/wp-json\/wp\/v2\/types\/page"}],"author":[{"embeddable":true,"href":"https:\/\/hebergement.universite-paris-saclay.fr\/licence-pro-tpe\/index.php\/wp-json\/wp\/v2\/users\/1"}],"replies":[{"embeddable":true,"href":"https:\/\/hebergement.universite-paris-saclay.fr\/licence-pro-tpe\/index.php\/wp-json\/wp\/v2\/comments?post=27"}],"version-history":[{"count":20,"href":"https:\/\/hebergement.universite-paris-saclay.fr\/licence-pro-tpe\/index.php\/wp-json\/wp\/v2\/pages\/27\/revisions"}],"predecessor-version":[{"id":1096,"href":"https:\/\/hebergement.universite-paris-saclay.fr\/licence-pro-tpe\/index.php\/wp-json\/wp\/v2\/pages\/27\/revisions\/1096"}],"wp:attachment":[{"href":"https:\/\/hebergement.universite-paris-saclay.fr\/licence-pro-tpe\/index.php\/wp-json\/wp\/v2\/media?parent=27"}],"curies":[{"name":"wp","href":"https:\/\/api.w.org\/{rel}","templated":true}]}}