{"id":554,"date":"2020-01-23T15:40:13","date_gmt":"2020-01-23T14:40:13","guid":{"rendered":"http:\/\/hebergement.universite-paris-saclay.fr\/licence-pro-tpe\/?page_id=554"},"modified":"2020-01-27T11:27:01","modified_gmt":"2020-01-27T10:27:01","slug":"partenaires","status":"publish","type":"page","link":"https:\/\/hebergement.universite-paris-saclay.fr\/licence-pro-tpe\/index.php\/partenaires\/","title":{"rendered":"Partenaires de la formation"},"content":{"rendered":"\n<p><strong>Les\npartenaires acad\u00e9miques &amp; industriels<\/strong><\/p>\n\n\n\n<ul><li>La formation est soutenue par la fondation EDF<\/li><\/ul>\n\n\n\n<p><a href=\"https:\/\/www.edf.fr\/groupe-edf\/responsable-et-engage\/solidarite-progres-culture-sport\/solidarite-progres\" target=\"_blank\" rel=\"noreferrer noopener\" aria-label=\" (s\u2019ouvre dans un nouvel onglet)\">https:\/\/www.edf.fr\/groupe-edf\/responsable-et-engage\/solidarite-progres-culture-sport\/solidarite-progres<\/a><\/p>\n\n\n\n<ul><li>Formation lab\u00e9lis\u00e9e par l\u2019Institut\nInternationale de l\u2019Energie Nucl\u00e9aire<\/li><\/ul>\n\n\n\n<p><a href=\"http:\/\/www.i2en.fr\" target=\"_blank\" rel=\"noreferrer noopener\" aria-label=\" (s\u2019ouvre dans un nouvel onglet)\">www.i2en.fr<\/a><\/p>\n\n\n\n<ul><li>Centre de Formation des Apprentis \u2013 FORMASUP\nParis<\/li><\/ul>\n\n\n\n<p><a href=\"http:\/\/formasup-paris.fr\/\" target=\"_blank\" rel=\"noreferrer noopener\" aria-label=\" (s\u2019ouvre dans un nouvel onglet)\">http:\/\/formasup-paris.fr\/<\/a><\/p>\n\n\n\n<p><strong><em>Organismes de recherche et de formation<\/em><\/strong><\/p>\n\n\n\n<ul><li>Centre National de la Recherche Scientifique<\/li><\/ul>\n\n\n\n<p><a href=\"http:\/\/www.cnrs.fr\" target=\"_blank\" rel=\"noreferrer noopener\" aria-label=\" (s\u2019ouvre dans un nouvel onglet)\">www.cnrs.fr<\/a><\/p>\n\n\n\n<p><a href=\"http:\/\/www.in2p3.cnrs.fr\" target=\"_blank\" rel=\"noreferrer noopener\" aria-label=\" (s\u2019ouvre dans un nouvel onglet)\">www.in2p3.cnrs.fr<\/a><\/p>\n\n\n\n<ul><li>Institut National des Sciences et Techniques\nNucl\u00e9aire<\/li><\/ul>\n\n\n\n<p><a href=\"http:\/\/www-instn.cea.fr\/\" target=\"_blank\" rel=\"noreferrer noopener\" aria-label=\" (s\u2019ouvre dans un nouvel onglet)\">www-instn.cea.fr<\/a><\/p>\n\n\n\n<ul><li>Le\nCommissariat \u00e0 l\u2019\u00e9nergie atomique et aux \u00e9nergies alternatives<\/li><\/ul>\n\n\n\n<p><a href=\"http:\/\/www.cea.fr\" target=\"_blank\" rel=\"noreferrer noopener\" aria-label=\" (s\u2019ouvre dans un nouvel onglet)\">www.cea.fr<\/a><\/p>\n\n\n\n<ul><li>\u00c9cole Nationale Sup\u00e9rieure des Arts et M\u00e9tiers<\/li><\/ul>\n\n\n\n<p><a href=\"http:\/\/www.artsetmetiers.fr\" target=\"_blank\" rel=\"noreferrer noopener\" aria-label=\" (s\u2019ouvre dans un nouvel onglet)\">www.artsetmetiers.fr<\/a><\/p>\n\n\n\n<p><strong><em>Entreprises associ\u00e9es \u00e0 la formation<\/em><\/strong><\/p>\n\n\n\n<ul><li>B\u00e2timent &amp; G\u00e9nie climatique <ul><li>Alterea <a href=\"http:\/\/www.alterea.fr\" target=\"_blank\" rel=\"noreferrer noopener\" aria-label=\" (s\u2019ouvre dans un nouvel onglet)\">www.alterea.fr<\/a><\/li><li>Centre Scientifique et Technique du B\u00e2timent <a href=\"http:\/\/www.cstb.fr\" target=\"_blank\" rel=\"noreferrer noopener\" aria-label=\" (s\u2019ouvre dans un nouvel onglet)\">www.cstb.fr<\/a><\/li><li>Alto Ing\u00e9nierie <a href=\"http:\/\/www.alto-ingenierie.fr\" target=\"_blank\" rel=\"noreferrer noopener\" aria-label=\" (s\u2019ouvre dans un nouvel onglet)\">www.alto-ingenierie.fr<\/a><\/li><li>Espace-Temps <a href=\"http:\/\/www.espace-temps.fr\" target=\"_blank\" rel=\"noreferrer noopener\" aria-label=\" (s\u2019ouvre dans un nouvel onglet)\">www.espace-temps.fr<\/a><\/li><\/ul><\/li><\/ul>\n\n\n\n<ul><li>\u00c9nergie nucl\u00e9aire &amp; radioprotection<ul><li>Institut de Radioprotection et de S\u00fbret\u00e9 Nucl\u00e9aire\u00a0 <a href=\"http:\/\/www.irsn.fr\" target=\"_blank\" rel=\"noreferrer noopener\" aria-label=\" (s\u2019ouvre dans un nouvel onglet)\">www.irsn.fr<\/a><\/li><\/ul><ul><li>Le Commissariat \u00e0 l\u2019\u00e9nergie atomique et aux \u00e9nergies alternatives <a href=\"http:\/\/www.cea.fr\" target=\"_blank\" rel=\"noreferrer noopener\" aria-label=\" (s\u2019ouvre dans un nouvel onglet)\">www.cea.fr<\/a><\/li><\/ul><ul><li>\u00c9lectricit\u00e9 de France\u00a0<a href=\"http:\/\/www.edf.fr\" target=\"_blank\" rel=\"noreferrer noopener\" aria-label=\" (s\u2019ouvre dans un nouvel onglet)\">www.edf.fr<\/a><\/li><\/ul><ul><li>Agence nationale pour la gestion des d\u00e9chets radioactifs <a href=\"http:\/\/www.andra.fr\" target=\"_blank\" rel=\"noreferrer noopener\" aria-label=\" (s\u2019ouvre dans un nouvel onglet)\">www.andra.fr<\/a><\/li><\/ul><\/li><\/ul>\n\n\n\n<ul><li>\u00c9lectricit\u00e9, transport &amp; distribution<ul><li>General Electric <a rel=\"noreferrer noopener\" aria-label=\" (s\u2019ouvre dans un nouvel onglet)\" href=\"http:\/\/www.ge.com\" target=\"_blank\">www.ge.com<\/a><\/li><\/ul><ul><li>ENEDIS <a href=\"http:\/\/www.enedis.fr\">www<\/a><a rel=\"noreferrer noopener\" aria-label=\". (s\u2019ouvre dans un nouvel onglet)\" href=\"http:\/\/www.enedis.fr\" target=\"_blank\">.<\/a><a href=\"http:\/\/www.enedis.fr\">enedis.fr<\/a><\/li><\/ul><ul><li>Valeo <a rel=\"noreferrer noopener\" aria-label=\" (s\u2019ouvre dans un nouvel onglet)\" href=\"http:\/\/www.valeo.com\" target=\"_blank\">www.valeo.com<\/a><\/li><li>Orano <a rel=\"noreferrer noopener\" href=\"http:\/\/www.orano.group\" target=\"_blank\">www.orano.group<\/a> <\/li><\/ul><\/li><\/ul>\n\n\n\n<ul><li>\u00c9nergies renouvelables<ul><li>ENGIE <a rel=\"noreferrer noopener\" aria-label=\" (s\u2019ouvre dans un nouvel onglet)\" href=\"http:\/\/www.engie.com\" target=\"_blank\">www.engie.com<\/a><br><\/li><\/ul><\/li><li>Mobilit\u00e9<ul><li>IFP \u00c9nergies nouvelles <a rel=\"noreferrer noopener\" aria-label=\" (s\u2019ouvre dans un nouvel onglet)\" href=\"http:\/\/www.ifpenergiesnouvelles.fr\" target=\"_blank\">www.ifpenergiesnouvelles.fr<\/a><br><\/li><\/ul><\/li><li>R\u00e9seau de chaleur<ul><li>Compagnie parisienne de chauffage urbain <a href=\"http:\/\/www.cpcu.fr\">www.cpcu.fr<\/a><br><\/li><\/ul><\/li><li>\u00c9nergie, l\u00e9gislation &amp; \u00e9conomie<ul><li>Aymaing <a rel=\"noreferrer noopener\" aria-label=\" (s\u2019ouvre dans un nouvel onglet)\" href=\"http:\/\/www.ayming.fr\" target=\"_blank\">www.ayming.fr<\/a><\/li><\/ul><\/li><\/ul>\n\n\n\n<p><\/p>\n","protected":false},"excerpt":{"rendered":"<p>Les partenaires acad\u00e9miques &amp; industriels La formation est soutenue par la fondation EDF https:\/\/www.edf.fr\/groupe-edf\/responsable-et-engage\/solidarite-progres-culture-sport\/solidarite-progres Formation lab\u00e9lis\u00e9e par l\u2019Institut Internationale de l\u2019Energie Nucl\u00e9aire www.i2en.fr Centre de Formation des Apprentis \u2013 FORMASUP Paris http:\/\/formasup-paris.fr\/ Organismes de recherche et de formation Centre National de la Recherche Scientifique www.cnrs.fr www.in2p3.cnrs.fr Institut National des Sciences et Techniques Nucl\u00e9aire www-instn.cea.fr Le &hellip; <a href=\"https:\/\/hebergement.universite-paris-saclay.fr\/licence-pro-tpe\/index.php\/partenaires\/\">Continue reading <span class=\"meta-nav\">&rarr;<\/span><\/a><\/p>\n","protected":false},"author":1,"featured_media":0,"parent":0,"menu_order":0,"comment_status":"closed","ping_status":"closed","template":"","meta":{"footnotes":""},"_links":{"self":[{"href":"https:\/\/hebergement.universite-paris-saclay.fr\/licence-pro-tpe\/index.php\/wp-json\/wp\/v2\/pages\/554"}],"collection":[{"href":"https:\/\/hebergement.universite-paris-saclay.fr\/licence-pro-tpe\/index.php\/wp-json\/wp\/v2\/pages"}],"about":[{"href":"https:\/\/hebergement.universite-paris-saclay.fr\/licence-pro-tpe\/index.php\/wp-json\/wp\/v2\/types\/page"}],"author":[{"embeddable":true,"href":"https:\/\/hebergement.universite-paris-saclay.fr\/licence-pro-tpe\/index.php\/wp-json\/wp\/v2\/users\/1"}],"replies":[{"embeddable":true,"href":"https:\/\/hebergement.universite-paris-saclay.fr\/licence-pro-tpe\/index.php\/wp-json\/wp\/v2\/comments?post=554"}],"version-history":[{"count":7,"href":"https:\/\/hebergement.universite-paris-saclay.fr\/licence-pro-tpe\/index.php\/wp-json\/wp\/v2\/pages\/554\/revisions"}],"predecessor-version":[{"id":656,"href":"https:\/\/hebergement.universite-paris-saclay.fr\/licence-pro-tpe\/index.php\/wp-json\/wp\/v2\/pages\/554\/revisions\/656"}],"wp:attachment":[{"href":"https:\/\/hebergement.universite-paris-saclay.fr\/licence-pro-tpe\/index.php\/wp-json\/wp\/v2\/media?parent=554"}],"curies":[{"name":"wp","href":"https:\/\/api.w.org\/{rel}","templated":true}]}}