{"id":2,"date":"2020-07-23T09:24:00","date_gmt":"2020-07-23T08:24:00","guid":{"rendered":"http:\/\/hebergement.u-psud.fr\/wptest\/?page_id=2"},"modified":"2020-09-09T22:19:42","modified_gmt":"2020-09-09T21:19:42","slug":"accueil","status":"publish","type":"page","link":"https:\/\/hebergement.universite-paris-saclay.fr\/m2dfe\/","title":{"rendered":"Master 2 &#8211; Dynamique des Fluides et \u00c9nerg\u00e9tique"},"content":{"rendered":"<div class=\"field__item\">\n<p>Le Master 2 Dynamique des Fluides et Energ\u00e9tique, \u00e0 finalit\u00e9 \u00e0 la fois fondamentale et appliqu\u00e9e, forme les \u00e9tudiants aux concepts clefs de la m\u00e9canique des fluides et des transferts thermiques, mais aussi aux outils num\u00e9riques et exp\u00e9rimentaux pr\u00e9sents aujourd&rsquo;hui dans les laboratoires de recherche et dans l&rsquo;industrie.<\/p>\n<p>La m\u00e9canique des fluides et les transferts thermiques sont au c\u0153ur de nombreux m\u00e9tiers en lien direct avec les grands d\u00e9fis soci\u00e9taux d&rsquo;efficacit\u00e9 \u00e9nerg\u00e9tique et de d\u00e9veloppement des \u00e9nergies renouvelables. Ces d\u00e9fis sont pr\u00e9sents dans le domaine des transports (a\u00e9ronautique, automobile), de l&rsquo;exploitation des \u00e9nergies fossiles (p\u00e9trole) et renouvelables (\u00e9oliennes, hydroliennes), du b\u00e2timent ou encore des proc\u00e9d\u00e9s industriels (agro-alimentaires). Au-del\u00e0 de ces enjeux, la m\u00e9canique des fluides constitue un domaine de recherche fondamentale tr\u00e8s actif pour les sciences de la terre, l&rsquo;astrophysique ou les sciences du vivant.<\/p>\n<p>Les points forts de ce Master 2 sont le couplage entre m\u00e9canique et physique, et l&rsquo;\u00e9quilibre entre approches exp\u00e9rimentale, num\u00e9rique et th\u00e9orique. L&rsquo;objectif est de former des \u00e9tudiants aux sujets de recherche les plus en pointe dans le domaine des fluides complexes et milieux divis\u00e9s, de la turbulence, de l&rsquo;a\u00e9rodynamique et du contr\u00f4le des \u00e9coulements, de la magn\u00e9tohydrodynamique. Un accent particulier est mis sur la ma\u00eetrise des outils num\u00e9riques (notamment des logiciels de CFD, Computational Fluid Dynamics, pour la m\u00e9canique des fluides et les transferts thermiques) et des outils de diagnostics modernes utilis\u00e9s en m\u00e9canique des fluides, tr\u00e8s recherch\u00e9e dans les d\u00e9partements de R&amp;D des grandes entreprises.<\/p>\n<\/div>\n","protected":false},"excerpt":{"rendered":"<p>Le Master 2 Dynamique des Fluides et Energ\u00e9tique, \u00e0 finalit\u00e9 \u00e0 la fois fondamentale et appliqu\u00e9e, forme les \u00e9tudiants aux concepts clefs de la m\u00e9canique des fluides et des transferts thermiques, mais aussi aux outils num\u00e9riques et exp\u00e9rimentaux pr\u00e9sents aujourd&rsquo;hui dans les laboratoires de recherche et dans l&rsquo;industrie. La m\u00e9canique des fluides et les transferts &hellip; <a href=\"https:\/\/hebergement.universite-paris-saclay.fr\/m2dfe\/\" class=\"more-link\">Continuer la lecture de <span class=\"screen-reader-text\">Master 2 &#8211; Dynamique des Fluides et \u00c9nerg\u00e9tique<\/span> <span class=\"meta-nav\">&rarr;<\/span><\/a><\/p>\n","protected":false},"author":1,"featured_media":0,"parent":0,"menu_order":0,"comment_status":"closed","ping_status":"closed","template":"","meta":{"footnotes":""},"class_list":["post-2","page","type-page","status-publish","hentry"],"_links":{"self":[{"href":"https:\/\/hebergement.universite-paris-saclay.fr\/m2dfe\/wp-json\/wp\/v2\/pages\/2","targetHints":{"allow":["GET"]}}],"collection":[{"href":"https:\/\/hebergement.universite-paris-saclay.fr\/m2dfe\/wp-json\/wp\/v2\/pages"}],"about":[{"href":"https:\/\/hebergement.universite-paris-saclay.fr\/m2dfe\/wp-json\/wp\/v2\/types\/page"}],"author":[{"embeddable":true,"href":"https:\/\/hebergement.universite-paris-saclay.fr\/m2dfe\/wp-json\/wp\/v2\/users\/1"}],"replies":[{"embeddable":true,"href":"https:\/\/hebergement.universite-paris-saclay.fr\/m2dfe\/wp-json\/wp\/v2\/comments?post=2"}],"version-history":[{"count":4,"href":"https:\/\/hebergement.universite-paris-saclay.fr\/m2dfe\/wp-json\/wp\/v2\/pages\/2\/revisions"}],"predecessor-version":[{"id":255,"href":"https:\/\/hebergement.universite-paris-saclay.fr\/m2dfe\/wp-json\/wp\/v2\/pages\/2\/revisions\/255"}],"wp:attachment":[{"href":"https:\/\/hebergement.universite-paris-saclay.fr\/m2dfe\/wp-json\/wp\/v2\/media?parent=2"}],"curies":[{"name":"wp","href":"https:\/\/api.w.org\/{rel}","templated":true}]}}