{"id":256,"date":"2020-09-14T10:23:00","date_gmt":"2020-09-14T09:23:00","guid":{"rendered":"http:\/\/hebergement.universite-paris-saclay.fr\/m2dfe\/?page_id=256"},"modified":"2020-09-10T11:52:36","modified_gmt":"2020-09-10T10:52:36","slug":"mentions-legales","status":"publish","type":"page","link":"https:\/\/hebergement.universite-paris-saclay.fr\/m2dfe\/mentions-legales\/","title":{"rendered":"Mentions l\u00e9gales"},"content":{"rendered":"\n<p><strong>Universit\u00e9 Paris-Saclay<\/strong> &#8211; Master 2 Dynamique des Fluides et Energ\u00e9tique<\/p>\n\n\n\n<p>Rue Louis de Broglie<br>Universit\u00e9 Paris-Saclay<br>91405 Orsay<\/p>\n\n\n\n<p>Directeur de la publication : Fr\u00e9d\u00e9ric Moisy, responsable du Master 2 DFE<\/p>\n\n\n\n<h2 class=\"wp-block-heading\">H\u00e9bergement<\/h2>\n\n\n\n<p>Direction Informatique<br>B\u00e2timent 210<br>15, rue Georges Clemenceau<br>91405 Orsay Cedex<\/p>\n\n\n\n<h2 class=\"wp-block-heading\">Propri\u00e9t\u00e9 intellectuelle<\/h2>\n\n\n\n<p>Le site du master 2 DFE de l&rsquo;Universit\u00e9 Paris-Saclay est une \u0153uvre de cr\u00e9ation, propri\u00e9t\u00e9 exclusive de l&rsquo;Universit\u00e9 Paris-Saclay, prot\u00e9g\u00e9 par la l\u00e9gislation fran\u00e7aise et internationale sur le droit de la propri\u00e9t\u00e9 intellectuelle. Aucune reproduction ou repr\u00e9sentation ne peut \u00eatre r\u00e9alis\u00e9e en contravention avec les droits de l&rsquo;Universit\u00e9 Paris-Saclay issus de la l\u00e9gislation susvis\u00e9e.<\/p>\n\n\n\n<h2 class=\"wp-block-heading\">Gestion des donn\u00e9es personnelles<\/h2>\n\n\n\n<p>Une donn\u00e9e \u00e0 caract\u00e8re personnel d\u00e9signe toute information permettant d\u2019identifier directement ou indirectement une personne physique. Nous sommes susceptibles de recueillir et de conserver vos Donn\u00e9es Personnelles, notamment lorsque vous :<\/p>\n\n\n\n<pre class=\"wp-block-code\"><code>- naviguez sur le site\n- nous contactez<\/code><\/pre>\n\n\n\n<p>Ces donn\u00e9es sont utilis\u00e9es pour r\u00e9pondre \u00e0 votre demande. Ces informations ne sont pas transmises ni vendues \u00e0 des tiers.<\/p>\n\n\n\n<p>Les cookies n\u00e9cessaires sont ceux li\u00e9s au fonctionnement de l&rsquo;espace connect\u00e9 et la barre de notification qui peut \u00eatre utilis\u00e9e sur le site.<\/p>\n\n\n\n<p>Conform\u00e9ment \u00e0 la loi n\u00b0 78-17 du 6 janvier 1978, relative \u00e0 l&rsquo;Informatique, aux fichiers et aux Libert\u00e9s (articles 38, 39, 40), vous disposez d&rsquo;un droit d&rsquo;acc\u00e8s, de rectification et de suppression des donn\u00e9es vous concernant, en ligne sur ce site. Pour exercer ce droit, vous pouvez nous envoyer un message \u00e0 l&rsquo;adresse suivante : nicolas.grenier [at] universite-paris-saclay.fr. Au besoin, en fonction de la demande, l\u2019Universit\u00e9 Paris-Saclay est en droit de vous demander de compl\u00e9ter votre message par une demande \u00e9crite et sign\u00e9e, accompagn\u00e9e d\u2019une copie du titre d\u2019identit\u00e9 avec signature du titulaire de la pi\u00e8ce, en pr\u00e9cisant l\u2019adresse \u00e0 laquelle la r\u00e9ponse doit \u00eatre envoy\u00e9e.<\/p>\n\n\n\n<h2 class=\"wp-block-heading\">Liens hypertextes<\/h2>\n\n\n\n<p>Le site https:\/\/hebergement.universite-paris-saclay.fr\/m2dfe contient de nombreux liens hypertextes vers d\u2019autres sites, mis en place avec l\u2019autorisation de l\u2019Universit\u00e9 Paris-Saclay. Cependant, l\u2019Universit\u00e9 Paris-Saclay n\u2019a pas la possibilit\u00e9 de v\u00e9rifier le contenu des sites ainsi visit\u00e9s, et n\u2019assumera en cons\u00e9quence aucune responsabilit\u00e9 de ce fait.<\/p>\n\n\n\n<h2 class=\"wp-block-heading\">Cookies<\/h2>\n\n\n\n<p>Un cookie est un petit fichier d\u2019information stock\u00e9 par votre navigateur Internet sur le terminal (ex : disque dur de votre ordinateur). Un fichier cookie permet \u00e0 son \u00e9metteur, pendant sa dur\u00e9e de validit\u00e9, de reconna\u00eetre le terminal concern\u00e9 \u00e0 chaque fois que ce terminal acc\u00e8de \u00e0 un contenu num\u00e9rique comportant des cookies du m\u00eame \u00e9metteur.<\/p>\n\n\n\n<p>Notre cookie ne contient aucune information d\u2019identification personnelle ; il ne fait qu\u2019enregistrer des informations relatives \u00e0 la navigation d\u2019un terminal (ordinateur, smartphone, etc.) sur notre site. Il nous permet :<\/p>\n\n\n\n<pre class=\"wp-block-code\"><code>d\u2019\u00e9tablir des statistiques et volumes de fr\u00e9quentation et d\u2019utilisation des divers \u00e9l\u00e9ments composant notre site\nd\u2019adapter la pr\u00e9sentation de notre site aux pr\u00e9f\u00e9rences d\u2019affichage de votre terminal (r\u00e9solution, syst\u00e8me d\u2019exploitation utilis\u00e9, etc.).<\/code><\/pre>\n\n\n\n<p>Vous pouvez \u00e0 tout moment configurer votre logiciel de navigation de mani\u00e8re \u00e0 ce que des cookies soient enregistr\u00e9s dans votre terminal ou, au contraire, qu\u2019ils soient rejet\u00e9s, de mani\u00e8re ponctuelle ou non. La configuration est d\u00e9crite dans le menu d\u2019aide de votre navigateur. Voici ci-dessous les op\u00e9rations \u00e0 effectuer pour les navigateurs principaux :<\/p>\n\n\n\n<p>Internet Explorer\/Edge : s\u00e9lectionnez le bouton \u00ab Outils \u00bb (icone rouage en haut \u00e0 droite), puis \u00ab Options Internet \u00bb. S\u00e9lectionnez l\u2019onglet \u00ab Confidentialit\u00e9 \u00bb, puis sous \u00ab Param\u00e8tres \u00bb d\u00e9placez le curseur vers le haut pour bloquer tous les cookies ou vers le bas pour autoriser tous les cookies, puis cliquez sur OK.<\/p>\n\n\n\n<p>Firefox : cliquez sur le bouton de menu en haut \u00e0 droite et s\u00e9lectionnez \u00ab Options \u00bb. S\u00e9lectionnez le panneau \u00ab Vie priv\u00e9e et s\u00e9curit\u00e9 \u00bb et rendez-vous \u00e0 la section \u00ab Historique \u00bb. Dans le menu d\u00e9roulant \u00e0 c\u00f4t\u00e9 de \u00ab R\u00e8gles de conservation \u00bb choisissez \u00ab Utiliser les param\u00e8tres personnalis\u00e9s pour l&rsquo;historique \u00bb. Cochez la case \u00ab Accepter les cookies \u00bb pour activer les cookies, ou d\u00e9cochez-la pour les d\u00e9sactiver.<\/p>\n\n\n\n<p>Google Chrome : cliquez sur le bouton de menu en haut \u00e0 droite et s\u00e9lectionnez \u00ab Param\u00e8tres \u00bb. En bas, cliquez sur Avanc\u00e9s. Dans la section \u00ab\u00a0Confidentialit\u00e9 et s\u00e9curit\u00e9\u00a0\u00bb, cliquez sur \u00ab Param\u00e8tres du contenu \u00bb. Cliquez sur \u00ab Cookies \u00bb. Vous pouvez alors activer les cookies : \u00e0 c\u00f4t\u00e9 de \u00ab\u00a0Bloqu\u00e9s\u00a0\u00bb, mettez le bouton en position activ\u00e9e.<\/p>\n\n\n\n<p>Safari : choisissez Safari &gt; Pr\u00e9f\u00e9rences, cliquez sur Confidentialit\u00e9, puis indiquez votre choix.<\/p>\n\n\n\n<h2 class=\"wp-block-heading\"><br>Cr\u00e9dits photos<\/h2>\n\n\n\n<p>Toute copie, totale ou partielle des images pr\u00e9sentes sur ce site, ne peut se faire sans l&rsquo;accord du propri\u00e9taire sp\u00e9cifi\u00e9 dans les cr\u00e9dits.<\/p>\n\n\n\n<p>En cas d&rsquo;erreur ou d&rsquo;oubli d&rsquo;affichage des cr\u00e9dits, n&rsquo;h\u00e9sitez pas \u00e0 nous contacter \u00e0 l&rsquo;adresse suivante : nicolas.grenier [at ] universite-paris-saclay.fr.<\/p>\n","protected":false},"excerpt":{"rendered":"<p>Universit\u00e9 Paris-Saclay &#8211; Master 2 Dynamique des Fluides et Energ\u00e9tique Rue Louis de BroglieUniversit\u00e9 Paris-Saclay91405 Orsay Directeur de la publication : Fr\u00e9d\u00e9ric Moisy, responsable du Master 2 DFE H\u00e9bergement Direction InformatiqueB\u00e2timent 21015, rue Georges Clemenceau91405 Orsay Cedex Propri\u00e9t\u00e9 intellectuelle Le site du master 2 DFE de l&rsquo;Universit\u00e9 Paris-Saclay est une \u0153uvre de cr\u00e9ation, propri\u00e9t\u00e9 exclusive &hellip; <a href=\"https:\/\/hebergement.universite-paris-saclay.fr\/m2dfe\/mentions-legales\/\" class=\"more-link\">Continuer la lecture de <span class=\"screen-reader-text\">Mentions l\u00e9gales<\/span> <span class=\"meta-nav\">&rarr;<\/span><\/a><\/p>\n","protected":false},"author":1,"featured_media":0,"parent":0,"menu_order":0,"comment_status":"closed","ping_status":"closed","template":"","meta":{"footnotes":""},"class_list":["post-256","page","type-page","status-publish","hentry"],"_links":{"self":[{"href":"https:\/\/hebergement.universite-paris-saclay.fr\/m2dfe\/wp-json\/wp\/v2\/pages\/256","targetHints":{"allow":["GET"]}}],"collection":[{"href":"https:\/\/hebergement.universite-paris-saclay.fr\/m2dfe\/wp-json\/wp\/v2\/pages"}],"about":[{"href":"https:\/\/hebergement.universite-paris-saclay.fr\/m2dfe\/wp-json\/wp\/v2\/types\/page"}],"author":[{"embeddable":true,"href":"https:\/\/hebergement.universite-paris-saclay.fr\/m2dfe\/wp-json\/wp\/v2\/users\/1"}],"replies":[{"embeddable":true,"href":"https:\/\/hebergement.universite-paris-saclay.fr\/m2dfe\/wp-json\/wp\/v2\/comments?post=256"}],"version-history":[{"count":3,"href":"https:\/\/hebergement.universite-paris-saclay.fr\/m2dfe\/wp-json\/wp\/v2\/pages\/256\/revisions"}],"predecessor-version":[{"id":259,"href":"https:\/\/hebergement.universite-paris-saclay.fr\/m2dfe\/wp-json\/wp\/v2\/pages\/256\/revisions\/259"}],"wp:attachment":[{"href":"https:\/\/hebergement.universite-paris-saclay.fr\/m2dfe\/wp-json\/wp\/v2\/media?parent=256"}],"curies":[{"name":"wp","href":"https:\/\/api.w.org\/{rel}","templated":true}]}}