{"id":169,"date":"2019-06-11T20:08:50","date_gmt":"2019-06-11T19:08:50","guid":{"rendered":"http:\/\/hebergement.u-psud.fr\/nouet\/?page_id=169"},"modified":"2025-01-24T12:47:20","modified_gmt":"2025-01-24T11:47:20","slug":"congres","status":"publish","type":"page","link":"https:\/\/hebergement.universite-paris-saclay.fr\/nouet\/?page_id=169","title":{"rendered":"Congr\u00e8s"},"content":{"rendered":"\n<p>37 communications avec acte : <\/p>\n\n\n\n<hr class=\"wp-block-separator has-alpha-channel-opacity\"\/>\n\n\n\n<ul>\n<li>Pons-Branchu E, Sanchidri\u00e1n JL, Medina-Alcaide MA, Quiles A, Dumoulin JP, Tisn\u00e9rat-Laborde N, Barbarand J, <strong>Nouet J <\/strong>, Valladas H, 2024. Datations crois\u00e9es par les m\u00e9thodes uranium-thorium et 14C des voiles carbonat\u00e9s en grotte orn\u00e9e. Cas d\u2019\u00e9tude en Espagne. <em>Datations \u00ab absolues \u00bb en arch\u00e9ologie : actes du 8e s\u00e9minaire scientifique et technique de l\u2019Inrap, 3-4 d\u00e9c. 2024, Orsay<\/em>.<\/li>\n<\/ul>\n\n\n\n<hr class=\"wp-block-separator has-alpha-channel-opacity\"\/>\n\n\n\n<ul>\n<li>Karsenti A, Skonieczny C, Duchamp-Alphonse S, Zhou X, Labidi K, Musial N, Alves A, Leblanc M, <strong>Nouet J<\/strong>, Plautre A, Bertrand S, Moreno E, Bartolini A, Kissel C, Bassinot F, 2024. Forcing factors behind primary productivity variabilities in Western Arabian Sea since the Last Glacial Maximum: an important role of mineral dust supplies. <em>EGU 2024.<\/em><\/li>\n<\/ul>\n\n\n\n<hr class=\"wp-block-separator has-css-opacity\"\/>\n\n\n\n<ul>\n<li>Karsenti A, Skonieczny C, Duchamp-Alphonse S, Zhou X, Labidi K, Miska S, <strong>Nouet J<\/strong>, Dufaure O, Kissel C, Bassinot F, 2022. Influence of mineral dust inputs on primary productivity in the Northwestern Arabian Sea since the last glacial maximum. <em>14<\/em><sup><em>th<\/em><\/sup><em>&nbsp;International Conference on Paleoceanography<\/em>.<\/li>\n<\/ul>\n\n\n\n<hr class=\"wp-block-separator has-css-opacity\"\/>\n\n\n\n<ul class=\"justify-text\">\n<li>Leblanc M,&nbsp;Skonieczny<sup> <\/sup>C, Bory<sup> <\/sup>A,&nbsp;Bout-Roumazeille V, Miska S,&nbsp;Abraham R,&nbsp;Delattre M,&nbsp;<strong>Nouet J,<\/strong> Malaiz\u00e9 B, 2021. Hydroclimate and atmospheric circulation over North Africa through the last two climatic cycles reconstructed from dust deposited off West Africa. <em>EGU 2021 <\/em>.<\/li>\n<\/ul>\n\n\n\n<hr class=\"wp-block-separator has-css-opacity\"\/>\n\n\n\n<ul class=\"justify-text\">\n<li>Duteil T, Bourillot R, Visscher P, Gregoire B, Braissant O, Brigaud B, Virolle M, <strong>Nouet J<\/strong>, Portier E, Patrier P, Fenies H, Gontier E, Svahn I, 2019. Bioflm exopolymeric substances induce the aggregation of clay and sand in sedimentary environments. <em>M-fed Conference &amp; Workshop 2019, Dijon<\/em>.<\/li>\n<\/ul>\n\n\n\n<hr class=\"wp-block-separator has-css-opacity\"\/>\n\n\n\n<ul class=\"justify-text\">\n<li>Lahbib Y, Slama T, Abidli S, <strong>Nouet J<\/strong>, El Menif NT, 2019. Analyse microstructural et morphom\u00e9trique de la coquille du gast\u00e9ropode marin Hexaplex trunculus pr\u00e9lev\u00e9 dans les c\u00f4tes Tunisiennes, <em>Atutax Tunisie 2019.<\/em><\/li>\n<\/ul>\n\n\n\n<hr class=\"wp-block-separator has-css-opacity\"\/>\n\n\n\n<ul class=\"justify-text\">\n<li>Slama T, Abidli S, Lahbib Y, <strong>Nouet J<\/strong>, El Menif NT, 2019. Actualisation de la distribution g\u00e9ographique du gast\u00e9ropode non indig\u00e8ne Siphonaria pectinata le long des c\u00f4tes Tunisiennes,<em> Atutax Tunisie 2019.<\/em><\/li>\n<\/ul>\n\n\n\n<hr class=\"wp-block-separator has-css-opacity\"\/>\n\n\n\n<ul class=\"justify-text\">\n<li>Gaspard D,&nbsp;<strong>Nouet <\/strong>J, 2016. Levels of hierarchy in the organization of calcite secondary shell layers.&nbsp;A modern rhynchonelliform brachiopod:&nbsp;<em>Aerothyris kerguelenensis&nbsp;<\/em>(Davidson) <em>BIOMIN13, abstract-619<\/em>.<\/li>\n<\/ul>\n\n\n\n<hr class=\"wp-block-separator has-css-opacity\"\/>\n\n\n\n<ul class=\"justify-text\">\n<li>Cuif JP, Bendounan A, Chevallard C, Dauphin Y,&nbsp;<strong>Nouet <\/strong>J, Sirotti F, 2013.&nbsp;Evidence for physical bonding between calcium and mineralizing matrices through synchrotron-based photoemisson spectroscopy.&nbsp;<em>BIOMIN12<\/em>, abstract ATM-T08, p. 4 and talk<\/li>\n<\/ul>\n\n\n\n<hr class=\"wp-block-separator has-css-opacity\"\/>\n\n\n\n<ul class=\"justify-text\">\n<li>Maestropietro F, Godard P, Allain M, Cuif JP, Dauphin Y,&nbsp;<strong>Nouet<\/strong> J, Chevallard C, Daillant J, Burghammer M, Chamard V, 2014.&nbsp;Reticulated nanostructures in calcareous biocrystals imaged by 3D Bragg ptychography. <em>Coherence 2014<\/em>, Evanston IL 60208; 08\/2014<\/li>\n<\/ul>\n\n\n\n<hr class=\"wp-block-separator has-css-opacity\"\/>\n\n\n\n<ul class=\"justify-text\">\n<li>Dauphin Y, Cuif JP,&nbsp;<strong>Nouet<\/strong> J, Salom\u00e9 M, Farre B, Brunelle A, Meibom A, Williams CT, 2013.&nbsp;Chemical mapping of calcareous biominerals: implication on their growth mode.&nbsp;<em>BIOMIN12<\/em>, abstract ATM-T11, p. 5 and talk<\/li>\n<\/ul>\n\n\n\n<hr class=\"wp-block-separator has-css-opacity\"\/>\n\n\n\n<ul class=\"justify-text\">\n<li><strong>Nouet<\/strong> J, Chevallard C, Farre B, Nehrke G, Stoetzel E, Nespoulet R, 2013. Evolution diag\u00e9n\u00e9tique de coquilles de Mollusques en contexte arch\u00e9ologique : les patelles de la grotte El Harhoura 2 (T\u00e9mara, Maroc).<em>14\u00e8&nbsp; cong. fran\u00e7ais s\u00e9dim.<\/em>, Paris 4-8 nov, r\u00e9sum\u00e9 p. 303&nbsp;<\/li>\n<\/ul>\n\n\n\n<hr class=\"wp-block-separator has-css-opacity\"\/>\n\n\n\n<ul class=\"justify-text\">\n<li>Quantin C,&nbsp;<strong>Nouet <\/strong>J, Massard P, Dauphin Y, 2013. Pr\u00e9servation des phases min\u00e9rales des os dans les sites arch\u00e9ologiques. <em>14\u00e8&nbsp; cong. fran\u00e7ais s\u00e9dim<\/em>., Paris 4-8 nov, r\u00e9sum\u00e9 p. 340<\/li>\n<\/ul>\n\n\n\n<hr class=\"wp-block-separator has-css-opacity\"\/>\n\n\n\n<ul class=\"justify-text\">\n<li>Chevallard C, Cuif JP, Dauphin Y,&nbsp;<strong>Nouet <\/strong>J, Bendounan A, Sirotti F, 2013. XPS measurements of Ca-binding energies in macromolecular compounds involved in crystallization of biocarbonates.&nbsp;<em>SOLEIL users&rsquo; meeting 2013<\/em>, 23\/24 jan., abstract (PO20) and poster.<\/li>\n<\/ul>\n\n\n\n<hr class=\"wp-block-separator has-css-opacity\"\/>\n\n\n\n<ul class=\"justify-text\">\n<li>Cuif JP, Dauphin Y,&nbsp;<strong>Nouet <\/strong>J, 2012. Pearls as biomineralization models for layered growth and crystallization.&nbsp;<em>Goldschmidt conf<\/em>., Montreal, abstract and talk.<\/li>\n<\/ul>\n\n\n\n<hr class=\"wp-block-separator has-css-opacity\"\/>\n\n\n\n<ul class=\"justify-text\">\n<li><strong>Nouet <\/strong>J<strong>,&nbsp;<\/strong>Baronnet A, Nerhke G, 2011. Organisations microstructurales et compositions biochimiques des couches lamellaires croisees des coquilles de Mollusques.&nbsp;<em>13\u00e8 journ\u00e9es Fr. Biol. Tis. Mineral<\/em>., 25-27 mai, poster and abstract<\/li>\n<\/ul>\n\n\n\n<hr class=\"wp-block-separator has-css-opacity\"\/>\n\n\n\n<ul class=\"justify-text\">\n<li><strong>Nouet<\/strong> J, 2011. Were limpets (Mollusca) used as dietary resources by Middle Paleolithic littoral populations (El Harhoura 2 cave, Rabat &#8211; Temara, Morocco) ? &nbsp;<em>Journ\u00e9e de restitution AIR arch\u00e9om\u00e9trie<\/em>, 25 nov, CNRS, abstract &nbsp;(p. 3) and oral presentation<\/li>\n<\/ul>\n\n\n\n<hr class=\"wp-block-separator has-css-opacity\"\/>\n\n\n\n<ul class=\"justify-text\">\n<li>Dauphin Y, Cuif JP, Farre B,&nbsp;<strong>Nouet <\/strong>J, 2011. The multiscale organo-mineral interplay in calcareous biominerals.&nbsp;<em>11th Intern. Symp. Biomineralisation \u00ab\u00a0BIOMIN 11\u00a0\u00bb<\/em>,&nbsp;abstract, p. 15<\/li>\n<\/ul>\n\n\n\n<hr class=\"wp-block-separator has-css-opacity\"\/>\n\n\n\n<ul class=\"justify-text\">\n<li>Farre B, Brunelle A,&nbsp;<strong>Nouet <\/strong>J, 2011. Chemical composition of the nacreous layer of Pinctada margaritifera and structural position of specific molecules.&nbsp;<em>11th Intern. Symp. Biomineralisation \u00ab\u00a0BIOMIN 11\u00a0\u00bb<\/em>,&nbsp;abstract, p. 39<\/li>\n<\/ul>\n\n\n\n<hr class=\"wp-block-separator has-css-opacity\"\/>\n\n\n\n<ul class=\"justify-text\">\n<li>Cuif JP, Dauphin Y,&nbsp;<strong>Nouet <\/strong>J, 2011. What pearls tell us about biomineralzation.&nbsp;<em>11th Intern. Symp. Biomineralisation \u00ab\u00a0BIOMIN 11\u00a0\u00bb<\/em>, abstract, p. 18<\/li>\n<\/ul>\n\n\n\n<hr class=\"wp-block-separator has-css-opacity\"\/>\n\n\n\n<ul class=\"justify-text\">\n<li><strong>Nouet<\/strong> J, Baronnet A, Howard L, Nerhke G, 2011. Sub-micrometric granular units within mollusk crossed-lamellar shell layers: example of Nerita undata (Gastropoda, Neritopsina). <em>11th Intern. Symp. Biomineralisation \u00ab\u00a0BIOMIN 11\u00a0\u00bb<\/em>,&nbsp;abstract, p. 70- best poster award.<\/li>\n<\/ul>\n\n\n\n<hr class=\"wp-block-separator has-css-opacity\"\/>\n\n\n\n<ul class=\"justify-text\">\n<li>Cuif JP, Dauphin Y, <strong>Nouet <\/strong>J, 2010. The layered growth and reticulated crystallization of the coral fibers.&nbsp;<em>Geochim.Cosmoch. Acta<\/em>, 74, 12, supplt 1, Goldschmidt Conference Abstracts, A199.<\/li>\n<\/ul>\n\n\n\n<hr class=\"wp-block-separator has-css-opacity\"\/>\n\n\n\n<ul class=\"justify-text\">\n<li>Baronnet A, Grauby O,&nbsp;<strong>Nouet <\/strong>J, Cuif JP, Dauphin Y,&nbsp;2010. The Ca-carbonate bio crystal status in mollusk seashells revisited.&nbsp;<em>Geochim. Cosmoch. Acta<\/em>, 74, 12, supplt 1, Goldschmidt Conference Abstracts, A54.<\/li>\n<\/ul>\n\n\n\n<hr class=\"wp-block-separator has-css-opacity\"\/>\n\n\n\n<ul class=\"justify-text\">\n<li><strong>Nouet<\/strong> J, Dauphin Y, Farre B, 2010. Occurrence of lipids in the crossed lamellar layers of molluscan shells.&nbsp;<em>Geochim. Cosmoch. Acta<\/em>, 74, 12, supplt 1, Goldschmidt Conference Abstracts, A766<\/li>\n<\/ul>\n\n\n\n<hr class=\"wp-block-separator has-css-opacity\"\/>\n\n\n\n<ul class=\"justify-text\">\n<li>Dauphin Y, Cuif JP,&nbsp;<strong>Nouet <\/strong>J, Farre B,&nbsp;2009. Structure, composition et modalites de cristallisation des coquilles de Mollusques. <em>SF\u00b5-2009, symposium<\/em> : Mineraux\/biomineraux et environnement Abstract and poster (missing in the abstract volume)<\/li>\n<\/ul>\n\n\n\n<hr class=\"wp-block-separator has-css-opacity\"\/>\n\n\n\n<ul class=\"justify-text\">\n<li>Cuif JP, Baronnet A, Dauphin Y, Farre B,&nbsp;<strong>Nouet <\/strong>J, Perez-Huerta A, Williams CT, 2008. Unexpected crystals in pearls.&nbsp;<em>2nd EuroMinSci Conf<\/em>., Giens, 31 March- 02 April, abstract and oral presentation.<\/li>\n<\/ul>\n\n\n\n<hr class=\"wp-block-separator has-css-opacity\"\/>\n\n\n\n<ul class=\"justify-text\">\n<li>Nehrke G,&nbsp;<strong>Nouet <\/strong>J, 2008. Structural details of foraminifera tests revealed by an etching technique.&nbsp;<em>Geophysical Research Abstracts<\/em>, vol 10, 02268, 1607-7962\/gra\/EGU2007-A-06191.<\/li>\n<\/ul>\n\n\n\n<hr class=\"wp-block-separator has-css-opacity\"\/>\n\n\n\n<ul class=\"justify-text\">\n<li>Dauphin Y, Dufour E,&nbsp;<strong>Nouet<\/strong> J, 2008. Nanostructures of the aragonitic otolith of cod (<em>Gadus morhua<\/em>) &#8211; environmental implications.&nbsp;<em>Geophysical Research Abstracts<\/em>, vol 10, 03110, 1607-7962\/gra\/EGU2007-A-03110.<\/li>\n<\/ul>\n\n\n\n<hr class=\"wp-block-separator has-css-opacity\"\/>\n\n\n\n<ul class=\"justify-text\">\n<li><strong>Nouet<\/strong> J, Bassinot F, 2008. Cristallinit\u00e9 et teneurs en Mg des tests de&nbsp;<em>Globorotalia tumida&nbsp;<\/em>(foraminif\u00e8re planctonique) par diffractom\u00e9trie X sur poudre : effets de dissolution.&nbsp;<em>RST Nancy<\/em>, 21-24 avril 2008, p. 52 (abstract and oral comm.).<\/li>\n<\/ul>\n\n\n\n<hr class=\"wp-block-separator has-css-opacity\"\/>\n\n\n\n<ul class=\"justify-text\">\n<li><strong>Nouet<\/strong> J, Bassinot F, 2008. The effects of post-deposition dissolution on the crystallinity and Mg\/Ca content of calcite from planktonic foraminifera&nbsp;<em>Globorotalia tumida<\/em>.&nbsp;<em>Geophysical Research Abstracts<\/em>, vol 10, 02552, 1607-7962\/gra\/EGU2007-A-02552.<\/li>\n<\/ul>\n\n\n\n<hr class=\"wp-block-separator has-css-opacity\"\/>\n\n\n\n<ul class=\"justify-text\">\n<li><strong>Nouet<\/strong> J, Cuif JP, Pradel P, 2007. Differential crystallization of high-magnesian calcites in the cortical spicules and axes of the red coral (<em>Corallium rubrum<\/em>) correlated to the biochemical compositions of their mineralizing matrices.&nbsp;<em>Geophysical Research Abstracts<\/em>, vol 9, 02273, 1607-7962\/gra\/EGU2007-A-02273.<\/li>\n<\/ul>\n\n\n\n<hr class=\"wp-block-separator has-css-opacity\"\/>\n\n\n\n<ul class=\"justify-text\">\n<li>Cuif JP, Dauphin Y,&nbsp;<strong>Nouet<\/strong> J, 2007. Nano-crystallization within chemically active glyco-protein hydrogel layers: a possible origin for the long-standing vital effect enigma in the Ca-carbonate skeletons.&nbsp;<em>Geophysical Research Abstracts<\/em>, vol 9, 02268,1607-7962\/gra\/EGU2007-A-02268.<\/li>\n<\/ul>\n\n\n\n<hr class=\"wp-block-separator has-css-opacity\"\/>\n\n\n\n<ul class=\"justify-text\">\n<li><strong>Nouet<\/strong> J, Bassinot F, 2007. An estimation of intra- and extrareticular Mg in biogenic calcites using X-ray diffractometry and ICP-AES.&nbsp;<em>The Oceans in the Earth System<\/em>, Int. Conf. &amp; 97th annual Meet.&nbsp;Geol. Ver., Bremen, abstract and poster, p. 176.<\/li>\n<\/ul>\n\n\n\n<hr class=\"wp-block-separator has-css-opacity\"\/>\n\n\n\n<ul class=\"justify-text\">\n<li>Cuif JP, Dauphin Y, Ball A, Farre B,&nbsp;<strong>Nouet <\/strong>J, Salome M, Williams CT, 2007. Diachronic superposition of distinct crystallisation domains: a parallel between coral and mollusk skeletogenesis.&nbsp;<em>The Oceans in the Earth System<\/em>, Int. Conf. &amp; 97th annual Meet.&nbsp;Geol. Ver., Bremen, abstract and poster, p. 64.<\/li>\n<\/ul>\n\n\n\n<hr class=\"wp-block-separator has-css-opacity\"\/>\n\n\n\n<ul class=\"justify-text\">\n<li>Dauphin Y, Cuif JP, Farre B,&nbsp;<strong>Nouet <\/strong>J, Salome M, Susini J, Williams CT, 2007. Diversity of the intracrystalline organic matrix of molluscan shells.&nbsp;<em>Frontiers in Mineral Sciences<\/em>, 26-28 June Cambridge UK, poster and abstract, p. 73-74.<\/li>\n<\/ul>\n\n\n\n<hr class=\"wp-block-separator has-css-opacity\"\/>\n\n\n\n<ul class=\"justify-text\">\n<li>Cuif JP, Dauphin Y,&nbsp;<strong>Nouet<\/strong> J, Salome M, Susini J, Williams CT, 2006. Distribution des polysaccharides sulfat\u00e9s par les coraux par microXANES: nanostructure des strates de croissance et diagen\u00e8se de coraux triasiques \u00e0 l&rsquo;\u00e9chelle submicronique.&nbsp;<em>21\u00e8me RST<\/em>, Dijon, abstract et oral comm., p. 248.<\/li>\n<\/ul>\n\n\n\n<hr class=\"wp-block-separator has-css-opacity\"\/>\n\n\n\n<ul class=\"justify-text\">\n<li>Dauphin Y, Cuif JP,&nbsp;<strong>Nouet <\/strong>J, Salome M, Susini J, Williams CT, 2006. Le S, marqueur des phases organiques des biomin\u00e9raux carbonat\u00e9s: apport du \u00b5XANES chez les Mollusques.<em>RST<\/em>, Dijon, abst \/ oral., p. 248-249.<\/li>\n<\/ul>\n","protected":false},"excerpt":{"rendered":"<p>37 communications avec acte :<\/p>\n","protected":false},"author":1,"featured_media":0,"parent":0,"menu_order":0,"comment_status":"closed","ping_status":"closed","template":"onecolumn-page.php","meta":[],"_links":{"self":[{"href":"https:\/\/hebergement.universite-paris-saclay.fr\/nouet\/index.php?rest_route=\/wp\/v2\/pages\/169"}],"collection":[{"href":"https:\/\/hebergement.universite-paris-saclay.fr\/nouet\/index.php?rest_route=\/wp\/v2\/pages"}],"about":[{"href":"https:\/\/hebergement.universite-paris-saclay.fr\/nouet\/index.php?rest_route=\/wp\/v2\/types\/page"}],"author":[{"embeddable":true,"href":"https:\/\/hebergement.universite-paris-saclay.fr\/nouet\/index.php?rest_route=\/wp\/v2\/users\/1"}],"replies":[{"embeddable":true,"href":"https:\/\/hebergement.universite-paris-saclay.fr\/nouet\/index.php?rest_route=%2Fwp%2Fv2%2Fcomments&post=169"}],"version-history":[{"count":12,"href":"https:\/\/hebergement.universite-paris-saclay.fr\/nouet\/index.php?rest_route=\/wp\/v2\/pages\/169\/revisions"}],"predecessor-version":[{"id":362,"href":"https:\/\/hebergement.universite-paris-saclay.fr\/nouet\/index.php?rest_route=\/wp\/v2\/pages\/169\/revisions\/362"}],"wp:attachment":[{"href":"https:\/\/hebergement.universite-paris-saclay.fr\/nouet\/index.php?rest_route=%2Fwp%2Fv2%2Fmedia&parent=169"}],"curies":[{"name":"wp","href":"https:\/\/api.w.org\/{rel}","templated":true}]}}