{"id":179,"date":"2019-06-11T21:34:08","date_gmt":"2019-06-11T20:34:08","guid":{"rendered":"http:\/\/hebergement.u-psud.fr\/nouet\/?page_id=179"},"modified":"2024-12-21T15:28:58","modified_gmt":"2024-12-21T14:28:58","slug":"programmes-anr","status":"publish","type":"page","link":"https:\/\/hebergement.universite-paris-saclay.fr\/nouet\/?page_id=179","title":{"rendered":"Programmes ANR"},"content":{"rendered":"\n<hr class=\"wp-block-separator has-alpha-channel-opacity\"\/>\n\n\n\n<ul>\n<li class=\"has-small-font-size\"><a href=\"https:\/\/anr.fr\/Projet-ANR-23-CE01-0012\">EXODIA<\/a> (2023 &#8211; 2026)<\/li>\n<\/ul>\n\n\n\n<p class=\"has-small-font-size\">Les substances EXOpolym\u00e9riques comme catalyseurs des r\u00e9actions DIAg\u00e9n\u00e9tiques: implication pour l&rsquo;accumulation des m\u00e9taux dans les estuaires actuels et anciens.<\/p>\n\n\n\n<p class=\"has-small-font-size\">Porteur du projet : Rapha\u00ebl Bourillot (EPOC)<\/p>\n\n\n\n<hr class=\"wp-block-separator has-css-opacity\"\/>\n\n\n\n<ul>\n<li class=\"has-small-font-size\"><a href=\"https:\/\/anr.fr\/Projet-ANR-22-CE01-0017\">BIOCOD<\/a> (2023 &#8211; 2026)<\/li>\n<\/ul>\n\n\n\n<p class=\"has-small-font-size\">Changements de la productivit\u00e9 BIOlogique et leurs impacts sur le cycle du CarbOne au cours des D\u00e9glaciations pass\u00e9es.<\/p>\n\n\n\n<p class=\"has-small-font-size\">Porteur du projet : S. Duchamps (GEOPS)<\/p>\n\n\n\n<hr class=\"wp-block-separator has-alpha-channel-opacity\"\/>\n\n\n\n<ul>\n<li class=\"has-small-font-size\"><em><a href=\"http:\/\/www.reca.u-psud.fr\">RECA<\/a><\/em> (2018-2023) <\/li>\n<\/ul>\n\n\n\n<p class=\"has-small-font-size\">Reconstructing the influence of climate change on laterite formation.<\/p>\n\n\n\n<p class=\"has-small-font-size\">Porteur du projet : C. Gautheron (GEOPS)<\/p>\n\n\n\n<hr class=\"wp-block-separator has-css-opacity\"\/>\n\n\n\n<ul>\n<li class=\"has-small-font-size\"><a href=\"https:\/\/anr.fr\/Projet-ANR-18-CE27-0004\">ApArt<\/a> (2019-2024) <\/li>\n<\/ul>\n\n\n\n<p class=\"justify-text has-small-font-size\">Datations crois\u00e9es uranium-thorium, uranium-protactinium et carbone-14 de carbonates secondaires en grottes : recherche de crit\u00e8res de validation des \u00e9chantillons et des \u00e2ges : Application \u00e0 l\u2019art pari\u00e9tal. <\/p>\n\n\n\n<p class=\"has-small-font-size\">Porteur du projet : H. Valladas (LSCE)<\/p>\n\n\n\n<hr class=\"wp-block-separator has-css-opacity\"\/>\n\n\n\n<ul>\n<li class=\"has-small-font-size\"><em><a href=\"https:\/\/anr.fr\/Project-ANR-11-BS10-0005\">3D-Ptyccobio<\/a><\/em> (2012-2016) <\/li>\n<\/ul>\n\n\n\n<p class=\"justify-text has-small-font-size\">Three-dimensional Ptychography for Crystal Coherence analysis in calcareous Biominerals. <\/p>\n\n\n\n<p class=\"has-small-font-size\">Porteur du projet : V. Chamard (Institut Fresnel)<\/p>\n\n\n\n<hr class=\"wp-block-separator has-css-opacity\"\/>\n\n\n\n<ul>\n<li class=\"has-small-font-size\"><em>MOHMIE<\/em> (ANR 6\u00e8 extinction, 2010-2013) <\/li>\n<\/ul>\n\n\n\n<p class=\"justify-text has-small-font-size\">Influence de l\u2019installation des hommes modernes au Maroc sur l\u2019\u00e9volution de la biodiversit\u00e9 des petits vert\u00e9br\u00e9s terrestres. <\/p>\n\n\n\n<p class=\"has-small-font-size\">Porteur du projet : C. Denys (MNHN)<\/p>\n\n\n\n<hr class=\"wp-block-separator has-css-opacity\"\/>\n\n\n\n<ul>\n<li class=\"has-small-font-size\"><em><a href=\"http:\/\/iramis.cea.fr\/nimbe\/Phocea\/Vie_des_labos\/Ast\/ast.php?t=projets&amp;id_ast=2768\">MONOPOLY<\/a><\/em> (2008-2011)  <\/li>\n<\/ul>\n\n\n\n<p class=\"has-small-font-size\">Mineral-Organic Nanostructures Organized in POLYmersomes. <\/p>\n\n\n\n<p class=\"has-small-font-size\">Porteur du projet : P. Guenoun (LIONS).<\/p>\n\n\n\n<hr class=\"wp-block-separator has-css-opacity\"\/>\n\n\n\n<ul>\n<li class=\"has-small-font-size\"><em>BIOCRISTAL<\/em> (2006-2009) <\/li>\n<\/ul>\n\n\n\n<p class=\"justify-text has-small-font-size\">Biochemically driven Ca carbonate crystallization in corals, mollusks and eggshells. <\/p>\n\n\n\n<p class=\"has-small-font-size\">Porteur du projet : Y. Dauphin (GEOPS).<\/p>\n\n\n\n<hr class=\"wp-block-separator has-css-opacity\"\/>\n","protected":false},"excerpt":{"rendered":"<p>Les substances EXOpolym\u00e9riques comme catalyseurs des r\u00e9actions DIAg\u00e9n\u00e9tiques: implication pour l&rsquo;accumulation des m\u00e9taux dans les estuaires actuels et anciens. Porteur du projet : Rapha\u00ebl Bourillot (EPOC) Changements de la productivit\u00e9 BIOlogique et leurs impacts sur le cycle du CarbOne au &hellip; <a href=\"https:\/\/hebergement.universite-paris-saclay.fr\/nouet\/?page_id=179\">Continuer la lecture <span class=\"meta-nav\">&rarr;<\/span><\/a><\/p>\n","protected":false},"author":1,"featured_media":0,"parent":0,"menu_order":0,"comment_status":"closed","ping_status":"closed","template":"onecolumn-page.php","meta":[],"_links":{"self":[{"href":"https:\/\/hebergement.universite-paris-saclay.fr\/nouet\/index.php?rest_route=\/wp\/v2\/pages\/179"}],"collection":[{"href":"https:\/\/hebergement.universite-paris-saclay.fr\/nouet\/index.php?rest_route=\/wp\/v2\/pages"}],"about":[{"href":"https:\/\/hebergement.universite-paris-saclay.fr\/nouet\/index.php?rest_route=\/wp\/v2\/types\/page"}],"author":[{"embeddable":true,"href":"https:\/\/hebergement.universite-paris-saclay.fr\/nouet\/index.php?rest_route=\/wp\/v2\/users\/1"}],"replies":[{"embeddable":true,"href":"https:\/\/hebergement.universite-paris-saclay.fr\/nouet\/index.php?rest_route=%2Fwp%2Fv2%2Fcomments&post=179"}],"version-history":[{"count":7,"href":"https:\/\/hebergement.universite-paris-saclay.fr\/nouet\/index.php?rest_route=\/wp\/v2\/pages\/179\/revisions"}],"predecessor-version":[{"id":358,"href":"https:\/\/hebergement.universite-paris-saclay.fr\/nouet\/index.php?rest_route=\/wp\/v2\/pages\/179\/revisions\/358"}],"wp:attachment":[{"href":"https:\/\/hebergement.universite-paris-saclay.fr\/nouet\/index.php?rest_route=%2Fwp%2Fv2%2Fmedia&parent=179"}],"curies":[{"name":"wp","href":"https:\/\/api.w.org\/{rel}","templated":true}]}}