{"id":185,"date":"2019-06-11T21:35:29","date_gmt":"2019-06-11T20:35:29","guid":{"rendered":"http:\/\/hebergement.u-psud.fr\/nouet\/?page_id=185"},"modified":"2024-12-19T14:24:28","modified_gmt":"2024-12-19T13:24:28","slug":"gdr","status":"publish","type":"page","link":"https:\/\/hebergement.universite-paris-saclay.fr\/nouet\/?page_id=185","title":{"rendered":"GDR"},"content":{"rendered":"\n<hr class=\"wp-block-separator has-css-opacity\"\/>\n\n\n\n<ul>\n<li class=\"has-small-font-size\"><em>GDR <\/em>ADEQUA, 2007-2012<\/li>\n<\/ul>\n\n\n\n<p class=\"has-small-font-size\">Groupement de recherche pour l\u2019am\u00e9lioration de la qualit\u00e9 des perles de culture de Polyn\u00e9sie fran\u00e7aise.<\/p>\n\n\n\n<p class=\"has-small-font-size\">Coordinateur du projet : C. Lo<\/p>\n\n\n\n<hr class=\"wp-block-separator has-css-opacity\"\/>\n","protected":false},"excerpt":{"rendered":"<p>Groupement de recherche pour l\u2019am\u00e9lioration de la qualit\u00e9 des perles de culture de Polyn\u00e9sie fran\u00e7aise. Coordinateur du projet : C. Lo<\/p>\n","protected":false},"author":1,"featured_media":0,"parent":0,"menu_order":0,"comment_status":"closed","ping_status":"closed","template":"onecolumn-page.php","meta":[],"_links":{"self":[{"href":"https:\/\/hebergement.universite-paris-saclay.fr\/nouet\/index.php?rest_route=\/wp\/v2\/pages\/185"}],"collection":[{"href":"https:\/\/hebergement.universite-paris-saclay.fr\/nouet\/index.php?rest_route=\/wp\/v2\/pages"}],"about":[{"href":"https:\/\/hebergement.universite-paris-saclay.fr\/nouet\/index.php?rest_route=\/wp\/v2\/types\/page"}],"author":[{"embeddable":true,"href":"https:\/\/hebergement.universite-paris-saclay.fr\/nouet\/index.php?rest_route=\/wp\/v2\/users\/1"}],"replies":[{"embeddable":true,"href":"https:\/\/hebergement.universite-paris-saclay.fr\/nouet\/index.php?rest_route=%2Fwp%2Fv2%2Fcomments&post=185"}],"version-history":[{"count":4,"href":"https:\/\/hebergement.universite-paris-saclay.fr\/nouet\/index.php?rest_route=\/wp\/v2\/pages\/185\/revisions"}],"predecessor-version":[{"id":342,"href":"https:\/\/hebergement.universite-paris-saclay.fr\/nouet\/index.php?rest_route=\/wp\/v2\/pages\/185\/revisions\/342"}],"wp:attachment":[{"href":"https:\/\/hebergement.universite-paris-saclay.fr\/nouet\/index.php?rest_route=%2Fwp%2Fv2%2Fmedia&parent=185"}],"curies":[{"name":"wp","href":"https:\/\/api.w.org\/{rel}","templated":true}]}}