{"id":51,"date":"2019-06-04T19:04:45","date_gmt":"2019-06-04T18:04:45","guid":{"rendered":"http:\/\/hebergement.u-psud.fr\/nouet\/?page_id=51"},"modified":"2024-12-21T15:31:18","modified_gmt":"2024-12-21T14:31:18","slug":"cv","status":"publish","type":"page","link":"https:\/\/hebergement.universite-paris-saclay.fr\/nouet\/?page_id=51","title":{"rendered":"Curriculum Vitae"},"content":{"rendered":"\n<h4 class=\"wp-block-heading\">Formation<\/h4>\n\n\n\n<p class=\"justify-text has-small-font-size\"><strong>2014<\/strong>&nbsp;: Dipl\u00f4me national de Docteur Sciences de la Terre (Universit\u00e9 Paris Sud) \u00ab&nbsp;<strong>Caract\u00e9risations physico-chimiques des biomin\u00e9raux carbonat\u00e9s de Mollusques actuels et fossiles&nbsp;: le cas des structures entrecrois\u00e9es<\/strong>&nbsp;\u00bb, pr\u00e9par\u00e9 au sein de l\u2019\u00e9cole doctorale MIPEGE et pr\u00e9sent\u00e9 devant un jury pr\u00e9sid\u00e9 par A. Baronnet et compos\u00e9 de JP. Brugal, C. Chevallard, Y. Dauphin, G. Luquet L. Ortlieb et C. Quantin<\/p>\n\n\n\n<p class=\"justify-text has-small-font-size\"><strong>2004-2005<\/strong>&nbsp;: Master 2 en Sciences de la Terre, sp\u00e9cialit\u00e9 S\u00e9dimentologie, (Universit\u00e9 Paris Sud)<\/p>\n\n\n\n<p class=\"justify-text has-small-font-size\"><strong>2001-2003<\/strong>&nbsp;: Cursus universitaire en Sciences de la Terre (Universit\u00e9 Paris Sud)<\/p>\n\n\n\n<p class=\"justify-text has-small-font-size\"><strong>2000<\/strong>&nbsp;: Baccalaur\u00e9at S (Lyc\u00e9e Claude Monet)<\/p>\n\n\n\n<hr class=\"wp-block-separator has-css-opacity\"\/>\n\n\n\n<h4 class=\"wp-block-heading\">Exp\u00e9riences professionnelles<\/h4>\n\n\n\n<p class=\"justify-text has-small-font-size\"><strong>2006 &#8211; &#8230; <\/strong>: Ing\u00e9nieur d\u2019\u00e9tude en caract\u00e9risation des mat\u00e9riaux, UMR 8148 GEOPS, UFR Sciences, Universit\u00e9 Paris Sud.<\/p>\n\n\n\n<p class=\"justify-text has-small-font-size\">Mission&nbsp;: Mise en \u0153uvre et adaptation de techniques de caract\u00e9risation structurales, physiques, chimiques et biochimiques appliqu\u00e9es aux mat\u00e9riaux g\u00e9ologiques.<\/p>\n\n\n\n<p class=\"justify-text has-small-font-size\">Responsable de la Plateforme Mutualis\u00e9e \u00ab&nbsp;Microscopie\/Min\u00e9ralogie&nbsp;\u00bb et de la Plateforme \u00ab&nbsp;Biochimie&nbsp;\u00bb de l&rsquo;UMR.<\/p>\n\n\n\n<p><\/p>\n","protected":false},"excerpt":{"rendered":"<p>Formation 2014&nbsp;: Dipl\u00f4me national de Docteur Sciences de la Terre (Universit\u00e9 Paris Sud) \u00ab&nbsp;Caract\u00e9risations physico-chimiques des biomin\u00e9raux carbonat\u00e9s de Mollusques actuels et fossiles&nbsp;: le cas des structures entrecrois\u00e9es&nbsp;\u00bb, pr\u00e9par\u00e9 au sein de l\u2019\u00e9cole doctorale MIPEGE et pr\u00e9sent\u00e9 devant un jury &hellip; <a href=\"https:\/\/hebergement.universite-paris-saclay.fr\/nouet\/?page_id=51\">Continuer la lecture <span class=\"meta-nav\">&rarr;<\/span><\/a><\/p>\n","protected":false},"author":1,"featured_media":0,"parent":0,"menu_order":0,"comment_status":"closed","ping_status":"closed","template":"onecolumn-page.php","meta":[],"_links":{"self":[{"href":"https:\/\/hebergement.universite-paris-saclay.fr\/nouet\/index.php?rest_route=\/wp\/v2\/pages\/51"}],"collection":[{"href":"https:\/\/hebergement.universite-paris-saclay.fr\/nouet\/index.php?rest_route=\/wp\/v2\/pages"}],"about":[{"href":"https:\/\/hebergement.universite-paris-saclay.fr\/nouet\/index.php?rest_route=\/wp\/v2\/types\/page"}],"author":[{"embeddable":true,"href":"https:\/\/hebergement.universite-paris-saclay.fr\/nouet\/index.php?rest_route=\/wp\/v2\/users\/1"}],"replies":[{"embeddable":true,"href":"https:\/\/hebergement.universite-paris-saclay.fr\/nouet\/index.php?rest_route=%2Fwp%2Fv2%2Fcomments&post=51"}],"version-history":[{"count":13,"href":"https:\/\/hebergement.universite-paris-saclay.fr\/nouet\/index.php?rest_route=\/wp\/v2\/pages\/51\/revisions"}],"predecessor-version":[{"id":359,"href":"https:\/\/hebergement.universite-paris-saclay.fr\/nouet\/index.php?rest_route=\/wp\/v2\/pages\/51\/revisions\/359"}],"wp:attachment":[{"href":"https:\/\/hebergement.universite-paris-saclay.fr\/nouet\/index.php?rest_route=%2Fwp%2Fv2%2Fmedia&parent=51"}],"curies":[{"name":"wp","href":"https:\/\/api.w.org\/{rel}","templated":true}]}}