{"id":132,"date":"2020-04-03T10:49:53","date_gmt":"2020-04-03T09:49:53","guid":{"rendered":"http:\/\/hebergement.universite-paris-saclay.fr\/upgeo\/?page_id=132"},"modified":"2022-02-19T00:17:48","modified_gmt":"2022-02-18T23:17:48","slug":"the-team","status":"publish","type":"page","link":"https:\/\/hebergement.universite-paris-saclay.fr\/upgeo\/?page_id=132&lang=en","title":{"rendered":"The team"},"content":{"rendered":"\n<ul class=\"wp-block-list\"><li>G\u00e9osciences Paris Sud (<a rel=\"noreferrer noopener\" href=\"http:\/\/geops.geol.u-psud.fr\/\" target=\"_blank\">GEOPS<\/a>), Universit\u00e9 Paris-Saclay\/CNRS, Orsay, France<\/li><\/ul>\n\n\n\n<p>Principal Investigator: benjamin.brigaud@universite-paris-saclay.fr <\/p>\n\n\n\n<ul class=\"wp-block-list\"><li>Laboratoire de Math\u00e9matique d\u2019Orsay (<a href=\"https:\/\/www.math.u-psud.fr\/\" target=\"_blank\" rel=\"noreferrer noopener\">LMO<\/a>), Universit\u00e9 Paris-Saclay\/CNRS, Orsay, France<\/li><\/ul>\n\n\n\n<ul class=\"wp-block-list\"><li>F\u00e9d\u00e9ration de Math\u00e9matiques de CentraleSup\u00e9lec (<a href=\"https:\/\/fd-math.pages.centralesupelec.fr\/\" target=\"_blank\" rel=\"noreferrer noopener\">FdM<\/a>), Universit\u00e9 Paris-Saclay, Gif-sur-Yvette,France<\/li><\/ul>\n\n\n\n<ul class=\"wp-block-list\"><li>Laboratoire des Sciences du Climat et de l\u2019Environnement (<a rel=\"noreferrer noopener\" href=\"https:\/\/www.lsce.ipsl.fr\/\" target=\"_blank\">LSCE<\/a>), Universit\u00e9 Paris-Saclay\/CNRS\/CEA, Gif-sur-Yvette, France<\/li><\/ul>\n\n\n\n<ul class=\"wp-block-list\"><li>Institut Camille Jordan (<a rel=\"noreferrer noopener\" href=\"http:\/\/math.univ-lyon1.fr\/\" target=\"_blank\">ICJ<\/a>), Universit\u00e9 Lyon\/CNRS, Lyon, France<\/li><\/ul>\n\n\n\n<ul class=\"wp-block-list\"><li>G\u00e9oressources et Environnement (<a rel=\"noreferrer noopener\" href=\"http:\/\/geoenv.ensegid.fr\/\" target=\"_blank\">G&amp;E<\/a>), Universit\u00e9 Bordeaux\/Institut Polytechnique de Bordeaux, Bordeaux, France<\/li><\/ul>\n\n\n\n<ul class=\"wp-block-list\"><li><a rel=\"noreferrer noopener\" href=\"https:\/\/www.brgm.fr\/\" target=\"_blank\">BRGM<\/a>, Orl\u00e9ans, France<\/li><\/ul>\n\n\n\n<ul class=\"wp-block-list\"><li><a rel=\"noreferrer noopener\" href=\"https:\/\/www.ifpenergiesnouvelles.fr\/\" target=\"_blank\">IFPEN<\/a>, Rueil-Malmaison, France<\/li><\/ul>\n\n\n\n<ul class=\"wp-block-list\"><li><a rel=\"noreferrer noopener\" href=\"http:\/\/www.geofluid.fr\/\" target=\"_blank\">GEOFLUID<\/a>, Roissy, France<\/li><\/ul>\n\n\n\n<p><\/p>\n","protected":false},"excerpt":{"rendered":"<p>G\u00e9osciences Paris Sud (GEOPS), Universit\u00e9 Paris-Saclay\/CNRS, Orsay, France Principal Investigator: benjamin.brigaud@universite-paris-saclay.fr Laboratoire de Math\u00e9matique d\u2019Orsay (LMO), Universit\u00e9 Paris-Saclay\/CNRS, Orsay, France F\u00e9d\u00e9ration de Math\u00e9matiques de CentraleSup\u00e9lec (FdM), Universit\u00e9 Paris-Saclay, Gif-sur-Yvette,France Laboratoire des Sciences du Climat et de l\u2019Environnement (LSCE), Universit\u00e9 Paris-Saclay\/CNRS\/CEA, Gif-sur-Yvette, France Institut Camille Jordan (ICJ), Universit\u00e9 Lyon\/CNRS, Lyon, France G\u00e9oressources et Environnement (G&amp;E), Universit\u00e9 [&hellip;]<\/p>\n","protected":false},"author":1,"featured_media":0,"parent":425,"menu_order":3,"comment_status":"closed","ping_status":"closed","template":"","meta":{"footnotes":""},"class_list":["post-132","page","type-page","status-publish","hentry","post-preview"],"yoast_head":"<!-- This site is optimized with the Yoast SEO plugin v26.9 - https:\/\/yoast.com\/product\/yoast-seo-wordpress\/ -->\n<title>The team - UPGEO<\/title>\n<meta name=\"description\" content=\"Retrouvez les laboratoire collaborant dans le projet ANR UPGEO\" \/>\n<meta name=\"robots\" content=\"index, follow, max-snippet:-1, max-image-preview:large, max-video-preview:-1\" \/>\n<link rel=\"canonical\" href=\"https:\/\/hebergement.universite-paris-saclay.fr\/upgeo\/?page_id=132&lang=en\" \/>\n<meta property=\"og:locale\" content=\"fr_FR\" \/>\n<meta property=\"og:type\" content=\"article\" \/>\n<meta property=\"og:title\" content=\"The team - UPGEO\" \/>\n<meta property=\"og:description\" content=\"Retrouvez les laboratoire collaborant dans le projet ANR UPGEO\" \/>\n<meta property=\"og:url\" content=\"https:\/\/hebergement.universite-paris-saclay.fr\/upgeo\/?page_id=132&amp;lang=en\" \/>\n<meta property=\"og:site_name\" content=\"UPGEO\" \/>\n<meta property=\"article:modified_time\" content=\"2022-02-18T23:17:48+00:00\" \/>\n<meta name=\"twitter:card\" content=\"summary_large_image\" \/>\n<meta name=\"twitter:label1\" content=\"Dur\u00e9e de lecture estim\u00e9e\" \/>\n\t<meta name=\"twitter:data1\" content=\"1 minute\" \/>\n<script type=\"application\/ld+json\" class=\"yoast-schema-graph\">{\"@context\":\"https:\/\/schema.org\",\"@graph\":[{\"@type\":\"WebPage\",\"@id\":\"https:\/\/hebergement.universite-paris-saclay.fr\/upgeo\/?page_id=132&lang=en\",\"url\":\"https:\/\/hebergement.universite-paris-saclay.fr\/upgeo\/?page_id=132&lang=en\",\"name\":\"The team - UPGEO\",\"isPartOf\":{\"@id\":\"https:\/\/hebergement.universite-paris-saclay.fr\/upgeo\/#website\"},\"datePublished\":\"2020-04-03T09:49:53+00:00\",\"dateModified\":\"2022-02-18T23:17:48+00:00\",\"description\":\"Retrouvez les laboratoire collaborant dans le projet ANR UPGEO\",\"breadcrumb\":{\"@id\":\"https:\/\/hebergement.universite-paris-saclay.fr\/upgeo\/?page_id=132&lang=en#breadcrumb\"},\"inLanguage\":\"fr-FR\",\"potentialAction\":[{\"@type\":\"ReadAction\",\"target\":[\"https:\/\/hebergement.universite-paris-saclay.fr\/upgeo\/?page_id=132&lang=en\"]}]},{\"@type\":\"BreadcrumbList\",\"@id\":\"https:\/\/hebergement.universite-paris-saclay.fr\/upgeo\/?page_id=132&lang=en#breadcrumb\",\"itemListElement\":[{\"@type\":\"ListItem\",\"position\":1,\"name\":\"Accueil\",\"item\":\"http:\/\/hebergement.universite-paris-saclay.fr\/upgeo\"},{\"@type\":\"ListItem\",\"position\":2,\"name\":\"UPGEO project\",\"item\":\"https:\/\/hebergement.universite-paris-saclay.fr\/upgeo\/?page_id=425&lang=en\"},{\"@type\":\"ListItem\",\"position\":3,\"name\":\"The team\"}]},{\"@type\":\"WebSite\",\"@id\":\"https:\/\/hebergement.universite-paris-saclay.fr\/upgeo\/#website\",\"url\":\"https:\/\/hebergement.universite-paris-saclay.fr\/upgeo\/\",\"name\":\"UPGEO\",\"description\":\"For geothermal energy\",\"publisher\":{\"@id\":\"https:\/\/hebergement.universite-paris-saclay.fr\/upgeo\/#organization\"},\"potentialAction\":[{\"@type\":\"SearchAction\",\"target\":{\"@type\":\"EntryPoint\",\"urlTemplate\":\"https:\/\/hebergement.universite-paris-saclay.fr\/upgeo\/?s={search_term_string}\"},\"query-input\":{\"@type\":\"PropertyValueSpecification\",\"valueRequired\":true,\"valueName\":\"search_term_string\"}}],\"inLanguage\":\"fr-FR\"},{\"@type\":\"Organization\",\"@id\":\"https:\/\/hebergement.universite-paris-saclay.fr\/upgeo\/#organization\",\"name\":\"ANR\",\"url\":\"https:\/\/hebergement.universite-paris-saclay.fr\/upgeo\/\",\"logo\":{\"@type\":\"ImageObject\",\"inLanguage\":\"fr-FR\",\"@id\":\"https:\/\/hebergement.universite-paris-saclay.fr\/upgeo\/#\/schema\/logo\/image\/\",\"url\":\"http:\/\/hebergement.universite-paris-saclay.fr\/upgeo\/wp-content\/uploads\/2020\/01\/label-ANR-bleu-CMJN-990x1024.jpg\",\"contentUrl\":\"http:\/\/hebergement.universite-paris-saclay.fr\/upgeo\/wp-content\/uploads\/2020\/01\/label-ANR-bleu-CMJN-990x1024.jpg\",\"width\":990,\"height\":1024,\"caption\":\"ANR\"},\"image\":{\"@id\":\"https:\/\/hebergement.universite-paris-saclay.fr\/upgeo\/#\/schema\/logo\/image\/\"}}]}<\/script>\n<!-- \/ Yoast SEO plugin. -->","yoast_head_json":{"title":"The team - UPGEO","description":"Retrouvez les laboratoire collaborant dans le projet ANR UPGEO","robots":{"index":"index","follow":"follow","max-snippet":"max-snippet:-1","max-image-preview":"max-image-preview:large","max-video-preview":"max-video-preview:-1"},"canonical":"https:\/\/hebergement.universite-paris-saclay.fr\/upgeo\/?page_id=132&lang=en","og_locale":"fr_FR","og_type":"article","og_title":"The team - UPGEO","og_description":"Retrouvez les laboratoire collaborant dans le projet ANR UPGEO","og_url":"https:\/\/hebergement.universite-paris-saclay.fr\/upgeo\/?page_id=132&lang=en","og_site_name":"UPGEO","article_modified_time":"2022-02-18T23:17:48+00:00","twitter_card":"summary_large_image","twitter_misc":{"Dur\u00e9e de lecture estim\u00e9e":"1 minute"},"schema":{"@context":"https:\/\/schema.org","@graph":[{"@type":"WebPage","@id":"https:\/\/hebergement.universite-paris-saclay.fr\/upgeo\/?page_id=132&lang=en","url":"https:\/\/hebergement.universite-paris-saclay.fr\/upgeo\/?page_id=132&lang=en","name":"The team - UPGEO","isPartOf":{"@id":"https:\/\/hebergement.universite-paris-saclay.fr\/upgeo\/#website"},"datePublished":"2020-04-03T09:49:53+00:00","dateModified":"2022-02-18T23:17:48+00:00","description":"Retrouvez les laboratoire collaborant dans le projet ANR UPGEO","breadcrumb":{"@id":"https:\/\/hebergement.universite-paris-saclay.fr\/upgeo\/?page_id=132&lang=en#breadcrumb"},"inLanguage":"fr-FR","potentialAction":[{"@type":"ReadAction","target":["https:\/\/hebergement.universite-paris-saclay.fr\/upgeo\/?page_id=132&lang=en"]}]},{"@type":"BreadcrumbList","@id":"https:\/\/hebergement.universite-paris-saclay.fr\/upgeo\/?page_id=132&lang=en#breadcrumb","itemListElement":[{"@type":"ListItem","position":1,"name":"Accueil","item":"http:\/\/hebergement.universite-paris-saclay.fr\/upgeo"},{"@type":"ListItem","position":2,"name":"UPGEO project","item":"https:\/\/hebergement.universite-paris-saclay.fr\/upgeo\/?page_id=425&lang=en"},{"@type":"ListItem","position":3,"name":"The team"}]},{"@type":"WebSite","@id":"https:\/\/hebergement.universite-paris-saclay.fr\/upgeo\/#website","url":"https:\/\/hebergement.universite-paris-saclay.fr\/upgeo\/","name":"UPGEO","description":"For geothermal energy","publisher":{"@id":"https:\/\/hebergement.universite-paris-saclay.fr\/upgeo\/#organization"},"potentialAction":[{"@type":"SearchAction","target":{"@type":"EntryPoint","urlTemplate":"https:\/\/hebergement.universite-paris-saclay.fr\/upgeo\/?s={search_term_string}"},"query-input":{"@type":"PropertyValueSpecification","valueRequired":true,"valueName":"search_term_string"}}],"inLanguage":"fr-FR"},{"@type":"Organization","@id":"https:\/\/hebergement.universite-paris-saclay.fr\/upgeo\/#organization","name":"ANR","url":"https:\/\/hebergement.universite-paris-saclay.fr\/upgeo\/","logo":{"@type":"ImageObject","inLanguage":"fr-FR","@id":"https:\/\/hebergement.universite-paris-saclay.fr\/upgeo\/#\/schema\/logo\/image\/","url":"http:\/\/hebergement.universite-paris-saclay.fr\/upgeo\/wp-content\/uploads\/2020\/01\/label-ANR-bleu-CMJN-990x1024.jpg","contentUrl":"http:\/\/hebergement.universite-paris-saclay.fr\/upgeo\/wp-content\/uploads\/2020\/01\/label-ANR-bleu-CMJN-990x1024.jpg","width":990,"height":1024,"caption":"ANR"},"image":{"@id":"https:\/\/hebergement.universite-paris-saclay.fr\/upgeo\/#\/schema\/logo\/image\/"}}]}},"_links":{"self":[{"href":"https:\/\/hebergement.universite-paris-saclay.fr\/upgeo\/index.php?rest_route=\/wp\/v2\/pages\/132","targetHints":{"allow":["GET"]}}],"collection":[{"href":"https:\/\/hebergement.universite-paris-saclay.fr\/upgeo\/index.php?rest_route=\/wp\/v2\/pages"}],"about":[{"href":"https:\/\/hebergement.universite-paris-saclay.fr\/upgeo\/index.php?rest_route=\/wp\/v2\/types\/page"}],"author":[{"embeddable":true,"href":"https:\/\/hebergement.universite-paris-saclay.fr\/upgeo\/index.php?rest_route=\/wp\/v2\/users\/1"}],"replies":[{"embeddable":true,"href":"https:\/\/hebergement.universite-paris-saclay.fr\/upgeo\/index.php?rest_route=%2Fwp%2Fv2%2Fcomments&post=132"}],"version-history":[{"count":3,"href":"https:\/\/hebergement.universite-paris-saclay.fr\/upgeo\/index.php?rest_route=\/wp\/v2\/pages\/132\/revisions"}],"predecessor-version":[{"id":485,"href":"https:\/\/hebergement.universite-paris-saclay.fr\/upgeo\/index.php?rest_route=\/wp\/v2\/pages\/132\/revisions\/485"}],"up":[{"embeddable":true,"href":"https:\/\/hebergement.universite-paris-saclay.fr\/upgeo\/index.php?rest_route=\/wp\/v2\/pages\/425"}],"wp:attachment":[{"href":"https:\/\/hebergement.universite-paris-saclay.fr\/upgeo\/index.php?rest_route=%2Fwp%2Fv2%2Fmedia&parent=132"}],"curies":[{"name":"wp","href":"https:\/\/api.w.org\/{rel}","templated":true}]}}