{"id":135,"date":"2020-04-03T10:50:53","date_gmt":"2020-04-03T09:50:53","guid":{"rendered":"http:\/\/hebergement.universite-paris-saclay.fr\/upgeo\/?page_id=135"},"modified":"2025-09-02T15:55:19","modified_gmt":"2025-09-02T14:55:19","slug":"phd-thesis","status":"publish","type":"page","link":"https:\/\/hebergement.universite-paris-saclay.fr\/upgeo\/?page_id=135&lang=en","title":{"rendered":"PhD Thesis"},"content":{"rendered":"\n<h2 class=\"wp-block-heading\">in progress<\/h2>\n\n\n\n<p><strong>Codjo Essou<\/strong>. <em><a href=\"https:\/\/www.theses.fr\/fr\/s306745\">C<\/a><\/em><a href=\"https:\/\/theses.fr\/s306745\" target=\"_blank\" rel=\"noreferrer noopener\">aract\u00e9risation des h\u00e9t\u00e9rog\u00e9n\u00e9it\u00e9s r\u00e9servoirs et simulation num\u00e9rique hydrodynamique dans les syst\u00e8mes g\u00e9othermiques<\/a>. Financement par l\u2019Association Nationale de Recherche Technologique (ANRT), th\u00e8se \u00ab Convention industrielle de formation par la recherche \u00bb Cifre n\u00b0 2021\/0773<\/p>\n\n\n\n<h2 class=\"wp-block-heading\">2024<\/h2>\n\n\n\n<p><strong>Adrien Beguinet<\/strong>. Analyse num\u00e9rique d&rsquo;un probl\u00e8me poro\u00e9lastique \u00e0 coefficients al\u00e9atoires : Application \u00e0 la g\u00e9othermie. Universit\u00e9 Paris-Saclay, 2024. English. <a href=\"https:\/\/www.theses.fr\/2024UPASM050\" target=\"_blank\" rel=\"noreferrer noopener\">\u27e8NNT : 2024UPASM050\u27e9<\/a>. <a href=\"https:\/\/theses.hal.science\/tel-05078048v1\" target=\"_blank\" rel=\"noreferrer noopener\">\u27e8tel-05078048\u27e9<\/a><\/p>\n\n\n\n<ul class=\"wp-block-list\">\n<li>PhD defended the 19th December 2024, Present day position: Professeur of mathematics at high school<\/li>\n<\/ul>\n\n\n\n<p><strong>Perrine Mas<\/strong>. Geothermal energy in siliciclastic reservoirs: Contribution of field analogue study (Roda Sandstone) to the modelling of sedimentary heterogeneities in the clay-sandy reservoir of the Albian in the Paris Basin. Universit\u00e9 Paris-Saclay, 2024. French. <a href=\"https:\/\/www.theses.fr\/2024UPASJ024\" target=\"_blank\" rel=\"noreferrer noopener\">\u27e8NNT : 2024UPASJ024\u27e9<\/a>. <a href=\"https:\/\/theses.hal.science\/tel-04785194v1\" target=\"_blank\" rel=\"noreferrer noopener\">\u27e8tel-04785194\u27e9<\/a><\/p>\n\n\n\n<ul class=\"wp-block-list\">\n<li>PhD defended the 4th October 2024, Present day position : Post-doc at Universit\u00e9 de Bordeaux<\/li>\n<\/ul>\n\n\n\n<p><\/p>\n\n\n\n<h2 class=\"wp-block-heading\">2023<\/h2>\n\n\n\n<p><strong>Maxime Catinat<\/strong>. Multi-scale characterization of the heterogeneities of the Dogger geothermal reservoir in Ile-de-France: contribution of nuclear magnetic<br>resonance and static and hydrodynamic numerical modeling. Universit\u00e9 Paris-Saclay, 2023. French. <a href=\"https:\/\/www.theses.fr\/2023UPASJ033\" target=\"_blank\" rel=\"noreferrer noopener\">\u27e8NNT : 2023UPASJ033\u27e9<\/a>. <a href=\"https:\/\/theses.hal.science\/tel-04520397v1\" target=\"_blank\" rel=\"noreferrer noopener\">\u27e8tel-04520397\u27e9<\/a><\/p>\n\n\n\n<ul class=\"wp-block-list\">\n<li>PhD defended the 13th December 2023. 2 publications in 1st author at <em>Geothermics<\/em> (2023) and 1 in co- author at <em>Geothermics<\/em> (2023), Present day position : Ingeneer at GEOFLUID<\/li>\n<\/ul>\n\n\n\n<p><\/p>\n\n\n\n<h2 class=\"wp-block-heading\">2022<\/h2>\n\n\n\n<p><strong>Hadrien Thomas<\/strong>. Influence of sequence stratigraphy and diagenesis on the modelling of 3D reservoircarbonates: implications for the development of geothermal energy in the Paris Basin. Universit\u00e9 Paris-Saclay, 2022. French. <a href=\"https:\/\/www.theses.fr\/2022UPASJ017\" target=\"_blank\" rel=\"noreferrer noopener\">\u27e8NNT : 2022UPASJ017\u27e9<\/a>. <a href=\"https:\/\/theses.hal.science\/tel-04090080v1\" target=\"_blank\" rel=\"noreferrer noopener\">\u27e8tel-04090080\u27e9<\/a><\/p>\n\n\n\n<ul class=\"wp-block-list\">\n<li>PhD defended the 6 July 2022. 2 publications in 1st author at <em>Marine and Petroleum Geology<\/em> (2021) and <em>Geothermics<\/em> (2023) and 2 publications co-author at <em>Facies<\/em> (2021) and <em>GSA Bulletin<\/em> (2022). Present day position : Ingeneer at PANterra Geoconsultants<\/li>\n<\/ul>\n\n\n\n<p><\/p>\n","protected":false},"excerpt":{"rendered":"<p>in progress Codjo Essou. Caract\u00e9risation des h\u00e9t\u00e9rog\u00e9n\u00e9it\u00e9s r\u00e9servoirs et simulation num\u00e9rique hydrodynamique dans les syst\u00e8mes g\u00e9othermiques. Financement par l\u2019Association Nationale de Recherche Technologique (ANRT), th\u00e8se \u00ab Convention industrielle de formation par la recherche \u00bb Cifre n\u00b0 2021\/0773 2024 Adrien Beguinet. Analyse num\u00e9rique d&rsquo;un probl\u00e8me poro\u00e9lastique \u00e0 coefficients al\u00e9atoires : Application \u00e0 la g\u00e9othermie. Universit\u00e9 Paris-Saclay, [&hellip;]<\/p>\n","protected":false},"author":1,"featured_media":0,"parent":0,"menu_order":4,"comment_status":"closed","ping_status":"closed","template":"","meta":{"footnotes":""},"class_list":["post-135","page","type-page","status-publish","hentry","post-preview"],"yoast_head":"<!-- This site is optimized with the Yoast SEO plugin v26.9 - https:\/\/yoast.com\/product\/yoast-seo-wordpress\/ -->\n<title>PhD Thesis - UPGEO<\/title>\n<meta name=\"robots\" content=\"index, follow, max-snippet:-1, max-image-preview:large, max-video-preview:-1\" \/>\n<link rel=\"canonical\" href=\"https:\/\/hebergement.universite-paris-saclay.fr\/upgeo\/?page_id=135&lang=en\" \/>\n<meta property=\"og:locale\" content=\"fr_FR\" \/>\n<meta property=\"og:type\" content=\"article\" \/>\n<meta property=\"og:title\" content=\"PhD Thesis - UPGEO\" \/>\n<meta property=\"og:description\" content=\"in progress Codjo Essou. Caract\u00e9risation des h\u00e9t\u00e9rog\u00e9n\u00e9it\u00e9s r\u00e9servoirs et simulation num\u00e9rique hydrodynamique dans les syst\u00e8mes g\u00e9othermiques. Financement par l\u2019Association Nationale de Recherche Technologique (ANRT), th\u00e8se \u00ab Convention industrielle de formation par la recherche \u00bb Cifre n\u00b0 2021\/0773 2024 Adrien Beguinet. Analyse num\u00e9rique d&rsquo;un probl\u00e8me poro\u00e9lastique \u00e0 coefficients al\u00e9atoires : Application \u00e0 la g\u00e9othermie. Universit\u00e9 Paris-Saclay, [&hellip;]\" \/>\n<meta property=\"og:url\" content=\"https:\/\/hebergement.universite-paris-saclay.fr\/upgeo\/?page_id=135&amp;lang=en\" \/>\n<meta property=\"og:site_name\" content=\"UPGEO\" \/>\n<meta property=\"article:modified_time\" content=\"2025-09-02T14:55:19+00:00\" \/>\n<meta name=\"twitter:card\" content=\"summary_large_image\" \/>\n<meta name=\"twitter:label1\" content=\"Dur\u00e9e de lecture estim\u00e9e\" \/>\n\t<meta name=\"twitter:data1\" content=\"2 minutes\" \/>\n<script type=\"application\/ld+json\" class=\"yoast-schema-graph\">{\"@context\":\"https:\/\/schema.org\",\"@graph\":[{\"@type\":\"WebPage\",\"@id\":\"https:\/\/hebergement.universite-paris-saclay.fr\/upgeo\/?page_id=135&lang=en\",\"url\":\"https:\/\/hebergement.universite-paris-saclay.fr\/upgeo\/?page_id=135&lang=en\",\"name\":\"PhD Thesis - UPGEO\",\"isPartOf\":{\"@id\":\"https:\/\/hebergement.universite-paris-saclay.fr\/upgeo\/#website\"},\"datePublished\":\"2020-04-03T09:50:53+00:00\",\"dateModified\":\"2025-09-02T14:55:19+00:00\",\"breadcrumb\":{\"@id\":\"https:\/\/hebergement.universite-paris-saclay.fr\/upgeo\/?page_id=135&lang=en#breadcrumb\"},\"inLanguage\":\"fr-FR\",\"potentialAction\":[{\"@type\":\"ReadAction\",\"target\":[\"https:\/\/hebergement.universite-paris-saclay.fr\/upgeo\/?page_id=135&lang=en\"]}]},{\"@type\":\"BreadcrumbList\",\"@id\":\"https:\/\/hebergement.universite-paris-saclay.fr\/upgeo\/?page_id=135&lang=en#breadcrumb\",\"itemListElement\":[{\"@type\":\"ListItem\",\"position\":1,\"name\":\"Accueil\",\"item\":\"http:\/\/hebergement.universite-paris-saclay.fr\/upgeo\"},{\"@type\":\"ListItem\",\"position\":2,\"name\":\"PhD Thesis\"}]},{\"@type\":\"WebSite\",\"@id\":\"https:\/\/hebergement.universite-paris-saclay.fr\/upgeo\/#website\",\"url\":\"https:\/\/hebergement.universite-paris-saclay.fr\/upgeo\/\",\"name\":\"UPGEO\",\"description\":\"For geothermal energy\",\"publisher\":{\"@id\":\"https:\/\/hebergement.universite-paris-saclay.fr\/upgeo\/#organization\"},\"potentialAction\":[{\"@type\":\"SearchAction\",\"target\":{\"@type\":\"EntryPoint\",\"urlTemplate\":\"https:\/\/hebergement.universite-paris-saclay.fr\/upgeo\/?s={search_term_string}\"},\"query-input\":{\"@type\":\"PropertyValueSpecification\",\"valueRequired\":true,\"valueName\":\"search_term_string\"}}],\"inLanguage\":\"fr-FR\"},{\"@type\":\"Organization\",\"@id\":\"https:\/\/hebergement.universite-paris-saclay.fr\/upgeo\/#organization\",\"name\":\"ANR\",\"url\":\"https:\/\/hebergement.universite-paris-saclay.fr\/upgeo\/\",\"logo\":{\"@type\":\"ImageObject\",\"inLanguage\":\"fr-FR\",\"@id\":\"https:\/\/hebergement.universite-paris-saclay.fr\/upgeo\/#\/schema\/logo\/image\/\",\"url\":\"http:\/\/hebergement.universite-paris-saclay.fr\/upgeo\/wp-content\/uploads\/2020\/01\/label-ANR-bleu-CMJN-990x1024.jpg\",\"contentUrl\":\"http:\/\/hebergement.universite-paris-saclay.fr\/upgeo\/wp-content\/uploads\/2020\/01\/label-ANR-bleu-CMJN-990x1024.jpg\",\"width\":990,\"height\":1024,\"caption\":\"ANR\"},\"image\":{\"@id\":\"https:\/\/hebergement.universite-paris-saclay.fr\/upgeo\/#\/schema\/logo\/image\/\"}}]}<\/script>\n<!-- \/ Yoast SEO plugin. -->","yoast_head_json":{"title":"PhD Thesis - UPGEO","robots":{"index":"index","follow":"follow","max-snippet":"max-snippet:-1","max-image-preview":"max-image-preview:large","max-video-preview":"max-video-preview:-1"},"canonical":"https:\/\/hebergement.universite-paris-saclay.fr\/upgeo\/?page_id=135&lang=en","og_locale":"fr_FR","og_type":"article","og_title":"PhD Thesis - UPGEO","og_description":"in progress Codjo Essou. Caract\u00e9risation des h\u00e9t\u00e9rog\u00e9n\u00e9it\u00e9s r\u00e9servoirs et simulation num\u00e9rique hydrodynamique dans les syst\u00e8mes g\u00e9othermiques. Financement par l\u2019Association Nationale de Recherche Technologique (ANRT), th\u00e8se \u00ab Convention industrielle de formation par la recherche \u00bb Cifre n\u00b0 2021\/0773 2024 Adrien Beguinet. Analyse num\u00e9rique d&rsquo;un probl\u00e8me poro\u00e9lastique \u00e0 coefficients al\u00e9atoires : Application \u00e0 la g\u00e9othermie. Universit\u00e9 Paris-Saclay, [&hellip;]","og_url":"https:\/\/hebergement.universite-paris-saclay.fr\/upgeo\/?page_id=135&lang=en","og_site_name":"UPGEO","article_modified_time":"2025-09-02T14:55:19+00:00","twitter_card":"summary_large_image","twitter_misc":{"Dur\u00e9e de lecture estim\u00e9e":"2 minutes"},"schema":{"@context":"https:\/\/schema.org","@graph":[{"@type":"WebPage","@id":"https:\/\/hebergement.universite-paris-saclay.fr\/upgeo\/?page_id=135&lang=en","url":"https:\/\/hebergement.universite-paris-saclay.fr\/upgeo\/?page_id=135&lang=en","name":"PhD Thesis - UPGEO","isPartOf":{"@id":"https:\/\/hebergement.universite-paris-saclay.fr\/upgeo\/#website"},"datePublished":"2020-04-03T09:50:53+00:00","dateModified":"2025-09-02T14:55:19+00:00","breadcrumb":{"@id":"https:\/\/hebergement.universite-paris-saclay.fr\/upgeo\/?page_id=135&lang=en#breadcrumb"},"inLanguage":"fr-FR","potentialAction":[{"@type":"ReadAction","target":["https:\/\/hebergement.universite-paris-saclay.fr\/upgeo\/?page_id=135&lang=en"]}]},{"@type":"BreadcrumbList","@id":"https:\/\/hebergement.universite-paris-saclay.fr\/upgeo\/?page_id=135&lang=en#breadcrumb","itemListElement":[{"@type":"ListItem","position":1,"name":"Accueil","item":"http:\/\/hebergement.universite-paris-saclay.fr\/upgeo"},{"@type":"ListItem","position":2,"name":"PhD Thesis"}]},{"@type":"WebSite","@id":"https:\/\/hebergement.universite-paris-saclay.fr\/upgeo\/#website","url":"https:\/\/hebergement.universite-paris-saclay.fr\/upgeo\/","name":"UPGEO","description":"For geothermal energy","publisher":{"@id":"https:\/\/hebergement.universite-paris-saclay.fr\/upgeo\/#organization"},"potentialAction":[{"@type":"SearchAction","target":{"@type":"EntryPoint","urlTemplate":"https:\/\/hebergement.universite-paris-saclay.fr\/upgeo\/?s={search_term_string}"},"query-input":{"@type":"PropertyValueSpecification","valueRequired":true,"valueName":"search_term_string"}}],"inLanguage":"fr-FR"},{"@type":"Organization","@id":"https:\/\/hebergement.universite-paris-saclay.fr\/upgeo\/#organization","name":"ANR","url":"https:\/\/hebergement.universite-paris-saclay.fr\/upgeo\/","logo":{"@type":"ImageObject","inLanguage":"fr-FR","@id":"https:\/\/hebergement.universite-paris-saclay.fr\/upgeo\/#\/schema\/logo\/image\/","url":"http:\/\/hebergement.universite-paris-saclay.fr\/upgeo\/wp-content\/uploads\/2020\/01\/label-ANR-bleu-CMJN-990x1024.jpg","contentUrl":"http:\/\/hebergement.universite-paris-saclay.fr\/upgeo\/wp-content\/uploads\/2020\/01\/label-ANR-bleu-CMJN-990x1024.jpg","width":990,"height":1024,"caption":"ANR"},"image":{"@id":"https:\/\/hebergement.universite-paris-saclay.fr\/upgeo\/#\/schema\/logo\/image\/"}}]}},"_links":{"self":[{"href":"https:\/\/hebergement.universite-paris-saclay.fr\/upgeo\/index.php?rest_route=\/wp\/v2\/pages\/135","targetHints":{"allow":["GET"]}}],"collection":[{"href":"https:\/\/hebergement.universite-paris-saclay.fr\/upgeo\/index.php?rest_route=\/wp\/v2\/pages"}],"about":[{"href":"https:\/\/hebergement.universite-paris-saclay.fr\/upgeo\/index.php?rest_route=\/wp\/v2\/types\/page"}],"author":[{"embeddable":true,"href":"https:\/\/hebergement.universite-paris-saclay.fr\/upgeo\/index.php?rest_route=\/wp\/v2\/users\/1"}],"replies":[{"embeddable":true,"href":"https:\/\/hebergement.universite-paris-saclay.fr\/upgeo\/index.php?rest_route=%2Fwp%2Fv2%2Fcomments&post=135"}],"version-history":[{"count":6,"href":"https:\/\/hebergement.universite-paris-saclay.fr\/upgeo\/index.php?rest_route=\/wp\/v2\/pages\/135\/revisions"}],"predecessor-version":[{"id":714,"href":"https:\/\/hebergement.universite-paris-saclay.fr\/upgeo\/index.php?rest_route=\/wp\/v2\/pages\/135\/revisions\/714"}],"wp:attachment":[{"href":"https:\/\/hebergement.universite-paris-saclay.fr\/upgeo\/index.php?rest_route=%2Fwp%2Fv2%2Fmedia&parent=135"}],"curies":[{"name":"wp","href":"https:\/\/api.w.org\/{rel}","templated":true}]}}