{"id":240,"date":"2021-01-05T10:58:03","date_gmt":"2021-01-05T09:58:03","guid":{"rendered":"http:\/\/hebergement.universite-paris-saclay.fr\/upgeo\/?page_id=240"},"modified":"2021-01-05T12:26:58","modified_gmt":"2021-01-05T11:26:58","slug":"tache-1-geologie-et-modelisation-reservoir","status":"publish","type":"page","link":"https:\/\/hebergement.universite-paris-saclay.fr\/upgeo\/?page_id=240","title":{"rendered":"T\u00e2che 1. G\u00e9ologie et mod\u00e9lisation r\u00e9servoir"},"content":{"rendered":"\n<p>Les objectifs seront de caract\u00e9riser l&rsquo;\u00e9coulement pass\u00e9 des fluides \u00e0 l&rsquo;origine des ciments carbonat\u00e9s et des p\u00e9riodes de dissolution et de fournir un ou plusieurs mod\u00e8les g\u00e9ologiques statistiques pour deux types de r\u00e9servoirs (1) carbonat\u00e9 et (2) gr\u00e9seux, principalement en France. Les donn\u00e9es diagraphiques des puits disponibles dans ces bassins seront int\u00e9gr\u00e9es dans la base de donn\u00e9es disponible \u00e0 GEOPS (actuellement 800 puits dans Petrel). L&rsquo;\u00e9tude des faci\u00e8s et des microfaci\u00e8s permettra d&rsquo;\u00e9tablir des mod\u00e8les g\u00e9ostatistiques avec des param\u00e8tres, notamment de porosit\u00e9 et perm\u00e9abilit\u00e9, qui d\u00e9pendront des environnements de d\u00e9p\u00f4t et de la composition chimique et min\u00e9ralogique. Une fois les lois statistiques \u00e9tablies, les effets de la variabilit\u00e9 spatiale des propri\u00e9t\u00e9s des r\u00e9servoirs pourront \u00eatre \u00e9tudi\u00e9s par une approche Monte-Carlo pour cr\u00e9er des mod\u00e8les utilis\u00e9s pour les calculs hydrodynamiques et thermiques. Cette t\u00e2che devra prendre en compte l&rsquo;h\u00e9t\u00e9rog\u00e9n\u00e9it\u00e9 des faci\u00e8s s\u00e9dimentaires, leur diagen\u00e8se (faci\u00e8s oolithiques ciment\u00e9s, non ciment\u00e9s, \u00eelots \u00e9merg\u00e9s, lagunes, barres d&rsquo;estuaire, argiles dans l&rsquo;espace intergranulaire), les circulations et thermicit\u00e9 pass\u00e9es et leur degr\u00e9 de fracturation.<\/p>\n","protected":false},"excerpt":{"rendered":"<p>Les objectifs seront de caract\u00e9riser l&rsquo;\u00e9coulement pass\u00e9 des fluides \u00e0 l&rsquo;origine des ciments carbonat\u00e9s et des p\u00e9riodes de dissolution et de fournir un ou plusieurs mod\u00e8les g\u00e9ologiques statistiques pour deux types de r\u00e9servoirs (1) carbonat\u00e9 et (2) gr\u00e9seux, principalement en France. Les donn\u00e9es diagraphiques des puits disponibles dans ces bassins seront int\u00e9gr\u00e9es dans la base [&hellip;]<\/p>\n","protected":false},"author":1,"featured_media":0,"parent":244,"menu_order":1,"comment_status":"closed","ping_status":"closed","template":"","meta":{"footnotes":""},"class_list":["post-240","page","type-page","status-publish","hentry","post-preview"],"yoast_head":"<!-- This site is optimized with the Yoast SEO plugin v26.9 - https:\/\/yoast.com\/product\/yoast-seo-wordpress\/ -->\n<title>T\u00e2che 1. G\u00e9ologie et mod\u00e9lisation r\u00e9servoir - UPGEO<\/title>\n<meta name=\"robots\" content=\"index, follow, max-snippet:-1, max-image-preview:large, max-video-preview:-1\" \/>\n<link rel=\"canonical\" href=\"https:\/\/hebergement.universite-paris-saclay.fr\/upgeo\/?page_id=240\" \/>\n<meta property=\"og:locale\" content=\"fr_FR\" \/>\n<meta property=\"og:type\" content=\"article\" \/>\n<meta property=\"og:title\" content=\"T\u00e2che 1. G\u00e9ologie et mod\u00e9lisation r\u00e9servoir - UPGEO\" \/>\n<meta property=\"og:description\" content=\"Les objectifs seront de caract\u00e9riser l&rsquo;\u00e9coulement pass\u00e9 des fluides \u00e0 l&rsquo;origine des ciments carbonat\u00e9s et des p\u00e9riodes de dissolution et de fournir un ou plusieurs mod\u00e8les g\u00e9ologiques statistiques pour deux types de r\u00e9servoirs (1) carbonat\u00e9 et (2) gr\u00e9seux, principalement en France. Les donn\u00e9es diagraphiques des puits disponibles dans ces bassins seront int\u00e9gr\u00e9es dans la base [&hellip;]\" \/>\n<meta property=\"og:url\" content=\"https:\/\/hebergement.universite-paris-saclay.fr\/upgeo\/?page_id=240\" \/>\n<meta property=\"og:site_name\" content=\"UPGEO\" \/>\n<meta property=\"article:modified_time\" content=\"2021-01-05T11:26:58+00:00\" \/>\n<meta name=\"twitter:card\" content=\"summary_large_image\" \/>\n<meta name=\"twitter:label1\" content=\"Dur\u00e9e de lecture estim\u00e9e\" \/>\n\t<meta name=\"twitter:data1\" content=\"1 minute\" \/>\n<script type=\"application\/ld+json\" class=\"yoast-schema-graph\">{\"@context\":\"https:\/\/schema.org\",\"@graph\":[{\"@type\":\"WebPage\",\"@id\":\"https:\/\/hebergement.universite-paris-saclay.fr\/upgeo\/?page_id=240\",\"url\":\"https:\/\/hebergement.universite-paris-saclay.fr\/upgeo\/?page_id=240\",\"name\":\"T\u00e2che 1. G\u00e9ologie et mod\u00e9lisation r\u00e9servoir - UPGEO\",\"isPartOf\":{\"@id\":\"https:\/\/hebergement.universite-paris-saclay.fr\/upgeo\/#website\"},\"datePublished\":\"2021-01-05T09:58:03+00:00\",\"dateModified\":\"2021-01-05T11:26:58+00:00\",\"breadcrumb\":{\"@id\":\"https:\/\/hebergement.universite-paris-saclay.fr\/upgeo\/?page_id=240#breadcrumb\"},\"inLanguage\":\"fr-FR\",\"potentialAction\":[{\"@type\":\"ReadAction\",\"target\":[\"https:\/\/hebergement.universite-paris-saclay.fr\/upgeo\/?page_id=240\"]}]},{\"@type\":\"BreadcrumbList\",\"@id\":\"https:\/\/hebergement.universite-paris-saclay.fr\/upgeo\/?page_id=240#breadcrumb\",\"itemListElement\":[{\"@type\":\"ListItem\",\"position\":1,\"name\":\"Accueil\",\"item\":\"http:\/\/hebergement.universite-paris-saclay.fr\/upgeo\"},{\"@type\":\"ListItem\",\"position\":2,\"name\":\"Le projet UPGEO\",\"item\":\"https:\/\/hebergement.universite-paris-saclay.fr\/upgeo\/?page_id=422\"},{\"@type\":\"ListItem\",\"position\":3,\"name\":\"T\u00e2ches\",\"item\":\"https:\/\/hebergement.universite-paris-saclay.fr\/upgeo\/?page_id=244\"},{\"@type\":\"ListItem\",\"position\":4,\"name\":\"T\u00e2che 1. G\u00e9ologie et mod\u00e9lisation r\u00e9servoir\"}]},{\"@type\":\"WebSite\",\"@id\":\"https:\/\/hebergement.universite-paris-saclay.fr\/upgeo\/#website\",\"url\":\"https:\/\/hebergement.universite-paris-saclay.fr\/upgeo\/\",\"name\":\"UPGEO\",\"description\":\"For geothermal energy\",\"publisher\":{\"@id\":\"https:\/\/hebergement.universite-paris-saclay.fr\/upgeo\/#organization\"},\"potentialAction\":[{\"@type\":\"SearchAction\",\"target\":{\"@type\":\"EntryPoint\",\"urlTemplate\":\"https:\/\/hebergement.universite-paris-saclay.fr\/upgeo\/?s={search_term_string}\"},\"query-input\":{\"@type\":\"PropertyValueSpecification\",\"valueRequired\":true,\"valueName\":\"search_term_string\"}}],\"inLanguage\":\"fr-FR\"},{\"@type\":\"Organization\",\"@id\":\"https:\/\/hebergement.universite-paris-saclay.fr\/upgeo\/#organization\",\"name\":\"ANR\",\"url\":\"https:\/\/hebergement.universite-paris-saclay.fr\/upgeo\/\",\"logo\":{\"@type\":\"ImageObject\",\"inLanguage\":\"fr-FR\",\"@id\":\"https:\/\/hebergement.universite-paris-saclay.fr\/upgeo\/#\/schema\/logo\/image\/\",\"url\":\"http:\/\/hebergement.universite-paris-saclay.fr\/upgeo\/wp-content\/uploads\/2020\/01\/label-ANR-bleu-CMJN-990x1024.jpg\",\"contentUrl\":\"http:\/\/hebergement.universite-paris-saclay.fr\/upgeo\/wp-content\/uploads\/2020\/01\/label-ANR-bleu-CMJN-990x1024.jpg\",\"width\":990,\"height\":1024,\"caption\":\"ANR\"},\"image\":{\"@id\":\"https:\/\/hebergement.universite-paris-saclay.fr\/upgeo\/#\/schema\/logo\/image\/\"}}]}<\/script>\n<!-- \/ Yoast SEO plugin. -->","yoast_head_json":{"title":"T\u00e2che 1. G\u00e9ologie et mod\u00e9lisation r\u00e9servoir - UPGEO","robots":{"index":"index","follow":"follow","max-snippet":"max-snippet:-1","max-image-preview":"max-image-preview:large","max-video-preview":"max-video-preview:-1"},"canonical":"https:\/\/hebergement.universite-paris-saclay.fr\/upgeo\/?page_id=240","og_locale":"fr_FR","og_type":"article","og_title":"T\u00e2che 1. G\u00e9ologie et mod\u00e9lisation r\u00e9servoir - UPGEO","og_description":"Les objectifs seront de caract\u00e9riser l&rsquo;\u00e9coulement pass\u00e9 des fluides \u00e0 l&rsquo;origine des ciments carbonat\u00e9s et des p\u00e9riodes de dissolution et de fournir un ou plusieurs mod\u00e8les g\u00e9ologiques statistiques pour deux types de r\u00e9servoirs (1) carbonat\u00e9 et (2) gr\u00e9seux, principalement en France. Les donn\u00e9es diagraphiques des puits disponibles dans ces bassins seront int\u00e9gr\u00e9es dans la base [&hellip;]","og_url":"https:\/\/hebergement.universite-paris-saclay.fr\/upgeo\/?page_id=240","og_site_name":"UPGEO","article_modified_time":"2021-01-05T11:26:58+00:00","twitter_card":"summary_large_image","twitter_misc":{"Dur\u00e9e de lecture estim\u00e9e":"1 minute"},"schema":{"@context":"https:\/\/schema.org","@graph":[{"@type":"WebPage","@id":"https:\/\/hebergement.universite-paris-saclay.fr\/upgeo\/?page_id=240","url":"https:\/\/hebergement.universite-paris-saclay.fr\/upgeo\/?page_id=240","name":"T\u00e2che 1. G\u00e9ologie et mod\u00e9lisation r\u00e9servoir - UPGEO","isPartOf":{"@id":"https:\/\/hebergement.universite-paris-saclay.fr\/upgeo\/#website"},"datePublished":"2021-01-05T09:58:03+00:00","dateModified":"2021-01-05T11:26:58+00:00","breadcrumb":{"@id":"https:\/\/hebergement.universite-paris-saclay.fr\/upgeo\/?page_id=240#breadcrumb"},"inLanguage":"fr-FR","potentialAction":[{"@type":"ReadAction","target":["https:\/\/hebergement.universite-paris-saclay.fr\/upgeo\/?page_id=240"]}]},{"@type":"BreadcrumbList","@id":"https:\/\/hebergement.universite-paris-saclay.fr\/upgeo\/?page_id=240#breadcrumb","itemListElement":[{"@type":"ListItem","position":1,"name":"Accueil","item":"http:\/\/hebergement.universite-paris-saclay.fr\/upgeo"},{"@type":"ListItem","position":2,"name":"Le projet UPGEO","item":"https:\/\/hebergement.universite-paris-saclay.fr\/upgeo\/?page_id=422"},{"@type":"ListItem","position":3,"name":"T\u00e2ches","item":"https:\/\/hebergement.universite-paris-saclay.fr\/upgeo\/?page_id=244"},{"@type":"ListItem","position":4,"name":"T\u00e2che 1. G\u00e9ologie et mod\u00e9lisation r\u00e9servoir"}]},{"@type":"WebSite","@id":"https:\/\/hebergement.universite-paris-saclay.fr\/upgeo\/#website","url":"https:\/\/hebergement.universite-paris-saclay.fr\/upgeo\/","name":"UPGEO","description":"For geothermal energy","publisher":{"@id":"https:\/\/hebergement.universite-paris-saclay.fr\/upgeo\/#organization"},"potentialAction":[{"@type":"SearchAction","target":{"@type":"EntryPoint","urlTemplate":"https:\/\/hebergement.universite-paris-saclay.fr\/upgeo\/?s={search_term_string}"},"query-input":{"@type":"PropertyValueSpecification","valueRequired":true,"valueName":"search_term_string"}}],"inLanguage":"fr-FR"},{"@type":"Organization","@id":"https:\/\/hebergement.universite-paris-saclay.fr\/upgeo\/#organization","name":"ANR","url":"https:\/\/hebergement.universite-paris-saclay.fr\/upgeo\/","logo":{"@type":"ImageObject","inLanguage":"fr-FR","@id":"https:\/\/hebergement.universite-paris-saclay.fr\/upgeo\/#\/schema\/logo\/image\/","url":"http:\/\/hebergement.universite-paris-saclay.fr\/upgeo\/wp-content\/uploads\/2020\/01\/label-ANR-bleu-CMJN-990x1024.jpg","contentUrl":"http:\/\/hebergement.universite-paris-saclay.fr\/upgeo\/wp-content\/uploads\/2020\/01\/label-ANR-bleu-CMJN-990x1024.jpg","width":990,"height":1024,"caption":"ANR"},"image":{"@id":"https:\/\/hebergement.universite-paris-saclay.fr\/upgeo\/#\/schema\/logo\/image\/"}}]}},"_links":{"self":[{"href":"https:\/\/hebergement.universite-paris-saclay.fr\/upgeo\/index.php?rest_route=\/wp\/v2\/pages\/240","targetHints":{"allow":["GET"]}}],"collection":[{"href":"https:\/\/hebergement.universite-paris-saclay.fr\/upgeo\/index.php?rest_route=\/wp\/v2\/pages"}],"about":[{"href":"https:\/\/hebergement.universite-paris-saclay.fr\/upgeo\/index.php?rest_route=\/wp\/v2\/types\/page"}],"author":[{"embeddable":true,"href":"https:\/\/hebergement.universite-paris-saclay.fr\/upgeo\/index.php?rest_route=\/wp\/v2\/users\/1"}],"replies":[{"embeddable":true,"href":"https:\/\/hebergement.universite-paris-saclay.fr\/upgeo\/index.php?rest_route=%2Fwp%2Fv2%2Fcomments&post=240"}],"version-history":[{"count":3,"href":"https:\/\/hebergement.universite-paris-saclay.fr\/upgeo\/index.php?rest_route=\/wp\/v2\/pages\/240\/revisions"}],"predecessor-version":[{"id":260,"href":"https:\/\/hebergement.universite-paris-saclay.fr\/upgeo\/index.php?rest_route=\/wp\/v2\/pages\/240\/revisions\/260"}],"up":[{"embeddable":true,"href":"https:\/\/hebergement.universite-paris-saclay.fr\/upgeo\/index.php?rest_route=\/wp\/v2\/pages\/244"}],"wp:attachment":[{"href":"https:\/\/hebergement.universite-paris-saclay.fr\/upgeo\/index.php?rest_route=%2Fwp%2Fv2%2Fmedia&parent=240"}],"curies":[{"name":"wp","href":"https:\/\/api.w.org\/{rel}","templated":true}]}}