{"id":255,"date":"2021-01-05T12:18:59","date_gmt":"2021-01-05T11:18:59","guid":{"rendered":"http:\/\/hebergement.universite-paris-saclay.fr\/upgeo\/?page_id=255"},"modified":"2021-02-20T19:27:54","modified_gmt":"2021-02-20T18:27:54","slug":"connectivite-des-reservoirs-et-simulation-des-transferts-thermiques-des-reservoirs-carbonates-et-de-greseux","status":"publish","type":"page","link":"https:\/\/hebergement.universite-paris-saclay.fr\/upgeo\/?page_id=255","title":{"rendered":"T\u00e2che 3. Connectivit\u00e9 des r\u00e9servoirs et simulation des transferts thermiques des r\u00e9servoirs carbonat\u00e9s et gr\u00e9seux"},"content":{"rendered":"\n<p>Dans un r\u00e9servoir g\u00e9othermique, deux types de connectivit\u00e9 sont pr\u00e9sentes: la connectivit\u00e9 d&rsquo;\u00e9coulement et la connectivit\u00e9 thermique. Une interrogation subsiste sur leur lien. La connectivit\u00e9 des flux d\u00e9pend de la distribution des corps s\u00e9dimentaires r\u00e9servoirs. La connectivit\u00e9 thermique, r\u00e9git \u00e0 la fois par la diffusion (processus isotrope) et l&rsquo;advection dans le fluide (processus connect\u00e9), peut exister lorsque la connectivit\u00e9 des flux est faible. Par cons\u00e9quent, la question de la connectivit\u00e9 dans un r\u00e9servoir est un probl\u00e8me assez complexe car elle d\u00e9pend d&rsquo;un processus de transport dans un milieu h\u00e9t\u00e9rog\u00e8ne. Nous proposons d&rsquo;explorer ce probl\u00e8me au moyen de la physique statistique, i.e. la th\u00e9orie de la percolation. Selon les travaux pionniers de King [1], ce cadre permet de caract\u00e9riser la connectivit\u00e9 au moyen de diff\u00e9rentes variables statistiques : le seuil de percolation, la perm\u00e9abilit\u00e9 effective et la taille des seuils de pores. Ces diff\u00e9rents param\u00e8tres d\u00e9pendent du type s\u00e9dimentologique du r\u00e9servoir : fluviatile, delta\u00efque, barres de sable tidales dans un estuaire, dunes tidales oolithique et de la topologie de chaque corps. La question de la connectivit\u00e9 sera \u00e9tudi\u00e9e \u00e0 l&rsquo;aide (1) de consid\u00e9rations th\u00e9oriques sur la normalisation appliqu\u00e9e \u00e0 chaque typologie s\u00e9dimentaire \u00ab&nbsp;bool\u00e9enne&nbsp;\u00bb, i.e. r\u00e9servoir avec deux types, ou plus de corps, et (2) de simulations num\u00e9riques 3D de chaleur et de m\u00e9canique de l&rsquo;\u00e9coulement. Nous appliquerons la distribution des param\u00e8tres de porosit\u00e9, perm\u00e9abilit\u00e9, thermiques, de connectivit\u00e9 \u00e0 la simulation d&rsquo;\u00e9coulement, de la m\u00e9canique et thermique (mod\u00e9lisation THM) \u00e0 l&rsquo;\u00e9chelle du doublet g\u00e9othermique et du bassin. Nous comparerons cette simulation avec des tests de pompage de puits (t\u00e2che 1). La t\u00e2che proposera \u00e9galement des recommandations aux op\u00e9rateurs pour optimiser l&rsquo;architecture et le positionnement des puits afin d&rsquo;augmenter la dur\u00e9e de vie des doublets. Nous int\u00e9grerons dans les logiciels PumaFlow, Eclipse, Tough2 et DuMu<sup>X<\/sup>, les r\u00e9alisations g\u00e9ostatistiques produites par Petrel (t\u00e2che 1).<\/p>\n\n\n\n<p>[1] P. R. King, \u201cThe connectivity and conductivity of overlapping sand bodies,\u201d in <em>North Sea Oil and Gas Reservoirs\u2014II<\/em>, Springer, 1990, pp. 353\u2013362.<\/p>\n","protected":false},"excerpt":{"rendered":"<p>Dans un r\u00e9servoir g\u00e9othermique, deux types de connectivit\u00e9 sont pr\u00e9sentes: la connectivit\u00e9 d&rsquo;\u00e9coulement et la connectivit\u00e9 thermique. Une interrogation subsiste sur leur lien. La connectivit\u00e9 des flux d\u00e9pend de la distribution des corps s\u00e9dimentaires r\u00e9servoirs. La connectivit\u00e9 thermique, r\u00e9git \u00e0 la fois par la diffusion (processus isotrope) et l&rsquo;advection dans le fluide (processus connect\u00e9), peut [&hellip;]<\/p>\n","protected":false},"author":1,"featured_media":0,"parent":244,"menu_order":3,"comment_status":"closed","ping_status":"closed","template":"","meta":{"footnotes":""},"class_list":["post-255","page","type-page","status-publish","hentry","post-preview"],"yoast_head":"<!-- This site is optimized with the Yoast SEO plugin v26.9 - https:\/\/yoast.com\/product\/yoast-seo-wordpress\/ -->\n<title>T\u00e2che 3. Connectivit\u00e9 des r\u00e9servoirs et simulation des transferts thermiques des r\u00e9servoirs carbonat\u00e9s et gr\u00e9seux - UPGEO<\/title>\n<meta name=\"robots\" content=\"index, follow, max-snippet:-1, max-image-preview:large, max-video-preview:-1\" \/>\n<link rel=\"canonical\" href=\"https:\/\/hebergement.universite-paris-saclay.fr\/upgeo\/?page_id=255\" \/>\n<meta property=\"og:locale\" content=\"fr_FR\" \/>\n<meta property=\"og:type\" content=\"article\" \/>\n<meta property=\"og:title\" content=\"T\u00e2che 3. Connectivit\u00e9 des r\u00e9servoirs et simulation des transferts thermiques des r\u00e9servoirs carbonat\u00e9s et gr\u00e9seux - UPGEO\" \/>\n<meta property=\"og:description\" content=\"Dans un r\u00e9servoir g\u00e9othermique, deux types de connectivit\u00e9 sont pr\u00e9sentes: la connectivit\u00e9 d&rsquo;\u00e9coulement et la connectivit\u00e9 thermique. Une interrogation subsiste sur leur lien. La connectivit\u00e9 des flux d\u00e9pend de la distribution des corps s\u00e9dimentaires r\u00e9servoirs. La connectivit\u00e9 thermique, r\u00e9git \u00e0 la fois par la diffusion (processus isotrope) et l&rsquo;advection dans le fluide (processus connect\u00e9), peut [&hellip;]\" \/>\n<meta property=\"og:url\" content=\"https:\/\/hebergement.universite-paris-saclay.fr\/upgeo\/?page_id=255\" \/>\n<meta property=\"og:site_name\" content=\"UPGEO\" \/>\n<meta property=\"article:modified_time\" content=\"2021-02-20T18:27:54+00:00\" \/>\n<meta name=\"twitter:card\" content=\"summary_large_image\" \/>\n<meta name=\"twitter:label1\" content=\"Dur\u00e9e de lecture estim\u00e9e\" \/>\n\t<meta name=\"twitter:data1\" content=\"2 minutes\" \/>\n<script type=\"application\/ld+json\" class=\"yoast-schema-graph\">{\"@context\":\"https:\/\/schema.org\",\"@graph\":[{\"@type\":\"WebPage\",\"@id\":\"https:\/\/hebergement.universite-paris-saclay.fr\/upgeo\/?page_id=255\",\"url\":\"https:\/\/hebergement.universite-paris-saclay.fr\/upgeo\/?page_id=255\",\"name\":\"T\u00e2che 3. Connectivit\u00e9 des r\u00e9servoirs et simulation des transferts thermiques des r\u00e9servoirs carbonat\u00e9s et gr\u00e9seux - UPGEO\",\"isPartOf\":{\"@id\":\"https:\/\/hebergement.universite-paris-saclay.fr\/upgeo\/#website\"},\"datePublished\":\"2021-01-05T11:18:59+00:00\",\"dateModified\":\"2021-02-20T18:27:54+00:00\",\"breadcrumb\":{\"@id\":\"https:\/\/hebergement.universite-paris-saclay.fr\/upgeo\/?page_id=255#breadcrumb\"},\"inLanguage\":\"fr-FR\",\"potentialAction\":[{\"@type\":\"ReadAction\",\"target\":[\"https:\/\/hebergement.universite-paris-saclay.fr\/upgeo\/?page_id=255\"]}]},{\"@type\":\"BreadcrumbList\",\"@id\":\"https:\/\/hebergement.universite-paris-saclay.fr\/upgeo\/?page_id=255#breadcrumb\",\"itemListElement\":[{\"@type\":\"ListItem\",\"position\":1,\"name\":\"Accueil\",\"item\":\"http:\/\/hebergement.universite-paris-saclay.fr\/upgeo\"},{\"@type\":\"ListItem\",\"position\":2,\"name\":\"Le projet UPGEO\",\"item\":\"https:\/\/hebergement.universite-paris-saclay.fr\/upgeo\/?page_id=422\"},{\"@type\":\"ListItem\",\"position\":3,\"name\":\"T\u00e2ches\",\"item\":\"https:\/\/hebergement.universite-paris-saclay.fr\/upgeo\/?page_id=244\"},{\"@type\":\"ListItem\",\"position\":4,\"name\":\"T\u00e2che 3. Connectivit\u00e9 des r\u00e9servoirs et simulation des transferts thermiques des r\u00e9servoirs carbonat\u00e9s et gr\u00e9seux\"}]},{\"@type\":\"WebSite\",\"@id\":\"https:\/\/hebergement.universite-paris-saclay.fr\/upgeo\/#website\",\"url\":\"https:\/\/hebergement.universite-paris-saclay.fr\/upgeo\/\",\"name\":\"UPGEO\",\"description\":\"For geothermal energy\",\"publisher\":{\"@id\":\"https:\/\/hebergement.universite-paris-saclay.fr\/upgeo\/#organization\"},\"potentialAction\":[{\"@type\":\"SearchAction\",\"target\":{\"@type\":\"EntryPoint\",\"urlTemplate\":\"https:\/\/hebergement.universite-paris-saclay.fr\/upgeo\/?s={search_term_string}\"},\"query-input\":{\"@type\":\"PropertyValueSpecification\",\"valueRequired\":true,\"valueName\":\"search_term_string\"}}],\"inLanguage\":\"fr-FR\"},{\"@type\":\"Organization\",\"@id\":\"https:\/\/hebergement.universite-paris-saclay.fr\/upgeo\/#organization\",\"name\":\"ANR\",\"url\":\"https:\/\/hebergement.universite-paris-saclay.fr\/upgeo\/\",\"logo\":{\"@type\":\"ImageObject\",\"inLanguage\":\"fr-FR\",\"@id\":\"https:\/\/hebergement.universite-paris-saclay.fr\/upgeo\/#\/schema\/logo\/image\/\",\"url\":\"http:\/\/hebergement.universite-paris-saclay.fr\/upgeo\/wp-content\/uploads\/2020\/01\/label-ANR-bleu-CMJN-990x1024.jpg\",\"contentUrl\":\"http:\/\/hebergement.universite-paris-saclay.fr\/upgeo\/wp-content\/uploads\/2020\/01\/label-ANR-bleu-CMJN-990x1024.jpg\",\"width\":990,\"height\":1024,\"caption\":\"ANR\"},\"image\":{\"@id\":\"https:\/\/hebergement.universite-paris-saclay.fr\/upgeo\/#\/schema\/logo\/image\/\"}}]}<\/script>\n<!-- \/ Yoast SEO plugin. -->","yoast_head_json":{"title":"T\u00e2che 3. Connectivit\u00e9 des r\u00e9servoirs et simulation des transferts thermiques des r\u00e9servoirs carbonat\u00e9s et gr\u00e9seux - UPGEO","robots":{"index":"index","follow":"follow","max-snippet":"max-snippet:-1","max-image-preview":"max-image-preview:large","max-video-preview":"max-video-preview:-1"},"canonical":"https:\/\/hebergement.universite-paris-saclay.fr\/upgeo\/?page_id=255","og_locale":"fr_FR","og_type":"article","og_title":"T\u00e2che 3. Connectivit\u00e9 des r\u00e9servoirs et simulation des transferts thermiques des r\u00e9servoirs carbonat\u00e9s et gr\u00e9seux - UPGEO","og_description":"Dans un r\u00e9servoir g\u00e9othermique, deux types de connectivit\u00e9 sont pr\u00e9sentes: la connectivit\u00e9 d&rsquo;\u00e9coulement et la connectivit\u00e9 thermique. Une interrogation subsiste sur leur lien. La connectivit\u00e9 des flux d\u00e9pend de la distribution des corps s\u00e9dimentaires r\u00e9servoirs. La connectivit\u00e9 thermique, r\u00e9git \u00e0 la fois par la diffusion (processus isotrope) et l&rsquo;advection dans le fluide (processus connect\u00e9), peut [&hellip;]","og_url":"https:\/\/hebergement.universite-paris-saclay.fr\/upgeo\/?page_id=255","og_site_name":"UPGEO","article_modified_time":"2021-02-20T18:27:54+00:00","twitter_card":"summary_large_image","twitter_misc":{"Dur\u00e9e de lecture estim\u00e9e":"2 minutes"},"schema":{"@context":"https:\/\/schema.org","@graph":[{"@type":"WebPage","@id":"https:\/\/hebergement.universite-paris-saclay.fr\/upgeo\/?page_id=255","url":"https:\/\/hebergement.universite-paris-saclay.fr\/upgeo\/?page_id=255","name":"T\u00e2che 3. Connectivit\u00e9 des r\u00e9servoirs et simulation des transferts thermiques des r\u00e9servoirs carbonat\u00e9s et gr\u00e9seux - UPGEO","isPartOf":{"@id":"https:\/\/hebergement.universite-paris-saclay.fr\/upgeo\/#website"},"datePublished":"2021-01-05T11:18:59+00:00","dateModified":"2021-02-20T18:27:54+00:00","breadcrumb":{"@id":"https:\/\/hebergement.universite-paris-saclay.fr\/upgeo\/?page_id=255#breadcrumb"},"inLanguage":"fr-FR","potentialAction":[{"@type":"ReadAction","target":["https:\/\/hebergement.universite-paris-saclay.fr\/upgeo\/?page_id=255"]}]},{"@type":"BreadcrumbList","@id":"https:\/\/hebergement.universite-paris-saclay.fr\/upgeo\/?page_id=255#breadcrumb","itemListElement":[{"@type":"ListItem","position":1,"name":"Accueil","item":"http:\/\/hebergement.universite-paris-saclay.fr\/upgeo"},{"@type":"ListItem","position":2,"name":"Le projet UPGEO","item":"https:\/\/hebergement.universite-paris-saclay.fr\/upgeo\/?page_id=422"},{"@type":"ListItem","position":3,"name":"T\u00e2ches","item":"https:\/\/hebergement.universite-paris-saclay.fr\/upgeo\/?page_id=244"},{"@type":"ListItem","position":4,"name":"T\u00e2che 3. Connectivit\u00e9 des r\u00e9servoirs et simulation des transferts thermiques des r\u00e9servoirs carbonat\u00e9s et gr\u00e9seux"}]},{"@type":"WebSite","@id":"https:\/\/hebergement.universite-paris-saclay.fr\/upgeo\/#website","url":"https:\/\/hebergement.universite-paris-saclay.fr\/upgeo\/","name":"UPGEO","description":"For geothermal energy","publisher":{"@id":"https:\/\/hebergement.universite-paris-saclay.fr\/upgeo\/#organization"},"potentialAction":[{"@type":"SearchAction","target":{"@type":"EntryPoint","urlTemplate":"https:\/\/hebergement.universite-paris-saclay.fr\/upgeo\/?s={search_term_string}"},"query-input":{"@type":"PropertyValueSpecification","valueRequired":true,"valueName":"search_term_string"}}],"inLanguage":"fr-FR"},{"@type":"Organization","@id":"https:\/\/hebergement.universite-paris-saclay.fr\/upgeo\/#organization","name":"ANR","url":"https:\/\/hebergement.universite-paris-saclay.fr\/upgeo\/","logo":{"@type":"ImageObject","inLanguage":"fr-FR","@id":"https:\/\/hebergement.universite-paris-saclay.fr\/upgeo\/#\/schema\/logo\/image\/","url":"http:\/\/hebergement.universite-paris-saclay.fr\/upgeo\/wp-content\/uploads\/2020\/01\/label-ANR-bleu-CMJN-990x1024.jpg","contentUrl":"http:\/\/hebergement.universite-paris-saclay.fr\/upgeo\/wp-content\/uploads\/2020\/01\/label-ANR-bleu-CMJN-990x1024.jpg","width":990,"height":1024,"caption":"ANR"},"image":{"@id":"https:\/\/hebergement.universite-paris-saclay.fr\/upgeo\/#\/schema\/logo\/image\/"}}]}},"_links":{"self":[{"href":"https:\/\/hebergement.universite-paris-saclay.fr\/upgeo\/index.php?rest_route=\/wp\/v2\/pages\/255","targetHints":{"allow":["GET"]}}],"collection":[{"href":"https:\/\/hebergement.universite-paris-saclay.fr\/upgeo\/index.php?rest_route=\/wp\/v2\/pages"}],"about":[{"href":"https:\/\/hebergement.universite-paris-saclay.fr\/upgeo\/index.php?rest_route=\/wp\/v2\/types\/page"}],"author":[{"embeddable":true,"href":"https:\/\/hebergement.universite-paris-saclay.fr\/upgeo\/index.php?rest_route=\/wp\/v2\/users\/1"}],"replies":[{"embeddable":true,"href":"https:\/\/hebergement.universite-paris-saclay.fr\/upgeo\/index.php?rest_route=%2Fwp%2Fv2%2Fcomments&post=255"}],"version-history":[{"count":4,"href":"https:\/\/hebergement.universite-paris-saclay.fr\/upgeo\/index.php?rest_route=\/wp\/v2\/pages\/255\/revisions"}],"predecessor-version":[{"id":312,"href":"https:\/\/hebergement.universite-paris-saclay.fr\/upgeo\/index.php?rest_route=\/wp\/v2\/pages\/255\/revisions\/312"}],"up":[{"embeddable":true,"href":"https:\/\/hebergement.universite-paris-saclay.fr\/upgeo\/index.php?rest_route=\/wp\/v2\/pages\/244"}],"wp:attachment":[{"href":"https:\/\/hebergement.universite-paris-saclay.fr\/upgeo\/index.php?rest_route=%2Fwp%2Fv2%2Fmedia&parent=255"}],"curies":[{"name":"wp","href":"https:\/\/api.w.org\/{rel}","templated":true}]}}