{"id":336,"date":"2021-03-16T13:45:39","date_gmt":"2021-03-16T12:45:39","guid":{"rendered":"http:\/\/hebergement.universite-paris-saclay.fr\/upgeo\/?page_id=336"},"modified":"2025-10-13T22:15:12","modified_gmt":"2025-10-13T21:15:12","slug":"data","status":"publish","type":"page","link":"https:\/\/hebergement.universite-paris-saclay.fr\/upgeo\/?page_id=336","title":{"rendered":"Dataset"},"content":{"rendered":"\n<p><strong>2024<\/strong><\/p>\n\n\n\n<p>Mas, Perrine, 2024, \u00ab\u00a0PhD thesis dataset &#8211; Deciphering tidal signature in a fluvial-dominated delta using Digital Outcrop Models (Roda Sandstone, Eocene, South Pyrenean Basin)\u00a0\u00bb, <a href=\"https:\/\/doi.org\/10.57745\/Y2OXPZ\" target=\"_blank\" rel=\"noreferrer noopener\">https:\/\/doi.org\/10.57745\/Y2OXPZ<\/a>, Recherche Data Gouv, V1<\/p>\n\n\n\n<p>Mas, Perrine, 2024, \u00ab\u00a0PhD thesis dataset \u2013 Contribution of a Digital Outcrop Model to the production of a 3D geological model of an outcropping deltaic system reservoir analogue\u00a0\u00bb, https:\/\/doi.org\/10.57745\/D3QCH8, Recherche Data Gouv<\/p>\n\n\n\n<p>Mas, Perrine, 2024, \u00ab\u00a0PhD thesis dataset \u2013 Characterization and 3D modelling of sedimentary heterogeneities in the Albien reservoir of the Paris Basin\u00a0\u00bb, https:\/\/doi.org\/10.57745\/OCDAQP, Recherche Data Gouv<\/p>\n\n\n\n<p><strong>2023<\/strong><\/p>\n\n\n\n<p>Tableau Excel synth\u00e9tisant les donn\u00e9es des puits g\u00e9othermiques et p\u00e9troliers d\u2019Ile-de-France <a href=\"https:\/\/www.data.gouv.fr\/fr\/datasets\/base-de-donnees-des-puits-petroliers-et-geothermiques-dile-de-france\" target=\"_blank\" rel=\"noreferrer noopener\">https:\/\/www.data.gouv.fr\/fr\/datasets\/base-de-donnees-des-puits-petroliers-et-geothermiques-dile-de-france<\/a><\/p>\n\n\n\n<p>Tutoriel .pdf pour effectuer des simulations hydro-thermo-dynamique sur le logiciel PumaflowTM <a href=\"https:\/\/www.data.gouv.fr\/es\/datasets\/tutoriel-logiciel-pumaflow\" target=\"_blank\" rel=\"noreferrer noopener\">https:\/\/www.data.gouv.fr\/es\/datasets\/tutoriel-logiciel-pumaflow<\/a><\/p>\n\n\n\n<p>Tableau Excel r\u00e9capitulant les donn\u00e9es des distributions T2 issues des mesures RMN faites en laboratoire sur la carotte du puits de Bobigny-Drancy 4 (GBD4) <a href=\"https:\/\/www.data.gouv.fr\/fr\/datasets\/donnees-de-distribution-t2-catinat-2023\/#\/resources\" target=\"_blank\" rel=\"noreferrer noopener\">https:\/\/www.data.gouv.fr\/fr\/datasets\/donnees-de-distribution-t2-catinat-2023\/#\/resources<\/a><\/p>\n\n\n\n<p>Projet Petrel\u00a9 du r\u00e9servoir g\u00e9othermique du Dogger du bassin de Paris en r\u00e9gion francilienne <a href=\"https:\/\/www.data.gouv.fr\/datasets\/projet-petrel-c-du-reservoir-geothermique-du-dogger-du-bassin-de-paris-en-region-francilienne\/\" target=\"_blank\" rel=\"noreferrer noopener\">https:\/\/www.data.gouv.fr\/datasets\/projet-petrel-c-du-reservoir-geothermique-du-dogger-du-bassin-de-paris-en-region-francilienne\/<\/a><\/p>\n\n\n\n<p><strong>2022<\/strong><\/p>\n\n\n\n<p>Thomas, H.,  Brigaud, B. Blaise, T., Zordan, E., Zeyen, H., Catinat, M., Andrieu, S., Mouche, E., Fleury, M., 2022, \u00ab\u00a0Thomas et al 2022 Upscaling of geological properties in a world-class carbonate geothermal system in France: from core scale to 3D regional reservoir dimensions\u201d, Mendeley Data, V1, <a href=\"http:\/\/dx.doi.org\/10.17632\/kd6dyfwg5f.1\" target=\"_blank\" rel=\"noreferrer noopener\">http:\/\/dx.doi.org\/10.17632\/kd6dyfwg5f.1<\/a><\/p>\n\n\n\n<p><strong>2020<\/strong><\/p>\n\n\n\n<p>Thomas, H., 2020, \u201cPetrel 3D model of Massangis quarry (Contribution of drone photogrammetry to 3D outcrop modeling of facies, porosity, and permeability heterogeneities in carbonate reservoirs)\u201d, Mendeley Data, V1, <a href=\"http:\/\/dx.doi.org\/10.17632\/fcdg3jvjdp.1\" target=\"_blank\" rel=\"noreferrer noopener\">http:\/\/dx.doi.org\/10.17632\/fcdg3jvjdp.1<\/a><\/p>\n\n\n\n<p>Datasets of the 3D model of Massangis quarry containing the Digital Outcrop Model (DOM), construction surfaces, facies and petrophysical data are included in the rar file, which can be found at <a href=\"https:\/\/data.mendeley.com\/datasets\/fcdg3jvjdp\/1\" target=\"_blank\" rel=\"noreferrer noopener\">https:\/\/data.mendeley.com\/datasets\/fcdg3jvjdp\/1<\/a>, an open-source online data repository hosted at Mendeley Data. This file can be read only with Schlumberger software Petrel\u00ae, version 2019.2 and later. The 3D photogrammetric model of Massangis quarry can be found on Sketchfab at <a href=\"https:\/\/skfb.ly\/6RYGF\" target=\"_blank\" rel=\"noreferrer noopener\">https:\/\/skfb.ly\/6RYGF<\/a> with highlights.<\/p>\n","protected":false},"excerpt":{"rendered":"<p>2024 Mas, Perrine, 2024, \u00ab\u00a0PhD thesis dataset &#8211; Deciphering tidal signature in a fluvial-dominated delta using Digital Outcrop Models (Roda Sandstone, Eocene, South Pyrenean Basin)\u00a0\u00bb, https:\/\/doi.org\/10.57745\/Y2OXPZ, Recherche Data Gouv, V1 Mas, Perrine, 2024, \u00ab\u00a0PhD thesis dataset \u2013 Contribution of a Digital Outcrop Model to the production of a 3D geological model of an outcropping deltaic [&hellip;]<\/p>\n","protected":false},"author":1,"featured_media":0,"parent":0,"menu_order":8,"comment_status":"closed","ping_status":"closed","template":"","meta":{"footnotes":""},"class_list":["post-336","page","type-page","status-publish","hentry","post-preview"],"yoast_head":"<!-- This site is optimized with the Yoast SEO plugin v26.9 - https:\/\/yoast.com\/product\/yoast-seo-wordpress\/ -->\n<title>Dataset - UPGEO<\/title>\n<meta name=\"robots\" content=\"index, follow, max-snippet:-1, max-image-preview:large, max-video-preview:-1\" \/>\n<link rel=\"canonical\" href=\"https:\/\/hebergement.universite-paris-saclay.fr\/upgeo\/?page_id=336\" \/>\n<meta property=\"og:locale\" content=\"fr_FR\" \/>\n<meta property=\"og:type\" content=\"article\" \/>\n<meta property=\"og:title\" content=\"Dataset - UPGEO\" \/>\n<meta property=\"og:description\" content=\"2024 Mas, Perrine, 2024, \u00ab\u00a0PhD thesis dataset &#8211; Deciphering tidal signature in a fluvial-dominated delta using Digital Outcrop Models (Roda Sandstone, Eocene, South Pyrenean Basin)\u00a0\u00bb, https:\/\/doi.org\/10.57745\/Y2OXPZ, Recherche Data Gouv, V1 Mas, Perrine, 2024, \u00ab\u00a0PhD thesis dataset \u2013 Contribution of a Digital Outcrop Model to the production of a 3D geological model of an outcropping deltaic [&hellip;]\" \/>\n<meta property=\"og:url\" content=\"https:\/\/hebergement.universite-paris-saclay.fr\/upgeo\/?page_id=336\" \/>\n<meta property=\"og:site_name\" content=\"UPGEO\" \/>\n<meta property=\"article:modified_time\" content=\"2025-10-13T21:15:12+00:00\" \/>\n<meta name=\"twitter:card\" content=\"summary_large_image\" \/>\n<meta name=\"twitter:label1\" content=\"Dur\u00e9e de lecture estim\u00e9e\" \/>\n\t<meta name=\"twitter:data1\" content=\"2 minutes\" \/>\n<script type=\"application\/ld+json\" class=\"yoast-schema-graph\">{\"@context\":\"https:\/\/schema.org\",\"@graph\":[{\"@type\":\"WebPage\",\"@id\":\"https:\/\/hebergement.universite-paris-saclay.fr\/upgeo\/?page_id=336\",\"url\":\"https:\/\/hebergement.universite-paris-saclay.fr\/upgeo\/?page_id=336\",\"name\":\"Dataset - UPGEO\",\"isPartOf\":{\"@id\":\"https:\/\/hebergement.universite-paris-saclay.fr\/upgeo\/#website\"},\"datePublished\":\"2021-03-16T12:45:39+00:00\",\"dateModified\":\"2025-10-13T21:15:12+00:00\",\"breadcrumb\":{\"@id\":\"https:\/\/hebergement.universite-paris-saclay.fr\/upgeo\/?page_id=336#breadcrumb\"},\"inLanguage\":\"fr-FR\",\"potentialAction\":[{\"@type\":\"ReadAction\",\"target\":[\"https:\/\/hebergement.universite-paris-saclay.fr\/upgeo\/?page_id=336\"]}]},{\"@type\":\"BreadcrumbList\",\"@id\":\"https:\/\/hebergement.universite-paris-saclay.fr\/upgeo\/?page_id=336#breadcrumb\",\"itemListElement\":[{\"@type\":\"ListItem\",\"position\":1,\"name\":\"Accueil\",\"item\":\"http:\/\/hebergement.universite-paris-saclay.fr\/upgeo\"},{\"@type\":\"ListItem\",\"position\":2,\"name\":\"Dataset\"}]},{\"@type\":\"WebSite\",\"@id\":\"https:\/\/hebergement.universite-paris-saclay.fr\/upgeo\/#website\",\"url\":\"https:\/\/hebergement.universite-paris-saclay.fr\/upgeo\/\",\"name\":\"UPGEO\",\"description\":\"For geothermal energy\",\"publisher\":{\"@id\":\"https:\/\/hebergement.universite-paris-saclay.fr\/upgeo\/#organization\"},\"potentialAction\":[{\"@type\":\"SearchAction\",\"target\":{\"@type\":\"EntryPoint\",\"urlTemplate\":\"https:\/\/hebergement.universite-paris-saclay.fr\/upgeo\/?s={search_term_string}\"},\"query-input\":{\"@type\":\"PropertyValueSpecification\",\"valueRequired\":true,\"valueName\":\"search_term_string\"}}],\"inLanguage\":\"fr-FR\"},{\"@type\":\"Organization\",\"@id\":\"https:\/\/hebergement.universite-paris-saclay.fr\/upgeo\/#organization\",\"name\":\"ANR\",\"url\":\"https:\/\/hebergement.universite-paris-saclay.fr\/upgeo\/\",\"logo\":{\"@type\":\"ImageObject\",\"inLanguage\":\"fr-FR\",\"@id\":\"https:\/\/hebergement.universite-paris-saclay.fr\/upgeo\/#\/schema\/logo\/image\/\",\"url\":\"http:\/\/hebergement.universite-paris-saclay.fr\/upgeo\/wp-content\/uploads\/2020\/01\/label-ANR-bleu-CMJN-990x1024.jpg\",\"contentUrl\":\"http:\/\/hebergement.universite-paris-saclay.fr\/upgeo\/wp-content\/uploads\/2020\/01\/label-ANR-bleu-CMJN-990x1024.jpg\",\"width\":990,\"height\":1024,\"caption\":\"ANR\"},\"image\":{\"@id\":\"https:\/\/hebergement.universite-paris-saclay.fr\/upgeo\/#\/schema\/logo\/image\/\"}}]}<\/script>\n<!-- \/ Yoast SEO plugin. -->","yoast_head_json":{"title":"Dataset - UPGEO","robots":{"index":"index","follow":"follow","max-snippet":"max-snippet:-1","max-image-preview":"max-image-preview:large","max-video-preview":"max-video-preview:-1"},"canonical":"https:\/\/hebergement.universite-paris-saclay.fr\/upgeo\/?page_id=336","og_locale":"fr_FR","og_type":"article","og_title":"Dataset - UPGEO","og_description":"2024 Mas, Perrine, 2024, \u00ab\u00a0PhD thesis dataset &#8211; Deciphering tidal signature in a fluvial-dominated delta using Digital Outcrop Models (Roda Sandstone, Eocene, South Pyrenean Basin)\u00a0\u00bb, https:\/\/doi.org\/10.57745\/Y2OXPZ, Recherche Data Gouv, V1 Mas, Perrine, 2024, \u00ab\u00a0PhD thesis dataset \u2013 Contribution of a Digital Outcrop Model to the production of a 3D geological model of an outcropping deltaic [&hellip;]","og_url":"https:\/\/hebergement.universite-paris-saclay.fr\/upgeo\/?page_id=336","og_site_name":"UPGEO","article_modified_time":"2025-10-13T21:15:12+00:00","twitter_card":"summary_large_image","twitter_misc":{"Dur\u00e9e de lecture estim\u00e9e":"2 minutes"},"schema":{"@context":"https:\/\/schema.org","@graph":[{"@type":"WebPage","@id":"https:\/\/hebergement.universite-paris-saclay.fr\/upgeo\/?page_id=336","url":"https:\/\/hebergement.universite-paris-saclay.fr\/upgeo\/?page_id=336","name":"Dataset - UPGEO","isPartOf":{"@id":"https:\/\/hebergement.universite-paris-saclay.fr\/upgeo\/#website"},"datePublished":"2021-03-16T12:45:39+00:00","dateModified":"2025-10-13T21:15:12+00:00","breadcrumb":{"@id":"https:\/\/hebergement.universite-paris-saclay.fr\/upgeo\/?page_id=336#breadcrumb"},"inLanguage":"fr-FR","potentialAction":[{"@type":"ReadAction","target":["https:\/\/hebergement.universite-paris-saclay.fr\/upgeo\/?page_id=336"]}]},{"@type":"BreadcrumbList","@id":"https:\/\/hebergement.universite-paris-saclay.fr\/upgeo\/?page_id=336#breadcrumb","itemListElement":[{"@type":"ListItem","position":1,"name":"Accueil","item":"http:\/\/hebergement.universite-paris-saclay.fr\/upgeo"},{"@type":"ListItem","position":2,"name":"Dataset"}]},{"@type":"WebSite","@id":"https:\/\/hebergement.universite-paris-saclay.fr\/upgeo\/#website","url":"https:\/\/hebergement.universite-paris-saclay.fr\/upgeo\/","name":"UPGEO","description":"For geothermal energy","publisher":{"@id":"https:\/\/hebergement.universite-paris-saclay.fr\/upgeo\/#organization"},"potentialAction":[{"@type":"SearchAction","target":{"@type":"EntryPoint","urlTemplate":"https:\/\/hebergement.universite-paris-saclay.fr\/upgeo\/?s={search_term_string}"},"query-input":{"@type":"PropertyValueSpecification","valueRequired":true,"valueName":"search_term_string"}}],"inLanguage":"fr-FR"},{"@type":"Organization","@id":"https:\/\/hebergement.universite-paris-saclay.fr\/upgeo\/#organization","name":"ANR","url":"https:\/\/hebergement.universite-paris-saclay.fr\/upgeo\/","logo":{"@type":"ImageObject","inLanguage":"fr-FR","@id":"https:\/\/hebergement.universite-paris-saclay.fr\/upgeo\/#\/schema\/logo\/image\/","url":"http:\/\/hebergement.universite-paris-saclay.fr\/upgeo\/wp-content\/uploads\/2020\/01\/label-ANR-bleu-CMJN-990x1024.jpg","contentUrl":"http:\/\/hebergement.universite-paris-saclay.fr\/upgeo\/wp-content\/uploads\/2020\/01\/label-ANR-bleu-CMJN-990x1024.jpg","width":990,"height":1024,"caption":"ANR"},"image":{"@id":"https:\/\/hebergement.universite-paris-saclay.fr\/upgeo\/#\/schema\/logo\/image\/"}}]}},"_links":{"self":[{"href":"https:\/\/hebergement.universite-paris-saclay.fr\/upgeo\/index.php?rest_route=\/wp\/v2\/pages\/336","targetHints":{"allow":["GET"]}}],"collection":[{"href":"https:\/\/hebergement.universite-paris-saclay.fr\/upgeo\/index.php?rest_route=\/wp\/v2\/pages"}],"about":[{"href":"https:\/\/hebergement.universite-paris-saclay.fr\/upgeo\/index.php?rest_route=\/wp\/v2\/types\/page"}],"author":[{"embeddable":true,"href":"https:\/\/hebergement.universite-paris-saclay.fr\/upgeo\/index.php?rest_route=\/wp\/v2\/users\/1"}],"replies":[{"embeddable":true,"href":"https:\/\/hebergement.universite-paris-saclay.fr\/upgeo\/index.php?rest_route=%2Fwp%2Fv2%2Fcomments&post=336"}],"version-history":[{"count":6,"href":"https:\/\/hebergement.universite-paris-saclay.fr\/upgeo\/index.php?rest_route=\/wp\/v2\/pages\/336\/revisions"}],"predecessor-version":[{"id":725,"href":"https:\/\/hebergement.universite-paris-saclay.fr\/upgeo\/index.php?rest_route=\/wp\/v2\/pages\/336\/revisions\/725"}],"wp:attachment":[{"href":"https:\/\/hebergement.universite-paris-saclay.fr\/upgeo\/index.php?rest_route=%2Fwp%2Fv2%2Fmedia&parent=336"}],"curies":[{"name":"wp","href":"https:\/\/api.w.org\/{rel}","templated":true}]}}