{"id":45,"date":"2020-01-17T23:22:10","date_gmt":"2020-01-17T22:22:10","guid":{"rendered":"http:\/\/hebergement.universite-paris-saclay.fr\/upgeo\/?page_id=45"},"modified":"2023-08-26T14:39:45","modified_gmt":"2023-08-26T13:39:45","slug":"stage-de-master","status":"publish","type":"page","link":"https:\/\/hebergement.universite-paris-saclay.fr\/upgeo\/?page_id=45","title":{"rendered":"Stages"},"content":{"rendered":"\n<p><strong>2023<\/strong><\/p>\n\n\n\n<p>BRGM<\/p>\n\n\n\n<ul class=\"wp-block-list\">\n<li>Ysabel Henriot (\u00e9tudiante Master 1, de l&rsquo;Universit\u00e9 Paris-Saclay, stagiaire de mai \u00e0 aout 2023), \u00ab\u00a0Mod\u00e9lisation de l\u2019\u00e9volution de la bulle froide du doublet  g\u00e9othermique d\u2019Alfortville au niveau du Dogger\u00a0\u00bb, Encadrement: Virginie Hamm (BRGM)<\/li>\n<\/ul>\n\n\n\n<p><strong>2022<\/strong><\/p>\n\n\n\n<p><a href=\"https:\/\/www.geops.universite-paris-saclay.fr\/\" target=\"_blank\" rel=\"noreferrer noopener\">G\u00e9osciences Paris Saclay<\/a>, Universit\u00e9 Paris-Saclay<\/p>\n\n\n\n<ul class=\"wp-block-list\">\n<li>Mathis Bergogne (\u00e9tudiant Master 2, de Cergy Paris Universit\u00e9, stagiaire de f\u00e9vrier \u00e0 juillet 2022), \u00ab\u00a0Contribution du couplage photogramm\u00e9trie-analyse p\u00e9trophysique \u00e0 la mod\u00e9lisation 3D des h\u00e9t\u00e9rog\u00e9n\u00e9it\u00e9s des carbonates du Jurassique moyen des Charentes: un analogue de terrain aux r\u00e9servoirs g\u00e9othermiques de bordure de plateforme\u00a0\u00bb, Encadrement&nbsp;: C\u00e9dric Bailly, Bertrand Saint-B\u00e9zar et Benjamin Brigaud<\/li>\n<\/ul>\n\n\n\n<ul class=\"wp-block-list\">\n<li>Yara Al Bayssari (\u00e9tudiante de Master 2, de l\u2019Universit\u00e9 de Lille, stagiaire de f\u00e9vrier \u00e0 juillet 2022), \u00ab\u00a0Architectures 3D et h\u00e9t\u00e9rog\u00e9n\u00e9it\u00e9s s\u00e9dimentaires et p\u00e9trophysiques des r\u00e9servoirs g\u00e9othermiques argilo-sableux du Cr\u00e9tac\u00e9 inf\u00e9rieur (N\u00e9ocomien et Albien) du Bassin de Paris\u00a0\u00bb, Encadrement Perrine Mas et Benjamin Brigaud<\/li>\n<\/ul>\n\n\n\n<ul class=\"wp-block-list\">\n<li>Nanaba Bagayoko (\u00e9tudiante de Master 2, de l\u2019Universit\u00e9 Paris-Saclay, stagiaire de f\u00e9vrier \u00e0 juillet 2022), \u00ab\u00a0Simulation num\u00e9rique de l&rsquo;effet de la variabilit\u00e9 structurelle d&rsquo;un r\u00e9servoir g\u00e9othermique sur l&rsquo;\u00e9volution de la bulle froide\u00a0\u00bb, Encadrement Hermann Zeyen<\/li>\n<\/ul>\n\n\n\n<p><strong>2021<\/strong><\/p>\n\n\n\n<p><a href=\"https:\/\/www.geops.universite-paris-saclay.fr\/\" target=\"_blank\" rel=\"noreferrer noopener\">G\u00e9osciences Paris Saclay,<\/a> Universit\u00e9 Paris-Saclay<\/p>\n\n\n\n<ul class=\"wp-block-list\">\n<li>Carla D\u2019Abreu (\u00e9tudiante de Master 2, de l\u2019Universit\u00e9 de Pau et des Pays de l&rsquo;Adour, stagiaire de f\u00e9vrier \u00e0 ao\u00fbt 2021), \u00ab\u00a0Simulation num\u00e9rique de l\u2019effet de la variabilit\u00e9 d\u2019un r\u00e9servoir g\u00e9othermique sur l\u2019\u00e9volution de la bulle froide\u00a0\u00bb, stage encadr\u00e9 par Hermann Zeyen <\/li>\n<\/ul>\n\n\n\n<div class=\"wp-block-file\"><a id=\"wp-block-file--media-77763f84-fee0-45c2-9979-a6392f13f03e\" href=\"http:\/\/hebergement.universite-paris-saclay.fr\/upgeo\/wp-content\/uploads\/2021\/02\/Stage_geothermie_Upsay_Zeyen.pdf\">Stage_geothermie_Upsay_Zeyen<\/a><a href=\"http:\/\/hebergement.universite-paris-saclay.fr\/upgeo\/wp-content\/uploads\/2021\/02\/Stage_geothermie_Upsay_Zeyen.pdf\" class=\"wp-block-file__button wp-element-button\" download aria-describedby=\"wp-block-file--media-77763f84-fee0-45c2-9979-a6392f13f03e\">T\u00e9l\u00e9charger<\/a><\/div>\n\n\n\n<ul class=\"wp-block-list\">\n<li>Vanel Kwaha Samouo (\u00e9tudiante de Master 2, de l\u2019Universit\u00e9 Paris-Saclay, stagiaire de f\u00e9vrier \u00e0 ao\u00fbt 2021), \u00ab\u00a0Simulation num\u00e9rique dans le r\u00e9servoir g\u00e9othermique carbonat\u00e9 du Jurassique moyen du Bassin de Paris (zone Nord Paris\/Bobigny)\u00a0\u00bb, stage encadr\u00e9 par Maxime Catinat et Benjamin Brigaud<\/li>\n<\/ul>\n\n\n\n<div class=\"wp-block-file\"><a id=\"wp-block-file--media-bd43c6bc-2c77-4a21-8b7b-38787bc6d1f8\" href=\"http:\/\/hebergement.universite-paris-saclay.fr\/upgeo\/wp-content\/uploads\/2021\/02\/Stage_geothermie_Upsay.pdf\">Stage_geothermie_Upsay<\/a><a href=\"http:\/\/hebergement.universite-paris-saclay.fr\/upgeo\/wp-content\/uploads\/2021\/02\/Stage_geothermie_Upsay.pdf\" class=\"wp-block-file__button wp-element-button\" download aria-describedby=\"wp-block-file--media-bd43c6bc-2c77-4a21-8b7b-38787bc6d1f8\">T\u00e9l\u00e9charger<\/a><\/div>\n\n\n\n<ul class=\"wp-block-list\">\n<li>Luis Barroso (\u00e9tudiant de Master 2, de l\u2019Universit\u00e9 de Pau et des Pays de l&rsquo;Adour, stagiaire de f\u00e9vrier \u00e0 ao\u00fbt 2021), \u00ab\u00a0Simulation num\u00e9rique dans le r\u00e9servoir g\u00e9othermique carbonat\u00e9 du Jurassique moyen du Bassin de Paris (zone Nord Paris\/Roissy)\u00a0\u00bb, stage encadr\u00e9 par Maxime Catinat et Benjamin Brigaud<\/li>\n<\/ul>\n\n\n\n<p><strong>2020<\/strong><\/p>\n\n\n\n<p><a href=\"https:\/\/www.imo.universite-paris-saclay.fr\/\" target=\"_blank\" rel=\"noreferrer noopener\">Laboratoire de Math\u00e9matiques d&rsquo;Orsay<\/a> et <a href=\"https:\/\/fd-math.pages.centralesupelec.fr\/\">F\u00e9d\u00e9ration de Math\u00e9matiques de CentraleSup\u00e9lec<\/a> (Universit\u00e9 Paris-Saclay)<\/p>\n\n\n\n<ul class=\"wp-block-list\">\n<li>Adrien Beguinet (\u00e9l\u00e8ve 3<sup>\u00e8me<\/sup> ann\u00e9e CentraleSup\u00e9lec, stagiaire 2020), \u00ab\u00a0R\u00e9solution des \u00e9quations aux d\u00e9riv\u00e9es partielles appliqu\u00e9es, dans une g\u00e9om\u00e9trie g\u00e9n\u00e9r\u00e9e par des diagrammes de Poisson-Voronoi\u00a0\u00bb, stage \u00e0 CentralSuppelec, Universit\u00e9 Paris-Saclay, encadrement Ludovic Gouden\u00e8ge et Danielle Hilhorst<\/li>\n<\/ul>\n\n\n\n<ul class=\"wp-block-list\">\n<li>Mouhanned Gabsi (\u00e9tudiant de Master 2, de l\u2019Universit\u00e9 de Toulon, stagiaire de f\u00e9vrier \u00e0 ao\u00fbt 2020) \u00ab\u00a0R\u00e9solution d&rsquo;\u00e9quations aux d\u00e9riv\u00e9es partielles appliqu\u00e9es\u00a0\u00bb, Stage au LMO, encadrement Danielle Hilhorst<\/li>\n<\/ul>\n\n\n\n<p><a href=\"http:\/\/geops.geol.u-psud.fr\/\" target=\"_blank\" rel=\"noreferrer noopener\">G\u00e9osciences Paris Saclay<\/a>, Universit\u00e9 Paris-Saclay<\/p>\n\n\n\n<ul class=\"wp-block-list\">\n<li>Codjo Thomas Essou (\u00e9tudiant de Master 2, de l\u2019Universit\u00e9 Paris-Saclay, stagiaire de f\u00e9vrier \u00e0 ao\u00fbt 2020), Simulation num\u00e9rique dans le r\u00e9servoir g\u00e9othermique carbonat\u00e9 du Jurassique moyen du Bassin de Paris \u00bb, stage \u00e0 GEOPS, Universit\u00e9 Paris-Saclay, encadrement Benjamin Brigaud et Hadrien Thomas [le sujet: <a href=\"http:\/\/hebergement.universite-paris-saclay.fr\/upgeo\/wp-content\/uploads\/2020\/01\/Stage_geothermie_Upsay_2final.pdf\" target=\"_blank\" rel=\"noreferrer noopener\">PDF<\/a>]<\/li>\n<\/ul>\n\n\n\n<ul class=\"wp-block-list\">\n<li>Philemon Juvany (\u00e9tudiant de Master 2, de l\u2019Universit\u00e9 Paris-Saclay, stagiaire de f\u00e9vrier \u00e0 ao\u00fbt 2020), G\u00e9othermie dans les r\u00e9servoirs silicoclastiques : du terrain \u00e0 la mod\u00e9lisation, stage \u00e0 GEOPS, Universit\u00e9 Paris-Saclay, encadrement Benjamin Brigaud et Hadrien Thomas [le sujet <a href=\"http:\/\/hebergement.universite-paris-saclay.fr\/upgeo\/wp-content\/uploads\/2020\/01\/Stage_geothermie_Upsay_1_final.pdf\" target=\"_blank\" rel=\"noreferrer noopener\">PDF<\/a>]<\/li>\n<\/ul>\n\n\n\n<ul class=\"wp-block-list\">\n<li>Vivien Folliot (\u00e9l\u00e8ve 2<sup>\u00e8me<\/sup> ann\u00e9e de l&rsquo;ENSEGID, Bordeaux INP, stagiaire \u00e9t\u00e9 2020), \u00ab\u00a0Num\u00e9risation de donn\u00e9es de puits sous Neuralog et mod\u00e9lisation g\u00e9ologique \u00e0 vis\u00e9e g\u00e9othermique sous Petrel\u00a0\u00bb, encadrement Benjamin Brigaud et Maxime Catinat [le sujet: <a href=\"http:\/\/hebergement.universite-paris-saclay.fr\/upgeo\/wp-content\/uploads\/2020\/09\/Stage_geothermie_Upsay_ENSEGID_final2.pdf\" target=\"_blank\" rel=\"noreferrer noopener\">PDF<\/a>]<\/li>\n<\/ul>\n\n\n\n<ul class=\"wp-block-list\">\n<li>Ana\u00eblle Guillevic (\u00e9tudiante de Licence 3 de l\u2019Universit\u00e9 Paris-Saclay, stagiaire \u00e9t\u00e9 2020), \u00ab\u00a0Num\u00e9risation de puits sous Neuralogs\u00a0\u00bb, encadrement Benjamin Brigaud et Maxime Catinat<\/li>\n<\/ul>\n\n\n\n<p><a href=\"https:\/\/geoenv.ensegid.fr\/\" target=\"_blank\" rel=\"noreferrer noopener\">ENSE<\/a><a href=\"https:\/\/www.epoc.u-bordeaux.fr\/\" target=\"_blank\" rel=\"noreferrer noopener\">GID\/Bordeaux INP<\/a><\/p>\n\n\n\n<ul class=\"wp-block-list\">\n<li>Baptiste Hersant \u00ab\u00a0Etude d&rsquo;un analogue de terrain d&rsquo;un syst\u00e8me s\u00e9dimentaire estuarien pour la mod\u00e9lisation des r\u00e9servoirs g\u00e9othermiques\u00bb, avril-juillet 2020, stage \u00e0 Bordeaux INP. <\/li>\n<\/ul>\n\n\n\n<p>Ce sujet vise \u00e0 \u00e9tudier des pal\u00e9o-estuaires \u00e0 l&rsquo;affleurement afin d&rsquo;affiner les interpr\u00e9tations des corps gr\u00e9seux en subsurface pour la prospection et l&rsquo;exploitation g\u00e9othermique. Le stage consistera \u00e0 \u00e9tudier un syst\u00e8me estuarien du Bassin sub-alpin ou du Bassin Sud Pyr\u00e9n\u00e9en (\u00e0 d\u00e9terminer) : habillage de panoramas, lev\u00e9 de logs, r\u00e9colte d&rsquo;\u00e9chantillons de roche et potentiellement photogramm\u00e9trie 3D par drone. De retour au laboratoire, il faudra \u00e9tudier les lames minces issues des \u00e9chantillons r\u00e9colt\u00e9s et remettre au propre les donn\u00e9es de terrain. Si le mod\u00e8le photogramm\u00e9trique 3D existe, il faudra \u00e9galement l&rsquo;interpr\u00e9ter en terme de g\u00e9ologie. Il faudra \u00e9galement remettre au propre un jeu de donn\u00e9es issu d&rsquo;une mission sur un estuaire cr\u00e9tac\u00e9 des Etats Unis. Ce sujet fait partie du projet UPGeo financ\u00e9 par l&rsquo;Agence Nationale de la Recherche. Ce projet vise \u00e0 affiner les mod\u00e8les r\u00e9servoirs pour une meilleure exploitation des r\u00e9servoirs g\u00e9othermiques du Bassin de Paris (carbonates du Dogger; gr\u00e8s du Cr\u00e9tac\u00e9 inf\u00e9rieur).<\/p>\n\n\n\n<ul class=\"wp-block-list\">\n<li>Chlo\u00e9 Tournu \u00ab\u00a0Etude s\u00e9dimentologique d&rsquo;analogue de r\u00e9servoirs g\u00e9othermiques\u00a0\u00bb<\/li>\n<\/ul>\n","protected":false},"excerpt":{"rendered":"<p>2023 BRGM 2022 G\u00e9osciences Paris Saclay, Universit\u00e9 Paris-Saclay 2021 G\u00e9osciences Paris Saclay, Universit\u00e9 Paris-Saclay 2020 Laboratoire de Math\u00e9matiques d&rsquo;Orsay et F\u00e9d\u00e9ration de Math\u00e9matiques de CentraleSup\u00e9lec (Universit\u00e9 Paris-Saclay) G\u00e9osciences Paris Saclay, Universit\u00e9 Paris-Saclay ENSEGID\/Bordeaux INP Ce sujet vise \u00e0 \u00e9tudier des pal\u00e9o-estuaires \u00e0 l&rsquo;affleurement afin d&rsquo;affiner les interpr\u00e9tations des corps gr\u00e9seux en subsurface pour la prospection [&hellip;]<\/p>\n","protected":false},"author":1,"featured_media":0,"parent":0,"menu_order":5,"comment_status":"closed","ping_status":"closed","template":"","meta":{"footnotes":""},"class_list":["post-45","page","type-page","status-publish","hentry","post-preview"],"yoast_head":"<!-- This site is optimized with the Yoast SEO plugin v26.9 - https:\/\/yoast.com\/product\/yoast-seo-wordpress\/ -->\n<title>Stages - UPGEO<\/title>\n<meta name=\"robots\" content=\"index, follow, max-snippet:-1, max-image-preview:large, max-video-preview:-1\" \/>\n<link rel=\"canonical\" href=\"https:\/\/hebergement.universite-paris-saclay.fr\/upgeo\/?page_id=45\" \/>\n<meta property=\"og:locale\" content=\"fr_FR\" \/>\n<meta property=\"og:type\" content=\"article\" \/>\n<meta property=\"og:title\" content=\"Stages - UPGEO\" \/>\n<meta property=\"og:description\" content=\"2023 BRGM 2022 G\u00e9osciences Paris Saclay, Universit\u00e9 Paris-Saclay 2021 G\u00e9osciences Paris Saclay, Universit\u00e9 Paris-Saclay 2020 Laboratoire de Math\u00e9matiques d&rsquo;Orsay et F\u00e9d\u00e9ration de Math\u00e9matiques de CentraleSup\u00e9lec (Universit\u00e9 Paris-Saclay) G\u00e9osciences Paris Saclay, Universit\u00e9 Paris-Saclay ENSEGID\/Bordeaux INP Ce sujet vise \u00e0 \u00e9tudier des pal\u00e9o-estuaires \u00e0 l&rsquo;affleurement afin d&rsquo;affiner les interpr\u00e9tations des corps gr\u00e9seux en subsurface pour la prospection [&hellip;]\" \/>\n<meta property=\"og:url\" content=\"https:\/\/hebergement.universite-paris-saclay.fr\/upgeo\/?page_id=45\" \/>\n<meta property=\"og:site_name\" content=\"UPGEO\" \/>\n<meta property=\"article:modified_time\" content=\"2023-08-26T13:39:45+00:00\" \/>\n<meta name=\"twitter:card\" content=\"summary_large_image\" \/>\n<meta name=\"twitter:label1\" content=\"Dur\u00e9e de lecture estim\u00e9e\" \/>\n\t<meta name=\"twitter:data1\" content=\"4 minutes\" \/>\n<script type=\"application\/ld+json\" class=\"yoast-schema-graph\">{\"@context\":\"https:\/\/schema.org\",\"@graph\":[{\"@type\":\"WebPage\",\"@id\":\"https:\/\/hebergement.universite-paris-saclay.fr\/upgeo\/?page_id=45\",\"url\":\"https:\/\/hebergement.universite-paris-saclay.fr\/upgeo\/?page_id=45\",\"name\":\"Stages - UPGEO\",\"isPartOf\":{\"@id\":\"https:\/\/hebergement.universite-paris-saclay.fr\/upgeo\/#website\"},\"datePublished\":\"2020-01-17T22:22:10+00:00\",\"dateModified\":\"2023-08-26T13:39:45+00:00\",\"breadcrumb\":{\"@id\":\"https:\/\/hebergement.universite-paris-saclay.fr\/upgeo\/?page_id=45#breadcrumb\"},\"inLanguage\":\"fr-FR\",\"potentialAction\":[{\"@type\":\"ReadAction\",\"target\":[\"https:\/\/hebergement.universite-paris-saclay.fr\/upgeo\/?page_id=45\"]}]},{\"@type\":\"BreadcrumbList\",\"@id\":\"https:\/\/hebergement.universite-paris-saclay.fr\/upgeo\/?page_id=45#breadcrumb\",\"itemListElement\":[{\"@type\":\"ListItem\",\"position\":1,\"name\":\"Accueil\",\"item\":\"http:\/\/hebergement.universite-paris-saclay.fr\/upgeo\"},{\"@type\":\"ListItem\",\"position\":2,\"name\":\"Stages\"}]},{\"@type\":\"WebSite\",\"@id\":\"https:\/\/hebergement.universite-paris-saclay.fr\/upgeo\/#website\",\"url\":\"https:\/\/hebergement.universite-paris-saclay.fr\/upgeo\/\",\"name\":\"UPGEO\",\"description\":\"For geothermal energy\",\"publisher\":{\"@id\":\"https:\/\/hebergement.universite-paris-saclay.fr\/upgeo\/#organization\"},\"potentialAction\":[{\"@type\":\"SearchAction\",\"target\":{\"@type\":\"EntryPoint\",\"urlTemplate\":\"https:\/\/hebergement.universite-paris-saclay.fr\/upgeo\/?s={search_term_string}\"},\"query-input\":{\"@type\":\"PropertyValueSpecification\",\"valueRequired\":true,\"valueName\":\"search_term_string\"}}],\"inLanguage\":\"fr-FR\"},{\"@type\":\"Organization\",\"@id\":\"https:\/\/hebergement.universite-paris-saclay.fr\/upgeo\/#organization\",\"name\":\"ANR\",\"url\":\"https:\/\/hebergement.universite-paris-saclay.fr\/upgeo\/\",\"logo\":{\"@type\":\"ImageObject\",\"inLanguage\":\"fr-FR\",\"@id\":\"https:\/\/hebergement.universite-paris-saclay.fr\/upgeo\/#\/schema\/logo\/image\/\",\"url\":\"http:\/\/hebergement.universite-paris-saclay.fr\/upgeo\/wp-content\/uploads\/2020\/01\/label-ANR-bleu-CMJN-990x1024.jpg\",\"contentUrl\":\"http:\/\/hebergement.universite-paris-saclay.fr\/upgeo\/wp-content\/uploads\/2020\/01\/label-ANR-bleu-CMJN-990x1024.jpg\",\"width\":990,\"height\":1024,\"caption\":\"ANR\"},\"image\":{\"@id\":\"https:\/\/hebergement.universite-paris-saclay.fr\/upgeo\/#\/schema\/logo\/image\/\"}}]}<\/script>\n<!-- \/ Yoast SEO plugin. -->","yoast_head_json":{"title":"Stages - UPGEO","robots":{"index":"index","follow":"follow","max-snippet":"max-snippet:-1","max-image-preview":"max-image-preview:large","max-video-preview":"max-video-preview:-1"},"canonical":"https:\/\/hebergement.universite-paris-saclay.fr\/upgeo\/?page_id=45","og_locale":"fr_FR","og_type":"article","og_title":"Stages - UPGEO","og_description":"2023 BRGM 2022 G\u00e9osciences Paris Saclay, Universit\u00e9 Paris-Saclay 2021 G\u00e9osciences Paris Saclay, Universit\u00e9 Paris-Saclay 2020 Laboratoire de Math\u00e9matiques d&rsquo;Orsay et F\u00e9d\u00e9ration de Math\u00e9matiques de CentraleSup\u00e9lec (Universit\u00e9 Paris-Saclay) G\u00e9osciences Paris Saclay, Universit\u00e9 Paris-Saclay ENSEGID\/Bordeaux INP Ce sujet vise \u00e0 \u00e9tudier des pal\u00e9o-estuaires \u00e0 l&rsquo;affleurement afin d&rsquo;affiner les interpr\u00e9tations des corps gr\u00e9seux en subsurface pour la prospection [&hellip;]","og_url":"https:\/\/hebergement.universite-paris-saclay.fr\/upgeo\/?page_id=45","og_site_name":"UPGEO","article_modified_time":"2023-08-26T13:39:45+00:00","twitter_card":"summary_large_image","twitter_misc":{"Dur\u00e9e de lecture estim\u00e9e":"4 minutes"},"schema":{"@context":"https:\/\/schema.org","@graph":[{"@type":"WebPage","@id":"https:\/\/hebergement.universite-paris-saclay.fr\/upgeo\/?page_id=45","url":"https:\/\/hebergement.universite-paris-saclay.fr\/upgeo\/?page_id=45","name":"Stages - UPGEO","isPartOf":{"@id":"https:\/\/hebergement.universite-paris-saclay.fr\/upgeo\/#website"},"datePublished":"2020-01-17T22:22:10+00:00","dateModified":"2023-08-26T13:39:45+00:00","breadcrumb":{"@id":"https:\/\/hebergement.universite-paris-saclay.fr\/upgeo\/?page_id=45#breadcrumb"},"inLanguage":"fr-FR","potentialAction":[{"@type":"ReadAction","target":["https:\/\/hebergement.universite-paris-saclay.fr\/upgeo\/?page_id=45"]}]},{"@type":"BreadcrumbList","@id":"https:\/\/hebergement.universite-paris-saclay.fr\/upgeo\/?page_id=45#breadcrumb","itemListElement":[{"@type":"ListItem","position":1,"name":"Accueil","item":"http:\/\/hebergement.universite-paris-saclay.fr\/upgeo"},{"@type":"ListItem","position":2,"name":"Stages"}]},{"@type":"WebSite","@id":"https:\/\/hebergement.universite-paris-saclay.fr\/upgeo\/#website","url":"https:\/\/hebergement.universite-paris-saclay.fr\/upgeo\/","name":"UPGEO","description":"For geothermal energy","publisher":{"@id":"https:\/\/hebergement.universite-paris-saclay.fr\/upgeo\/#organization"},"potentialAction":[{"@type":"SearchAction","target":{"@type":"EntryPoint","urlTemplate":"https:\/\/hebergement.universite-paris-saclay.fr\/upgeo\/?s={search_term_string}"},"query-input":{"@type":"PropertyValueSpecification","valueRequired":true,"valueName":"search_term_string"}}],"inLanguage":"fr-FR"},{"@type":"Organization","@id":"https:\/\/hebergement.universite-paris-saclay.fr\/upgeo\/#organization","name":"ANR","url":"https:\/\/hebergement.universite-paris-saclay.fr\/upgeo\/","logo":{"@type":"ImageObject","inLanguage":"fr-FR","@id":"https:\/\/hebergement.universite-paris-saclay.fr\/upgeo\/#\/schema\/logo\/image\/","url":"http:\/\/hebergement.universite-paris-saclay.fr\/upgeo\/wp-content\/uploads\/2020\/01\/label-ANR-bleu-CMJN-990x1024.jpg","contentUrl":"http:\/\/hebergement.universite-paris-saclay.fr\/upgeo\/wp-content\/uploads\/2020\/01\/label-ANR-bleu-CMJN-990x1024.jpg","width":990,"height":1024,"caption":"ANR"},"image":{"@id":"https:\/\/hebergement.universite-paris-saclay.fr\/upgeo\/#\/schema\/logo\/image\/"}}]}},"_links":{"self":[{"href":"https:\/\/hebergement.universite-paris-saclay.fr\/upgeo\/index.php?rest_route=\/wp\/v2\/pages\/45","targetHints":{"allow":["GET"]}}],"collection":[{"href":"https:\/\/hebergement.universite-paris-saclay.fr\/upgeo\/index.php?rest_route=\/wp\/v2\/pages"}],"about":[{"href":"https:\/\/hebergement.universite-paris-saclay.fr\/upgeo\/index.php?rest_route=\/wp\/v2\/types\/page"}],"author":[{"embeddable":true,"href":"https:\/\/hebergement.universite-paris-saclay.fr\/upgeo\/index.php?rest_route=\/wp\/v2\/users\/1"}],"replies":[{"embeddable":true,"href":"https:\/\/hebergement.universite-paris-saclay.fr\/upgeo\/index.php?rest_route=%2Fwp%2Fv2%2Fcomments&post=45"}],"version-history":[{"count":19,"href":"https:\/\/hebergement.universite-paris-saclay.fr\/upgeo\/index.php?rest_route=\/wp\/v2\/pages\/45\/revisions"}],"predecessor-version":[{"id":645,"href":"https:\/\/hebergement.universite-paris-saclay.fr\/upgeo\/index.php?rest_route=\/wp\/v2\/pages\/45\/revisions\/645"}],"wp:attachment":[{"href":"https:\/\/hebergement.universite-paris-saclay.fr\/upgeo\/index.php?rest_route=%2Fwp%2Fv2%2Fmedia&parent=45"}],"curies":[{"name":"wp","href":"https:\/\/api.w.org\/{rel}","templated":true}]}}