{"id":70,"date":"2020-01-18T19:47:01","date_gmt":"2020-01-18T18:47:01","guid":{"rendered":"http:\/\/hebergement.universite-paris-saclay.fr\/upgeo\/?page_id=70"},"modified":"2020-02-19T19:51:03","modified_gmt":"2020-02-19T18:51:03","slug":"stages-master","status":"publish","type":"page","link":"https:\/\/hebergement.universite-paris-saclay.fr\/upgeo\/?page_id=70","title":{"rendered":"Stages Master"},"content":{"rendered":"\n<h2 class=\"wp-block-heading\">1er f\u00e9vrier au 30 juin 2020<\/h2>\n\n\n\n<p>\u00ab R\u00e9solution des \u00e9quations aux d\u00e9riv\u00e9es partielles appliqu\u00e9es, dans une g\u00e9om\u00e9trie g\u00e9n\u00e9r\u00e9e  par des diagrammes de Poisson-Voronoi \u00bb, stage \u00e0 CentralSuppelec,  Universit\u00e9 Paris-Saclay <\/p>\n\n\n\n<p>\u00abSimulation num\u00e9rique dans le r\u00e9servoir g\u00e9othermique carbonat\u00e9 du Jurassique moyen du Bassin de Paris\u00bb, stage \u00e0 GEOPS, Universit\u00e9  Paris-Saclay [<a href=\"http:\/\/hebergement.universite-paris-saclay.fr\/upgeo\/wp-content\/uploads\/2020\/01\/Stage_geothermie_Upsay_2final.pdf\" target=\"_blank\" rel=\"noreferrer noopener\" aria-label=\" (s\u2019ouvre dans un nouvel onglet)\">PDF<\/a>]<\/p>\n\n\n\n<p>\u00ab G\u00e9othermie dans les r\u00e9servoirs silicoclastiques: du terrain \u00e0 la  mod\u00e9lisation \u00bb stage \u00e0 GEOPS, Universit\u00e9 Paris-Saclay [<a href=\"http:\/\/hebergement.universite-paris-saclay.fr\/upgeo\/wp-content\/uploads\/2020\/01\/Stage_geothermie_Upsay_1_final.pdf\" target=\"_blank\" rel=\"noreferrer noopener\" aria-label=\" (s\u2019ouvre dans un nouvel onglet)\">PDF<\/a>]<\/p>\n","protected":false},"excerpt":{"rendered":"<p>1er f\u00e9vrier au 30 juin 2020 \u00ab R\u00e9solution des \u00e9quations aux d\u00e9riv\u00e9es partielles appliqu\u00e9es, dans une g\u00e9om\u00e9trie g\u00e9n\u00e9r\u00e9e par des diagrammes de Poisson-Voronoi \u00bb, stage \u00e0 CentralSuppelec, Universit\u00e9 Paris-Saclay \u00abSimulation num\u00e9rique dans le r\u00e9servoir g\u00e9othermique carbonat\u00e9 du Jurassique moyen du Bassin de Paris\u00bb, stage \u00e0 GEOPS, Universit\u00e9 Paris-Saclay [PDF] \u00ab G\u00e9othermie dans les r\u00e9servoirs silicoclastiques: [&hellip;]<\/p>\n","protected":false},"author":1,"featured_media":0,"parent":68,"menu_order":1,"comment_status":"closed","ping_status":"closed","template":"","meta":{"footnotes":""},"class_list":["post-70","page","type-page","status-publish","hentry","post-preview"],"yoast_head":"<!-- This site is optimized with the Yoast SEO plugin v26.9 - https:\/\/yoast.com\/product\/yoast-seo-wordpress\/ -->\n<title>Stages Master - UPGEO<\/title>\n<meta name=\"robots\" content=\"index, follow, max-snippet:-1, max-image-preview:large, max-video-preview:-1\" \/>\n<link rel=\"canonical\" href=\"https:\/\/hebergement.universite-paris-saclay.fr\/upgeo\/?page_id=70\" \/>\n<meta property=\"og:locale\" content=\"fr_FR\" \/>\n<meta property=\"og:type\" content=\"article\" \/>\n<meta property=\"og:title\" content=\"Stages Master - UPGEO\" \/>\n<meta property=\"og:description\" content=\"1er f\u00e9vrier au 30 juin 2020 \u00ab R\u00e9solution des \u00e9quations aux d\u00e9riv\u00e9es partielles appliqu\u00e9es, dans une g\u00e9om\u00e9trie g\u00e9n\u00e9r\u00e9e par des diagrammes de Poisson-Voronoi \u00bb, stage \u00e0 CentralSuppelec, Universit\u00e9 Paris-Saclay \u00abSimulation num\u00e9rique dans le r\u00e9servoir g\u00e9othermique carbonat\u00e9 du Jurassique moyen du Bassin de Paris\u00bb, stage \u00e0 GEOPS, Universit\u00e9 Paris-Saclay [PDF] \u00ab G\u00e9othermie dans les r\u00e9servoirs silicoclastiques: [&hellip;]\" \/>\n<meta property=\"og:url\" content=\"https:\/\/hebergement.universite-paris-saclay.fr\/upgeo\/?page_id=70\" \/>\n<meta property=\"og:site_name\" content=\"UPGEO\" \/>\n<meta property=\"article:modified_time\" content=\"2020-02-19T18:51:03+00:00\" \/>\n<meta name=\"twitter:card\" content=\"summary_large_image\" \/>\n<script type=\"application\/ld+json\" class=\"yoast-schema-graph\">{\"@context\":\"https:\/\/schema.org\",\"@graph\":[{\"@type\":\"WebPage\",\"@id\":\"https:\/\/hebergement.universite-paris-saclay.fr\/upgeo\/?page_id=70\",\"url\":\"https:\/\/hebergement.universite-paris-saclay.fr\/upgeo\/?page_id=70\",\"name\":\"Stages Master - UPGEO\",\"isPartOf\":{\"@id\":\"https:\/\/hebergement.universite-paris-saclay.fr\/upgeo\/#website\"},\"datePublished\":\"2020-01-18T18:47:01+00:00\",\"dateModified\":\"2020-02-19T18:51:03+00:00\",\"breadcrumb\":{\"@id\":\"https:\/\/hebergement.universite-paris-saclay.fr\/upgeo\/?page_id=70#breadcrumb\"},\"inLanguage\":\"fr-FR\",\"potentialAction\":[{\"@type\":\"ReadAction\",\"target\":[\"https:\/\/hebergement.universite-paris-saclay.fr\/upgeo\/?page_id=70\"]}]},{\"@type\":\"BreadcrumbList\",\"@id\":\"https:\/\/hebergement.universite-paris-saclay.fr\/upgeo\/?page_id=70#breadcrumb\",\"itemListElement\":[{\"@type\":\"ListItem\",\"position\":1,\"name\":\"Accueil\",\"item\":\"http:\/\/hebergement.universite-paris-saclay.fr\/upgeo\"},{\"@type\":\"ListItem\",\"position\":2,\"name\":\"Offres d&#8217;emploi\",\"item\":\"https:\/\/hebergement.universite-paris-saclay.fr\/upgeo\/?page_id=68\"},{\"@type\":\"ListItem\",\"position\":3,\"name\":\"Stages Master\"}]},{\"@type\":\"WebSite\",\"@id\":\"https:\/\/hebergement.universite-paris-saclay.fr\/upgeo\/#website\",\"url\":\"https:\/\/hebergement.universite-paris-saclay.fr\/upgeo\/\",\"name\":\"UPGEO\",\"description\":\"For geothermal energy\",\"publisher\":{\"@id\":\"https:\/\/hebergement.universite-paris-saclay.fr\/upgeo\/#organization\"},\"potentialAction\":[{\"@type\":\"SearchAction\",\"target\":{\"@type\":\"EntryPoint\",\"urlTemplate\":\"https:\/\/hebergement.universite-paris-saclay.fr\/upgeo\/?s={search_term_string}\"},\"query-input\":{\"@type\":\"PropertyValueSpecification\",\"valueRequired\":true,\"valueName\":\"search_term_string\"}}],\"inLanguage\":\"fr-FR\"},{\"@type\":\"Organization\",\"@id\":\"https:\/\/hebergement.universite-paris-saclay.fr\/upgeo\/#organization\",\"name\":\"ANR\",\"url\":\"https:\/\/hebergement.universite-paris-saclay.fr\/upgeo\/\",\"logo\":{\"@type\":\"ImageObject\",\"inLanguage\":\"fr-FR\",\"@id\":\"https:\/\/hebergement.universite-paris-saclay.fr\/upgeo\/#\/schema\/logo\/image\/\",\"url\":\"http:\/\/hebergement.universite-paris-saclay.fr\/upgeo\/wp-content\/uploads\/2020\/01\/label-ANR-bleu-CMJN-990x1024.jpg\",\"contentUrl\":\"http:\/\/hebergement.universite-paris-saclay.fr\/upgeo\/wp-content\/uploads\/2020\/01\/label-ANR-bleu-CMJN-990x1024.jpg\",\"width\":990,\"height\":1024,\"caption\":\"ANR\"},\"image\":{\"@id\":\"https:\/\/hebergement.universite-paris-saclay.fr\/upgeo\/#\/schema\/logo\/image\/\"}}]}<\/script>\n<!-- \/ Yoast SEO plugin. -->","yoast_head_json":{"title":"Stages Master - UPGEO","robots":{"index":"index","follow":"follow","max-snippet":"max-snippet:-1","max-image-preview":"max-image-preview:large","max-video-preview":"max-video-preview:-1"},"canonical":"https:\/\/hebergement.universite-paris-saclay.fr\/upgeo\/?page_id=70","og_locale":"fr_FR","og_type":"article","og_title":"Stages Master - UPGEO","og_description":"1er f\u00e9vrier au 30 juin 2020 \u00ab R\u00e9solution des \u00e9quations aux d\u00e9riv\u00e9es partielles appliqu\u00e9es, dans une g\u00e9om\u00e9trie g\u00e9n\u00e9r\u00e9e par des diagrammes de Poisson-Voronoi \u00bb, stage \u00e0 CentralSuppelec, Universit\u00e9 Paris-Saclay \u00abSimulation num\u00e9rique dans le r\u00e9servoir g\u00e9othermique carbonat\u00e9 du Jurassique moyen du Bassin de Paris\u00bb, stage \u00e0 GEOPS, Universit\u00e9 Paris-Saclay [PDF] \u00ab G\u00e9othermie dans les r\u00e9servoirs silicoclastiques: [&hellip;]","og_url":"https:\/\/hebergement.universite-paris-saclay.fr\/upgeo\/?page_id=70","og_site_name":"UPGEO","article_modified_time":"2020-02-19T18:51:03+00:00","twitter_card":"summary_large_image","schema":{"@context":"https:\/\/schema.org","@graph":[{"@type":"WebPage","@id":"https:\/\/hebergement.universite-paris-saclay.fr\/upgeo\/?page_id=70","url":"https:\/\/hebergement.universite-paris-saclay.fr\/upgeo\/?page_id=70","name":"Stages Master - UPGEO","isPartOf":{"@id":"https:\/\/hebergement.universite-paris-saclay.fr\/upgeo\/#website"},"datePublished":"2020-01-18T18:47:01+00:00","dateModified":"2020-02-19T18:51:03+00:00","breadcrumb":{"@id":"https:\/\/hebergement.universite-paris-saclay.fr\/upgeo\/?page_id=70#breadcrumb"},"inLanguage":"fr-FR","potentialAction":[{"@type":"ReadAction","target":["https:\/\/hebergement.universite-paris-saclay.fr\/upgeo\/?page_id=70"]}]},{"@type":"BreadcrumbList","@id":"https:\/\/hebergement.universite-paris-saclay.fr\/upgeo\/?page_id=70#breadcrumb","itemListElement":[{"@type":"ListItem","position":1,"name":"Accueil","item":"http:\/\/hebergement.universite-paris-saclay.fr\/upgeo"},{"@type":"ListItem","position":2,"name":"Offres d&#8217;emploi","item":"https:\/\/hebergement.universite-paris-saclay.fr\/upgeo\/?page_id=68"},{"@type":"ListItem","position":3,"name":"Stages Master"}]},{"@type":"WebSite","@id":"https:\/\/hebergement.universite-paris-saclay.fr\/upgeo\/#website","url":"https:\/\/hebergement.universite-paris-saclay.fr\/upgeo\/","name":"UPGEO","description":"For geothermal energy","publisher":{"@id":"https:\/\/hebergement.universite-paris-saclay.fr\/upgeo\/#organization"},"potentialAction":[{"@type":"SearchAction","target":{"@type":"EntryPoint","urlTemplate":"https:\/\/hebergement.universite-paris-saclay.fr\/upgeo\/?s={search_term_string}"},"query-input":{"@type":"PropertyValueSpecification","valueRequired":true,"valueName":"search_term_string"}}],"inLanguage":"fr-FR"},{"@type":"Organization","@id":"https:\/\/hebergement.universite-paris-saclay.fr\/upgeo\/#organization","name":"ANR","url":"https:\/\/hebergement.universite-paris-saclay.fr\/upgeo\/","logo":{"@type":"ImageObject","inLanguage":"fr-FR","@id":"https:\/\/hebergement.universite-paris-saclay.fr\/upgeo\/#\/schema\/logo\/image\/","url":"http:\/\/hebergement.universite-paris-saclay.fr\/upgeo\/wp-content\/uploads\/2020\/01\/label-ANR-bleu-CMJN-990x1024.jpg","contentUrl":"http:\/\/hebergement.universite-paris-saclay.fr\/upgeo\/wp-content\/uploads\/2020\/01\/label-ANR-bleu-CMJN-990x1024.jpg","width":990,"height":1024,"caption":"ANR"},"image":{"@id":"https:\/\/hebergement.universite-paris-saclay.fr\/upgeo\/#\/schema\/logo\/image\/"}}]}},"_links":{"self":[{"href":"https:\/\/hebergement.universite-paris-saclay.fr\/upgeo\/index.php?rest_route=\/wp\/v2\/pages\/70","targetHints":{"allow":["GET"]}}],"collection":[{"href":"https:\/\/hebergement.universite-paris-saclay.fr\/upgeo\/index.php?rest_route=\/wp\/v2\/pages"}],"about":[{"href":"https:\/\/hebergement.universite-paris-saclay.fr\/upgeo\/index.php?rest_route=\/wp\/v2\/types\/page"}],"author":[{"embeddable":true,"href":"https:\/\/hebergement.universite-paris-saclay.fr\/upgeo\/index.php?rest_route=\/wp\/v2\/users\/1"}],"replies":[{"embeddable":true,"href":"https:\/\/hebergement.universite-paris-saclay.fr\/upgeo\/index.php?rest_route=%2Fwp%2Fv2%2Fcomments&post=70"}],"version-history":[{"count":6,"href":"https:\/\/hebergement.universite-paris-saclay.fr\/upgeo\/index.php?rest_route=\/wp\/v2\/pages\/70\/revisions"}],"predecessor-version":[{"id":83,"href":"https:\/\/hebergement.universite-paris-saclay.fr\/upgeo\/index.php?rest_route=\/wp\/v2\/pages\/70\/revisions\/83"}],"up":[{"embeddable":true,"href":"https:\/\/hebergement.universite-paris-saclay.fr\/upgeo\/index.php?rest_route=\/wp\/v2\/pages\/68"}],"wp:attachment":[{"href":"https:\/\/hebergement.universite-paris-saclay.fr\/upgeo\/index.php?rest_route=%2Fwp%2Fv2%2Fmedia&parent=70"}],"curies":[{"name":"wp","href":"https:\/\/api.w.org\/{rel}","templated":true}]}}